{"id":11560,"date":"2022-04-14T20:44:14","date_gmt":"2022-04-14T18:44:14","guid":{"rendered":"https:\/\/www.restaurant-alouette.com\/?page_id=11560"},"modified":"2026-05-10T14:47:06","modified_gmt":"2026-05-10T12:47:06","slug":"les-vins-de-dessert","status":"publish","type":"page","link":"http:\/\/www.restaurant-alouette.com\/en\/les-vins-de-dessert\/","title":{"rendered":"Les vins de dessert"},"content":{"rendered":"<img decoding=\"async\" src=\"http:\/\/www.restaurant-alouette.com\/wp-content\/uploads\/2017\/11\/vin1-cadeau-min-min.png\" alt=\"vin1-cadeau-min-min\" itemprop=\"image\" title=\"vin1-cadeau-min-min\" onerror=\"this.style.display='none'\"  \/>\n<h2>\n\t\tLes vins de desserts\n\t<\/h2>\n\tPrix TTC en euros (\u20ac\u00a0 )\nPrix bouteille sur table\/ Prix bouteille \u00e0 emporter\nND : Non disponible \u00e0 la vente \u00e0 emporter\n\t\t\t\t\t<a href=\"#\" id=\"fl-accordion--label-0\" tabindex=\"0\" aria-controls=\"fl-accordion--panel-0\">Sauternes<\/a>\n\t\t\t\t\t\t\t\t\t\t\t<a href=\"#\" id=\"fl-accordion--icon-0\" tabindex=\"-1\"><i>Expand<\/i><\/a>\n\t\t\t\t\t<p><strong><em>Ch\u00e2teau Filhot (2\u00e8me Grand Cru)<\/em><\/strong><\/p>\n<p>1988\u00a0&#8230;&#8230;&#8230;&#8230;&#8230;&#8230;&#8230;&#8230;&#8230;&#8230;&#8230;&#8230;&#8230;&#8230;&#8230;&#8230;\u00a0110 \/ ND<\/p>\n<p>&nbsp;<\/p>\n<strong><em>Ch\u00e2teau Romer du Hayot<br \/>\n(2\u00e8me Grand Cru)\u00a0\u00a0 <\/em><\/strong>\n<p><em>1985 &#8230;&#8230;&#8230;&#8230;&#8230;&#8230;&#8230;&#8230;&#8230;&#8230;&#8230;&#8230;&#8230;&#8230;&#8230;&#8230;&#8230;&#8230;&#8230;&#8230; 105 \/ ND<\/em><\/p>\n\t\t\t\t\t<a href=\"#\" id=\"fl-accordion--label-1\" tabindex=\"0\" aria-controls=\"fl-accordion--panel-1\">Vin doux naturel<\/a>\n\t\t\t\t\t\t\t\t\t\t\t<a href=\"#\" id=\"fl-accordion--icon-1\" tabindex=\"-1\"><i>Expand<\/i><\/a>\n\t\t\t\t\t<p><strong><em>AOP BANYULS<\/em><\/strong><\/p>\n<p><strong><em>Cellier des templiers<\/em><\/strong><\/p>\n<p><em>Prestige, 2011\u00a0&#8230;&#8230;&#8230;&#8230;&#8230;&#8230;&#8230;&#8230;&#8230;..\u00a0160 \/ ND<\/em><\/p>\n<p><em>Ambr\u00e9, NM\u00a0&#8230;&#8230;&#8230;&#8230;&#8230;&#8230;&#8230;&#8230;&#8230;&#8230;&#8230;&#8230;. 95 \/ ND<\/em><\/p>\n<strong><em>Les Clos de Paulilles<\/em><\/strong><br \/>\nRimage mise tardive<br \/>\n1995, 1996 et 1998\u00a0&#8230;&#8230;&#8230;&#8230;&#8230;&#8230;&#8230;..\u00a090 \/ ND<br \/>\nCap B\u00e9ar, NM\u00a0&#8230;&#8230;&#8230;&#8230;&#8230;&#8230;&#8230;&#8230;&#8230;&#8230;&#8230;\u00a090 \/ ND\n<p>&nbsp;<\/p>\n<p><em><strong>AOP MUSCAT DE BEAUMES-DE-VENISE<\/strong> <\/em><\/p>\n<p><strong><em>P.\u00a0 Jaboulet A\u00een\u00e9<\/em><\/strong><\/p>\n<p><em>Chant des Griolles, 2006\u00a0&#8230;.. 75 \/ ND<\/em><\/p>\n<p><strong><em>Durban<\/em><\/strong><\/p>\n<p><em>2011\u00a0&#8230;&#8230;&#8230;&#8230;&#8230;&#8230;&#8230;&#8230;&#8230;&#8230;&#8230;&#8230;&#8230;&#8230;&#8230;&#8230;&#8230;&#8230;.\u00a045 \/ 25<\/em><\/p>\n\t\t\t\t\t<a href=\"#\" id=\"fl-accordion--label-2\" tabindex=\"0\" aria-controls=\"fl-accordion--panel-2\">C\u00f4tes du Rh\u00f4ne<\/a>\n\t\t\t\t\t\t\t\t\t\t\t<a href=\"#\" id=\"fl-accordion--icon-2\" tabindex=\"-1\"><i>Expand<\/i><\/a>\n\t\t\t\t\t<p><strong><em>Ch. Blanc<\/em><\/strong><\/p>\n<p><em>Gourmandise d&#8217;Automne<\/em><\/p>\n<p><em>2016\u00a0&#8230;&#8230;&#8230;&#8230;&#8230;&#8230;&#8230;&#8230;. <strong>50 cl\u00a0<\/strong>\u00a0&#8230;&#8230;&#8230;&#8230;&#8230;&#8230;&#8230; 55 \/ 26<\/em><\/p>\n\t\t\t\t\t<a href=\"#\" id=\"fl-accordion--label-3\" tabindex=\"0\" aria-controls=\"fl-accordion--panel-3\">C\u00f4tes de Gascogne<\/a>\n\t\t\t\t\t\t\t\t\t\t\t<a href=\"#\" id=\"fl-accordion--icon-3\" tabindex=\"-1\"><i>Expand<\/i><\/a>\n\t\t\t\t\t<p><strong><em>Domaine de Fortunet<\/em><\/strong><\/p>\n<p><em>2024 &#8230;&#8230;&#8230;&#8230;&#8230;&#8230;&#8230;&#8230;&#8230;&#8230;&#8230;&#8230;&#8230;&#8230;&#8230;&#8230;&#8230;&#8230;&#8230;. 35 \/ 17<\/em><\/p>\n\t\t\t\t\t<a href=\"#\" id=\"fl-accordion--label-4\" tabindex=\"0\" aria-controls=\"fl-accordion--panel-4\">Coteaux du Layon<\/a>\n\t\t\t\t\t\t\t\t\t\t\t<a href=\"#\" id=\"fl-accordion--icon-4\" tabindex=\"-1\"><i>Expand<\/i><\/a>\n\t\t\t\t\t<p><strong><em>R. Morin<\/em><\/strong><\/p>\n<p><em>2016\u00a0&#8230;&#8230;&#8230;&#8230;&#8230;&#8230;&#8230;&#8230;&#8230;&#8230;&#8230;&#8230;&#8230;&#8230;&#8230;&#8230;&#8230;..\u00a060 \/ 30<\/em><\/p>\n\t\t\t<a href=\"http:\/\/www.restaurant-alouette.com\/en\/table-des-matieres\/\" target=\"_self\" rel=\"noopener\">\n\t\t\t\t\t\t\tUne autre couleur ?\n\t\t\t\t\t<\/a>","protected":false},"excerpt":{"rendered":"<p>Les vins de desserts Prix TTC en euros (\u20ac\u00a0 ) Prix bouteille sur table\/ Prix bouteille \u00e0 emporter ND : Non disponible \u00e0 la vente \u00e0 emporter Sauternes Expand Ch\u00e2teau Filhot (2\u00e8me Grand Cru) 1988\u00a0&#8230;&#8230;&#8230;&#8230;&#8230;&#8230;&#8230;&#8230;&#8230;&#8230;&#8230;&#8230;&#8230;&#8230;&#8230;&#8230;\u00a0110 \/ ND &nbsp; Ch\u00e2teau Romer du Hayot (2\u00e8me Grand Cru)\u00a0\u00a0 1985 &#8230;&#8230;&#8230;&#8230;&#8230;&#8230;&#8230;&#8230;&#8230;&#8230;&#8230;&#8230;&#8230;&#8230;&#8230;&#8230;&#8230;&#8230;&#8230;&#8230; 105 \/ ND Vin doux naturel Expand AOP [&hellip;]<\/p>","protected":false},"author":1,"featured_media":0,"parent":0,"menu_order":0,"comment_status":"closed","ping_status":"closed","template":"","meta":{"inline_featured_image":false,"_exactmetrics_skip_tracking":false,"_exactmetrics_sitenote_active":false,"_exactmetrics_sitenote_note":"","_exactmetrics_sitenote_category":0,"footnotes":""},"yoast_head":"<!-- This site is optimized with the Yoast SEO plugin v23.0 - https:\/\/yoast.com\/wordpress\/plugins\/seo\/ -->\n<title>Les vins de dessert - Restaurant Alouette<\/title>\n<meta name=\"robots\" content=\"index, follow, max-snippet:-1, max-image-preview:large, max-video-preview:-1\" \/>\n<link rel=\"canonical\" href=\"http:\/\/www.restaurant-alouette.com\/en\/les-vins-de-dessert\/\" \/>\n<meta property=\"og:locale\" content=\"en_GB\" \/>\n<meta property=\"og:type\" content=\"article\" \/>\n<meta property=\"og:title\" content=\"Les vins de dessert - Restaurant Alouette\" \/>\n<meta property=\"og:description\" content=\"Les vins de desserts Prix TTC en euros (\u20ac\u00a0 ) Prix bouteille sur table\/ Prix bouteille \u00e0 emporter ND : Non disponible \u00e0 la vente \u00e0 emporter Sauternes Expand Ch\u00e2teau Filhot (2\u00e8me Grand Cru) 1988\u00a0&#8230;&#8230;&#8230;&#8230;&#8230;&#8230;&#8230;&#8230;&#8230;&#8230;&#8230;&#8230;&#8230;&#8230;&#8230;&#8230;\u00a0110 \/ ND &nbsp; Ch\u00e2teau Romer du Hayot (2\u00e8me Grand Cru)\u00a0\u00a0 1985 &#8230;&#8230;&#8230;&#8230;&#8230;&#8230;&#8230;&#8230;&#8230;&#8230;&#8230;&#8230;&#8230;&#8230;&#8230;&#8230;&#8230;&#8230;&#8230;&#8230; 105 \/ ND Vin doux naturel Expand AOP [&hellip;]\" \/>\n<meta property=\"og:url\" content=\"http:\/\/www.restaurant-alouette.com\/en\/les-vins-de-dessert\/\" \/>\n<meta property=\"og:site_name\" content=\"Restaurant Alouette\" \/>\n<meta property=\"article:publisher\" content=\"https:\/\/www.facebook.com\/Lalouette-Plus-quun-Restaurant-120299032976\/\" \/>\n<meta property=\"article:modified_time\" content=\"2026-05-10T12:47:06+00:00\" \/>\n<meta property=\"og:image\" content=\"http:\/\/www.restaurant-alouette.com\/wp-content\/uploads\/2017\/11\/vin1-cadeau-min-min.png\" \/>\n<meta name=\"twitter:card\" content=\"summary_large_image\" \/>\n<meta name=\"twitter:label1\" content=\"Estimated reading time\" \/>\n\t<meta name=\"twitter:data1\" content=\"1 minute\" \/>\n<script type=\"application\/ld+json\" class=\"yoast-schema-graph\">{\"@context\":\"https:\/\/schema.org\",\"@graph\":[{\"@type\":\"WebPage\",\"@id\":\"https:\/\/www.restaurant-alouette.com\/fr\/les-vins-de-dessert\/\",\"url\":\"https:\/\/www.restaurant-alouette.com\/fr\/les-vins-de-dessert\/\",\"name\":\"Les vins de dessert - Restaurant Alouette\",\"isPartOf\":{\"@id\":\"https:\/\/www.restaurant-alouette.com\/en\/#website\"},\"primaryImageOfPage\":{\"@id\":\"https:\/\/www.restaurant-alouette.com\/fr\/les-vins-de-dessert\/#primaryimage\"},\"image\":{\"@id\":\"https:\/\/www.restaurant-alouette.com\/fr\/les-vins-de-dessert\/#primaryimage\"},\"thumbnailUrl\":\"http:\/\/www.restaurant-alouette.com\/wp-content\/uploads\/2017\/11\/vin1-cadeau-min-min.png\",\"datePublished\":\"2022-04-14T18:44:14+00:00\",\"dateModified\":\"2026-05-10T12:47:06+00:00\",\"breadcrumb\":{\"@id\":\"https:\/\/www.restaurant-alouette.com\/fr\/les-vins-de-dessert\/#breadcrumb\"},\"inLanguage\":\"en-GB\",\"potentialAction\":[{\"@type\":\"ReadAction\",\"target\":[\"https:\/\/www.restaurant-alouette.com\/fr\/les-vins-de-dessert\/\"]}]},{\"@type\":\"ImageObject\",\"inLanguage\":\"en-GB\",\"@id\":\"https:\/\/www.restaurant-alouette.com\/fr\/les-vins-de-dessert\/#primaryimage\",\"url\":\"http:\/\/www.restaurant-alouette.com\/wp-content\/uploads\/2017\/11\/vin1-cadeau-min-min.png\",\"contentUrl\":\"http:\/\/www.restaurant-alouette.com\/wp-content\/uploads\/2017\/11\/vin1-cadeau-min-min.png\"},{\"@type\":\"BreadcrumbList\",\"@id\":\"https:\/\/www.restaurant-alouette.com\/fr\/les-vins-de-dessert\/#breadcrumb\",\"itemListElement\":[{\"@type\":\"ListItem\",\"position\":1,\"name\":\"Accueil\",\"item\":\"https:\/\/www.restaurant-alouette.com\/fr\/\"},{\"@type\":\"ListItem\",\"position\":2,\"name\":\"Les vins de dessert\"}]},{\"@type\":\"WebSite\",\"@id\":\"https:\/\/www.restaurant-alouette.com\/en\/#website\",\"url\":\"https:\/\/www.restaurant-alouette.com\/en\/\",\"name\":\"Restaurant de l'Alouette\",\"description\":\"Votre restaurant gastronomique \u00e0 Bonnefamille\",\"potentialAction\":[{\"@type\":\"SearchAction\",\"target\":{\"@type\":\"EntryPoint\",\"urlTemplate\":\"https:\/\/www.restaurant-alouette.com\/en\/?s={search_term_string}\"},\"query-input\":\"required name=search_term_string\"}],\"inLanguage\":\"en-GB\"}]}<\/script>\n<!-- \/ Yoast SEO plugin. -->","yoast_head_json":{"title":"Les vins de dessert - Restaurant Alouette","robots":{"index":"index","follow":"follow","max-snippet":"max-snippet:-1","max-image-preview":"max-image-preview:large","max-video-preview":"max-video-preview:-1"},"canonical":"http:\/\/www.restaurant-alouette.com\/en\/les-vins-de-dessert\/","og_locale":"en_GB","og_type":"article","og_title":"Les vins de dessert - Restaurant Alouette","og_description":"Les vins de desserts Prix TTC en euros (\u20ac\u00a0 ) Prix bouteille sur table\/ Prix bouteille \u00e0 emporter ND : Non disponible \u00e0 la vente \u00e0 emporter Sauternes Expand Ch\u00e2teau Filhot (2\u00e8me Grand Cru) 1988\u00a0&#8230;&#8230;&#8230;&#8230;&#8230;&#8230;&#8230;&#8230;&#8230;&#8230;&#8230;&#8230;&#8230;&#8230;&#8230;&#8230;\u00a0110 \/ ND &nbsp; Ch\u00e2teau Romer du Hayot (2\u00e8me Grand Cru)\u00a0\u00a0 1985 &#8230;&#8230;&#8230;&#8230;&#8230;&#8230;&#8230;&#8230;&#8230;&#8230;&#8230;&#8230;&#8230;&#8230;&#8230;&#8230;&#8230;&#8230;&#8230;&#8230; 105 \/ ND Vin doux naturel Expand AOP [&hellip;]","og_url":"http:\/\/www.restaurant-alouette.com\/en\/les-vins-de-dessert\/","og_site_name":"Restaurant Alouette","article_publisher":"https:\/\/www.facebook.com\/Lalouette-Plus-quun-Restaurant-120299032976\/","article_modified_time":"2026-05-10T12:47:06+00:00","og_image":[{"url":"http:\/\/www.restaurant-alouette.com\/wp-content\/uploads\/2017\/11\/vin1-cadeau-min-min.png"}],"twitter_card":"summary_large_image","twitter_misc":{"Estimated reading time":"1 minute"},"schema":{"@context":"https:\/\/schema.org","@graph":[{"@type":"WebPage","@id":"https:\/\/www.restaurant-alouette.com\/fr\/les-vins-de-dessert\/","url":"https:\/\/www.restaurant-alouette.com\/fr\/les-vins-de-dessert\/","name":"Les vins de dessert - Restaurant Alouette","isPartOf":{"@id":"https:\/\/www.restaurant-alouette.com\/en\/#website"},"primaryImageOfPage":{"@id":"https:\/\/www.restaurant-alouette.com\/fr\/les-vins-de-dessert\/#primaryimage"},"image":{"@id":"https:\/\/www.restaurant-alouette.com\/fr\/les-vins-de-dessert\/#primaryimage"},"thumbnailUrl":"http:\/\/www.restaurant-alouette.com\/wp-content\/uploads\/2017\/11\/vin1-cadeau-min-min.png","datePublished":"2022-04-14T18:44:14+00:00","dateModified":"2026-05-10T12:47:06+00:00","breadcrumb":{"@id":"https:\/\/www.restaurant-alouette.com\/fr\/les-vins-de-dessert\/#breadcrumb"},"inLanguage":"en-GB","potentialAction":[{"@type":"ReadAction","target":["https:\/\/www.restaurant-alouette.com\/fr\/les-vins-de-dessert\/"]}]},{"@type":"ImageObject","inLanguage":"en-GB","@id":"https:\/\/www.restaurant-alouette.com\/fr\/les-vins-de-dessert\/#primaryimage","url":"http:\/\/www.restaurant-alouette.com\/wp-content\/uploads\/2017\/11\/vin1-cadeau-min-min.png","contentUrl":"http:\/\/www.restaurant-alouette.com\/wp-content\/uploads\/2017\/11\/vin1-cadeau-min-min.png"},{"@type":"BreadcrumbList","@id":"https:\/\/www.restaurant-alouette.com\/fr\/les-vins-de-dessert\/#breadcrumb","itemListElement":[{"@type":"ListItem","position":1,"name":"Accueil","item":"https:\/\/www.restaurant-alouette.com\/fr\/"},{"@type":"ListItem","position":2,"name":"Les vins de dessert"}]},{"@type":"WebSite","@id":"https:\/\/www.restaurant-alouette.com\/en\/#website","url":"https:\/\/www.restaurant-alouette.com\/en\/","name":"Restaurant de l'Alouette","description":"Votre restaurant gastronomique \u00e0 Bonnefamille","potentialAction":[{"@type":"SearchAction","target":{"@type":"EntryPoint","urlTemplate":"https:\/\/www.restaurant-alouette.com\/en\/?s={search_term_string}"},"query-input":"required name=search_term_string"}],"inLanguage":"en-GB"}]}},"jetpack_sharing_enabled":true,"_links":{"self":[{"href":"http:\/\/www.restaurant-alouette.com\/en\/wp-json\/wp\/v2\/pages\/11560"}],"collection":[{"href":"http:\/\/www.restaurant-alouette.com\/en\/wp-json\/wp\/v2\/pages"}],"about":[{"href":"http:\/\/www.restaurant-alouette.com\/en\/wp-json\/wp\/v2\/types\/page"}],"author":[{"embeddable":true,"href":"http:\/\/www.restaurant-alouette.com\/en\/wp-json\/wp\/v2\/users\/1"}],"replies":[{"embeddable":true,"href":"http:\/\/www.restaurant-alouette.com\/en\/wp-json\/wp\/v2\/comments?post=11560"}],"version-history":[{"count":20,"href":"http:\/\/www.restaurant-alouette.com\/en\/wp-json\/wp\/v2\/pages\/11560\/revisions"}],"predecessor-version":[{"id":19358,"href":"http:\/\/www.restaurant-alouette.com\/en\/wp-json\/wp\/v2\/pages\/11560\/revisions\/19358"}],"wp:attachment":[{"href":"http:\/\/www.restaurant-alouette.com\/en\/wp-json\/wp\/v2\/media?parent=11560"}],"curies":[{"name":"wp","href":"https:\/\/api.w.org\/{rel}","templated":true}]}}