{"id":17834,"date":"2025-05-20T13:51:09","date_gmt":"2025-05-20T11:51:09","guid":{"rendered":"https:\/\/www.restaurant-alouette.com\/?page_id=17834"},"modified":"2026-04-10T21:52:06","modified_gmt":"2026-04-10T19:52:06","slug":"menu-fete-des-meres","status":"publish","type":"page","link":"http:\/\/www.restaurant-alouette.com\/en\/menu-fete-des-meres\/","title":{"rendered":"Menu Fete des meres"},"content":{"rendered":"<h2>\n\t\tMenu f\u00eate des m\u00e8res\n\t<\/h2>\n\t\t\t\t<img decoding=\"async\" src=\"https:\/\/www.restaurant-alouette.com\/wp-content\/plugins\/bb-plugin\/img\/pixel.png\" alt=\"\" itemprop=\"image\" onerror=\"this.style.display='none'\"  \/>\n\t<p><strong>Dimanche 31 mai 2026<\/strong><\/p>\n\n\t<p>&nbsp;<\/p>\n<p><strong>Menu \u00e0 67 euros\u00a0:<\/strong> entr\u00e9e, plat, fromage ou dessert.<\/p>\n<p>&nbsp;<\/p>\n<p><em>Notre menu de la f\u00eate des m\u00e8res est en cours d&#8217;\u00e9laboration.<\/em><\/p>\n<p>&nbsp;<\/p>\n<hr \/>\n<hr \/>\n<p><em>Mise en bouche<\/em><\/p>\n<p><em>~<\/em><\/p>\n<h1>L&#8217;entr\u00e9e<\/h1>\n\n<p>&nbsp;<\/p>\n<h1>Le plat<\/h1>\n\n<p>&nbsp;<\/p>\n<h1>Le fromage<\/h1>\n\n<p>&nbsp;<\/p>\n<h1>Le dessert<\/h1>\n\n<p>~<\/p>\n<p><em>Mignardises<\/em><\/p>\n<hr \/>\n<hr \/>","protected":false},"excerpt":{"rendered":"<p>Menu f\u00eate des m\u00e8res Dimanche 31 mai 2026 &nbsp; Menu \u00e0 67 euros\u00a0: entr\u00e9e, plat, fromage ou dessert. &nbsp; Notre menu de la f\u00eate des m\u00e8res est en cours d&#8217;\u00e9laboration. &nbsp; Mise en bouche ~ L&#8217;entr\u00e9e &nbsp; Le plat &nbsp; Le fromage &nbsp; Le dessert ~ Mignardises<\/p>","protected":false},"author":1,"featured_media":0,"parent":0,"menu_order":0,"comment_status":"closed","ping_status":"closed","template":"","meta":{"inline_featured_image":false,"_exactmetrics_skip_tracking":false,"_exactmetrics_sitenote_active":false,"_exactmetrics_sitenote_note":"","_exactmetrics_sitenote_category":0,"footnotes":""},"yoast_head":"<!-- This site is optimized with the Yoast SEO plugin v23.0 - https:\/\/yoast.com\/wordpress\/plugins\/seo\/ -->\n<title>Menu Fete des meres - Restaurant Alouette<\/title>\n<meta name=\"robots\" content=\"index, follow, max-snippet:-1, max-image-preview:large, max-video-preview:-1\" \/>\n<link rel=\"canonical\" href=\"http:\/\/www.restaurant-alouette.com\/en\/menu-fete-des-meres\/\" \/>\n<meta property=\"og:locale\" content=\"en_GB\" \/>\n<meta property=\"og:type\" content=\"article\" \/>\n<meta property=\"og:title\" content=\"Menu Fete des meres - Restaurant Alouette\" \/>\n<meta property=\"og:description\" content=\"Menu f\u00eate des m\u00e8res Dimanche 31 mai 2026 &nbsp; Menu \u00e0 67 euros\u00a0: entr\u00e9e, plat, fromage ou dessert. &nbsp; Notre menu de la f\u00eate des m\u00e8res est en cours d&#8217;\u00e9laboration. &nbsp; Mise en bouche ~ L&#8217;entr\u00e9e &nbsp; Le plat &nbsp; Le fromage &nbsp; Le dessert ~ Mignardises\" \/>\n<meta property=\"og:url\" content=\"http:\/\/www.restaurant-alouette.com\/en\/menu-fete-des-meres\/\" \/>\n<meta property=\"og:site_name\" content=\"Restaurant Alouette\" \/>\n<meta property=\"article:publisher\" content=\"https:\/\/www.facebook.com\/Lalouette-Plus-quun-Restaurant-120299032976\/\" \/>\n<meta property=\"article:modified_time\" content=\"2026-04-10T19:52:06+00:00\" \/>\n<meta property=\"og:image\" content=\"https:\/\/www.restaurant-alouette.com\/wp-content\/plugins\/bb-plugin\/img\/pixel.png\" \/>\n<meta name=\"twitter:card\" content=\"summary_large_image\" \/>\n<script type=\"application\/ld+json\" class=\"yoast-schema-graph\">{\"@context\":\"https:\/\/schema.org\",\"@graph\":[{\"@type\":\"WebPage\",\"@id\":\"http:\/\/www.restaurant-alouette.com\/en\/menu-fete-des-meres\/\",\"url\":\"http:\/\/www.restaurant-alouette.com\/en\/menu-fete-des-meres\/\",\"name\":\"Menu Fete des meres - Restaurant Alouette\",\"isPartOf\":{\"@id\":\"https:\/\/www.restaurant-alouette.com\/en\/#website\"},\"primaryImageOfPage\":{\"@id\":\"http:\/\/www.restaurant-alouette.com\/en\/menu-fete-des-meres\/#primaryimage\"},\"image\":{\"@id\":\"http:\/\/www.restaurant-alouette.com\/en\/menu-fete-des-meres\/#primaryimage\"},\"thumbnailUrl\":\"https:\/\/www.restaurant-alouette.com\/wp-content\/plugins\/bb-plugin\/img\/pixel.png\",\"datePublished\":\"2025-05-20T11:51:09+00:00\",\"dateModified\":\"2026-04-10T19:52:06+00:00\",\"breadcrumb\":{\"@id\":\"http:\/\/www.restaurant-alouette.com\/en\/menu-fete-des-meres\/#breadcrumb\"},\"inLanguage\":\"en-GB\",\"potentialAction\":[{\"@type\":\"ReadAction\",\"target\":[\"http:\/\/www.restaurant-alouette.com\/en\/menu-fete-des-meres\/\"]}]},{\"@type\":\"ImageObject\",\"inLanguage\":\"en-GB\",\"@id\":\"http:\/\/www.restaurant-alouette.com\/en\/menu-fete-des-meres\/#primaryimage\",\"url\":\"https:\/\/www.restaurant-alouette.com\/wp-content\/plugins\/bb-plugin\/img\/pixel.png\",\"contentUrl\":\"https:\/\/www.restaurant-alouette.com\/wp-content\/plugins\/bb-plugin\/img\/pixel.png\"},{\"@type\":\"BreadcrumbList\",\"@id\":\"http:\/\/www.restaurant-alouette.com\/en\/menu-fete-des-meres\/#breadcrumb\",\"itemListElement\":[{\"@type\":\"ListItem\",\"position\":1,\"name\":\"Accueil\",\"item\":\"https:\/\/www.restaurant-alouette.com\/en\/\"},{\"@type\":\"ListItem\",\"position\":2,\"name\":\"Menu Fete des meres\"}]},{\"@type\":\"WebSite\",\"@id\":\"https:\/\/www.restaurant-alouette.com\/en\/#website\",\"url\":\"https:\/\/www.restaurant-alouette.com\/en\/\",\"name\":\"Restaurant de l'Alouette\",\"description\":\"Votre restaurant gastronomique \u00e0 Bonnefamille\",\"potentialAction\":[{\"@type\":\"SearchAction\",\"target\":{\"@type\":\"EntryPoint\",\"urlTemplate\":\"https:\/\/www.restaurant-alouette.com\/en\/?s={search_term_string}\"},\"query-input\":\"required name=search_term_string\"}],\"inLanguage\":\"en-GB\"}]}<\/script>\n<!-- \/ Yoast SEO plugin. -->","yoast_head_json":{"title":"Menu Fete des meres - Restaurant Alouette","robots":{"index":"index","follow":"follow","max-snippet":"max-snippet:-1","max-image-preview":"max-image-preview:large","max-video-preview":"max-video-preview:-1"},"canonical":"http:\/\/www.restaurant-alouette.com\/en\/menu-fete-des-meres\/","og_locale":"en_GB","og_type":"article","og_title":"Menu Fete des meres - Restaurant Alouette","og_description":"Menu f\u00eate des m\u00e8res Dimanche 31 mai 2026 &nbsp; Menu \u00e0 67 euros\u00a0: entr\u00e9e, plat, fromage ou dessert. &nbsp; Notre menu de la f\u00eate des m\u00e8res est en cours d&#8217;\u00e9laboration. &nbsp; Mise en bouche ~ L&#8217;entr\u00e9e &nbsp; Le plat &nbsp; Le fromage &nbsp; Le dessert ~ Mignardises","og_url":"http:\/\/www.restaurant-alouette.com\/en\/menu-fete-des-meres\/","og_site_name":"Restaurant Alouette","article_publisher":"https:\/\/www.facebook.com\/Lalouette-Plus-quun-Restaurant-120299032976\/","article_modified_time":"2026-04-10T19:52:06+00:00","og_image":[{"url":"https:\/\/www.restaurant-alouette.com\/wp-content\/plugins\/bb-plugin\/img\/pixel.png"}],"twitter_card":"summary_large_image","schema":{"@context":"https:\/\/schema.org","@graph":[{"@type":"WebPage","@id":"http:\/\/www.restaurant-alouette.com\/en\/menu-fete-des-meres\/","url":"http:\/\/www.restaurant-alouette.com\/en\/menu-fete-des-meres\/","name":"Menu Fete des meres - Restaurant Alouette","isPartOf":{"@id":"https:\/\/www.restaurant-alouette.com\/en\/#website"},"primaryImageOfPage":{"@id":"http:\/\/www.restaurant-alouette.com\/en\/menu-fete-des-meres\/#primaryimage"},"image":{"@id":"http:\/\/www.restaurant-alouette.com\/en\/menu-fete-des-meres\/#primaryimage"},"thumbnailUrl":"https:\/\/www.restaurant-alouette.com\/wp-content\/plugins\/bb-plugin\/img\/pixel.png","datePublished":"2025-05-20T11:51:09+00:00","dateModified":"2026-04-10T19:52:06+00:00","breadcrumb":{"@id":"http:\/\/www.restaurant-alouette.com\/en\/menu-fete-des-meres\/#breadcrumb"},"inLanguage":"en-GB","potentialAction":[{"@type":"ReadAction","target":["http:\/\/www.restaurant-alouette.com\/en\/menu-fete-des-meres\/"]}]},{"@type":"ImageObject","inLanguage":"en-GB","@id":"http:\/\/www.restaurant-alouette.com\/en\/menu-fete-des-meres\/#primaryimage","url":"https:\/\/www.restaurant-alouette.com\/wp-content\/plugins\/bb-plugin\/img\/pixel.png","contentUrl":"https:\/\/www.restaurant-alouette.com\/wp-content\/plugins\/bb-plugin\/img\/pixel.png"},{"@type":"BreadcrumbList","@id":"http:\/\/www.restaurant-alouette.com\/en\/menu-fete-des-meres\/#breadcrumb","itemListElement":[{"@type":"ListItem","position":1,"name":"Accueil","item":"https:\/\/www.restaurant-alouette.com\/en\/"},{"@type":"ListItem","position":2,"name":"Menu Fete des meres"}]},{"@type":"WebSite","@id":"https:\/\/www.restaurant-alouette.com\/en\/#website","url":"https:\/\/www.restaurant-alouette.com\/en\/","name":"Restaurant de l'Alouette","description":"Votre restaurant gastronomique \u00e0 Bonnefamille","potentialAction":[{"@type":"SearchAction","target":{"@type":"EntryPoint","urlTemplate":"https:\/\/www.restaurant-alouette.com\/en\/?s={search_term_string}"},"query-input":"required name=search_term_string"}],"inLanguage":"en-GB"}]}},"jetpack_sharing_enabled":true,"_links":{"self":[{"href":"http:\/\/www.restaurant-alouette.com\/en\/wp-json\/wp\/v2\/pages\/17834"}],"collection":[{"href":"http:\/\/www.restaurant-alouette.com\/en\/wp-json\/wp\/v2\/pages"}],"about":[{"href":"http:\/\/www.restaurant-alouette.com\/en\/wp-json\/wp\/v2\/types\/page"}],"author":[{"embeddable":true,"href":"http:\/\/www.restaurant-alouette.com\/en\/wp-json\/wp\/v2\/users\/1"}],"replies":[{"embeddable":true,"href":"http:\/\/www.restaurant-alouette.com\/en\/wp-json\/wp\/v2\/comments?post=17834"}],"version-history":[{"count":7,"href":"http:\/\/www.restaurant-alouette.com\/en\/wp-json\/wp\/v2\/pages\/17834\/revisions"}],"predecessor-version":[{"id":19175,"href":"http:\/\/www.restaurant-alouette.com\/en\/wp-json\/wp\/v2\/pages\/17834\/revisions\/19175"}],"wp:attachment":[{"href":"http:\/\/www.restaurant-alouette.com\/en\/wp-json\/wp\/v2\/media?parent=17834"}],"curies":[{"name":"wp","href":"https:\/\/api.w.org\/{rel}","templated":true}]}}