{"id":5138,"date":"2019-12-19T11:41:47","date_gmt":"2019-12-19T10:41:47","guid":{"rendered":"https:\/\/nouveau.restaurant-alouette.com\/?page_id=5138"},"modified":"2023-08-06T18:23:39","modified_gmt":"2023-08-06T16:23:39","slug":"partenaires","status":"publish","type":"page","link":"http:\/\/www.restaurant-alouette.com\/en\/partenaires\/","title":{"rendered":"Partners"},"content":{"rendered":"<img loading=\"lazy\" decoding=\"async\" src=\"https:\/\/www.restaurant-alouette.com\/wp-content\/uploads\/2020\/01\/partenaires.svg\" alt=\"partenaires\" itemprop=\"image\" height=\"297\" width=\"210\" title=\"partenaires\" onerror=\"this.style.display='none'\"  \/>\n\t<h1>All our suppliers have been selected for the quality of their products and their proximity to our restaurant.<\/h1>\n<p>It is also their desire to share their passion for nature, simple things and build true relationships of trust with their customers.<\/p>\n\t<a href=\"#menu\">\n\t\t  \tMenu\t  \t\n\t    <img loading=\"lazy\" decoding=\"async\" width=\"290\" height=\"305\" src=\"https:\/\/www.restaurant-alouette.com\/wp-content\/uploads\/2019\/12\/menu-tache-equipe-menu.png\" alt=\"\" srcset=\"https:\/\/www.restaurant-alouette.com\/wp-content\/uploads\/2019\/12\/menu-tache-equipe-menu.png 290w, https:\/\/www.restaurant-alouette.com\/wp-content\/uploads\/2019\/12\/menu-tache-equipe-menu-285x300.png 285w, https:\/\/www.restaurant-alouette.com\/wp-content\/uploads\/2019\/12\/menu-tache-equipe-menu-190x200.png 190w\" sizes=\"(max-width: 290px) 100vw, 290px\" \/>\t<\/a>\n\t\t\t\t<img loading=\"lazy\" decoding=\"async\" src=\"https:\/\/www.restaurant-alouette.com\/wp-content\/uploads\/2020\/01\/asperges-min.png\" alt=\"asperges-min\" itemprop=\"image\" height=\"841\" width=\"793\" title=\"asperges-min\" onerror=\"this.style.display='none'\"  \/>\n\t<p>All our suppliers have been selected for the quality of their products and their proximity to our restaurant.<\/p>\n<p>It is also their desire to share their passion for nature, simple things and build true relationships of trust with their customers.<\/p>\n\t\t\t\t<a href=\"https:\/\/www.facebook.com\/Safran-Extravagant-1490986804459744\" target=\"_blank\" rel=\"noopener noreferrer\" itemprop=\"url\">\n\t\t\t\t<img loading=\"lazy\" decoding=\"async\" src=\"https:\/\/www.restaurant-alouette.com\/wp-content\/uploads\/2020\/01\/safran-min.png\" alt=\"safran-min\" itemprop=\"image\" height=\"746\" width=\"777\" title=\"safran-min\" onerror=\"this.style.display='none'\"  \/>\n\t\t\t\t<\/a>\n\t\t\t\t<img loading=\"lazy\" decoding=\"async\" src=\"https:\/\/www.restaurant-alouette.com\/wp-content\/uploads\/2020\/01\/epice2-min.png\" alt=\"epice2-min\" itemprop=\"image\" height=\"198\" width=\"250\" title=\"epice2-min\" onerror=\"this.style.display='none'\"  \/>\n<h2>\n\t\tSt\u00e9phanie Sabl\u00e9\n\t<\/h2>\n<h3>\n\t\tSafran Extravagant \u2013 Anjou (38)\n\t<\/h3>\n\t\t\t\t<img loading=\"lazy\" decoding=\"async\" src=\"https:\/\/www.restaurant-alouette.com\/wp-content\/uploads\/2020\/01\/epice2-min.png\" alt=\"epice2-min\" itemprop=\"image\" height=\"198\" width=\"250\" title=\"epice2-min\" onerror=\"this.style.display='none'\"  \/>\n<h2>\n\t\tLe Faire \u00e0 Cheval\n\t<\/h2>\n<h3>\n\t\tMara\u00eecher &#8211; Bonnefamille (38)\n\t<\/h3>\n\t\t\t\t<img loading=\"lazy\" decoding=\"async\" src=\"https:\/\/www.restaurant-alouette.com\/wp-content\/uploads\/2020\/01\/producteurs-min.png\" alt=\"producteurs-min\" itemprop=\"image\" height=\"746\" width=\"777\" title=\"producteurs-min\" onerror=\"this.style.display='none'\"  \/>\n\t\t\t\t<a href=\"https:\/\/www.facebook.com\/Safran-Extravagant-1490986804459744\" target=\"_blank\" rel=\"noopener noreferrer\" itemprop=\"url\">\n\t\t\t\t<img loading=\"lazy\" decoding=\"async\" src=\"https:\/\/www.restaurant-alouette.com\/wp-content\/uploads\/2022\/03\/oiseau.png\" alt=\"oiseau\" itemprop=\"image\" height=\"667\" width=\"937\" title=\"oiseau\" onerror=\"this.style.display='none'\"  \/>\n\t\t\t\t<\/a>\n\t\t\t\t<img loading=\"lazy\" decoding=\"async\" src=\"https:\/\/www.restaurant-alouette.com\/wp-content\/uploads\/2020\/01\/epice2-min.png\" alt=\"epice2-min\" itemprop=\"image\" height=\"198\" width=\"250\" title=\"epice2-min\" onerror=\"this.style.display='none'\"  \/>\n<h2>\n\t\tMaison J. Colombier\n\t<\/h2>\n<h3>\n\t\tVillette de Vienne (38)\n\t<\/h3>\n\t<p>Eau de vie de poire William&#8217;s<\/p>\n\t\t\t\t<img loading=\"lazy\" decoding=\"async\" src=\"https:\/\/www.restaurant-alouette.com\/wp-content\/uploads\/2019\/12\/persilsolo1-min.png\" alt=\"persilsolo1-min\" itemprop=\"image\" height=\"85\" width=\"90\" title=\"persilsolo1-min\" onerror=\"this.style.display='none'\"  \/>\n<h2>\n\t\tArielle Diaz\n\t<\/h2>\n<h3>\n\t\tLa Ferme du Ch\u00eane \u2013 Chozeau (38)\n\t<\/h3>\n\t<p>Fromage de ch\u00e8vre<\/p>\n\t\t\t\t<a href=\"http:\/\/www.fermeduchene.fr\/\" target=\"_blank\" rel=\"noopener noreferrer\" itemprop=\"url\">\n\t\t\t\t<img loading=\"lazy\" decoding=\"async\" src=\"https:\/\/www.restaurant-alouette.com\/wp-content\/uploads\/2020\/01\/ferme-min.png\" alt=\"ferme-min\" itemprop=\"image\" height=\"746\" width=\"777\" title=\"ferme-min\" onerror=\"this.style.display='none'\"  \/>\n\t\t\t\t<\/a>\n\t\t\t\t<a href=\"http:\/\/www.francois-cholat.fr\/les-grands-moulins-de-thuile\" target=\"_blank\" rel=\"noopener noreferrer\" itemprop=\"url\">\n\t\t\t\t<img loading=\"lazy\" decoding=\"async\" src=\"https:\/\/www.restaurant-alouette.com\/wp-content\/uploads\/2020\/01\/pain-min.png\" alt=\"pain-min\" itemprop=\"image\" height=\"746\" width=\"777\" title=\"pain-min\" onerror=\"this.style.display='none'\"  \/>\n\t\t\t\t<\/a>\n\t\t\t\t<img loading=\"lazy\" decoding=\"async\" src=\"https:\/\/www.restaurant-alouette.com\/wp-content\/uploads\/2019\/12\/epice4-min.png\" alt=\"epice4-min\" itemprop=\"image\" height=\"148\" width=\"180\" title=\"epice4-min\" onerror=\"this.style.display='none'\"  \/>\n<h2>\n\t\tLes robins des champs\n\t<\/h2>\n<h3>\n\t\tGenas (69)\n\t<\/h3>\n\t<p>Farines, pois chiches et lentilles<\/p>\n\t\t\t\t<img loading=\"lazy\" decoding=\"async\" src=\"https:\/\/www.restaurant-alouette.com\/wp-content\/uploads\/2020\/01\/epice2-min.png\" alt=\"epice2-min\" itemprop=\"image\" height=\"198\" width=\"250\" title=\"epice2-min\" onerror=\"this.style.display='none'\"  \/>\n<h2>\n\t\tChristophe et J\u00e9r\u00f4me Candy\n\t<\/h2>\n<h3>\n\t\tBoucherie Candy \u2013 Bourgoin-Jallieu (38)\n\t<\/h3>\n\t\t\t\t<a href=\"http:\/\/www.candy-boucherie.fr\/\" target=\"_blank\" rel=\"noopener noreferrer\" itemprop=\"url\">\n\t\t\t\t<img loading=\"lazy\" decoding=\"async\" src=\"https:\/\/www.restaurant-alouette.com\/wp-content\/uploads\/2020\/01\/boucherie-min.png\" alt=\"boucherie-min\" itemprop=\"image\" height=\"746\" width=\"777\" title=\"boucherie-min\" onerror=\"this.style.display='none'\"  \/>\n\t\t\t\t<\/a>\n\t\t\t\t<img loading=\"lazy\" decoding=\"async\" src=\"https:\/\/www.restaurant-alouette.com\/wp-content\/uploads\/2020\/01\/escargot-min.png\" alt=\"escargot-min\" itemprop=\"image\" height=\"746\" width=\"777\" title=\"escargot-min\" onerror=\"this.style.display='none'\"  \/>\n\t\t\t\t<img loading=\"lazy\" decoding=\"async\" src=\"https:\/\/www.restaurant-alouette.com\/wp-content\/uploads\/2019\/12\/persilsolo1-min.png\" alt=\"persilsolo1-min\" itemprop=\"image\" height=\"85\" width=\"90\" title=\"persilsolo1-min\" onerror=\"this.style.display='none'\"  \/>\n<h2>\n\t\tMickael Giroud\n\t<\/h2>\n<h3>\n\t\tProducteurs d\u2019escargots \u2013 Epinouze (26)\n\t<\/h3>\n\t\t\t\t<img loading=\"lazy\" decoding=\"async\" src=\"https:\/\/www.restaurant-alouette.com\/wp-content\/uploads\/2019\/12\/epice4-min.png\" alt=\"epice4-min\" itemprop=\"image\" height=\"148\" width=\"180\" title=\"epice4-min\" onerror=\"this.style.display='none'\"  \/>\n<h2>\n\t\tDominique Berger\n\t<\/h2>\n<h3>\n\t\tGaec des Cytises \u2013 Vaulx milieu (38)\n\t<\/h3>\n\t<p>\u00c9leveur de Pigeonneau<\/p>\n\t\t\t\t<a href=\"http:\/\/www.tourisme-ipa38.fr\/Ressources-locales\/Producteurs-locaux\/Gaec-des-Cytises\" target=\"_blank\" rel=\"noopener noreferrer\" itemprop=\"url\">\n\t\t\t\t<img loading=\"lazy\" decoding=\"async\" src=\"https:\/\/www.restaurant-alouette.com\/wp-content\/uploads\/2022\/03\/pigeon.png\" alt=\"pigeon\" itemprop=\"image\" height=\"610\" width=\"901\" title=\"pigeon\" onerror=\"this.style.display='none'\"  \/>\n\t\t\t\t<\/a>\n\t\t\t\t<img loading=\"lazy\" decoding=\"async\" src=\"https:\/\/www.restaurant-alouette.com\/wp-content\/uploads\/2020\/01\/fromages-min.png\" alt=\"fromages-min\" itemprop=\"image\" height=\"746\" width=\"777\" title=\"fromages-min\" onerror=\"this.style.display='none'\"  \/>\n\t\t\t\t<img loading=\"lazy\" decoding=\"async\" src=\"https:\/\/www.restaurant-alouette.com\/wp-content\/uploads\/2020\/01\/epice2-min.png\" alt=\"epice2-min\" itemprop=\"image\" height=\"198\" width=\"250\" title=\"epice2-min\" onerror=\"this.style.display='none'\"  \/>\n<h2>\n\t<\/h2>\n<h3>\n\t\tF\n\t<\/h3>\n\t\t\t\t<img loading=\"lazy\" decoding=\"async\" src=\"https:\/\/www.restaurant-alouette.com\/wp-content\/uploads\/2020\/01\/epice2-min.png\" alt=\"epice2-min\" itemprop=\"image\" height=\"198\" width=\"250\" title=\"epice2-min\" onerror=\"this.style.display='none'\"  \/>\n<h2>\n\t\tPierre Cellier\n\t<\/h2>\n<h3>\n\t\tMara\u00eecher &#8211; Villefontaine (38)\n\t<\/h3>\n\t<p>Choux, cucurbitac\u00e9e, fenouil &#8230;<\/p>\n\t\t\t\t<img decoding=\"async\" src=\"https:\/\/www.restaurant-alouette.com\/wp-content\/plugins\/bb-plugin\/img\/pixel.png\" alt=\"\" itemprop=\"image\" onerror=\"this.style.display='none'\"  \/>\n\t\t\t\t<img loading=\"lazy\" decoding=\"async\" src=\"https:\/\/www.restaurant-alouette.com\/wp-content\/uploads\/2022\/03\/cellier.png\" alt=\"cellier\" itemprop=\"image\" height=\"685\" width=\"944\" title=\"cellier\" onerror=\"this.style.display='none'\"  \/>\n\t\t\t\t<img loading=\"lazy\" decoding=\"async\" src=\"https:\/\/www.restaurant-alouette.com\/wp-content\/uploads\/2022\/03\/champi.png\" alt=\"champi\" itemprop=\"image\" height=\"669\" width=\"916\" title=\"champi\" onerror=\"this.style.display='none'\"  \/>\n<h2>\n\t<\/h2>\n<h3>\n\t<\/h3>\n\t\t\t\t<img loading=\"lazy\" decoding=\"async\" src=\"https:\/\/www.restaurant-alouette.com\/wp-content\/uploads\/2019\/12\/persilsolo1-min.png\" alt=\"persilsolo1-min\" itemprop=\"image\" height=\"85\" width=\"90\" title=\"persilsolo1-min\" onerror=\"this.style.display='none'\"  \/>\n<h2>\n\t<\/h2>\n<h3>\n\t<\/h3>\n\t\t\t\t<a href=\"http:\/\/www.labeilleduvercors.fr\/\" target=\"_blank\" rel=\"noopener noreferrer\" itemprop=\"url\">\n\t\t\t\t<img loading=\"lazy\" decoding=\"async\" src=\"https:\/\/www.restaurant-alouette.com\/wp-content\/uploads\/2020\/01\/miel-min.png\" alt=\"miel-min\" itemprop=\"image\" height=\"746\" width=\"777\" title=\"miel-min\" onerror=\"this.style.display='none'\"  \/>\n\t\t\t\t<\/a>\n\t\t\t\t<img loading=\"lazy\" decoding=\"async\" src=\"https:\/\/www.restaurant-alouette.com\/wp-content\/uploads\/2022\/03\/cochon.png\" alt=\"cochon\" itemprop=\"image\" height=\"692\" width=\"936\" title=\"cochon\" onerror=\"this.style.display='none'\"  \/>\n\t\t\t\t<img loading=\"lazy\" decoding=\"async\" src=\"https:\/\/www.restaurant-alouette.com\/wp-content\/uploads\/2019\/12\/epice4-min.png\" alt=\"epice4-min\" itemprop=\"image\" height=\"148\" width=\"180\" title=\"epice4-min\" onerror=\"this.style.display='none'\"  \/>\n<h2>\n\t\tAnne Lyse\n\t<\/h2>\n<h3>\n\t\tFerme d&#8217;Arcandy \u2013 Saint-Claire-de-la-Tour (38)\n\t<\/h3>\n\t\t\t\t<img loading=\"lazy\" decoding=\"async\" src=\"https:\/\/www.restaurant-alouette.com\/wp-content\/uploads\/2020\/01\/epice2-min.png\" alt=\"epice2-min\" itemprop=\"image\" height=\"198\" width=\"250\" title=\"epice2-min\" onerror=\"this.style.display='none'\"  \/>\n<h2>\n\t<\/h2>\n<h3>\n\t<\/h3>\n\t\t\t\t<img loading=\"lazy\" decoding=\"async\" src=\"https:\/\/www.restaurant-alouette.com\/wp-content\/uploads\/2020\/01\/producteurs-min.png\" alt=\"producteurs-min\" itemprop=\"image\" height=\"746\" width=\"777\" title=\"producteurs-min\" onerror=\"this.style.display='none'\"  \/>\n\t\t\t\t<img loading=\"lazy\" decoding=\"async\" src=\"https:\/\/www.restaurant-alouette.com\/wp-content\/uploads\/2020\/01\/elagage-min.png\" alt=\"elagage-min\" itemprop=\"image\" height=\"746\" width=\"777\" title=\"elagage-min\" onerror=\"this.style.display='none'\"  \/>\n\t\t\t\t<img loading=\"lazy\" decoding=\"async\" src=\"https:\/\/www.restaurant-alouette.com\/wp-content\/uploads\/2019\/12\/epice4-min.png\" alt=\"epice4-min\" itemprop=\"image\" height=\"148\" width=\"180\" title=\"epice4-min\" onerror=\"this.style.display='none'\"  \/>\n<h2>\n\t\tt\n\t<\/h2>\n<h3>\n\t<\/h3>\n\t\t\t\t<img loading=\"lazy\" decoding=\"async\" src=\"https:\/\/www.restaurant-alouette.com\/wp-content\/uploads\/2020\/01\/epice2-min.png\" alt=\"epice2-min\" itemprop=\"image\" height=\"198\" width=\"250\" title=\"epice2-min\" onerror=\"this.style.display='none'\"  \/>\n<h2>\n\t\tSamuel Blond\n\t<\/h2>\n<h3>\n\t\tLe Verger blond \u2013  Villette-de-Vienne (38)\n\t<\/h3>\n\t<p>Pommes et Poires<\/p>\n\t\t\t\t<img loading=\"lazy\" decoding=\"async\" src=\"https:\/\/www.restaurant-alouette.com\/wp-content\/uploads\/2022\/03\/pomme.png\" alt=\"pomme\" itemprop=\"image\" height=\"670\" width=\"929\" title=\"pomme\" onerror=\"this.style.display='none'\"  \/>\n\t\t\t\t<img loading=\"lazy\" decoding=\"async\" src=\"https:\/\/www.restaurant-alouette.com\/wp-content\/uploads\/2020\/01\/diane-cecile-min.png\" alt=\"diane-cecile-min\" itemprop=\"image\" height=\"746\" width=\"777\" title=\"diane-cecile-min\" onerror=\"this.style.display='none'\"  \/>\n\t\t\t\t<img loading=\"lazy\" decoding=\"async\" src=\"https:\/\/www.restaurant-alouette.com\/wp-content\/uploads\/2019\/12\/epice4-min.png\" alt=\"epice4-min\" itemprop=\"image\" height=\"148\" width=\"180\" title=\"epice4-min\" onerror=\"this.style.display='none'\"  \/>\n<h2>\n\t\tC\u00e9cile Uzel <br>&#038; Diane Wattiez\n\t<\/h2>\n<h3>\n\t\tQui Fait Mouche et Mahii conception \u2013 Cr\u00e9ation de site internet Rh\u00f4ne (69)\n\t<\/h3>\n\t<p>Apr\u00e8s une rencontre parfaitement fortuite, les valeurs que nous partagons et une bonne entente nous a pouss\u00e9 \u00e0 travailler ensemble sur la refonte du site internet. Notre projet \u00e9tait de faire passer l&#8217;incroyable ambiance du lieu de l&#8217;Alouette \u00e0 travers un graphisme et une navigation atypique.<\/p>","protected":false},"excerpt":{"rendered":"<p>Tous nos fournisseurs ont \u00e9t\u00e9 s\u00e9lectionn\u00e9s pour la qualit\u00e9 de leurs produits et leur proximit\u00e9 avec notre restaurant. C\u2019est aussi leur envie de partager leur passion de la nature, des choses simples et de b\u00e2tir de vraies relations de confiance avec leurs clients. Menu Tous nos fournisseurs ont \u00e9t\u00e9 s\u00e9lectionn\u00e9s pour la qualit\u00e9 de leurs [&hellip;]<\/p>","protected":false},"author":6,"featured_media":0,"parent":0,"menu_order":0,"comment_status":"closed","ping_status":"closed","template":"","meta":{"inline_featured_image":false,"_exactmetrics_skip_tracking":false,"_exactmetrics_sitenote_active":false,"_exactmetrics_sitenote_note":"","_exactmetrics_sitenote_category":0,"footnotes":""},"yoast_head":"<!-- This site is optimized with the Yoast SEO plugin v23.0 - https:\/\/yoast.com\/wordpress\/plugins\/seo\/ -->\n<title>Partenaires - Restaurant Alouette<\/title>\n<meta name=\"robots\" content=\"index, follow, max-snippet:-1, max-image-preview:large, max-video-preview:-1\" \/>\n<link rel=\"canonical\" href=\"http:\/\/www.restaurant-alouette.com\/en\/partenaires\/\" \/>\n<meta property=\"og:locale\" content=\"en_GB\" \/>\n<meta property=\"og:type\" content=\"article\" \/>\n<meta property=\"og:title\" content=\"Partenaires - Restaurant Alouette\" \/>\n<meta property=\"og:description\" content=\"Tous nos fournisseurs ont \u00e9t\u00e9 s\u00e9lectionn\u00e9s pour la qualit\u00e9 de leurs produits et leur proximit\u00e9 avec notre restaurant. C\u2019est aussi leur envie de partager leur passion de la nature, des choses simples et de b\u00e2tir de vraies relations de confiance avec leurs clients. Menu Tous nos fournisseurs ont \u00e9t\u00e9 s\u00e9lectionn\u00e9s pour la qualit\u00e9 de leurs [&hellip;]\" \/>\n<meta property=\"og:url\" content=\"http:\/\/www.restaurant-alouette.com\/en\/partenaires\/\" \/>\n<meta property=\"og:site_name\" content=\"Restaurant Alouette\" \/>\n<meta property=\"article:publisher\" content=\"https:\/\/www.facebook.com\/Lalouette-Plus-quun-Restaurant-120299032976\/\" \/>\n<meta property=\"article:modified_time\" content=\"2023-08-06T16:23:39+00:00\" \/>\n<meta property=\"og:image\" content=\"https:\/\/www.restaurant-alouette.com\/wp-content\/uploads\/2020\/01\/partenaires.svg\" \/>\n<meta name=\"twitter:card\" content=\"summary_large_image\" \/>\n<meta name=\"twitter:label1\" content=\"Estimated reading time\" \/>\n\t<meta name=\"twitter:data1\" content=\"1 minute\" \/>\n<script type=\"application\/ld+json\" class=\"yoast-schema-graph\">{\"@context\":\"https:\/\/schema.org\",\"@graph\":[{\"@type\":\"WebPage\",\"@id\":\"http:\/\/www.restaurant-alouette.com\/fr\/partenaires\/\",\"url\":\"http:\/\/www.restaurant-alouette.com\/fr\/partenaires\/\",\"name\":\"Partenaires - Restaurant Alouette\",\"isPartOf\":{\"@id\":\"https:\/\/www.restaurant-alouette.com\/fr\/#website\"},\"primaryImageOfPage\":{\"@id\":\"http:\/\/www.restaurant-alouette.com\/fr\/partenaires\/#primaryimage\"},\"image\":{\"@id\":\"http:\/\/www.restaurant-alouette.com\/fr\/partenaires\/#primaryimage\"},\"thumbnailUrl\":\"https:\/\/www.restaurant-alouette.com\/wp-content\/uploads\/2020\/01\/partenaires.svg\",\"datePublished\":\"2019-12-19T10:41:47+00:00\",\"dateModified\":\"2023-08-06T16:23:39+00:00\",\"breadcrumb\":{\"@id\":\"http:\/\/www.restaurant-alouette.com\/fr\/partenaires\/#breadcrumb\"},\"inLanguage\":\"en-GB\",\"potentialAction\":[{\"@type\":\"ReadAction\",\"target\":[\"http:\/\/www.restaurant-alouette.com\/fr\/partenaires\/\"]}]},{\"@type\":\"ImageObject\",\"inLanguage\":\"en-GB\",\"@id\":\"http:\/\/www.restaurant-alouette.com\/fr\/partenaires\/#primaryimage\",\"url\":\"https:\/\/www.restaurant-alouette.com\/wp-content\/uploads\/2020\/01\/partenaires.svg\",\"contentUrl\":\"https:\/\/www.restaurant-alouette.com\/wp-content\/uploads\/2020\/01\/partenaires.svg\"},{\"@type\":\"BreadcrumbList\",\"@id\":\"http:\/\/www.restaurant-alouette.com\/fr\/partenaires\/#breadcrumb\",\"itemListElement\":[{\"@type\":\"ListItem\",\"position\":1,\"name\":\"Accueil\",\"item\":\"https:\/\/www.restaurant-alouette.com\/fr\/\"},{\"@type\":\"ListItem\",\"position\":2,\"name\":\"Partenaires\"}]},{\"@type\":\"WebSite\",\"@id\":\"https:\/\/www.restaurant-alouette.com\/fr\/#website\",\"url\":\"https:\/\/www.restaurant-alouette.com\/fr\/\",\"name\":\"Restaurant de l'Alouette\",\"description\":\"Votre restaurant gastronomique \u00e0 Bonnefamille\",\"potentialAction\":[{\"@type\":\"SearchAction\",\"target\":{\"@type\":\"EntryPoint\",\"urlTemplate\":\"https:\/\/www.restaurant-alouette.com\/fr\/?s={search_term_string}\"},\"query-input\":\"required name=search_term_string\"}],\"inLanguage\":\"en-GB\"}]}<\/script>\n<!-- \/ Yoast SEO plugin. -->","yoast_head_json":{"title":"Partenaires - Restaurant Alouette","robots":{"index":"index","follow":"follow","max-snippet":"max-snippet:-1","max-image-preview":"max-image-preview:large","max-video-preview":"max-video-preview:-1"},"canonical":"http:\/\/www.restaurant-alouette.com\/en\/partenaires\/","og_locale":"en_GB","og_type":"article","og_title":"Partenaires - Restaurant Alouette","og_description":"Tous nos fournisseurs ont \u00e9t\u00e9 s\u00e9lectionn\u00e9s pour la qualit\u00e9 de leurs produits et leur proximit\u00e9 avec notre restaurant. C\u2019est aussi leur envie de partager leur passion de la nature, des choses simples et de b\u00e2tir de vraies relations de confiance avec leurs clients. Menu Tous nos fournisseurs ont \u00e9t\u00e9 s\u00e9lectionn\u00e9s pour la qualit\u00e9 de leurs [&hellip;]","og_url":"http:\/\/www.restaurant-alouette.com\/en\/partenaires\/","og_site_name":"Restaurant Alouette","article_publisher":"https:\/\/www.facebook.com\/Lalouette-Plus-quun-Restaurant-120299032976\/","article_modified_time":"2023-08-06T16:23:39+00:00","og_image":[{"url":"https:\/\/www.restaurant-alouette.com\/wp-content\/uploads\/2020\/01\/partenaires.svg"}],"twitter_card":"summary_large_image","twitter_misc":{"Estimated reading time":"1 minute"},"schema":{"@context":"https:\/\/schema.org","@graph":[{"@type":"WebPage","@id":"http:\/\/www.restaurant-alouette.com\/fr\/partenaires\/","url":"http:\/\/www.restaurant-alouette.com\/fr\/partenaires\/","name":"Partenaires - Restaurant Alouette","isPartOf":{"@id":"https:\/\/www.restaurant-alouette.com\/fr\/#website"},"primaryImageOfPage":{"@id":"http:\/\/www.restaurant-alouette.com\/fr\/partenaires\/#primaryimage"},"image":{"@id":"http:\/\/www.restaurant-alouette.com\/fr\/partenaires\/#primaryimage"},"thumbnailUrl":"https:\/\/www.restaurant-alouette.com\/wp-content\/uploads\/2020\/01\/partenaires.svg","datePublished":"2019-12-19T10:41:47+00:00","dateModified":"2023-08-06T16:23:39+00:00","breadcrumb":{"@id":"http:\/\/www.restaurant-alouette.com\/fr\/partenaires\/#breadcrumb"},"inLanguage":"en-GB","potentialAction":[{"@type":"ReadAction","target":["http:\/\/www.restaurant-alouette.com\/fr\/partenaires\/"]}]},{"@type":"ImageObject","inLanguage":"en-GB","@id":"http:\/\/www.restaurant-alouette.com\/fr\/partenaires\/#primaryimage","url":"https:\/\/www.restaurant-alouette.com\/wp-content\/uploads\/2020\/01\/partenaires.svg","contentUrl":"https:\/\/www.restaurant-alouette.com\/wp-content\/uploads\/2020\/01\/partenaires.svg"},{"@type":"BreadcrumbList","@id":"http:\/\/www.restaurant-alouette.com\/fr\/partenaires\/#breadcrumb","itemListElement":[{"@type":"ListItem","position":1,"name":"Accueil","item":"https:\/\/www.restaurant-alouette.com\/fr\/"},{"@type":"ListItem","position":2,"name":"Partenaires"}]},{"@type":"WebSite","@id":"https:\/\/www.restaurant-alouette.com\/fr\/#website","url":"https:\/\/www.restaurant-alouette.com\/fr\/","name":"Restaurant de l'Alouette","description":"Votre restaurant gastronomique \u00e0 Bonnefamille","potentialAction":[{"@type":"SearchAction","target":{"@type":"EntryPoint","urlTemplate":"https:\/\/www.restaurant-alouette.com\/fr\/?s={search_term_string}"},"query-input":"required name=search_term_string"}],"inLanguage":"en-GB"}]}},"jetpack_sharing_enabled":true,"_links":{"self":[{"href":"http:\/\/www.restaurant-alouette.com\/en\/wp-json\/wp\/v2\/pages\/5138"}],"collection":[{"href":"http:\/\/www.restaurant-alouette.com\/en\/wp-json\/wp\/v2\/pages"}],"about":[{"href":"http:\/\/www.restaurant-alouette.com\/en\/wp-json\/wp\/v2\/types\/page"}],"author":[{"embeddable":true,"href":"http:\/\/www.restaurant-alouette.com\/en\/wp-json\/wp\/v2\/users\/6"}],"replies":[{"embeddable":true,"href":"http:\/\/www.restaurant-alouette.com\/en\/wp-json\/wp\/v2\/comments?post=5138"}],"version-history":[{"count":32,"href":"http:\/\/www.restaurant-alouette.com\/en\/wp-json\/wp\/v2\/pages\/5138\/revisions"}],"predecessor-version":[{"id":14795,"href":"http:\/\/www.restaurant-alouette.com\/en\/wp-json\/wp\/v2\/pages\/5138\/revisions\/14795"}],"wp:attachment":[{"href":"http:\/\/www.restaurant-alouette.com\/en\/wp-json\/wp\/v2\/media?parent=5138"}],"curies":[{"name":"wp","href":"https:\/\/api.w.org\/{rel}","templated":true}]}}