{"id":9229,"date":"2021-09-09T14:23:07","date_gmt":"2021-09-09T12:23:07","guid":{"rendered":"https:\/\/www.restaurant-alouette.com\/?page_id=9229"},"modified":"2026-05-08T20:55:19","modified_gmt":"2026-05-08T18:55:19","slug":"table-des-matieres","status":"publish","type":"page","link":"http:\/\/www.restaurant-alouette.com\/en\/table-des-matieres\/","title":{"rendered":"Table des mati\u00e8res"},"content":{"rendered":"<h2>\n\t\tCarte des vins\n\t<\/h2>\n\t\t\t\t<img decoding=\"async\" src=\"http:\/\/www.restaurant-alouette.com\/wp-content\/uploads\/2017\/11\/vin1-cadeau-min-min.png\" alt=\"vin1-cadeau-min-min\" itemprop=\"image\" title=\"vin1-cadeau-min-min\" onerror=\"this.style.display='none'\"  \/>\n\t\t\t<a href=\"http:\/\/www.restaurant-alouette.com\/en\/les-champagnes\/\" target=\"_self\" rel=\"noopener\">\n\t\t\t\t\t\t\tVins p\u00e9tillants\n\t\t\t\t\t<\/a>\n\t\t\t<a href=\"http:\/\/www.restaurant-alouette.com\/en\/les-vins-roses\/\" target=\"_self\" rel=\"noopener\">\n\t\t\t\t\t\t\tVins ros\u00e9s\n\t\t\t\t\t<\/a>\n\t\t\t<a href=\"http:\/\/www.restaurant-alouette.com\/en\/les-vins-blancs\/\" target=\"_self\" rel=\"noopener\">\n\t\t\t\t\t\t\tVins blancs\n\t\t\t\t\t<\/a>\n\t\t\t<a href=\"http:\/\/www.restaurant-alouette.com\/en\/les-vins-rouges\/\" target=\"_self\" rel=\"noopener\">\n\t\t\t\t\t\t\tVins rouges\n\t\t\t\t\t<\/a>\n\t\t\t<a href=\"http:\/\/www.restaurant-alouette.com\/en\/les-vins-de-dessert\/\" target=\"_self\" rel=\"noopener\">\n\t\t\t\t\t\t\tVins de desserts\n\t\t\t\t\t<\/a>\n\t<p>Une selection de vins au verre, tarif unique 10 \u20ac les 12cl, vous est propos\u00e9e de vive voix lors de votre repas.<\/p>","protected":false},"excerpt":{"rendered":"<p>Carte des vins Vins p\u00e9tillants Vins ros\u00e9s Vins blancs Vins rouges Vins de desserts Une selection de vins au verre, tarif unique 10 \u20ac les 12cl, vous est propos\u00e9e de vive voix lors de votre repas.<\/p>","protected":false},"author":1,"featured_media":0,"parent":0,"menu_order":0,"comment_status":"closed","ping_status":"closed","template":"","meta":{"inline_featured_image":false,"_exactmetrics_skip_tracking":false,"_exactmetrics_sitenote_active":false,"_exactmetrics_sitenote_note":"","_exactmetrics_sitenote_category":0,"footnotes":""},"yoast_head":"<!-- This site is optimized with the Yoast SEO plugin v23.0 - https:\/\/yoast.com\/wordpress\/plugins\/seo\/ -->\n<title>Table des mati\u00e8res - Restaurant Alouette<\/title>\n<meta name=\"robots\" content=\"index, follow, max-snippet:-1, max-image-preview:large, max-video-preview:-1\" \/>\n<link rel=\"canonical\" href=\"http:\/\/www.restaurant-alouette.com\/en\/table-des-matieres\/\" \/>\n<meta property=\"og:locale\" content=\"en_GB\" \/>\n<meta property=\"og:type\" content=\"article\" \/>\n<meta property=\"og:title\" content=\"Table des mati\u00e8res - Restaurant Alouette\" \/>\n<meta property=\"og:description\" content=\"Carte des vins Vins p\u00e9tillants Vins ros\u00e9s Vins blancs Vins rouges Vins de desserts Une selection de vins au verre, tarif unique 10 \u20ac les 12cl, vous est propos\u00e9e de vive voix lors de votre repas.\" \/>\n<meta property=\"og:url\" content=\"http:\/\/www.restaurant-alouette.com\/en\/table-des-matieres\/\" \/>\n<meta property=\"og:site_name\" content=\"Restaurant Alouette\" \/>\n<meta property=\"article:publisher\" content=\"https:\/\/www.facebook.com\/Lalouette-Plus-quun-Restaurant-120299032976\/\" \/>\n<meta property=\"article:modified_time\" content=\"2026-05-08T18:55:19+00:00\" \/>\n<meta property=\"og:image\" content=\"http:\/\/www.restaurant-alouette.com\/wp-content\/uploads\/2017\/11\/vin1-cadeau-min-min.png\" \/>\n<meta name=\"twitter:card\" content=\"summary_large_image\" \/>\n<script type=\"application\/ld+json\" class=\"yoast-schema-graph\">{\"@context\":\"https:\/\/schema.org\",\"@graph\":[{\"@type\":\"WebPage\",\"@id\":\"https:\/\/www.restaurant-alouette.com\/fr\/table-des-matieres\/\",\"url\":\"https:\/\/www.restaurant-alouette.com\/fr\/table-des-matieres\/\",\"name\":\"Table des mati\u00e8res - Restaurant Alouette\",\"isPartOf\":{\"@id\":\"https:\/\/www.restaurant-alouette.com\/en\/#website\"},\"primaryImageOfPage\":{\"@id\":\"https:\/\/www.restaurant-alouette.com\/fr\/table-des-matieres\/#primaryimage\"},\"image\":{\"@id\":\"https:\/\/www.restaurant-alouette.com\/fr\/table-des-matieres\/#primaryimage\"},\"thumbnailUrl\":\"http:\/\/www.restaurant-alouette.com\/wp-content\/uploads\/2017\/11\/vin1-cadeau-min-min.png\",\"datePublished\":\"2021-09-09T12:23:07+00:00\",\"dateModified\":\"2026-05-08T18:55:19+00:00\",\"breadcrumb\":{\"@id\":\"https:\/\/www.restaurant-alouette.com\/fr\/table-des-matieres\/#breadcrumb\"},\"inLanguage\":\"en-GB\",\"potentialAction\":[{\"@type\":\"ReadAction\",\"target\":[\"https:\/\/www.restaurant-alouette.com\/fr\/table-des-matieres\/\"]}]},{\"@type\":\"ImageObject\",\"inLanguage\":\"en-GB\",\"@id\":\"https:\/\/www.restaurant-alouette.com\/fr\/table-des-matieres\/#primaryimage\",\"url\":\"http:\/\/www.restaurant-alouette.com\/wp-content\/uploads\/2017\/11\/vin1-cadeau-min-min.png\",\"contentUrl\":\"http:\/\/www.restaurant-alouette.com\/wp-content\/uploads\/2017\/11\/vin1-cadeau-min-min.png\"},{\"@type\":\"BreadcrumbList\",\"@id\":\"https:\/\/www.restaurant-alouette.com\/fr\/table-des-matieres\/#breadcrumb\",\"itemListElement\":[{\"@type\":\"ListItem\",\"position\":1,\"name\":\"Accueil\",\"item\":\"https:\/\/www.restaurant-alouette.com\/fr\/\"},{\"@type\":\"ListItem\",\"position\":2,\"name\":\"Table des mati\u00e8res\"}]},{\"@type\":\"WebSite\",\"@id\":\"https:\/\/www.restaurant-alouette.com\/en\/#website\",\"url\":\"https:\/\/www.restaurant-alouette.com\/en\/\",\"name\":\"Restaurant de l'Alouette\",\"description\":\"Votre restaurant gastronomique \u00e0 Bonnefamille\",\"potentialAction\":[{\"@type\":\"SearchAction\",\"target\":{\"@type\":\"EntryPoint\",\"urlTemplate\":\"https:\/\/www.restaurant-alouette.com\/en\/?s={search_term_string}\"},\"query-input\":\"required name=search_term_string\"}],\"inLanguage\":\"en-GB\"}]}<\/script>\n<!-- \/ Yoast SEO plugin. -->","yoast_head_json":{"title":"Table des mati\u00e8res - Restaurant Alouette","robots":{"index":"index","follow":"follow","max-snippet":"max-snippet:-1","max-image-preview":"max-image-preview:large","max-video-preview":"max-video-preview:-1"},"canonical":"http:\/\/www.restaurant-alouette.com\/en\/table-des-matieres\/","og_locale":"en_GB","og_type":"article","og_title":"Table des mati\u00e8res - Restaurant Alouette","og_description":"Carte des vins Vins p\u00e9tillants Vins ros\u00e9s Vins blancs Vins rouges Vins de desserts Une selection de vins au verre, tarif unique 10 \u20ac les 12cl, vous est propos\u00e9e de vive voix lors de votre repas.","og_url":"http:\/\/www.restaurant-alouette.com\/en\/table-des-matieres\/","og_site_name":"Restaurant Alouette","article_publisher":"https:\/\/www.facebook.com\/Lalouette-Plus-quun-Restaurant-120299032976\/","article_modified_time":"2026-05-08T18:55:19+00:00","og_image":[{"url":"http:\/\/www.restaurant-alouette.com\/wp-content\/uploads\/2017\/11\/vin1-cadeau-min-min.png"}],"twitter_card":"summary_large_image","schema":{"@context":"https:\/\/schema.org","@graph":[{"@type":"WebPage","@id":"https:\/\/www.restaurant-alouette.com\/fr\/table-des-matieres\/","url":"https:\/\/www.restaurant-alouette.com\/fr\/table-des-matieres\/","name":"Table des mati\u00e8res - Restaurant Alouette","isPartOf":{"@id":"https:\/\/www.restaurant-alouette.com\/en\/#website"},"primaryImageOfPage":{"@id":"https:\/\/www.restaurant-alouette.com\/fr\/table-des-matieres\/#primaryimage"},"image":{"@id":"https:\/\/www.restaurant-alouette.com\/fr\/table-des-matieres\/#primaryimage"},"thumbnailUrl":"http:\/\/www.restaurant-alouette.com\/wp-content\/uploads\/2017\/11\/vin1-cadeau-min-min.png","datePublished":"2021-09-09T12:23:07+00:00","dateModified":"2026-05-08T18:55:19+00:00","breadcrumb":{"@id":"https:\/\/www.restaurant-alouette.com\/fr\/table-des-matieres\/#breadcrumb"},"inLanguage":"en-GB","potentialAction":[{"@type":"ReadAction","target":["https:\/\/www.restaurant-alouette.com\/fr\/table-des-matieres\/"]}]},{"@type":"ImageObject","inLanguage":"en-GB","@id":"https:\/\/www.restaurant-alouette.com\/fr\/table-des-matieres\/#primaryimage","url":"http:\/\/www.restaurant-alouette.com\/wp-content\/uploads\/2017\/11\/vin1-cadeau-min-min.png","contentUrl":"http:\/\/www.restaurant-alouette.com\/wp-content\/uploads\/2017\/11\/vin1-cadeau-min-min.png"},{"@type":"BreadcrumbList","@id":"https:\/\/www.restaurant-alouette.com\/fr\/table-des-matieres\/#breadcrumb","itemListElement":[{"@type":"ListItem","position":1,"name":"Accueil","item":"https:\/\/www.restaurant-alouette.com\/fr\/"},{"@type":"ListItem","position":2,"name":"Table des mati\u00e8res"}]},{"@type":"WebSite","@id":"https:\/\/www.restaurant-alouette.com\/en\/#website","url":"https:\/\/www.restaurant-alouette.com\/en\/","name":"Restaurant de l'Alouette","description":"Votre restaurant gastronomique \u00e0 Bonnefamille","potentialAction":[{"@type":"SearchAction","target":{"@type":"EntryPoint","urlTemplate":"https:\/\/www.restaurant-alouette.com\/en\/?s={search_term_string}"},"query-input":"required name=search_term_string"}],"inLanguage":"en-GB"}]}},"jetpack_sharing_enabled":true,"_links":{"self":[{"href":"http:\/\/www.restaurant-alouette.com\/en\/wp-json\/wp\/v2\/pages\/9229"}],"collection":[{"href":"http:\/\/www.restaurant-alouette.com\/en\/wp-json\/wp\/v2\/pages"}],"about":[{"href":"http:\/\/www.restaurant-alouette.com\/en\/wp-json\/wp\/v2\/types\/page"}],"author":[{"embeddable":true,"href":"http:\/\/www.restaurant-alouette.com\/en\/wp-json\/wp\/v2\/users\/1"}],"replies":[{"embeddable":true,"href":"http:\/\/www.restaurant-alouette.com\/en\/wp-json\/wp\/v2\/comments?post=9229"}],"version-history":[{"count":28,"href":"http:\/\/www.restaurant-alouette.com\/en\/wp-json\/wp\/v2\/pages\/9229\/revisions"}],"predecessor-version":[{"id":19341,"href":"http:\/\/www.restaurant-alouette.com\/en\/wp-json\/wp\/v2\/pages\/9229\/revisions\/19341"}],"wp:attachment":[{"href":"http:\/\/www.restaurant-alouette.com\/en\/wp-json\/wp\/v2\/media?parent=9229"}],"curies":[{"name":"wp","href":"https:\/\/api.w.org\/{rel}","templated":true}]}}