{"id":9246,"date":"2021-09-09T14:38:55","date_gmt":"2021-09-09T12:38:55","guid":{"rendered":"https:\/\/www.restaurant-alouette.com\/?page_id=9246"},"modified":"2026-03-20T21:15:20","modified_gmt":"2026-03-20T20:15:20","slug":"les-vins-rouges","status":"publish","type":"page","link":"http:\/\/www.restaurant-alouette.com\/en\/les-vins-rouges\/","title":{"rendered":"Les vins rouges"},"content":{"rendered":"<img decoding=\"async\" src=\"http:\/\/www.restaurant-alouette.com\/wp-content\/uploads\/2020\/01\/cave7-min.png\" alt=\"cave7-min\" itemprop=\"image\" title=\"cave7-min\" onerror=\"this.style.display='none'\"  \/>\n<h2>\n\t\tLes vins rouges\n\t<\/h2>\n\t<a href=\"http:\/\/www.restaurant-alouette.com\/en\/les-vins-rouges-de-la-vallee-du-rhone-septentrionale\/\">\n\t\t  \tRh\u00f4ne septentrional\t  \t\n\t    <img width=\"239\" height=\"244\" src=\"https:\/\/www.restaurant-alouette.com\/wp-content\/uploads\/2020\/01\/bouton-mondrian-min.png\" alt=\"\" decoding=\"async\" loading=\"lazy\" srcset=\"https:\/\/www.restaurant-alouette.com\/wp-content\/uploads\/2020\/01\/bouton-mondrian-min.png 239w, https:\/\/www.restaurant-alouette.com\/wp-content\/uploads\/2020\/01\/bouton-mondrian-min-196x200.png 196w\" sizes=\"(max-width: 239px) 100vw, 239px\" \/>\t<\/a>\n\t<a href=\"http:\/\/www.restaurant-alouette.com\/en\/vins-rouges-du-rhone-meridional\/\">\n\t\t  \tRh\u00f4ne m\u00e9ridional\t  \t\n\t    <img width=\"239\" height=\"244\" src=\"https:\/\/www.restaurant-alouette.com\/wp-content\/uploads\/2020\/01\/bouton-mondrian-min.png\" alt=\"\" decoding=\"async\" loading=\"lazy\" srcset=\"https:\/\/www.restaurant-alouette.com\/wp-content\/uploads\/2020\/01\/bouton-mondrian-min.png 239w, https:\/\/www.restaurant-alouette.com\/wp-content\/uploads\/2020\/01\/bouton-mondrian-min-196x200.png 196w\" sizes=\"(max-width: 239px) 100vw, 239px\" \/>\t<\/a>\n\t<a href=\"http:\/\/www.restaurant-alouette.com\/en\/vins-rouges-du-sud-de-la-france\/\">\n\t\t  \tSud\t  \t\n\t    <img width=\"239\" height=\"244\" src=\"https:\/\/www.restaurant-alouette.com\/wp-content\/uploads\/2020\/01\/bouton-mondrian-min.png\" alt=\"\" decoding=\"async\" loading=\"lazy\" srcset=\"https:\/\/www.restaurant-alouette.com\/wp-content\/uploads\/2020\/01\/bouton-mondrian-min.png 239w, https:\/\/www.restaurant-alouette.com\/wp-content\/uploads\/2020\/01\/bouton-mondrian-min-196x200.png 196w\" sizes=\"(max-width: 239px) 100vw, 239px\" \/>\t<\/a>\n\t<a href=\"http:\/\/www.restaurant-alouette.com\/en\/les-vins-rouges-bordelais\/\">\n\t\t  \tBordelais\t  \t\n\t    <img width=\"239\" height=\"244\" src=\"https:\/\/www.restaurant-alouette.com\/wp-content\/uploads\/2020\/01\/bouton-mondrian-min.png\" alt=\"\" decoding=\"async\" loading=\"lazy\" srcset=\"https:\/\/www.restaurant-alouette.com\/wp-content\/uploads\/2020\/01\/bouton-mondrian-min.png 239w, https:\/\/www.restaurant-alouette.com\/wp-content\/uploads\/2020\/01\/bouton-mondrian-min-196x200.png 196w\" sizes=\"(max-width: 239px) 100vw, 239px\" \/>\t<\/a>\n\t<a href=\"http:\/\/www.restaurant-alouette.com\/en\/vin-rouges-de-la-bourgogne\/\">\n\t\t  \tBourgogne\t  \t\n\t    <img width=\"239\" height=\"244\" src=\"https:\/\/www.restaurant-alouette.com\/wp-content\/uploads\/2020\/01\/bouton-mondrian-min.png\" alt=\"\" decoding=\"async\" loading=\"lazy\" srcset=\"https:\/\/www.restaurant-alouette.com\/wp-content\/uploads\/2020\/01\/bouton-mondrian-min.png 239w, https:\/\/www.restaurant-alouette.com\/wp-content\/uploads\/2020\/01\/bouton-mondrian-min-196x200.png 196w\" sizes=\"(max-width: 239px) 100vw, 239px\" \/>\t<\/a>\n\t<a href=\"http:\/\/www.restaurant-alouette.com\/en\/vins-rouges-vallee-de-la-loire\/\">\n\t\t  \tVall\u00e9e de la Loire\t  \t\n\t    <img width=\"239\" height=\"244\" src=\"https:\/\/www.restaurant-alouette.com\/wp-content\/uploads\/2020\/01\/bouton-mondrian-min.png\" alt=\"\" decoding=\"async\" loading=\"lazy\" srcset=\"https:\/\/www.restaurant-alouette.com\/wp-content\/uploads\/2020\/01\/bouton-mondrian-min.png 239w, https:\/\/www.restaurant-alouette.com\/wp-content\/uploads\/2020\/01\/bouton-mondrian-min-196x200.png 196w\" sizes=\"(max-width: 239px) 100vw, 239px\" \/>\t<\/a>\n\t<a href=\"http:\/\/www.restaurant-alouette.com\/en\/vins-rouges-de-savoie\/\">\n\t\t  \tSavoie\t  \t\n\t    <img width=\"239\" height=\"244\" src=\"https:\/\/www.restaurant-alouette.com\/wp-content\/uploads\/2020\/01\/bouton-mondrian-min.png\" alt=\"\" decoding=\"async\" loading=\"lazy\" srcset=\"https:\/\/www.restaurant-alouette.com\/wp-content\/uploads\/2020\/01\/bouton-mondrian-min.png 239w, https:\/\/www.restaurant-alouette.com\/wp-content\/uploads\/2020\/01\/bouton-mondrian-min-196x200.png 196w\" sizes=\"(max-width: 239px) 100vw, 239px\" \/>\t<\/a>\n\t<a href=\"http:\/\/www.restaurant-alouette.com\/en\/table-des-matieres\/\">\n\t\t  \tRetour\t  \t\n\t    <img width=\"722\" height=\"676\" src=\"https:\/\/www.restaurant-alouette.com\/wp-content\/uploads\/2019\/12\/peinture-reserver-homepage-min-min.png\" alt=\"\" decoding=\"async\" loading=\"lazy\" srcset=\"https:\/\/www.restaurant-alouette.com\/wp-content\/uploads\/2019\/12\/peinture-reserver-homepage-min-min.png 722w, https:\/\/www.restaurant-alouette.com\/wp-content\/uploads\/2019\/12\/peinture-reserver-homepage-min-min-300x281.png 300w, https:\/\/www.restaurant-alouette.com\/wp-content\/uploads\/2019\/12\/peinture-reserver-homepage-min-min-200x187.png 200w, https:\/\/www.restaurant-alouette.com\/wp-content\/uploads\/2019\/12\/peinture-reserver-homepage-min-min-500x468.png 500w\" sizes=\"(max-width: 722px) 100vw, 722px\" \/>\t<\/a>","protected":false},"excerpt":{"rendered":"<p>Les vins rouges Rh\u00f4ne septentrional Rh\u00f4ne m\u00e9ridional Sud Bordelais Bourgogne Vall\u00e9e de la Loire Savoie Retour<\/p>","protected":false},"author":1,"featured_media":0,"parent":0,"menu_order":0,"comment_status":"closed","ping_status":"closed","template":"","meta":{"inline_featured_image":false,"_exactmetrics_skip_tracking":false,"_exactmetrics_sitenote_active":false,"_exactmetrics_sitenote_note":"","_exactmetrics_sitenote_category":0,"footnotes":""},"yoast_head":"<!-- This site is optimized with the Yoast SEO plugin v23.0 - https:\/\/yoast.com\/wordpress\/plugins\/seo\/ -->\n<title>Les vins rouges - Restaurant Alouette<\/title>\n<meta name=\"robots\" content=\"index, follow, max-snippet:-1, max-image-preview:large, max-video-preview:-1\" \/>\n<link rel=\"canonical\" href=\"http:\/\/www.restaurant-alouette.com\/en\/les-vins-rouges\/\" \/>\n<meta property=\"og:locale\" content=\"en_GB\" \/>\n<meta property=\"og:type\" content=\"article\" \/>\n<meta property=\"og:title\" content=\"Les vins rouges - Restaurant Alouette\" \/>\n<meta property=\"og:description\" content=\"Les vins rouges Rh\u00f4ne septentrional Rh\u00f4ne m\u00e9ridional Sud Bordelais Bourgogne Vall\u00e9e de la Loire Savoie Retour\" \/>\n<meta property=\"og:url\" content=\"http:\/\/www.restaurant-alouette.com\/en\/les-vins-rouges\/\" \/>\n<meta property=\"og:site_name\" content=\"Restaurant Alouette\" \/>\n<meta property=\"article:publisher\" content=\"https:\/\/www.facebook.com\/Lalouette-Plus-quun-Restaurant-120299032976\/\" \/>\n<meta property=\"article:modified_time\" content=\"2026-03-20T20:15:20+00:00\" \/>\n<meta property=\"og:image\" content=\"http:\/\/www.restaurant-alouette.com\/wp-content\/uploads\/2020\/01\/cave7-min.png\" \/>\n<meta name=\"twitter:card\" content=\"summary_large_image\" \/>\n<meta name=\"twitter:label1\" content=\"Estimated reading time\" \/>\n\t<meta name=\"twitter:data1\" content=\"2 minutes\" \/>\n<script type=\"application\/ld+json\" class=\"yoast-schema-graph\">{\"@context\":\"https:\/\/schema.org\",\"@graph\":[{\"@type\":\"WebPage\",\"@id\":\"https:\/\/www.restaurant-alouette.com\/fr\/les-vins-rouges\/\",\"url\":\"https:\/\/www.restaurant-alouette.com\/fr\/les-vins-rouges\/\",\"name\":\"Les vins rouges - Restaurant Alouette\",\"isPartOf\":{\"@id\":\"https:\/\/www.restaurant-alouette.com\/fr\/#website\"},\"primaryImageOfPage\":{\"@id\":\"https:\/\/www.restaurant-alouette.com\/fr\/les-vins-rouges\/#primaryimage\"},\"image\":{\"@id\":\"https:\/\/www.restaurant-alouette.com\/fr\/les-vins-rouges\/#primaryimage\"},\"thumbnailUrl\":\"http:\/\/www.restaurant-alouette.com\/wp-content\/uploads\/2020\/01\/cave7-min.png\",\"datePublished\":\"2021-09-09T12:38:55+00:00\",\"dateModified\":\"2026-03-20T20:15:20+00:00\",\"breadcrumb\":{\"@id\":\"https:\/\/www.restaurant-alouette.com\/fr\/les-vins-rouges\/#breadcrumb\"},\"inLanguage\":\"en-GB\",\"potentialAction\":[{\"@type\":\"ReadAction\",\"target\":[\"https:\/\/www.restaurant-alouette.com\/fr\/les-vins-rouges\/\"]}]},{\"@type\":\"ImageObject\",\"inLanguage\":\"en-GB\",\"@id\":\"https:\/\/www.restaurant-alouette.com\/fr\/les-vins-rouges\/#primaryimage\",\"url\":\"http:\/\/www.restaurant-alouette.com\/wp-content\/uploads\/2020\/01\/cave7-min.png\",\"contentUrl\":\"http:\/\/www.restaurant-alouette.com\/wp-content\/uploads\/2020\/01\/cave7-min.png\"},{\"@type\":\"BreadcrumbList\",\"@id\":\"https:\/\/www.restaurant-alouette.com\/fr\/les-vins-rouges\/#breadcrumb\",\"itemListElement\":[{\"@type\":\"ListItem\",\"position\":1,\"name\":\"Accueil\",\"item\":\"https:\/\/www.restaurant-alouette.com\/fr\/\"},{\"@type\":\"ListItem\",\"position\":2,\"name\":\"Les vins rouges\"}]},{\"@type\":\"WebSite\",\"@id\":\"https:\/\/www.restaurant-alouette.com\/fr\/#website\",\"url\":\"https:\/\/www.restaurant-alouette.com\/fr\/\",\"name\":\"Restaurant de l'Alouette\",\"description\":\"Votre restaurant gastronomique \u00e0 Bonnefamille\",\"potentialAction\":[{\"@type\":\"SearchAction\",\"target\":{\"@type\":\"EntryPoint\",\"urlTemplate\":\"https:\/\/www.restaurant-alouette.com\/fr\/?s={search_term_string}\"},\"query-input\":\"required name=search_term_string\"}],\"inLanguage\":\"en-GB\"}]}<\/script>\n<!-- \/ Yoast SEO plugin. -->","yoast_head_json":{"title":"Les vins rouges - Restaurant Alouette","robots":{"index":"index","follow":"follow","max-snippet":"max-snippet:-1","max-image-preview":"max-image-preview:large","max-video-preview":"max-video-preview:-1"},"canonical":"http:\/\/www.restaurant-alouette.com\/en\/les-vins-rouges\/","og_locale":"en_GB","og_type":"article","og_title":"Les vins rouges - Restaurant Alouette","og_description":"Les vins rouges Rh\u00f4ne septentrional Rh\u00f4ne m\u00e9ridional Sud Bordelais Bourgogne Vall\u00e9e de la Loire Savoie Retour","og_url":"http:\/\/www.restaurant-alouette.com\/en\/les-vins-rouges\/","og_site_name":"Restaurant Alouette","article_publisher":"https:\/\/www.facebook.com\/Lalouette-Plus-quun-Restaurant-120299032976\/","article_modified_time":"2026-03-20T20:15:20+00:00","og_image":[{"url":"http:\/\/www.restaurant-alouette.com\/wp-content\/uploads\/2020\/01\/cave7-min.png"}],"twitter_card":"summary_large_image","twitter_misc":{"Estimated reading time":"2 minutes"},"schema":{"@context":"https:\/\/schema.org","@graph":[{"@type":"WebPage","@id":"https:\/\/www.restaurant-alouette.com\/fr\/les-vins-rouges\/","url":"https:\/\/www.restaurant-alouette.com\/fr\/les-vins-rouges\/","name":"Les vins rouges - Restaurant Alouette","isPartOf":{"@id":"https:\/\/www.restaurant-alouette.com\/fr\/#website"},"primaryImageOfPage":{"@id":"https:\/\/www.restaurant-alouette.com\/fr\/les-vins-rouges\/#primaryimage"},"image":{"@id":"https:\/\/www.restaurant-alouette.com\/fr\/les-vins-rouges\/#primaryimage"},"thumbnailUrl":"http:\/\/www.restaurant-alouette.com\/wp-content\/uploads\/2020\/01\/cave7-min.png","datePublished":"2021-09-09T12:38:55+00:00","dateModified":"2026-03-20T20:15:20+00:00","breadcrumb":{"@id":"https:\/\/www.restaurant-alouette.com\/fr\/les-vins-rouges\/#breadcrumb"},"inLanguage":"en-GB","potentialAction":[{"@type":"ReadAction","target":["https:\/\/www.restaurant-alouette.com\/fr\/les-vins-rouges\/"]}]},{"@type":"ImageObject","inLanguage":"en-GB","@id":"https:\/\/www.restaurant-alouette.com\/fr\/les-vins-rouges\/#primaryimage","url":"http:\/\/www.restaurant-alouette.com\/wp-content\/uploads\/2020\/01\/cave7-min.png","contentUrl":"http:\/\/www.restaurant-alouette.com\/wp-content\/uploads\/2020\/01\/cave7-min.png"},{"@type":"BreadcrumbList","@id":"https:\/\/www.restaurant-alouette.com\/fr\/les-vins-rouges\/#breadcrumb","itemListElement":[{"@type":"ListItem","position":1,"name":"Accueil","item":"https:\/\/www.restaurant-alouette.com\/fr\/"},{"@type":"ListItem","position":2,"name":"Les vins rouges"}]},{"@type":"WebSite","@id":"https:\/\/www.restaurant-alouette.com\/fr\/#website","url":"https:\/\/www.restaurant-alouette.com\/fr\/","name":"Restaurant de l'Alouette","description":"Votre restaurant gastronomique \u00e0 Bonnefamille","potentialAction":[{"@type":"SearchAction","target":{"@type":"EntryPoint","urlTemplate":"https:\/\/www.restaurant-alouette.com\/fr\/?s={search_term_string}"},"query-input":"required name=search_term_string"}],"inLanguage":"en-GB"}]}},"jetpack_sharing_enabled":true,"_links":{"self":[{"href":"http:\/\/www.restaurant-alouette.com\/en\/wp-json\/wp\/v2\/pages\/9246"}],"collection":[{"href":"http:\/\/www.restaurant-alouette.com\/en\/wp-json\/wp\/v2\/pages"}],"about":[{"href":"http:\/\/www.restaurant-alouette.com\/en\/wp-json\/wp\/v2\/types\/page"}],"author":[{"embeddable":true,"href":"http:\/\/www.restaurant-alouette.com\/en\/wp-json\/wp\/v2\/users\/1"}],"replies":[{"embeddable":true,"href":"http:\/\/www.restaurant-alouette.com\/en\/wp-json\/wp\/v2\/comments?post=9246"}],"version-history":[{"count":31,"href":"http:\/\/www.restaurant-alouette.com\/en\/wp-json\/wp\/v2\/pages\/9246\/revisions"}],"predecessor-version":[{"id":18774,"href":"http:\/\/www.restaurant-alouette.com\/en\/wp-json\/wp\/v2\/pages\/9246\/revisions\/18774"}],"wp:attachment":[{"href":"http:\/\/www.restaurant-alouette.com\/en\/wp-json\/wp\/v2\/media?parent=9246"}],"curies":[{"name":"wp","href":"https:\/\/api.w.org\/{rel}","templated":true}]}}