{"id":9333,"date":"2021-09-09T14:34:19","date_gmt":"2021-09-09T12:34:19","guid":{"rendered":"https:\/\/www.restaurant-alouette.com\/?page_id=9333"},"modified":"2026-05-10T14:53:22","modified_gmt":"2026-05-10T12:53:22","slug":"les-champagnes","status":"publish","type":"page","link":"http:\/\/www.restaurant-alouette.com\/en\/les-champagnes\/","title":{"rendered":"Les champagnes"},"content":{"rendered":"<h2>\n\t\tLes vins p\u00e9tillants\n\t<\/h2>\n\tPrix TTC en euros (\u20ac\u00a0 )\nPrix bouteille sur table\/ Prix bouteille \u00e0 emporter\nND : Non disponible \u00e0 la vente \u00e0 emporter\n\t\t\t\t\t<a href=\"#\" id=\"fl-accordion--label-0\" tabindex=\"0\" aria-controls=\"fl-accordion--panel-0\">Champagnes<\/a>\n\t\t\t\t\t\t\t\t\t\t\t<a href=\"#\" id=\"fl-accordion--icon-0\" tabindex=\"-1\"><i>Expand<\/i><\/a>\n\t\t\t\t\t<p>CHAMPAGNE BRUT<\/p>\n<strong>Ruffin et Fils<\/strong>, La cuv\u00e9e de r\u00e9serve : <strong>70\u20ac \/ 40\u20ac<\/strong><br \/>\n<strong>Ayala<\/strong>, Brut Majeur : <strong>80\u20ac \/ 45\u20ac<\/strong><br \/>\n<strong>Drappier<\/strong>, Brut sans souffre : <strong>115\u20ac \/ 60\u20ac<\/strong><br \/>\n<strong>Bollinger<\/strong>, Sp\u00e9cial Cuv\u00e9e :<strong> 130\u20ac \/ 70\u20ac<\/strong><br \/>\n<strong>Louis Roederer<\/strong>, Collection 246 : <strong>150\u20ac \/ ND<\/strong><br \/>\n<strong>Louis Roederer<\/strong>, Cristal, 2015 : <strong>500\u20ac \/ ND<\/strong>\n<p>&nbsp;<\/p>\n<p>CHAMPAGNE BLANC DE BLANCS<\/p>\n<strong>Ruffin et Fils<\/strong>, Chardonnay d&#8217;or : <strong>90\u20ac \/ 50\u20ac<\/strong><br \/>\n<strong>Ayala<\/strong>, 2016 :<strong> 150\u20ac \/ ND<\/strong>\n<p>&nbsp;<\/p>\n<p>CHAMPAGNE BRUT ROSE<\/p>\n<p><strong>Ruffin et Fils<\/strong>, Volubile :<strong> 70\u20ac \/ 35\u20ac<\/strong><\/p>\n\t\t\t\t\t<a href=\"#\" id=\"fl-accordion--label-1\" tabindex=\"0\" aria-controls=\"fl-accordion--panel-1\">Cerdon<\/a>\n\t\t\t\t\t\t\t\t\t\t\t<a href=\"#\" id=\"fl-accordion--icon-1\" tabindex=\"-1\"><i>Expand<\/i><\/a>\n\t\t\t\t\t<p><strong>Bottex<\/strong>, La cueille <strong>: 35\u20ac \/ 18\u20ac<\/strong><\/p>\n<p><em>Vin ros\u00e9 p\u00e9tillant du Bugey demi-sec<\/em><\/p>\n\t\t\t\t\t<a href=\"#\" id=\"fl-accordion--label-2\" tabindex=\"0\" aria-controls=\"fl-accordion--panel-2\">Franciacorta<\/a>\n\t\t\t\t\t\t\t\t\t\t\t<a href=\"#\" id=\"fl-accordion--icon-2\" tabindex=\"-1\"><i>Expand<\/i><\/a>\n\t\t\t\t\t<p>&nbsp;<\/p>\n<p><strong>Montina<em> : <\/em>80\u20ac \/ 40\u20ac<\/strong><\/p>\n<p><em>Vin mousseux italien (Lombardie), extra brut<\/em><\/p>\n\t\t\t<a href=\"http:\/\/www.restaurant-alouette.com\/en\/table-des-matieres\/\" target=\"_self\" rel=\"noopener\">\n\t\t\t\t\t\t\tUne autre couleur ?\n\t\t\t\t\t<\/a>","protected":false},"excerpt":{"rendered":"<p>Les vins p\u00e9tillants Prix TTC en euros (\u20ac\u00a0 ) Prix bouteille sur table\/ Prix bouteille \u00e0 emporter ND : Non disponible \u00e0 la vente \u00e0 emporter Champagnes Expand CHAMPAGNE BRUT Ruffin et Fils, La cuv\u00e9e de r\u00e9serve : 70\u20ac \/ 40\u20ac Ayala, Brut Majeur : 80\u20ac \/ 45\u20ac Drappier, Brut sans souffre : 115\u20ac \/ [&hellip;]<\/p>","protected":false},"author":1,"featured_media":0,"parent":0,"menu_order":0,"comment_status":"closed","ping_status":"closed","template":"","meta":{"inline_featured_image":false,"_exactmetrics_skip_tracking":false,"_exactmetrics_sitenote_active":false,"_exactmetrics_sitenote_note":"","_exactmetrics_sitenote_category":0,"footnotes":""},"yoast_head":"<!-- This site is optimized with the Yoast SEO plugin v23.0 - https:\/\/yoast.com\/wordpress\/plugins\/seo\/ -->\n<title>Les champagnes - Restaurant Alouette<\/title>\n<meta name=\"robots\" content=\"index, follow, max-snippet:-1, max-image-preview:large, max-video-preview:-1\" \/>\n<link rel=\"canonical\" href=\"http:\/\/www.restaurant-alouette.com\/en\/les-champagnes\/\" \/>\n<meta property=\"og:locale\" content=\"en_GB\" \/>\n<meta property=\"og:type\" content=\"article\" \/>\n<meta property=\"og:title\" content=\"Les champagnes - Restaurant Alouette\" \/>\n<meta property=\"og:description\" content=\"Les vins p\u00e9tillants Prix TTC en euros (\u20ac\u00a0 ) Prix bouteille sur table\/ Prix bouteille \u00e0 emporter ND : Non disponible \u00e0 la vente \u00e0 emporter Champagnes Expand CHAMPAGNE BRUT Ruffin et Fils, La cuv\u00e9e de r\u00e9serve : 70\u20ac \/ 40\u20ac Ayala, Brut Majeur : 80\u20ac \/ 45\u20ac Drappier, Brut sans souffre : 115\u20ac \/ [&hellip;]\" \/>\n<meta property=\"og:url\" content=\"http:\/\/www.restaurant-alouette.com\/en\/les-champagnes\/\" \/>\n<meta property=\"og:site_name\" content=\"Restaurant Alouette\" \/>\n<meta property=\"article:publisher\" content=\"https:\/\/www.facebook.com\/Lalouette-Plus-quun-Restaurant-120299032976\/\" \/>\n<meta property=\"article:modified_time\" content=\"2026-05-10T12:53:22+00:00\" \/>\n<meta name=\"twitter:card\" content=\"summary_large_image\" \/>\n<script type=\"application\/ld+json\" class=\"yoast-schema-graph\">{\"@context\":\"https:\/\/schema.org\",\"@graph\":[{\"@type\":\"WebPage\",\"@id\":\"https:\/\/www.restaurant-alouette.com\/fr\/les-champagnes\/\",\"url\":\"https:\/\/www.restaurant-alouette.com\/fr\/les-champagnes\/\",\"name\":\"Les champagnes - Restaurant Alouette\",\"isPartOf\":{\"@id\":\"https:\/\/www.restaurant-alouette.com\/en\/#website\"},\"datePublished\":\"2021-09-09T12:34:19+00:00\",\"dateModified\":\"2026-05-10T12:53:22+00:00\",\"breadcrumb\":{\"@id\":\"https:\/\/www.restaurant-alouette.com\/fr\/les-champagnes\/#breadcrumb\"},\"inLanguage\":\"en-GB\",\"potentialAction\":[{\"@type\":\"ReadAction\",\"target\":[\"https:\/\/www.restaurant-alouette.com\/fr\/les-champagnes\/\"]}]},{\"@type\":\"BreadcrumbList\",\"@id\":\"https:\/\/www.restaurant-alouette.com\/fr\/les-champagnes\/#breadcrumb\",\"itemListElement\":[{\"@type\":\"ListItem\",\"position\":1,\"name\":\"Accueil\",\"item\":\"https:\/\/www.restaurant-alouette.com\/fr\/\"},{\"@type\":\"ListItem\",\"position\":2,\"name\":\"Les champagnes\"}]},{\"@type\":\"WebSite\",\"@id\":\"https:\/\/www.restaurant-alouette.com\/en\/#website\",\"url\":\"https:\/\/www.restaurant-alouette.com\/en\/\",\"name\":\"Restaurant de l'Alouette\",\"description\":\"Votre restaurant gastronomique \u00e0 Bonnefamille\",\"potentialAction\":[{\"@type\":\"SearchAction\",\"target\":{\"@type\":\"EntryPoint\",\"urlTemplate\":\"https:\/\/www.restaurant-alouette.com\/en\/?s={search_term_string}\"},\"query-input\":\"required name=search_term_string\"}],\"inLanguage\":\"en-GB\"}]}<\/script>\n<!-- \/ Yoast SEO plugin. -->","yoast_head_json":{"title":"Les champagnes - Restaurant Alouette","robots":{"index":"index","follow":"follow","max-snippet":"max-snippet:-1","max-image-preview":"max-image-preview:large","max-video-preview":"max-video-preview:-1"},"canonical":"http:\/\/www.restaurant-alouette.com\/en\/les-champagnes\/","og_locale":"en_GB","og_type":"article","og_title":"Les champagnes - Restaurant Alouette","og_description":"Les vins p\u00e9tillants Prix TTC en euros (\u20ac\u00a0 ) Prix bouteille sur table\/ Prix bouteille \u00e0 emporter ND : Non disponible \u00e0 la vente \u00e0 emporter Champagnes Expand CHAMPAGNE BRUT Ruffin et Fils, La cuv\u00e9e de r\u00e9serve : 70\u20ac \/ 40\u20ac Ayala, Brut Majeur : 80\u20ac \/ 45\u20ac Drappier, Brut sans souffre : 115\u20ac \/ [&hellip;]","og_url":"http:\/\/www.restaurant-alouette.com\/en\/les-champagnes\/","og_site_name":"Restaurant Alouette","article_publisher":"https:\/\/www.facebook.com\/Lalouette-Plus-quun-Restaurant-120299032976\/","article_modified_time":"2026-05-10T12:53:22+00:00","twitter_card":"summary_large_image","schema":{"@context":"https:\/\/schema.org","@graph":[{"@type":"WebPage","@id":"https:\/\/www.restaurant-alouette.com\/fr\/les-champagnes\/","url":"https:\/\/www.restaurant-alouette.com\/fr\/les-champagnes\/","name":"Les champagnes - Restaurant Alouette","isPartOf":{"@id":"https:\/\/www.restaurant-alouette.com\/en\/#website"},"datePublished":"2021-09-09T12:34:19+00:00","dateModified":"2026-05-10T12:53:22+00:00","breadcrumb":{"@id":"https:\/\/www.restaurant-alouette.com\/fr\/les-champagnes\/#breadcrumb"},"inLanguage":"en-GB","potentialAction":[{"@type":"ReadAction","target":["https:\/\/www.restaurant-alouette.com\/fr\/les-champagnes\/"]}]},{"@type":"BreadcrumbList","@id":"https:\/\/www.restaurant-alouette.com\/fr\/les-champagnes\/#breadcrumb","itemListElement":[{"@type":"ListItem","position":1,"name":"Accueil","item":"https:\/\/www.restaurant-alouette.com\/fr\/"},{"@type":"ListItem","position":2,"name":"Les champagnes"}]},{"@type":"WebSite","@id":"https:\/\/www.restaurant-alouette.com\/en\/#website","url":"https:\/\/www.restaurant-alouette.com\/en\/","name":"Restaurant de l'Alouette","description":"Votre restaurant gastronomique \u00e0 Bonnefamille","potentialAction":[{"@type":"SearchAction","target":{"@type":"EntryPoint","urlTemplate":"https:\/\/www.restaurant-alouette.com\/en\/?s={search_term_string}"},"query-input":"required name=search_term_string"}],"inLanguage":"en-GB"}]}},"jetpack_sharing_enabled":true,"_links":{"self":[{"href":"http:\/\/www.restaurant-alouette.com\/en\/wp-json\/wp\/v2\/pages\/9333"}],"collection":[{"href":"http:\/\/www.restaurant-alouette.com\/en\/wp-json\/wp\/v2\/pages"}],"about":[{"href":"http:\/\/www.restaurant-alouette.com\/en\/wp-json\/wp\/v2\/types\/page"}],"author":[{"embeddable":true,"href":"http:\/\/www.restaurant-alouette.com\/en\/wp-json\/wp\/v2\/users\/1"}],"replies":[{"embeddable":true,"href":"http:\/\/www.restaurant-alouette.com\/en\/wp-json\/wp\/v2\/comments?post=9333"}],"version-history":[{"count":42,"href":"http:\/\/www.restaurant-alouette.com\/en\/wp-json\/wp\/v2\/pages\/9333\/revisions"}],"predecessor-version":[{"id":19350,"href":"http:\/\/www.restaurant-alouette.com\/en\/wp-json\/wp\/v2\/pages\/9333\/revisions\/19350"}],"wp:attachment":[{"href":"http:\/\/www.restaurant-alouette.com\/en\/wp-json\/wp\/v2\/media?parent=9333"}],"curies":[{"name":"wp","href":"https:\/\/api.w.org\/{rel}","templated":true}]}}