{"id":10863,"date":"2022-02-08T10:14:35","date_gmt":"2022-02-08T09:14:35","guid":{"rendered":"https:\/\/www.restaurant-alouette.com\/?page_id=10863"},"modified":"2026-01-20T13:44:03","modified_gmt":"2026-01-20T12:44:03","slug":"menu-saint-valentin","status":"publish","type":"page","link":"https:\/\/www.restaurant-alouette.com\/en\/menu-saint-valentin\/","title":{"rendered":"Menu Saint Valentin"},"content":{"rendered":"<img decoding=\"async\" src=\"https:\/\/www.restaurant-alouette.com\/wp-content\/plugins\/bb-plugin\/img\/pixel.png\" alt=\"\" itemprop=\"image\" onerror=\"this.style.display='none'\"  \/>\n\t\t\t\t<img decoding=\"async\" src=\"http:\/\/www.restaurant-alouette.com\/wp-content\/uploads\/2019\/12\/crayon-aliment3-min.png\" alt=\"crayon-aliment3-min\" itemprop=\"image\" title=\"crayon-aliment3-min\" onerror=\"this.style.display='none'\"  \/>\n<h1>\n\t\tSaint Valentin 2026\n\t<\/h1>\n\t<p>Servi uniquement le 14 f\u00e9vrier<\/p>\n\t<h1>Menu unique \u00e0 85\u20ac<\/h1>\n\tPr\u00e9mices<br \/>\n<strong>~<\/strong><br \/>\nMise en bouche\n<p><strong>~<\/strong><\/p>\n<p>Onctueux de ch\u00e2taigne, parmesan et joue de b\u0153uf.<\/p>\n<p><strong>~<\/strong><\/p>\n<p>Omble chevalier, risotto d&#8217;\u00e9peautre, poireaux, navet boule d&#8217;or et sak\u00e9.<\/p>\n<p><strong>~<\/strong><\/p>\n<p>Lotte et r\u00e2ble de lapin \u00e0 basse temp\u00e9rature, \u00e9pinard et l\u00e9gumes de St\u00e9phane.<\/p>\n<p><strong>~<\/strong><\/p>\n<p>Fromage\u00a0(en option + 10\u20ac) : Une exp\u00e9rience fromag\u00e8re avec la complicit\u00e9 de la fromagerie des 4 Gones. <\/p>\n<p><strong>~<\/strong><\/p>\n<p>Citrons de Nice, s\u00e9same noir et sorbet lact\u00e9.<\/p>\n<strong>~<\/strong><br \/>\nMignardises\n<p>&#8230;.<\/p>\n<p><em><u>Accord mets et vin<\/u><\/em>\u00a0<strong>\u00e0 <\/strong><strong>42\u20ac <\/strong><em><u>par personne<\/u><\/em> comprenant 1 coupe de champagne en ap\u00e9ritif et 2 verres de vins.<\/p>\n<p><em>Ce menu \u00e9tant \u00e9labor\u00e9 \u00e0 l&#8217;avance, il n&#8217;est pas exclu que certains plats puissent \u00eatre modifi\u00e9s en fonction des arrivages. <\/em><\/p>\n<p><em>Nous vous remercions de votre compr\u00e9hension.<\/em><\/p>\n\t\t\t\t<img loading=\"lazy\" decoding=\"async\" src=\"https:\/\/www.restaurant-alouette.com\/wp-content\/uploads\/2020\/01\/cadeau1-min.png\" alt=\"cadeau1-min\" itemprop=\"image\" height=\"526\" width=\"800\" title=\"cadeau1-min\" onerror=\"this.style.display='none'\"  \/>","protected":false},"excerpt":{"rendered":"<p>Saint Valentin 2026 Servi uniquement le 14 f\u00e9vrier Menu unique \u00e0 85\u20ac Pr\u00e9mices ~ Mise en bouche ~ Onctueux de ch\u00e2taigne, parmesan et joue de b\u0153uf. ~ Omble chevalier, risotto d&#8217;\u00e9peautre, poireaux, navet boule d&#8217;or et sak\u00e9. ~ Lotte et r\u00e2ble de lapin \u00e0 basse temp\u00e9rature, \u00e9pinard et l\u00e9gumes de St\u00e9phane. ~ Fromage\u00a0(en option + [&hellip;]<\/p>","protected":false},"author":1,"featured_media":0,"parent":0,"menu_order":0,"comment_status":"closed","ping_status":"closed","template":"","meta":{"inline_featured_image":false,"_exactmetrics_skip_tracking":false,"_exactmetrics_sitenote_active":false,"_exactmetrics_sitenote_note":"","_exactmetrics_sitenote_category":0,"footnotes":""},"yoast_head":"<!-- This site is optimized with the Yoast SEO plugin v23.0 - https:\/\/yoast.com\/wordpress\/plugins\/seo\/ -->\n<title>Menu Saint Valentin - Restaurant Alouette<\/title>\n<meta name=\"robots\" content=\"index, follow, max-snippet:-1, max-image-preview:large, max-video-preview:-1\" \/>\n<link rel=\"canonical\" href=\"https:\/\/www.restaurant-alouette.com\/en\/menu-saint-valentin\/\" \/>\n<meta property=\"og:locale\" content=\"en_GB\" \/>\n<meta property=\"og:type\" content=\"article\" \/>\n<meta property=\"og:title\" content=\"Menu Saint Valentin - Restaurant Alouette\" \/>\n<meta property=\"og:description\" content=\"Saint Valentin 2026 Servi uniquement le 14 f\u00e9vrier Menu unique \u00e0 85\u20ac Pr\u00e9mices ~ Mise en bouche ~ Onctueux de ch\u00e2taigne, parmesan et joue de b\u0153uf. ~ Omble chevalier, risotto d&#8217;\u00e9peautre, poireaux, navet boule d&#8217;or et sak\u00e9. ~ Lotte et r\u00e2ble de lapin \u00e0 basse temp\u00e9rature, \u00e9pinard et l\u00e9gumes de St\u00e9phane. ~ Fromage\u00a0(en option + [&hellip;]\" \/>\n<meta property=\"og:url\" content=\"https:\/\/www.restaurant-alouette.com\/en\/menu-saint-valentin\/\" \/>\n<meta property=\"og:site_name\" content=\"Restaurant Alouette\" \/>\n<meta property=\"article:publisher\" content=\"https:\/\/www.facebook.com\/Lalouette-Plus-quun-Restaurant-120299032976\/\" \/>\n<meta property=\"article:modified_time\" content=\"2026-01-20T12:44:03+00:00\" \/>\n<meta property=\"og:image\" content=\"https:\/\/www.restaurant-alouette.com\/wp-content\/plugins\/bb-plugin\/img\/pixel.png\" \/>\n<meta name=\"twitter:card\" content=\"summary_large_image\" \/>\n<meta name=\"twitter:label1\" content=\"Estimated reading time\" \/>\n\t<meta name=\"twitter:data1\" content=\"2 minutes\" \/>\n<script type=\"application\/ld+json\" class=\"yoast-schema-graph\">{\"@context\":\"https:\/\/schema.org\",\"@graph\":[{\"@type\":\"WebPage\",\"@id\":\"http:\/\/www.restaurant-alouette.com\/fr\/menu-saint-valentin\/\",\"url\":\"http:\/\/www.restaurant-alouette.com\/fr\/menu-saint-valentin\/\",\"name\":\"Menu Saint Valentin - Restaurant Alouette\",\"isPartOf\":{\"@id\":\"https:\/\/www.restaurant-alouette.com\/fr\/#website\"},\"primaryImageOfPage\":{\"@id\":\"http:\/\/www.restaurant-alouette.com\/fr\/menu-saint-valentin\/#primaryimage\"},\"image\":{\"@id\":\"http:\/\/www.restaurant-alouette.com\/fr\/menu-saint-valentin\/#primaryimage\"},\"thumbnailUrl\":\"https:\/\/www.restaurant-alouette.com\/wp-content\/plugins\/bb-plugin\/img\/pixel.png\",\"datePublished\":\"2022-02-08T09:14:35+00:00\",\"dateModified\":\"2026-01-20T12:44:03+00:00\",\"breadcrumb\":{\"@id\":\"http:\/\/www.restaurant-alouette.com\/fr\/menu-saint-valentin\/#breadcrumb\"},\"inLanguage\":\"en-GB\",\"potentialAction\":[{\"@type\":\"ReadAction\",\"target\":[\"http:\/\/www.restaurant-alouette.com\/fr\/menu-saint-valentin\/\"]}]},{\"@type\":\"ImageObject\",\"inLanguage\":\"en-GB\",\"@id\":\"http:\/\/www.restaurant-alouette.com\/fr\/menu-saint-valentin\/#primaryimage\",\"url\":\"https:\/\/www.restaurant-alouette.com\/wp-content\/plugins\/bb-plugin\/img\/pixel.png\",\"contentUrl\":\"https:\/\/www.restaurant-alouette.com\/wp-content\/plugins\/bb-plugin\/img\/pixel.png\"},{\"@type\":\"BreadcrumbList\",\"@id\":\"http:\/\/www.restaurant-alouette.com\/fr\/menu-saint-valentin\/#breadcrumb\",\"itemListElement\":[{\"@type\":\"ListItem\",\"position\":1,\"name\":\"Accueil\",\"item\":\"https:\/\/www.restaurant-alouette.com\/fr\/\"},{\"@type\":\"ListItem\",\"position\":2,\"name\":\"Menu Saint Valentin\"}]},{\"@type\":\"WebSite\",\"@id\":\"https:\/\/www.restaurant-alouette.com\/fr\/#website\",\"url\":\"https:\/\/www.restaurant-alouette.com\/fr\/\",\"name\":\"Restaurant de l'Alouette\",\"description\":\"Votre restaurant gastronomique \u00e0 Bonnefamille\",\"potentialAction\":[{\"@type\":\"SearchAction\",\"target\":{\"@type\":\"EntryPoint\",\"urlTemplate\":\"https:\/\/www.restaurant-alouette.com\/fr\/?s={search_term_string}\"},\"query-input\":\"required name=search_term_string\"}],\"inLanguage\":\"en-GB\"}]}<\/script>\n<!-- \/ Yoast SEO plugin. -->","yoast_head_json":{"title":"Menu Saint Valentin - Restaurant Alouette","robots":{"index":"index","follow":"follow","max-snippet":"max-snippet:-1","max-image-preview":"max-image-preview:large","max-video-preview":"max-video-preview:-1"},"canonical":"https:\/\/www.restaurant-alouette.com\/en\/menu-saint-valentin\/","og_locale":"en_GB","og_type":"article","og_title":"Menu Saint Valentin - Restaurant Alouette","og_description":"Saint Valentin 2026 Servi uniquement le 14 f\u00e9vrier Menu unique \u00e0 85\u20ac Pr\u00e9mices ~ Mise en bouche ~ Onctueux de ch\u00e2taigne, parmesan et joue de b\u0153uf. ~ Omble chevalier, risotto d&#8217;\u00e9peautre, poireaux, navet boule d&#8217;or et sak\u00e9. ~ Lotte et r\u00e2ble de lapin \u00e0 basse temp\u00e9rature, \u00e9pinard et l\u00e9gumes de St\u00e9phane. ~ Fromage\u00a0(en option + [&hellip;]","og_url":"https:\/\/www.restaurant-alouette.com\/en\/menu-saint-valentin\/","og_site_name":"Restaurant Alouette","article_publisher":"https:\/\/www.facebook.com\/Lalouette-Plus-quun-Restaurant-120299032976\/","article_modified_time":"2026-01-20T12:44:03+00:00","og_image":[{"url":"https:\/\/www.restaurant-alouette.com\/wp-content\/plugins\/bb-plugin\/img\/pixel.png"}],"twitter_card":"summary_large_image","twitter_misc":{"Estimated reading time":"2 minutes"},"schema":{"@context":"https:\/\/schema.org","@graph":[{"@type":"WebPage","@id":"http:\/\/www.restaurant-alouette.com\/fr\/menu-saint-valentin\/","url":"http:\/\/www.restaurant-alouette.com\/fr\/menu-saint-valentin\/","name":"Menu Saint Valentin - Restaurant Alouette","isPartOf":{"@id":"https:\/\/www.restaurant-alouette.com\/fr\/#website"},"primaryImageOfPage":{"@id":"http:\/\/www.restaurant-alouette.com\/fr\/menu-saint-valentin\/#primaryimage"},"image":{"@id":"http:\/\/www.restaurant-alouette.com\/fr\/menu-saint-valentin\/#primaryimage"},"thumbnailUrl":"https:\/\/www.restaurant-alouette.com\/wp-content\/plugins\/bb-plugin\/img\/pixel.png","datePublished":"2022-02-08T09:14:35+00:00","dateModified":"2026-01-20T12:44:03+00:00","breadcrumb":{"@id":"http:\/\/www.restaurant-alouette.com\/fr\/menu-saint-valentin\/#breadcrumb"},"inLanguage":"en-GB","potentialAction":[{"@type":"ReadAction","target":["http:\/\/www.restaurant-alouette.com\/fr\/menu-saint-valentin\/"]}]},{"@type":"ImageObject","inLanguage":"en-GB","@id":"http:\/\/www.restaurant-alouette.com\/fr\/menu-saint-valentin\/#primaryimage","url":"https:\/\/www.restaurant-alouette.com\/wp-content\/plugins\/bb-plugin\/img\/pixel.png","contentUrl":"https:\/\/www.restaurant-alouette.com\/wp-content\/plugins\/bb-plugin\/img\/pixel.png"},{"@type":"BreadcrumbList","@id":"http:\/\/www.restaurant-alouette.com\/fr\/menu-saint-valentin\/#breadcrumb","itemListElement":[{"@type":"ListItem","position":1,"name":"Accueil","item":"https:\/\/www.restaurant-alouette.com\/fr\/"},{"@type":"ListItem","position":2,"name":"Menu Saint Valentin"}]},{"@type":"WebSite","@id":"https:\/\/www.restaurant-alouette.com\/fr\/#website","url":"https:\/\/www.restaurant-alouette.com\/fr\/","name":"Restaurant de l'Alouette","description":"Votre restaurant gastronomique \u00e0 Bonnefamille","potentialAction":[{"@type":"SearchAction","target":{"@type":"EntryPoint","urlTemplate":"https:\/\/www.restaurant-alouette.com\/fr\/?s={search_term_string}"},"query-input":"required name=search_term_string"}],"inLanguage":"en-GB"}]}},"jetpack_sharing_enabled":true,"_links":{"self":[{"href":"https:\/\/www.restaurant-alouette.com\/en\/wp-json\/wp\/v2\/pages\/10863"}],"collection":[{"href":"https:\/\/www.restaurant-alouette.com\/en\/wp-json\/wp\/v2\/pages"}],"about":[{"href":"https:\/\/www.restaurant-alouette.com\/en\/wp-json\/wp\/v2\/types\/page"}],"author":[{"embeddable":true,"href":"https:\/\/www.restaurant-alouette.com\/en\/wp-json\/wp\/v2\/users\/1"}],"replies":[{"embeddable":true,"href":"https:\/\/www.restaurant-alouette.com\/en\/wp-json\/wp\/v2\/comments?post=10863"}],"version-history":[{"count":20,"href":"https:\/\/www.restaurant-alouette.com\/en\/wp-json\/wp\/v2\/pages\/10863\/revisions"}],"predecessor-version":[{"id":18806,"href":"https:\/\/www.restaurant-alouette.com\/en\/wp-json\/wp\/v2\/pages\/10863\/revisions\/18806"}],"wp:attachment":[{"href":"https:\/\/www.restaurant-alouette.com\/en\/wp-json\/wp\/v2\/media?parent=10863"}],"curies":[{"name":"wp","href":"https:\/\/api.w.org\/{rel}","templated":true}]}}