{"id":127,"date":"2017-03-08T18:44:18","date_gmt":"2017-03-08T17:44:18","guid":{"rendered":"http:\/\/www.restaurant-alouette.com\/?page_id=127"},"modified":"2026-04-03T10:47:10","modified_gmt":"2026-04-03T08:47:10","slug":"menus","status":"publish","type":"page","link":"https:\/\/www.restaurant-alouette.com\/en\/menus\/","title":{"rendered":"The menu"},"content":{"rendered":"<h1>\n\t\tNotre carte et nos formules\n\t<\/h1>\n\t\t\t\t<img loading=\"lazy\" decoding=\"async\" src=\"https:\/\/www.restaurant-alouette.com\/wp-content\/uploads\/2019\/12\/crayon-aliment3-min.png\" alt=\"crayon-aliment3-min\" itemprop=\"image\" height=\"800\" width=\"919\" title=\"crayon-aliment3-min\" onerror=\"this.style.display='none'\"  \/>\n<p><em><strong>Our menus<\/strong><\/em><\/p>\n<p>&nbsp;<\/p>\n<p><em>Le\u00a0chef et son \u00e9quipe vous proposent,<\/em><\/p>\n<p>&nbsp;<\/p>\n<p><em><strong>LES ENTREES (FROIDES OU CHAUDES)<\/strong><\/em><\/p>\n<strong>Les asperges vertes et blanches du midi,<\/strong><br \/>\nDuo d&#8217;asperges en cr\u00e8me et po\u00eal\u00e9es, ail des ours de Bonnefamille,<br \/>\nmousseline au citron ni\u00e7ois et jambon cru San Daniele.\n<p><em>\u00a4<\/em><\/p>\n<strong>Le canard,<\/strong><br \/>\nCuisses de canard confites en tourte froide,<br \/>\nfoie gras des Landes mi-cuit, betterave et amandes.\n<p><em>\u00a4<\/em><\/p>\n<strong>L&#8217;omble chevalier,<\/strong><br \/>\nFilet r\u00f4ti et son fumet \u00e0 la badiane, \u00e9minc\u00e9 de fenouil,<br \/>\n\u00e9cras\u00e9 de pomme de terre \u00e0 l&#8217;aneth.\n<p>&nbsp;<\/p>\n<p><em><strong>LES PLATS<\/strong><\/em><\/p>\n<strong>L&#8217;agneau de Sisteron cuit 7 heures,<\/strong><br \/>\nLentilles vertes, blettes, d\u00e9licatesses, asperges et jus r\u00e9duit \u00e0 la sarriette du jardin.\n<p><em>\u00a4<\/em><\/p>\n<strong>La caille des Vosges\u00a0:<\/strong><br \/>\nDemi-caille en croute farcie au foie gras, jus r\u00e9duit \u00e0 la betterave<br \/>\net l\u00e9gumes de saisons.\n<p><em>\u00a4<\/em><\/p>\n<b>Le filet de poisson,<br \/>\n<\/b>avec des l\u00e9gumes de saison pr\u00e9par\u00e9s selon l&#8217;humeur de Bertrand.\n<p><em><strong>LES FROMAGES<\/strong><\/em><\/p>\n<p><em><strong>La faisselle de ch\u00e8vre<\/strong> (La ch\u00e8vrerie d&#8217;Alberic) (+4 \u20ac).<\/em><\/p>\n<p><em>\u00a4<\/em><\/p>\n<p><em><strong>Assortiment de fromages affin\u00e9s<\/strong>\u00a0(+8 \u20ac).<\/em><\/p>\n<p>&nbsp;<\/p>\n<p><em><strong>LES DESSERTS<\/strong><\/em><\/p>\n<strong>Le dessert fruit\u00e9 :<\/strong><br \/>\nFinancier et onctueux de s\u00e9same noir,<br \/>\nmousse citronn\u00e9e et cr\u00e9meux de mangue, meringue.\n<p><em>\u00a4<\/em><\/p>\n<strong>Le dessert au chocolat,<\/strong><br \/>\nMousse au chocolat, glace au poivre de Timut, crumble curry et cacao, arlette.\n<p><em> \u00a4<\/em><\/p>\n<strong>La tarte fine aux pommes,<\/strong><br \/>\navec sa cr\u00e8me glac\u00e9e au safran, caramel beurre sal\u00e9.\n<p>&nbsp;<\/p>\n<p><strong>\u00a0<\/strong><\/p>\n<p>&nbsp;<\/p>\n<hr \/>\n<p><strong><em>Pour tout r\u00e9gime ou intol\u00e9rance alimentaire sp\u00e9cifique, merci de nous en informer lors de votre r\u00e9servation.<\/em><\/strong><\/p>\n<hr \/>\n<p>&nbsp;<\/p>\n<p><strong><em>Ne travaillant qu&#8217;avec des produits de saison,<\/em><\/strong><\/p>\n<p><strong><em>il n&#8217;est pas exclu que certains plats puissent nous faire d\u00e9faut.<\/em><\/strong><\/p>\n<p><em>\u00a0Toutes nos viandes et nos l\u00e9gumes travaill\u00e9s sont d&#8217;origine fran\u00e7aise.<\/em><\/p>\n\t<p>&nbsp;<\/p>\n<p><strong><em>Nos formules<\/em><\/strong><\/p>\n<p>&nbsp;<\/p>\n<p><strong>\u00a0<em>Menu l&#8217;Alouette:\u00a0<\/em><\/strong><\/p>\nTarifs en semaine<br \/>\n(sauf vendredi soir et jours f\u00e9ri\u00e9s) :\n\t<strong>Menu \u00e0 48\u20ac<\/strong><br \/>\nEntr\u00e9e, plat, fromage ou dessert<br \/>\n(A choisir sur notre carte)\n\t<strong>Menu \u00e0 44 \u20ac<\/strong><em><br \/>\nEntr\u00e9e &#8211; Plat<br \/>\n<\/em><strong><em>ou\u00a0<\/em><\/strong><em>Plat &#8211; Dessert<br \/>\n<\/em>(A choisir sur notre carte)\n<p>&nbsp;<\/p>\n\t<p>Tarifs du vendredi soir au dimanche midi et pour les jours f\u00e9ri\u00e9s :<\/p>\n\t<strong>Menu \u00e0 53 \u20ac<\/strong><br \/>\nEntr\u00e9e, plat, fromage ou dessert\n<p>(A choisir sur notre carte)<\/p>\n\t<strong>Menu \u00e0 48 \u20ac<\/strong><em><br \/>\nEntr\u00e9e &#8211; Plat<br \/>\n<\/em><strong><em>ou <\/em><\/strong><em>Plat &#8211; Dessert<\/em>\n<p>(A choisir sur notre carte)<\/p>\n\t<p>Une entr\u00e9e suppl\u00e9mentaire <strong>+19 \u20ac<\/strong><\/p>\n<p>&nbsp;<\/p>\n<p>&nbsp;<\/p>\n<hr \/>\n\n\t<p><strong>\u00a0<\/strong><strong>Menu &#8220;Retour du march\u00e9&#8221;:\u00a0<\/strong><\/p>\n<em><strong>Uniquement le midi en semaine<br \/>\n(sauf jours f\u00e9ri\u00e9s)<\/strong><\/em>\n<p><em><strong>Menu \u00e9tabli chaque semaine, propos\u00e9 de vive voix<\/strong><\/em><\/p>\n\t<em>Entr\u00e9e &#8211; plat &#8211; dessert<br \/>\nVerre de vin ou caf\u00e9<br \/>\n<strong>38 \u20ac<\/strong><\/em>\n\t<em>Entr\u00e9e &#8211; plat <strong>ou <\/strong>plat &#8211; dessert<br \/>\nVerre de vin ou caf\u00e9<br \/>\n<strong>32 \u20ac<\/strong><\/em>\n\t<p><strong><em>Service en 1 heure<\/em><\/strong><\/p>\n<p><strong>Tout changement de plat dans le menu &#8220;retour du march\u00e9&#8221;<\/strong><\/p>\n<p><strong> avec un autre plat de la carte entra\u00eenera un suppl\u00e9ment<\/strong><\/p>\n\t<p><strong><em>Pour les enfants de moins de 10 ans.<\/em><\/strong><\/p>\n<p>La suggestion du chef <strong>: 18 \u20ac<\/strong><\/p>\n<p>La suggestion du chef et un dessert enfant<strong>\u00a0: 23 \u20ac<\/strong><\/p>\n<p>La suggestion du chef et un dessert \u00e0 la carte : <strong>30 \u20ac<\/strong><\/p>\n<p><strong><em>Nos l\u00e9gumes : <\/em><\/strong><\/p>\n<p><em>Le Faire \u00e0 Cheval, St\u00e9phane \u00e0 Bonnefamille<\/em><\/p>\n\n<p><strong><em>LE RESTAURANT FERME SES PORTES A 15H00 ET 23H00<\/em><\/strong><\/p>\n\n<h2>\n\t\tLa cuisine est une forme d&#8217;art, un cadeau \u00e0 partager.\n\t<\/h2>\n\t<a href=\"#menu\">\n\t\t  \tMenu\t  \t\n\t    <img width=\"290\" height=\"305\" src=\"https:\/\/www.restaurant-alouette.com\/wp-content\/uploads\/2019\/12\/menu-tache-equipe-menu.png\" alt=\"\" decoding=\"async\" loading=\"lazy\" srcset=\"https:\/\/www.restaurant-alouette.com\/wp-content\/uploads\/2019\/12\/menu-tache-equipe-menu.png 290w, https:\/\/www.restaurant-alouette.com\/wp-content\/uploads\/2019\/12\/menu-tache-equipe-menu-285x300.png 285w, https:\/\/www.restaurant-alouette.com\/wp-content\/uploads\/2019\/12\/menu-tache-equipe-menu-190x200.png 190w\" sizes=\"(max-width: 290px) 100vw, 290px\" \/>\t<\/a>","protected":false},"excerpt":{"rendered":"<p>Notre carte et nos formules Notre carte &nbsp; Le\u00a0chef et son \u00e9quipe vous proposent, &nbsp; LES ENTREES (FROIDES OU CHAUDES) Les asperges vertes et blanches du midi, Duo d&#8217;asperges en cr\u00e8me et po\u00eal\u00e9es, ail des ours de Bonnefamille, mousseline au citron ni\u00e7ois et jambon cru San Daniele. \u00a4 Le canard, Cuisses de canard confites en [&hellip;]<\/p>","protected":false},"author":1,"featured_media":0,"parent":0,"menu_order":0,"comment_status":"closed","ping_status":"closed","template":"","meta":{"inline_featured_image":false,"_exactmetrics_skip_tracking":false,"_exactmetrics_sitenote_active":false,"_exactmetrics_sitenote_note":"","_exactmetrics_sitenote_category":0,"footnotes":""},"yoast_head":"<!-- This site is optimized with the Yoast SEO plugin v23.0 - https:\/\/yoast.com\/wordpress\/plugins\/seo\/ -->\n<title>Les menus et la carte - Restaurant de l&#039;Alouette<\/title>\n<meta name=\"description\" content=\"Les menus de la semaine, le menu du dimanche et la carte. Tout est fait maison \u00e0 partir de produits frais achet\u00e9s pour la plupart dans la r\u00e9gion.\" \/>\n<meta name=\"robots\" content=\"index, follow, max-snippet:-1, max-image-preview:large, max-video-preview:-1\" \/>\n<link rel=\"canonical\" href=\"https:\/\/www.restaurant-alouette.com\/en\/menus\/\" \/>\n<meta property=\"og:locale\" content=\"en_GB\" \/>\n<meta property=\"og:type\" content=\"article\" \/>\n<meta property=\"og:title\" content=\"Les menus et la carte - Restaurant de l&#039;Alouette\" \/>\n<meta property=\"og:description\" content=\"Les menus de la semaine, le menu du dimanche et la carte. Tout est fait maison \u00e0 partir de produits frais achet\u00e9s pour la plupart dans la r\u00e9gion.\" \/>\n<meta property=\"og:url\" content=\"https:\/\/www.restaurant-alouette.com\/en\/menus\/\" \/>\n<meta property=\"og:site_name\" content=\"Restaurant Alouette\" \/>\n<meta property=\"article:publisher\" content=\"https:\/\/www.facebook.com\/Lalouette-Plus-quun-Restaurant-120299032976\/\" \/>\n<meta property=\"article:modified_time\" content=\"2026-04-03T08:47:10+00:00\" \/>\n<meta property=\"og:image\" content=\"https:\/\/www.restaurant-alouette.com\/wp-content\/uploads\/2019\/12\/crayon-aliment3-min.png\" \/>\n<meta name=\"twitter:card\" content=\"summary_large_image\" \/>\n<meta name=\"twitter:label1\" content=\"Estimated reading time\" \/>\n\t<meta name=\"twitter:data1\" content=\"2 minutes\" \/>\n<script type=\"application\/ld+json\" class=\"yoast-schema-graph\">{\"@context\":\"https:\/\/schema.org\",\"@graph\":[{\"@type\":\"WebPage\",\"@id\":\"https:\/\/www.restaurant-alouette.com\/en\/menus\/\",\"url\":\"https:\/\/www.restaurant-alouette.com\/en\/menus\/\",\"name\":\"Les menus et la carte - Restaurant de l'Alouette\",\"isPartOf\":{\"@id\":\"http:\/\/www.restaurant-alouette.com\/fr\/#website\"},\"primaryImageOfPage\":{\"@id\":\"https:\/\/www.restaurant-alouette.com\/en\/menus\/#primaryimage\"},\"image\":{\"@id\":\"https:\/\/www.restaurant-alouette.com\/en\/menus\/#primaryimage\"},\"thumbnailUrl\":\"https:\/\/www.restaurant-alouette.com\/wp-content\/uploads\/2019\/12\/crayon-aliment3-min.png\",\"datePublished\":\"2017-03-08T17:44:18+00:00\",\"dateModified\":\"2026-04-03T08:47:10+00:00\",\"description\":\"Les menus de la semaine, le menu du dimanche et la carte. Tout est fait maison \u00e0 partir de produits frais achet\u00e9s pour la plupart dans la r\u00e9gion.\",\"breadcrumb\":{\"@id\":\"https:\/\/www.restaurant-alouette.com\/en\/menus\/#breadcrumb\"},\"inLanguage\":\"en-GB\",\"potentialAction\":[{\"@type\":\"ReadAction\",\"target\":[\"https:\/\/www.restaurant-alouette.com\/en\/menus\/\"]}]},{\"@type\":\"ImageObject\",\"inLanguage\":\"en-GB\",\"@id\":\"https:\/\/www.restaurant-alouette.com\/en\/menus\/#primaryimage\",\"url\":\"https:\/\/www.restaurant-alouette.com\/wp-content\/uploads\/2019\/12\/crayon-aliment3-min.png\",\"contentUrl\":\"https:\/\/www.restaurant-alouette.com\/wp-content\/uploads\/2019\/12\/crayon-aliment3-min.png\"},{\"@type\":\"BreadcrumbList\",\"@id\":\"https:\/\/www.restaurant-alouette.com\/en\/menus\/#breadcrumb\",\"itemListElement\":[{\"@type\":\"ListItem\",\"position\":1,\"name\":\"Accueil\",\"item\":\"http:\/\/www.restaurant-alouette.com\/fr\/\"},{\"@type\":\"ListItem\",\"position\":2,\"name\":\"La carte\"}]},{\"@type\":\"WebSite\",\"@id\":\"http:\/\/www.restaurant-alouette.com\/fr\/#website\",\"url\":\"http:\/\/www.restaurant-alouette.com\/fr\/\",\"name\":\"Restaurant de l'Alouette\",\"description\":\"Votre restaurant gastronomique \u00e0 Bonnefamille\",\"potentialAction\":[{\"@type\":\"SearchAction\",\"target\":{\"@type\":\"EntryPoint\",\"urlTemplate\":\"http:\/\/www.restaurant-alouette.com\/fr\/?s={search_term_string}\"},\"query-input\":\"required name=search_term_string\"}],\"inLanguage\":\"en-GB\"}]}<\/script>\n<!-- \/ Yoast SEO plugin. -->","yoast_head_json":{"title":"Les menus et la carte - Restaurant de l'Alouette","description":"Les menus de la semaine, le menu du dimanche et la carte. Tout est fait maison \u00e0 partir de produits frais achet\u00e9s pour la plupart dans la r\u00e9gion.","robots":{"index":"index","follow":"follow","max-snippet":"max-snippet:-1","max-image-preview":"max-image-preview:large","max-video-preview":"max-video-preview:-1"},"canonical":"https:\/\/www.restaurant-alouette.com\/en\/menus\/","og_locale":"en_GB","og_type":"article","og_title":"Les menus et la carte - Restaurant de l'Alouette","og_description":"Les menus de la semaine, le menu du dimanche et la carte. Tout est fait maison \u00e0 partir de produits frais achet\u00e9s pour la plupart dans la r\u00e9gion.","og_url":"https:\/\/www.restaurant-alouette.com\/en\/menus\/","og_site_name":"Restaurant Alouette","article_publisher":"https:\/\/www.facebook.com\/Lalouette-Plus-quun-Restaurant-120299032976\/","article_modified_time":"2026-04-03T08:47:10+00:00","og_image":[{"url":"https:\/\/www.restaurant-alouette.com\/wp-content\/uploads\/2019\/12\/crayon-aliment3-min.png"}],"twitter_card":"summary_large_image","twitter_misc":{"Estimated reading time":"2 minutes"},"schema":{"@context":"https:\/\/schema.org","@graph":[{"@type":"WebPage","@id":"https:\/\/www.restaurant-alouette.com\/en\/menus\/","url":"https:\/\/www.restaurant-alouette.com\/en\/menus\/","name":"Les menus et la carte - Restaurant de l'Alouette","isPartOf":{"@id":"http:\/\/www.restaurant-alouette.com\/fr\/#website"},"primaryImageOfPage":{"@id":"https:\/\/www.restaurant-alouette.com\/en\/menus\/#primaryimage"},"image":{"@id":"https:\/\/www.restaurant-alouette.com\/en\/menus\/#primaryimage"},"thumbnailUrl":"https:\/\/www.restaurant-alouette.com\/wp-content\/uploads\/2019\/12\/crayon-aliment3-min.png","datePublished":"2017-03-08T17:44:18+00:00","dateModified":"2026-04-03T08:47:10+00:00","description":"Les menus de la semaine, le menu du dimanche et la carte. Tout est fait maison \u00e0 partir de produits frais achet\u00e9s pour la plupart dans la r\u00e9gion.","breadcrumb":{"@id":"https:\/\/www.restaurant-alouette.com\/en\/menus\/#breadcrumb"},"inLanguage":"en-GB","potentialAction":[{"@type":"ReadAction","target":["https:\/\/www.restaurant-alouette.com\/en\/menus\/"]}]},{"@type":"ImageObject","inLanguage":"en-GB","@id":"https:\/\/www.restaurant-alouette.com\/en\/menus\/#primaryimage","url":"https:\/\/www.restaurant-alouette.com\/wp-content\/uploads\/2019\/12\/crayon-aliment3-min.png","contentUrl":"https:\/\/www.restaurant-alouette.com\/wp-content\/uploads\/2019\/12\/crayon-aliment3-min.png"},{"@type":"BreadcrumbList","@id":"https:\/\/www.restaurant-alouette.com\/en\/menus\/#breadcrumb","itemListElement":[{"@type":"ListItem","position":1,"name":"Accueil","item":"http:\/\/www.restaurant-alouette.com\/fr\/"},{"@type":"ListItem","position":2,"name":"La carte"}]},{"@type":"WebSite","@id":"http:\/\/www.restaurant-alouette.com\/fr\/#website","url":"http:\/\/www.restaurant-alouette.com\/fr\/","name":"Restaurant de l'Alouette","description":"Votre restaurant gastronomique \u00e0 Bonnefamille","potentialAction":[{"@type":"SearchAction","target":{"@type":"EntryPoint","urlTemplate":"http:\/\/www.restaurant-alouette.com\/fr\/?s={search_term_string}"},"query-input":"required name=search_term_string"}],"inLanguage":"en-GB"}]}},"jetpack_sharing_enabled":true,"_links":{"self":[{"href":"https:\/\/www.restaurant-alouette.com\/en\/wp-json\/wp\/v2\/pages\/127"}],"collection":[{"href":"https:\/\/www.restaurant-alouette.com\/en\/wp-json\/wp\/v2\/pages"}],"about":[{"href":"https:\/\/www.restaurant-alouette.com\/en\/wp-json\/wp\/v2\/types\/page"}],"author":[{"embeddable":true,"href":"https:\/\/www.restaurant-alouette.com\/en\/wp-json\/wp\/v2\/users\/1"}],"replies":[{"embeddable":true,"href":"https:\/\/www.restaurant-alouette.com\/en\/wp-json\/wp\/v2\/comments?post=127"}],"version-history":[{"count":432,"href":"https:\/\/www.restaurant-alouette.com\/en\/wp-json\/wp\/v2\/pages\/127\/revisions"}],"predecessor-version":[{"id":19144,"href":"https:\/\/www.restaurant-alouette.com\/en\/wp-json\/wp\/v2\/pages\/127\/revisions\/19144"}],"wp:attachment":[{"href":"https:\/\/www.restaurant-alouette.com\/en\/wp-json\/wp\/v2\/media?parent=127"}],"curies":[{"name":"wp","href":"https:\/\/api.w.org\/{rel}","templated":true}]}}