{"id":14030,"date":"2023-03-28T21:34:01","date_gmt":"2023-03-28T19:34:01","guid":{"rendered":"https:\/\/www.restaurant-alouette.com\/?page_id=14030"},"modified":"2023-03-28T21:34:01","modified_gmt":"2023-03-28T19:34:01","slug":"paques-2023","status":"publish","type":"page","link":"https:\/\/www.restaurant-alouette.com\/en\/paques-2023\/","title":{"rendered":"P\u00e2ques 2023"},"content":{"rendered":"<p><strong>Menu de P\u00e2ques 2023<\/strong><\/p>\n<p>&nbsp;<\/p>\n<p><strong>Les entr\u00e9es<\/strong><\/p>\n<strong>Le p\u00e2t\u00e9 en croute,<\/strong><br \/>\nAu cabri de P\u00e2ques et foie gras, betteraves crues et cuites <strong>(+8\u20ac)<\/strong>\n<strong>L\u2019asperge verte du midi,<br \/>\n<\/strong>Cr\u00e9meux et salade acidul\u00e9e d\u2019asperges, \u0152uf parfait, agrumes, kalamansi et Granny smith.\n<strong>Le Canelloni V\u00e9g\u00e9tal,<br \/>\n<\/strong>L\u00e9gume du moment en diff\u00e9rentes textures, lonzo, noisettes, brebis et miel.\n<p>&nbsp;<\/p>\n<p><strong>Les plats<\/strong><\/p>\n<strong>L\u2019agneau de nos r\u00e9gions,<br \/>\n<\/strong>Agneau en deux fa\u00e7ons, pommes D\u00e9licatesse, pommade d\u2019ails, l\u00e9gumes de printemps et ail des ours du jardin.\n<strong>La lotte basse temp\u00e9rature,<br \/>\n<\/strong>Lotte farcie d\u2019une mousseline, artichauts et \u00e9cume vanill\u00e9e.\n<p>&nbsp;<\/p>\n<p><strong>Les fromages<\/strong><\/p>\n<strong>Faisselle de ch\u00e8vre,<\/strong><br \/>\nFerme du Ch\u00eane \u00e0 Chozeau <strong>(+3\u20ac)<\/strong>\n<strong>Une exp\u00e9rience fromag\u00e8re,<br \/>\n<\/strong>Couronne de Tourraine, ch\u00e8vre frais, myrtilles <strong>(+7\u20ac)<\/strong>\n<p>&nbsp;<\/p>\n<p><strong>Les desserts<\/strong><\/p>\n<strong>Le chocolat,<br \/>\n<\/strong>Entremet chocolat noir, orange et romarin\n<strong>Le Baba aux fraises,<br \/>\n<\/strong>Les premi\u00e8res fraises de pleins champs, Savarin, rhum et chantilly\n<p>&nbsp;<\/p>\n<p><em>Ne\u00a0travaillant\u00a0qu\u2019avec\u00a0des\u00a0produits\u00a0de\u00a0saison,\u00a0il\u00a0n\u2019est\u00a0pas\u00a0exclu\u00a0que\u00a0certains\u00a0plats\u00a0puissent\u00a0nous faire\u00a0d\u00e9faut<\/em><\/p>\n<p><strong>Menu<\/strong><strong>\u00a0<\/strong><strong>\u00e0<\/strong><strong>\u00a0<\/strong><strong>56 \u20ac<\/strong><strong>\u00a0<\/strong><strong>:<\/strong><strong>\u00a0\u00a0<\/strong><strong>entr<\/strong><strong>\u00e9<\/strong><strong>e,<\/strong><strong>\u00a0<\/strong><strong>plat, fromage<\/strong><strong>\u00a0<\/strong><strong>ou<\/strong><strong>\u00a0<\/strong><strong>dessert<\/strong><\/p>","protected":false},"excerpt":{"rendered":"<p>Menu de P\u00e2ques 2023 &nbsp; Les entr\u00e9es Le p\u00e2t\u00e9 en croute, Au cabri de P\u00e2ques et foie gras, betteraves crues et cuites (+8\u20ac) L\u2019asperge verte du midi, Cr\u00e9meux et salade acidul\u00e9e d\u2019asperges, \u0152uf parfait, agrumes, kalamansi et Granny smith. Le Canelloni V\u00e9g\u00e9tal, L\u00e9gume du moment en diff\u00e9rentes textures, lonzo, noisettes, brebis et miel. &nbsp; Les [&hellip;]<\/p>","protected":false},"author":1,"featured_media":0,"parent":0,"menu_order":0,"comment_status":"closed","ping_status":"closed","template":"","meta":{"inline_featured_image":false,"_exactmetrics_skip_tracking":false,"_exactmetrics_sitenote_active":false,"_exactmetrics_sitenote_note":"","_exactmetrics_sitenote_category":0,"footnotes":""},"yoast_head":"<!-- This site is optimized with the Yoast SEO plugin v23.0 - https:\/\/yoast.com\/wordpress\/plugins\/seo\/ -->\n<title>P\u00e2ques 2023 - Restaurant Alouette<\/title>\n<meta name=\"robots\" content=\"index, follow, max-snippet:-1, max-image-preview:large, max-video-preview:-1\" \/>\n<link rel=\"canonical\" href=\"https:\/\/www.restaurant-alouette.com\/en\/paques-2023\/\" \/>\n<meta property=\"og:locale\" content=\"en_GB\" \/>\n<meta property=\"og:type\" content=\"article\" \/>\n<meta property=\"og:title\" content=\"P\u00e2ques 2023 - Restaurant Alouette\" \/>\n<meta property=\"og:description\" content=\"Menu de P\u00e2ques 2023 &nbsp; Les entr\u00e9es Le p\u00e2t\u00e9 en croute, Au cabri de P\u00e2ques et foie gras, betteraves crues et cuites (+8\u20ac) L\u2019asperge verte du midi, Cr\u00e9meux et salade acidul\u00e9e d\u2019asperges, \u0152uf parfait, agrumes, kalamansi et Granny smith. Le Canelloni V\u00e9g\u00e9tal, L\u00e9gume du moment en diff\u00e9rentes textures, lonzo, noisettes, brebis et miel. &nbsp; Les [&hellip;]\" \/>\n<meta property=\"og:url\" content=\"https:\/\/www.restaurant-alouette.com\/en\/paques-2023\/\" \/>\n<meta property=\"og:site_name\" content=\"Restaurant Alouette\" \/>\n<meta property=\"article:publisher\" content=\"https:\/\/www.facebook.com\/Lalouette-Plus-quun-Restaurant-120299032976\/\" \/>\n<meta name=\"twitter:card\" content=\"summary_large_image\" \/>\n<meta name=\"twitter:label1\" content=\"Estimated reading time\" \/>\n\t<meta name=\"twitter:data1\" content=\"1 minute\" \/>\n<script type=\"application\/ld+json\" class=\"yoast-schema-graph\">{\"@context\":\"https:\/\/schema.org\",\"@graph\":[{\"@type\":\"WebPage\",\"@id\":\"http:\/\/www.restaurant-alouette.com\/fr\/paques-2023\/\",\"url\":\"http:\/\/www.restaurant-alouette.com\/fr\/paques-2023\/\",\"name\":\"P\u00e2ques 2023 - Restaurant Alouette\",\"isPartOf\":{\"@id\":\"https:\/\/www.restaurant-alouette.com\/fr\/#website\"},\"datePublished\":\"2023-03-28T19:34:01+00:00\",\"dateModified\":\"2023-03-28T19:34:01+00:00\",\"breadcrumb\":{\"@id\":\"http:\/\/www.restaurant-alouette.com\/fr\/paques-2023\/#breadcrumb\"},\"inLanguage\":\"en-GB\",\"potentialAction\":[{\"@type\":\"ReadAction\",\"target\":[\"http:\/\/www.restaurant-alouette.com\/fr\/paques-2023\/\"]}]},{\"@type\":\"BreadcrumbList\",\"@id\":\"http:\/\/www.restaurant-alouette.com\/fr\/paques-2023\/#breadcrumb\",\"itemListElement\":[{\"@type\":\"ListItem\",\"position\":1,\"name\":\"Accueil\",\"item\":\"https:\/\/www.restaurant-alouette.com\/fr\/\"},{\"@type\":\"ListItem\",\"position\":2,\"name\":\"P\u00e2ques 2023\"}]},{\"@type\":\"WebSite\",\"@id\":\"https:\/\/www.restaurant-alouette.com\/fr\/#website\",\"url\":\"https:\/\/www.restaurant-alouette.com\/fr\/\",\"name\":\"Restaurant de l'Alouette\",\"description\":\"Votre restaurant gastronomique \u00e0 Bonnefamille\",\"potentialAction\":[{\"@type\":\"SearchAction\",\"target\":{\"@type\":\"EntryPoint\",\"urlTemplate\":\"https:\/\/www.restaurant-alouette.com\/fr\/?s={search_term_string}\"},\"query-input\":\"required name=search_term_string\"}],\"inLanguage\":\"en-GB\"}]}<\/script>\n<!-- \/ Yoast SEO plugin. -->","yoast_head_json":{"title":"P\u00e2ques 2023 - Restaurant Alouette","robots":{"index":"index","follow":"follow","max-snippet":"max-snippet:-1","max-image-preview":"max-image-preview:large","max-video-preview":"max-video-preview:-1"},"canonical":"https:\/\/www.restaurant-alouette.com\/en\/paques-2023\/","og_locale":"en_GB","og_type":"article","og_title":"P\u00e2ques 2023 - Restaurant Alouette","og_description":"Menu de P\u00e2ques 2023 &nbsp; Les entr\u00e9es Le p\u00e2t\u00e9 en croute, Au cabri de P\u00e2ques et foie gras, betteraves crues et cuites (+8\u20ac) L\u2019asperge verte du midi, Cr\u00e9meux et salade acidul\u00e9e d\u2019asperges, \u0152uf parfait, agrumes, kalamansi et Granny smith. Le Canelloni V\u00e9g\u00e9tal, L\u00e9gume du moment en diff\u00e9rentes textures, lonzo, noisettes, brebis et miel. &nbsp; Les [&hellip;]","og_url":"https:\/\/www.restaurant-alouette.com\/en\/paques-2023\/","og_site_name":"Restaurant Alouette","article_publisher":"https:\/\/www.facebook.com\/Lalouette-Plus-quun-Restaurant-120299032976\/","twitter_card":"summary_large_image","twitter_misc":{"Estimated reading time":"1 minute"},"schema":{"@context":"https:\/\/schema.org","@graph":[{"@type":"WebPage","@id":"http:\/\/www.restaurant-alouette.com\/fr\/paques-2023\/","url":"http:\/\/www.restaurant-alouette.com\/fr\/paques-2023\/","name":"P\u00e2ques 2023 - Restaurant Alouette","isPartOf":{"@id":"https:\/\/www.restaurant-alouette.com\/fr\/#website"},"datePublished":"2023-03-28T19:34:01+00:00","dateModified":"2023-03-28T19:34:01+00:00","breadcrumb":{"@id":"http:\/\/www.restaurant-alouette.com\/fr\/paques-2023\/#breadcrumb"},"inLanguage":"en-GB","potentialAction":[{"@type":"ReadAction","target":["http:\/\/www.restaurant-alouette.com\/fr\/paques-2023\/"]}]},{"@type":"BreadcrumbList","@id":"http:\/\/www.restaurant-alouette.com\/fr\/paques-2023\/#breadcrumb","itemListElement":[{"@type":"ListItem","position":1,"name":"Accueil","item":"https:\/\/www.restaurant-alouette.com\/fr\/"},{"@type":"ListItem","position":2,"name":"P\u00e2ques 2023"}]},{"@type":"WebSite","@id":"https:\/\/www.restaurant-alouette.com\/fr\/#website","url":"https:\/\/www.restaurant-alouette.com\/fr\/","name":"Restaurant de l'Alouette","description":"Votre restaurant gastronomique \u00e0 Bonnefamille","potentialAction":[{"@type":"SearchAction","target":{"@type":"EntryPoint","urlTemplate":"https:\/\/www.restaurant-alouette.com\/fr\/?s={search_term_string}"},"query-input":"required name=search_term_string"}],"inLanguage":"en-GB"}]}},"jetpack_sharing_enabled":true,"_links":{"self":[{"href":"https:\/\/www.restaurant-alouette.com\/en\/wp-json\/wp\/v2\/pages\/14030"}],"collection":[{"href":"https:\/\/www.restaurant-alouette.com\/en\/wp-json\/wp\/v2\/pages"}],"about":[{"href":"https:\/\/www.restaurant-alouette.com\/en\/wp-json\/wp\/v2\/types\/page"}],"author":[{"embeddable":true,"href":"https:\/\/www.restaurant-alouette.com\/en\/wp-json\/wp\/v2\/users\/1"}],"replies":[{"embeddable":true,"href":"https:\/\/www.restaurant-alouette.com\/en\/wp-json\/wp\/v2\/comments?post=14030"}],"version-history":[{"count":3,"href":"https:\/\/www.restaurant-alouette.com\/en\/wp-json\/wp\/v2\/pages\/14030\/revisions"}],"predecessor-version":[{"id":14034,"href":"https:\/\/www.restaurant-alouette.com\/en\/wp-json\/wp\/v2\/pages\/14030\/revisions\/14034"}],"wp:attachment":[{"href":"https:\/\/www.restaurant-alouette.com\/en\/wp-json\/wp\/v2\/media?parent=14030"}],"curies":[{"name":"wp","href":"https:\/\/api.w.org\/{rel}","templated":true}]}}