{"id":148,"date":"2017-03-08T22:23:44","date_gmt":"2017-03-08T21:23:44","guid":{"rendered":"http:\/\/www.restaurant-alouette.com\/?page_id=148"},"modified":"2026-01-09T21:40:17","modified_gmt":"2026-01-09T20:40:17","slug":"chambres-3-etoiles","status":"publish","type":"page","link":"https:\/\/www.restaurant-alouette.com\/en\/chambres-3-etoiles\/","title":{"rendered":"CHAMBRES"},"content":{"rendered":"<img loading=\"lazy\" decoding=\"async\" src=\"https:\/\/www.restaurant-alouette.com\/wp-content\/uploads\/2020\/01\/chambres.svg\" alt=\"chambres\" itemprop=\"image\" height=\"297\" width=\"210\" title=\"chambres\" onerror=\"this.style.display='none'\"  \/>\n\t\t\t\t<img loading=\"lazy\" decoding=\"async\" src=\"https:\/\/www.restaurant-alouette.com\/wp-content\/uploads\/2020\/01\/chambre-reserver-min.png\" alt=\"chambre-reserver-min\" itemprop=\"image\" height=\"666\" width=\"1000\" title=\"chambre-reserver-min\" onerror=\"this.style.display='none'\"  \/>\n<h2>\n\t\tPassez une nuit magique dans une des belles chambre de l&#8217;Alouette.\n\t<\/h2>\n\t\t\t\t<img loading=\"lazy\" decoding=\"async\" src=\"https:\/\/www.restaurant-alouette.com\/wp-content\/uploads\/2020\/01\/chambre-likado-min.png\" alt=\"chambre-likado-min\" itemprop=\"image\" height=\"534\" width=\"800\" title=\"chambre-likado-min\" onerror=\"this.style.display='none'\"  \/>\n<h2>\n\t\tLika\u00efdo room\n\t<\/h2>\n\tBuilt like a \u201cMikado\u201d, a child bedding, hanging like at trees top. At the foot of this tree, 4 m2 of sleepingbed , the faience of the bathroom, recall an undergrowth.<br \/>\n<strong><em>Chambre de plus de 34m\u00b2<\/em><\/strong>\n\tLa nuit\u00e9e &#8230;&#8230;&#8230;.. <strong>170 \u20ac<\/strong><br \/>\nPetit d\u00e9jeuner &#8230;&#8230;&#8230; <strong>20 \u20ac<br \/>\n<\/strong>Formule pour 2 personnes &#8230;&#8230;&#8230;.. <strong>310 \u20ac<br \/>\n<\/strong>Meal ~ Night ~ Breakfat<br \/>\nHomemade drinks extra, aperitif offered.\n\t<a href=\"https:\/\/www.restaurant-alouette.com\/en\/product\/chambre-likado\/\">\n\t\t  \tDiscover <br \/>Lika\u00efdo\t  \t\n\t    <img width=\"250\" height=\"333\" src=\"https:\/\/www.restaurant-alouette.com\/wp-content\/uploads\/2020\/01\/bouton-reserver-likado-min-2.png\" alt=\"\" decoding=\"async\" loading=\"lazy\" srcset=\"https:\/\/www.restaurant-alouette.com\/wp-content\/uploads\/2020\/01\/bouton-reserver-likado-min-2.png 250w, https:\/\/www.restaurant-alouette.com\/wp-content\/uploads\/2020\/01\/bouton-reserver-likado-min-2-225x300.png 225w, https:\/\/www.restaurant-alouette.com\/wp-content\/uploads\/2020\/01\/bouton-reserver-likado-min-2-150x200.png 150w\" sizes=\"(max-width: 250px) 100vw, 250px\" \/>\t<\/a>\n\tLa nuit\u00e9e &#8230;&#8230;&#8230;.. <strong>180 \u20ac<\/strong><br \/>\nPetit d\u00e9jeuner &#8230;&#8230;&#8230; <strong>20 \u20ac<br \/>\n<\/strong>Formule pour 2 personnes\u00a0 &#8230;&#8230;&#8230;.. <strong>320 \u20ac<br \/>\n<\/strong>Meal ~ Night ~ Breakfat<br \/>\nHomemade drinks extra, aperitif offered.\n<h2>\n\t\tRoom <br \/>Coup de foudre\n\t<\/h2>\n\t\u00a0de Le foudre transform\u00e9 en immense baignoire donne le nom et le ton \u00e0 cette chambre. Une certaine sensualit\u00e9 s&#8217;en d\u00e9gage&#8230;<br \/>\n<strong>Chambre de 30m\u00b2<\/strong>\n\t<a href=\"https:\/\/www.restaurant-alouette.com\/en\/product\/chambre-coup-de-foudre\/\">\n\t\t  \tDiscover <br \/>Coup de foudre\t  \t\n\t    <img width=\"268\" height=\"221\" src=\"https:\/\/www.restaurant-alouette.com\/wp-content\/uploads\/2020\/01\/bouton-coup-foudre-min-1.png\" alt=\"\" decoding=\"async\" loading=\"lazy\" srcset=\"https:\/\/www.restaurant-alouette.com\/wp-content\/uploads\/2020\/01\/bouton-coup-foudre-min-1.png 268w, https:\/\/www.restaurant-alouette.com\/wp-content\/uploads\/2020\/01\/bouton-coup-foudre-min-1-200x165.png 200w\" sizes=\"(max-width: 268px) 100vw, 268px\" \/>\t<\/a>\n\t\t\t\t<img loading=\"lazy\" decoding=\"async\" src=\"https:\/\/www.restaurant-alouette.com\/wp-content\/uploads\/2020\/01\/chambre-mondrian-min.png\" alt=\"chambre-mondrian-min\" itemprop=\"image\" height=\"533\" width=\"800\" title=\"chambre-mondrian-min\" onerror=\"this.style.display='none'\"  \/>\n<h2>\n\t\tRoom Mondrian\n\t<\/h2>\n\tInspir\u00e9e de ce c\u00e9l\u00e8bre peintre contemporain pionnier de l&#8217;abstraction, cette chambre fait r\u00e9sonance avec l&#8217;orientation que nous avons voulue au restaurant. Ses formes g\u00e9om\u00e9triques et ses couleurs pastels donnent une ambiance de calme et de s\u00e9r\u00e9nit\u00e9.<br \/>\n<strong>Chambre de 21m\u00b2<\/strong>\n\tLa nuit\u00e9e &#8230;&#8230;&#8230;.. <strong>120 \u20ac<\/strong><br \/>\nPetit d\u00e9jeuner &#8230;&#8230;&#8230; <strong>20 \u20ac<br \/>\n<\/strong>Formule pour 2 personnes &#8230;&#8230;&#8230;.. <strong>260 \u20ac<br \/>\n<\/strong>Meal ~ Night ~ Breakfat<br \/>\nHomemade drinks extra, aperitif offered.\n\t<a href=\"https:\/\/www.restaurant-alouette.com\/en\/product\/chambre-mondrian\/\">\n\t\t  \tDiscover <br \/>Mondrian\t  \t\n\t    <img width=\"239\" height=\"244\" src=\"https:\/\/www.restaurant-alouette.com\/wp-content\/uploads\/2020\/01\/bouton-mondrian-min.png\" alt=\"\" decoding=\"async\" loading=\"lazy\" srcset=\"https:\/\/www.restaurant-alouette.com\/wp-content\/uploads\/2020\/01\/bouton-mondrian-min.png 239w, https:\/\/www.restaurant-alouette.com\/wp-content\/uploads\/2020\/01\/bouton-mondrian-min-196x200.png 196w\" sizes=\"(max-width: 239px) 100vw, 239px\" \/>\t<\/a>\n\tLa nuit\u00e9e &#8230;&#8230;&#8230;.. <strong>170 \u20ac<\/strong><br \/>\nPetit d\u00e9jeuner &#8230;&#8230;&#8230; <strong>20 \u20ac<br \/>\n<\/strong>Formule pour 2 personnes &#8230;&#8230;&#8230;.. <strong>310 \u20ac<br \/>\n<\/strong>Meal ~ Night ~ Breakfat<br \/>\nHomemade drinks extra, aperitif offered.\n<h2>\n\t\tRoom <br \/>M\u00eame pas malle\n\t<\/h2>\n\tA large trunk throne in the middle of the room, both office and storage, coupled with the career path of the chef, it gives the name to this room. A headboard made of rough battens, gives it a real atmosphere of well-being.<br \/>\n<strong>Chambre de 29m\u00b2<\/strong>\n\t<a href=\"https:\/\/www.restaurant-alouette.com\/en\/product\/chambre-meme-malle\/\">\n\t\t  \tDiscover <br \/>M\u00eame pas malle\t  \t\n\t    <img width=\"236\" height=\"282\" src=\"https:\/\/www.restaurant-alouette.com\/wp-content\/uploads\/2020\/01\/bouton-malle-min.png\" alt=\"\" decoding=\"async\" loading=\"lazy\" srcset=\"https:\/\/www.restaurant-alouette.com\/wp-content\/uploads\/2020\/01\/bouton-malle-min.png 236w, https:\/\/www.restaurant-alouette.com\/wp-content\/uploads\/2020\/01\/bouton-malle-min-167x200.png 167w\" sizes=\"(max-width: 236px) 100vw, 236px\" \/>\t<\/a>\n\t<p>All our rooms have large bathrooms with separate toilets.<\/p>\n<p>S\u00e8che-cheveux, n\u00e9cessaire \u00e0 chaussures, planche \u00e0 repasser, lit b\u00e9b\u00e9 et table \u00e0 langer sont \u00e0 disposition de notre client\u00e8le, un parking ferm\u00e9 la nuit, garage \u00e0 v\u00e9lo pour les cyclo touristes.<\/p>\n<p>Links to the main tourist sites will be proposed as well as cultural events.<\/p>\n<p>. . . . . . . . . . . . . . . .\u00a0<\/p>\n<p>Non accessible aux personnes \u00e0 mobilit\u00e9 r\u00e9duite.<\/p>\n<p>. . . . . . . . . . . . . . . .\u00a0<\/p>\n<p>&nbsp;<\/p>\n<p><strong>Pour r\u00e9server :<\/strong><\/p>\n<p><strong>jcm@restaurant-alouette.com<\/strong><\/p>\n<p><strong>ou<\/strong><\/p>\n<p><strong>06 50 40 54 34<\/strong><\/p>\n<p>&nbsp;<\/p>","protected":false},"excerpt":{"rendered":"<p>Passez une nuit magique dans une des belles chambre de l&#8217;Alouette. Chambre Lika\u00efdo Construite comme un \u00ab Mikado \u00bb, une literie enfant suspendue comme \u00e0 la cime des arbres, Au pied de cet arbre 4m\u00b2 de couchage, la fa\u00efence de la salle de bain rappelle un sous-bois. Chambre de plus de 34m\u00b2 La nuit\u00e9e &#8230;&#8230;&#8230;.. [&hellip;]<\/p>","protected":false},"author":1,"featured_media":0,"parent":0,"menu_order":0,"comment_status":"closed","ping_status":"closed","template":"","meta":{"inline_featured_image":false,"_exactmetrics_skip_tracking":false,"_exactmetrics_sitenote_active":false,"_exactmetrics_sitenote_note":"","_exactmetrics_sitenote_category":0,"footnotes":""},"yoast_head":"<!-- This site is optimized with the Yoast SEO plugin v23.0 - https:\/\/yoast.com\/wordpress\/plugins\/seo\/ -->\n<title>Chambres d&#039;h\u00f4tes *** Is\u00e8re, proche Lyon - Restaurant Alouette<\/title>\n<meta name=\"description\" content=\"Depuis 2016, le restaurant l&#039;Alouette est devenu \u00e9galement un h\u00f4tel avec 5 chambres, toutes con\u00e7ues avec un design original et un \u00e9quipement tr\u00e8s moderne.\" \/>\n<meta name=\"robots\" content=\"index, follow, max-snippet:-1, max-image-preview:large, max-video-preview:-1\" \/>\n<link rel=\"canonical\" href=\"https:\/\/www.restaurant-alouette.com\/en\/chambres-3-etoiles\/\" \/>\n<meta property=\"og:locale\" content=\"en_GB\" \/>\n<meta property=\"og:type\" content=\"article\" \/>\n<meta property=\"og:title\" content=\"Chambres d&#039;h\u00f4tes *** Is\u00e8re, proche Lyon - Restaurant Alouette\" \/>\n<meta property=\"og:description\" content=\"Depuis 2016, le restaurant l&#039;Alouette est devenu \u00e9galement un h\u00f4tel avec 5 chambres, toutes con\u00e7ues avec un design original et un \u00e9quipement tr\u00e8s moderne.\" \/>\n<meta property=\"og:url\" content=\"https:\/\/www.restaurant-alouette.com\/en\/chambres-3-etoiles\/\" \/>\n<meta property=\"og:site_name\" content=\"Restaurant Alouette\" \/>\n<meta property=\"article:publisher\" content=\"https:\/\/www.facebook.com\/Lalouette-Plus-quun-Restaurant-120299032976\/\" \/>\n<meta property=\"article:modified_time\" content=\"2026-01-09T20:40:17+00:00\" \/>\n<meta property=\"og:image\" content=\"https:\/\/www.restaurant-alouette.com\/wp-content\/uploads\/2020\/01\/chambres.svg\" \/>\n<meta name=\"twitter:card\" content=\"summary_large_image\" \/>\n<meta name=\"twitter:label1\" content=\"Estimated reading time\" \/>\n\t<meta name=\"twitter:data1\" content=\"2 minutes\" \/>\n<script type=\"application\/ld+json\" class=\"yoast-schema-graph\">{\"@context\":\"https:\/\/schema.org\",\"@graph\":[{\"@type\":\"WebPage\",\"@id\":\"https:\/\/www.restaurant-alouette.com\/en\/chambres-3-etoiles\/\",\"url\":\"https:\/\/www.restaurant-alouette.com\/en\/chambres-3-etoiles\/\",\"name\":\"Chambres d'h\u00f4tes *** Is\u00e8re, proche Lyon - Restaurant Alouette\",\"isPartOf\":{\"@id\":\"http:\/\/www.restaurant-alouette.com\/fr\/#website\"},\"primaryImageOfPage\":{\"@id\":\"https:\/\/www.restaurant-alouette.com\/en\/chambres-3-etoiles\/#primaryimage\"},\"image\":{\"@id\":\"https:\/\/www.restaurant-alouette.com\/en\/chambres-3-etoiles\/#primaryimage\"},\"thumbnailUrl\":\"https:\/\/www.restaurant-alouette.com\/wp-content\/uploads\/2020\/01\/chambres.svg\",\"datePublished\":\"2017-03-08T21:23:44+00:00\",\"dateModified\":\"2026-01-09T20:40:17+00:00\",\"description\":\"Depuis 2016, le restaurant l'Alouette est devenu \u00e9galement un h\u00f4tel avec 5 chambres, toutes con\u00e7ues avec un design original et un \u00e9quipement tr\u00e8s moderne.\",\"breadcrumb\":{\"@id\":\"https:\/\/www.restaurant-alouette.com\/en\/chambres-3-etoiles\/#breadcrumb\"},\"inLanguage\":\"en-GB\",\"potentialAction\":[{\"@type\":\"ReadAction\",\"target\":[\"https:\/\/www.restaurant-alouette.com\/en\/chambres-3-etoiles\/\"]}]},{\"@type\":\"ImageObject\",\"inLanguage\":\"en-GB\",\"@id\":\"https:\/\/www.restaurant-alouette.com\/en\/chambres-3-etoiles\/#primaryimage\",\"url\":\"https:\/\/www.restaurant-alouette.com\/wp-content\/uploads\/2020\/01\/chambres.svg\",\"contentUrl\":\"https:\/\/www.restaurant-alouette.com\/wp-content\/uploads\/2020\/01\/chambres.svg\"},{\"@type\":\"BreadcrumbList\",\"@id\":\"https:\/\/www.restaurant-alouette.com\/en\/chambres-3-etoiles\/#breadcrumb\",\"itemListElement\":[{\"@type\":\"ListItem\",\"position\":1,\"name\":\"Accueil\",\"item\":\"https:\/\/www.restaurant-alouette.com\/fr\/\"},{\"@type\":\"ListItem\",\"position\":2,\"name\":\"CHAMBRES\"}]},{\"@type\":\"WebSite\",\"@id\":\"http:\/\/www.restaurant-alouette.com\/fr\/#website\",\"url\":\"http:\/\/www.restaurant-alouette.com\/fr\/\",\"name\":\"Restaurant de l'Alouette\",\"description\":\"Votre restaurant gastronomique \u00e0 Bonnefamille\",\"potentialAction\":[{\"@type\":\"SearchAction\",\"target\":{\"@type\":\"EntryPoint\",\"urlTemplate\":\"http:\/\/www.restaurant-alouette.com\/fr\/?s={search_term_string}\"},\"query-input\":\"required name=search_term_string\"}],\"inLanguage\":\"en-GB\"}]}<\/script>\n<!-- \/ Yoast SEO plugin. -->","yoast_head_json":{"title":"Chambres d'h\u00f4tes *** Is\u00e8re, proche Lyon - Restaurant Alouette","description":"Depuis 2016, le restaurant l'Alouette est devenu \u00e9galement un h\u00f4tel avec 5 chambres, toutes con\u00e7ues avec un design original et un \u00e9quipement tr\u00e8s moderne.","robots":{"index":"index","follow":"follow","max-snippet":"max-snippet:-1","max-image-preview":"max-image-preview:large","max-video-preview":"max-video-preview:-1"},"canonical":"https:\/\/www.restaurant-alouette.com\/en\/chambres-3-etoiles\/","og_locale":"en_GB","og_type":"article","og_title":"Chambres d'h\u00f4tes *** Is\u00e8re, proche Lyon - Restaurant Alouette","og_description":"Depuis 2016, le restaurant l'Alouette est devenu \u00e9galement un h\u00f4tel avec 5 chambres, toutes con\u00e7ues avec un design original et un \u00e9quipement tr\u00e8s moderne.","og_url":"https:\/\/www.restaurant-alouette.com\/en\/chambres-3-etoiles\/","og_site_name":"Restaurant Alouette","article_publisher":"https:\/\/www.facebook.com\/Lalouette-Plus-quun-Restaurant-120299032976\/","article_modified_time":"2026-01-09T20:40:17+00:00","og_image":[{"url":"https:\/\/www.restaurant-alouette.com\/wp-content\/uploads\/2020\/01\/chambres.svg"}],"twitter_card":"summary_large_image","twitter_misc":{"Estimated reading time":"2 minutes"},"schema":{"@context":"https:\/\/schema.org","@graph":[{"@type":"WebPage","@id":"https:\/\/www.restaurant-alouette.com\/en\/chambres-3-etoiles\/","url":"https:\/\/www.restaurant-alouette.com\/en\/chambres-3-etoiles\/","name":"Chambres d'h\u00f4tes *** Is\u00e8re, proche Lyon - Restaurant Alouette","isPartOf":{"@id":"http:\/\/www.restaurant-alouette.com\/fr\/#website"},"primaryImageOfPage":{"@id":"https:\/\/www.restaurant-alouette.com\/en\/chambres-3-etoiles\/#primaryimage"},"image":{"@id":"https:\/\/www.restaurant-alouette.com\/en\/chambres-3-etoiles\/#primaryimage"},"thumbnailUrl":"https:\/\/www.restaurant-alouette.com\/wp-content\/uploads\/2020\/01\/chambres.svg","datePublished":"2017-03-08T21:23:44+00:00","dateModified":"2026-01-09T20:40:17+00:00","description":"Depuis 2016, le restaurant l'Alouette est devenu \u00e9galement un h\u00f4tel avec 5 chambres, toutes con\u00e7ues avec un design original et un \u00e9quipement tr\u00e8s moderne.","breadcrumb":{"@id":"https:\/\/www.restaurant-alouette.com\/en\/chambres-3-etoiles\/#breadcrumb"},"inLanguage":"en-GB","potentialAction":[{"@type":"ReadAction","target":["https:\/\/www.restaurant-alouette.com\/en\/chambres-3-etoiles\/"]}]},{"@type":"ImageObject","inLanguage":"en-GB","@id":"https:\/\/www.restaurant-alouette.com\/en\/chambres-3-etoiles\/#primaryimage","url":"https:\/\/www.restaurant-alouette.com\/wp-content\/uploads\/2020\/01\/chambres.svg","contentUrl":"https:\/\/www.restaurant-alouette.com\/wp-content\/uploads\/2020\/01\/chambres.svg"},{"@type":"BreadcrumbList","@id":"https:\/\/www.restaurant-alouette.com\/en\/chambres-3-etoiles\/#breadcrumb","itemListElement":[{"@type":"ListItem","position":1,"name":"Accueil","item":"https:\/\/www.restaurant-alouette.com\/fr\/"},{"@type":"ListItem","position":2,"name":"CHAMBRES"}]},{"@type":"WebSite","@id":"http:\/\/www.restaurant-alouette.com\/fr\/#website","url":"http:\/\/www.restaurant-alouette.com\/fr\/","name":"Restaurant de l'Alouette","description":"Votre restaurant gastronomique \u00e0 Bonnefamille","potentialAction":[{"@type":"SearchAction","target":{"@type":"EntryPoint","urlTemplate":"http:\/\/www.restaurant-alouette.com\/fr\/?s={search_term_string}"},"query-input":"required name=search_term_string"}],"inLanguage":"en-GB"}]}},"jetpack_sharing_enabled":true,"_links":{"self":[{"href":"https:\/\/www.restaurant-alouette.com\/en\/wp-json\/wp\/v2\/pages\/148"}],"collection":[{"href":"https:\/\/www.restaurant-alouette.com\/en\/wp-json\/wp\/v2\/pages"}],"about":[{"href":"https:\/\/www.restaurant-alouette.com\/en\/wp-json\/wp\/v2\/types\/page"}],"author":[{"embeddable":true,"href":"https:\/\/www.restaurant-alouette.com\/en\/wp-json\/wp\/v2\/users\/1"}],"replies":[{"embeddable":true,"href":"https:\/\/www.restaurant-alouette.com\/en\/wp-json\/wp\/v2\/comments?post=148"}],"version-history":[{"count":71,"href":"https:\/\/www.restaurant-alouette.com\/en\/wp-json\/wp\/v2\/pages\/148\/revisions"}],"predecessor-version":[{"id":18758,"href":"https:\/\/www.restaurant-alouette.com\/en\/wp-json\/wp\/v2\/pages\/148\/revisions\/18758"}],"wp:attachment":[{"href":"https:\/\/www.restaurant-alouette.com\/en\/wp-json\/wp\/v2\/media?parent=148"}],"curies":[{"name":"wp","href":"https:\/\/api.w.org\/{rel}","templated":true}]}}