{"id":151,"date":"2017-03-08T22:24:02","date_gmt":"2017-03-08T21:24:02","guid":{"rendered":"http:\/\/www.restaurant-alouette.com\/?page_id=151"},"modified":"2026-01-09T21:55:54","modified_gmt":"2026-01-09T20:55:54","slug":"bons-cadeaux","status":"publish","type":"page","link":"https:\/\/www.restaurant-alouette.com\/en\/bons-cadeaux\/","title":{"rendered":"BONS CADEAUX"},"content":{"rendered":"<h1>\n\t\tBon d&#8217;achats\n\t<\/h1>\n\t<p>Offrez une exp\u00e9rience gastronomique dans le nord Is\u00e8re \u00e0 l&#8217;Alouette.<\/p>\n<p>&nbsp;<\/p>\n\t\t\t\t<img loading=\"lazy\" decoding=\"async\" src=\"https:\/\/www.restaurant-alouette.com\/wp-content\/uploads\/2020\/01\/cadeau1-min.png\" alt=\"cadeau1-min\" itemprop=\"image\" height=\"526\" width=\"800\" title=\"cadeau1-min\" onerror=\"this.style.display='none'\"  \/>\n\t<p><strong>How to order?<\/strong><\/p>\n\t<p>Le paiement se fait en ligne en cliquant sur le bouton &#8220;acheter&#8221;.<\/p>\nApr\u00e8s r\u00e9ception de votre paiement, nous vous enverrons le bon d&#8217;achat et la facture \u00e0 votre adresse mail. Nous ne proposons pas d&#8217;envoi par la poste. Si vous souhaitez une version imprim\u00e9e, vous devez prendre rendez-vous en nous appelant pour vernir r\u00e9cup\u00e9rer votre bon cadeau au restaurant.<br \/>\nNous vous remercions pour votre compr\u00e9hension.\n<em><strong>A noter :<\/strong><\/em><br \/>\nUn bon d&#8217;achat a une <em>dur\u00e9e de validit\u00e9<\/em> de <strong>6 mois<\/strong> \u00e0 partir de sa date d&#8217;\u00e9dition.<br \/>\nIl est valable tous les jours d&#8217;ouverture sauf les dimanches, les jours f\u00e9ri\u00e9s et les jours sp\u00e9ciaux comme la Saint Valentin.\n\t\t\t\t<img loading=\"lazy\" decoding=\"async\" src=\"https:\/\/www.restaurant-alouette.com\/wp-content\/uploads\/2020\/01\/cuillere-cadeau-min.png\" alt=\"cuillere-cadeau-min\" itemprop=\"image\" height=\"384\" width=\"750\" title=\"cuillere-cadeau-min\" onerror=\"this.style.display='none'\"  \/>\n<h2>\n\t\tBon \u00e0 150\u20ac\n\t<\/h2>\n\t<em><b>Ce montant peut correspondre\u00a0\u00e0 :<\/b><\/em><br \/>\n2 home-made aperitifs<br \/>\n2 menus sans suppl\u00e9ment: entr\u00e9e &#8211; plat &#8211; formage ou dessert<br \/>\n2 verres de vin \u00e0 l&#8217;initiative du sommelier\n\t<a href=\"https:\/\/www.restaurant-alouette.com\/en\/product\/bon-cadeaux-150e\/\">\n\t\t  \tBuy\t  \t\n\t    <img width=\"453\" height=\"364\" src=\"https:\/\/www.restaurant-alouette.com\/wp-content\/uploads\/2019\/12\/tache-carte.png\" alt=\"\" decoding=\"async\" loading=\"lazy\" srcset=\"https:\/\/www.restaurant-alouette.com\/wp-content\/uploads\/2019\/12\/tache-carte.png 453w, https:\/\/www.restaurant-alouette.com\/wp-content\/uploads\/2019\/12\/tache-carte-300x241.png 300w, https:\/\/www.restaurant-alouette.com\/wp-content\/uploads\/2019\/12\/tache-carte-200x161.png 200w\" sizes=\"(max-width: 453px) 100vw, 453px\" \/>\t<\/a>\n\t<h2>\n\t\tVoucher for 195\u20ac\n\t<\/h2>\n\t<b><i>Ce bon peut correspondre \u00e0:<\/i><\/b><br \/>\n2 champagne glasses,<br \/>\n2 menus sans suppl\u00e9ment : entr\u00e9e &#8211; plat &#8211; fromage ou dessert,<br \/>\n4 verres de vin \u00e0 l&#8217;initiative du sommelier,<br \/>\n1 eau min\u00e9rale,<br \/>\n2 coffees or infusions.\n\t<a href=\"https:\/\/www.restaurant-alouette.com\/en\/product\/bon-cadeaux-195e\/\">\n\t\t  \tBuy\t  \t\n\t    <img width=\"239\" height=\"244\" src=\"https:\/\/www.restaurant-alouette.com\/wp-content\/uploads\/2020\/01\/bouton-mondrian-min.png\" alt=\"\" decoding=\"async\" loading=\"lazy\" srcset=\"https:\/\/www.restaurant-alouette.com\/wp-content\/uploads\/2020\/01\/bouton-mondrian-min.png 239w, https:\/\/www.restaurant-alouette.com\/wp-content\/uploads\/2020\/01\/bouton-mondrian-min-196x200.png 196w\" sizes=\"(max-width: 239px) 100vw, 239px\" \/>\t<\/a>\n\t\t\t\t<img loading=\"lazy\" decoding=\"async\" src=\"https:\/\/www.restaurant-alouette.com\/wp-content\/uploads\/2020\/01\/cadeau3-min.png\" alt=\"cadeau3-min\" itemprop=\"image\" height=\"533\" width=\"800\" title=\"cadeau3-min\" onerror=\"this.style.display='none'\"  \/>\n\t\t\t\t<img loading=\"lazy\" decoding=\"async\" src=\"https:\/\/www.restaurant-alouette.com\/wp-content\/uploads\/2020\/01\/cadeau4-min.png\" alt=\"cadeau4-min\" itemprop=\"image\" height=\"300\" width=\"590\" title=\"cadeau4-min\" onerror=\"this.style.display='none'\"  \/>\n<h2>\n\t\tBon d&#8217;achat <br \/>free amount\n\t<\/h2>\n\t<p>Choisissez le montant de votre bon d&#8217;achat.<\/p>\n\t<a href=\"https:\/\/www.restaurant-alouette.com\/en\/product\/cadeau-montant-libre\/\">\n\t\t  \tBuy\t  \t\n\t    <img width=\"268\" height=\"221\" src=\"https:\/\/www.restaurant-alouette.com\/wp-content\/uploads\/2020\/01\/bouton-coup-foudre-min-1.png\" alt=\"\" decoding=\"async\" loading=\"lazy\" srcset=\"https:\/\/www.restaurant-alouette.com\/wp-content\/uploads\/2020\/01\/bouton-coup-foudre-min-1.png 268w, https:\/\/www.restaurant-alouette.com\/wp-content\/uploads\/2020\/01\/bouton-coup-foudre-min-1-200x165.png 200w\" sizes=\"(max-width: 268px) 100vw, 268px\" \/>\t<\/a>\n\t<p><a href=\"https:\/\/www.restaurant-alouette.com\/en\/conditions-generales-de-ventes\/\" target=\"_blank\" rel=\"noopener\"><b>Read our generals terms and conditions<\/b><\/a><\/p>","protected":false},"excerpt":{"rendered":"<p>Bon d&#8217;achats Offrez une exp\u00e9rience gastronomique dans le nord Is\u00e8re \u00e0 l&#8217;Alouette. &nbsp; Comment passer commande ? Le paiement se fait en ligne en cliquant sur le bouton &#8220;acheter&#8221;. Apr\u00e8s r\u00e9ception de votre paiement, nous vous enverrons le bon d&#8217;achat et la facture \u00e0 votre adresse mail. Nous ne proposons pas d&#8217;envoi par la poste. [&hellip;]<\/p>","protected":false},"author":1,"featured_media":0,"parent":0,"menu_order":0,"comment_status":"closed","ping_status":"closed","template":"","meta":{"inline_featured_image":false,"_exactmetrics_skip_tracking":false,"_exactmetrics_sitenote_active":false,"_exactmetrics_sitenote_note":"","_exactmetrics_sitenote_category":0,"footnotes":""},"yoast_head":"<!-- This site is optimized with the Yoast SEO plugin v23.0 - https:\/\/yoast.com\/wordpress\/plugins\/seo\/ -->\n<title>Bon cadeau - Restaurant L&#039;Alouette<\/title>\n<meta name=\"description\" content=\"Avec nos bons cadeaux payables en ligne, faite plaisir \u00e0 vos proches en leur offrant : un montant, un repas au restaurant ou un coffret de vins d&#039;expetions.\" \/>\n<meta name=\"robots\" content=\"index, follow, max-snippet:-1, max-image-preview:large, max-video-preview:-1\" \/>\n<link rel=\"canonical\" href=\"https:\/\/www.restaurant-alouette.com\/en\/bons-cadeaux\/\" \/>\n<meta property=\"og:locale\" content=\"en_GB\" \/>\n<meta property=\"og:type\" content=\"article\" \/>\n<meta property=\"og:title\" content=\"Bon cadeau - Restaurant L&#039;Alouette\" \/>\n<meta property=\"og:description\" content=\"Avec nos bons cadeaux payables en ligne, faite plaisir \u00e0 vos proches en leur offrant : un montant, un repas au restaurant ou un coffret de vins d&#039;expetions.\" \/>\n<meta property=\"og:url\" content=\"https:\/\/www.restaurant-alouette.com\/en\/bons-cadeaux\/\" \/>\n<meta property=\"og:site_name\" content=\"Restaurant Alouette\" \/>\n<meta property=\"article:publisher\" content=\"https:\/\/www.facebook.com\/Lalouette-Plus-quun-Restaurant-120299032976\/\" \/>\n<meta property=\"article:modified_time\" content=\"2026-01-09T20:55:54+00:00\" \/>\n<meta property=\"og:image\" content=\"https:\/\/www.restaurant-alouette.com\/wp-content\/uploads\/2020\/01\/cadeau1-min.png\" \/>\n<meta name=\"twitter:card\" content=\"summary_large_image\" \/>\n<meta name=\"twitter:label1\" content=\"Estimated reading time\" \/>\n\t<meta name=\"twitter:data1\" content=\"1 minute\" \/>\n<script type=\"application\/ld+json\" class=\"yoast-schema-graph\">{\"@context\":\"https:\/\/schema.org\",\"@graph\":[{\"@type\":\"WebPage\",\"@id\":\"https:\/\/www.restaurant-alouette.com\/fr\/bons-cadeaux\/\",\"url\":\"https:\/\/www.restaurant-alouette.com\/fr\/bons-cadeaux\/\",\"name\":\"Bon cadeau - Restaurant L'Alouette\",\"isPartOf\":{\"@id\":\"http:\/\/www.restaurant-alouette.com\/fr\/#website\"},\"primaryImageOfPage\":{\"@id\":\"https:\/\/www.restaurant-alouette.com\/fr\/bons-cadeaux\/#primaryimage\"},\"image\":{\"@id\":\"https:\/\/www.restaurant-alouette.com\/fr\/bons-cadeaux\/#primaryimage\"},\"thumbnailUrl\":\"https:\/\/www.restaurant-alouette.com\/wp-content\/uploads\/2020\/01\/cadeau1-min.png\",\"datePublished\":\"2017-03-08T21:24:02+00:00\",\"dateModified\":\"2026-01-09T20:55:54+00:00\",\"description\":\"Avec nos bons cadeaux payables en ligne, faite plaisir \u00e0 vos proches en leur offrant : un montant, un repas au restaurant ou un coffret de vins d'expetions.\",\"breadcrumb\":{\"@id\":\"https:\/\/www.restaurant-alouette.com\/fr\/bons-cadeaux\/#breadcrumb\"},\"inLanguage\":\"en-GB\",\"potentialAction\":[{\"@type\":\"ReadAction\",\"target\":[\"https:\/\/www.restaurant-alouette.com\/fr\/bons-cadeaux\/\"]}]},{\"@type\":\"ImageObject\",\"inLanguage\":\"en-GB\",\"@id\":\"https:\/\/www.restaurant-alouette.com\/fr\/bons-cadeaux\/#primaryimage\",\"url\":\"https:\/\/www.restaurant-alouette.com\/wp-content\/uploads\/2020\/01\/cadeau1-min.png\",\"contentUrl\":\"https:\/\/www.restaurant-alouette.com\/wp-content\/uploads\/2020\/01\/cadeau1-min.png\"},{\"@type\":\"BreadcrumbList\",\"@id\":\"https:\/\/www.restaurant-alouette.com\/fr\/bons-cadeaux\/#breadcrumb\",\"itemListElement\":[{\"@type\":\"ListItem\",\"position\":1,\"name\":\"Accueil\",\"item\":\"https:\/\/www.restaurant-alouette.com\/fr\/\"},{\"@type\":\"ListItem\",\"position\":2,\"name\":\"BONS CADEAUX\"}]},{\"@type\":\"WebSite\",\"@id\":\"http:\/\/www.restaurant-alouette.com\/fr\/#website\",\"url\":\"http:\/\/www.restaurant-alouette.com\/fr\/\",\"name\":\"Restaurant de l'Alouette\",\"description\":\"Votre restaurant gastronomique \u00e0 Bonnefamille\",\"potentialAction\":[{\"@type\":\"SearchAction\",\"target\":{\"@type\":\"EntryPoint\",\"urlTemplate\":\"http:\/\/www.restaurant-alouette.com\/fr\/?s={search_term_string}\"},\"query-input\":\"required name=search_term_string\"}],\"inLanguage\":\"en-GB\"}]}<\/script>\n<!-- \/ Yoast SEO plugin. -->","yoast_head_json":{"title":"Bon cadeau - Restaurant L'Alouette","description":"Avec nos bons cadeaux payables en ligne, faite plaisir \u00e0 vos proches en leur offrant : un montant, un repas au restaurant ou un coffret de vins d'expetions.","robots":{"index":"index","follow":"follow","max-snippet":"max-snippet:-1","max-image-preview":"max-image-preview:large","max-video-preview":"max-video-preview:-1"},"canonical":"https:\/\/www.restaurant-alouette.com\/en\/bons-cadeaux\/","og_locale":"en_GB","og_type":"article","og_title":"Bon cadeau - Restaurant L'Alouette","og_description":"Avec nos bons cadeaux payables en ligne, faite plaisir \u00e0 vos proches en leur offrant : un montant, un repas au restaurant ou un coffret de vins d'expetions.","og_url":"https:\/\/www.restaurant-alouette.com\/en\/bons-cadeaux\/","og_site_name":"Restaurant Alouette","article_publisher":"https:\/\/www.facebook.com\/Lalouette-Plus-quun-Restaurant-120299032976\/","article_modified_time":"2026-01-09T20:55:54+00:00","og_image":[{"url":"https:\/\/www.restaurant-alouette.com\/wp-content\/uploads\/2020\/01\/cadeau1-min.png"}],"twitter_card":"summary_large_image","twitter_misc":{"Estimated reading time":"1 minute"},"schema":{"@context":"https:\/\/schema.org","@graph":[{"@type":"WebPage","@id":"https:\/\/www.restaurant-alouette.com\/fr\/bons-cadeaux\/","url":"https:\/\/www.restaurant-alouette.com\/fr\/bons-cadeaux\/","name":"Bon cadeau - Restaurant L'Alouette","isPartOf":{"@id":"http:\/\/www.restaurant-alouette.com\/fr\/#website"},"primaryImageOfPage":{"@id":"https:\/\/www.restaurant-alouette.com\/fr\/bons-cadeaux\/#primaryimage"},"image":{"@id":"https:\/\/www.restaurant-alouette.com\/fr\/bons-cadeaux\/#primaryimage"},"thumbnailUrl":"https:\/\/www.restaurant-alouette.com\/wp-content\/uploads\/2020\/01\/cadeau1-min.png","datePublished":"2017-03-08T21:24:02+00:00","dateModified":"2026-01-09T20:55:54+00:00","description":"Avec nos bons cadeaux payables en ligne, faite plaisir \u00e0 vos proches en leur offrant : un montant, un repas au restaurant ou un coffret de vins d'expetions.","breadcrumb":{"@id":"https:\/\/www.restaurant-alouette.com\/fr\/bons-cadeaux\/#breadcrumb"},"inLanguage":"en-GB","potentialAction":[{"@type":"ReadAction","target":["https:\/\/www.restaurant-alouette.com\/fr\/bons-cadeaux\/"]}]},{"@type":"ImageObject","inLanguage":"en-GB","@id":"https:\/\/www.restaurant-alouette.com\/fr\/bons-cadeaux\/#primaryimage","url":"https:\/\/www.restaurant-alouette.com\/wp-content\/uploads\/2020\/01\/cadeau1-min.png","contentUrl":"https:\/\/www.restaurant-alouette.com\/wp-content\/uploads\/2020\/01\/cadeau1-min.png"},{"@type":"BreadcrumbList","@id":"https:\/\/www.restaurant-alouette.com\/fr\/bons-cadeaux\/#breadcrumb","itemListElement":[{"@type":"ListItem","position":1,"name":"Accueil","item":"https:\/\/www.restaurant-alouette.com\/fr\/"},{"@type":"ListItem","position":2,"name":"BONS CADEAUX"}]},{"@type":"WebSite","@id":"http:\/\/www.restaurant-alouette.com\/fr\/#website","url":"http:\/\/www.restaurant-alouette.com\/fr\/","name":"Restaurant de l'Alouette","description":"Votre restaurant gastronomique \u00e0 Bonnefamille","potentialAction":[{"@type":"SearchAction","target":{"@type":"EntryPoint","urlTemplate":"http:\/\/www.restaurant-alouette.com\/fr\/?s={search_term_string}"},"query-input":"required name=search_term_string"}],"inLanguage":"en-GB"}]}},"jetpack_sharing_enabled":true,"_links":{"self":[{"href":"https:\/\/www.restaurant-alouette.com\/en\/wp-json\/wp\/v2\/pages\/151"}],"collection":[{"href":"https:\/\/www.restaurant-alouette.com\/en\/wp-json\/wp\/v2\/pages"}],"about":[{"href":"https:\/\/www.restaurant-alouette.com\/en\/wp-json\/wp\/v2\/types\/page"}],"author":[{"embeddable":true,"href":"https:\/\/www.restaurant-alouette.com\/en\/wp-json\/wp\/v2\/users\/1"}],"replies":[{"embeddable":true,"href":"https:\/\/www.restaurant-alouette.com\/en\/wp-json\/wp\/v2\/comments?post=151"}],"version-history":[{"count":77,"href":"https:\/\/www.restaurant-alouette.com\/en\/wp-json\/wp\/v2\/pages\/151\/revisions"}],"predecessor-version":[{"id":18760,"href":"https:\/\/www.restaurant-alouette.com\/en\/wp-json\/wp\/v2\/pages\/151\/revisions\/18760"}],"wp:attachment":[{"href":"https:\/\/www.restaurant-alouette.com\/en\/wp-json\/wp\/v2\/media?parent=151"}],"curies":[{"name":"wp","href":"https:\/\/api.w.org\/{rel}","templated":true}]}}