{"id":154,"date":"2017-03-08T22:24:57","date_gmt":"2017-03-08T21:24:57","guid":{"rendered":"http:\/\/www.restaurant-alouette.com\/?page_id=154"},"modified":"2025-11-26T12:53:01","modified_gmt":"2025-11-26T11:53:01","slug":"actualites","status":"publish","type":"page","link":"https:\/\/www.restaurant-alouette.com\/en\/actualites\/","title":{"rendered":"ACTUALIT\u00c9S"},"content":{"rendered":"<img loading=\"lazy\" decoding=\"async\" src=\"https:\/\/www.restaurant-alouette.com\/wp-content\/uploads\/2020\/01\/evenements.svg\" alt=\"evenements\" itemprop=\"image\" height=\"297\" width=\"210\" title=\"evenements\" onerror=\"this.style.display='none'\"  \/>\n\t<p><strong>Expositions de 2025 :<\/strong><\/p>\n<p>Actuellement expos\u00e9 : les peintures de Fran\u00e7ois Vachon.<\/p>\n<p>&nbsp;<\/p>\n<p>Exposition pr\u00e9c\u00e9dente : les peintures de Val\u00e9rie Cabaret\u00a0<\/p>\n<hr \/>\n<p>&nbsp;<\/p>\n\t<p><strong>Expositions de 2024 :\u00a0<\/strong><\/p>\n<p><em>Du 27 septembre au 30 novembre 2024<\/em><\/p>\n<p>Les murs de l&#8217;Alouette accueillent les photos de :<\/p>\n<p>C\u00e9cile Marpeau \u00ab Les Grandes Terres dans la Brume \u00bb<\/p>\n<p>&amp;<\/p>\n<p>Bernard Corella \u00ab Plan\u00e8te Skate \u00bb<\/p>\n<p>&nbsp;<\/p>\n<p>&nbsp;<\/p>\n<hr \/>\n<table role=\"presentation\" border=\"0\" width=\"100%\" cellspacing=\"0\" cellpadding=\"0\">\n<tbody>\n<tr>\n<td align=\"left\">\n<strong><em>Du 16 mai au 27 septembre 2024<\/em><\/strong>\n<b><u>Yorg\u00f6s Tambaktis<\/u><\/b>\n<\/td>\n<\/tr>\n<tr>\n<td align=\"left\">\n&#8220;N\u00e9 en 1957, fait ses \u00e9tudes \u00e0 Grenoble et poursuit en auditeur libre aux Beaux Arts de cette m\u00eame ville de nombreuses ann\u00e9es, int\u00e8gre ensuite les Beaux Arts de Lyon.\nIl pr\u00e9sente son travail de plasticien, depuis cette \u00e9poque, tout au long de l&#8217;ann\u00e9e en installations ponctuelles, performances et dans des galeries.\nA effectu\u00e9 plusieurs improvisations picturales pendant des set musicaux, avec diff\u00e9rents groupes, amateurs \u00e9clair\u00e9s et professionnels ;\n&#8211; A Saint Priest, Bron, Salaise sur Sanne , Saint Laurent de Mure et pendant le Festival de Jazz \u00e0 Vienne, au Jardin de Cyb\u00e8le.\nDes commandes sp\u00e9cifiques de cr\u00e9ation peuvent aussi \u00eatre envisag\u00e9es en correspondance avec ses nombreux carnets de croquis et d\u00e9sirs des collectionneurs, possibilit\u00e9 de cours particulier.&#8221;\n<\/td>\n<\/tr>\n<\/tbody>\n<\/table>\n\t\t\t\t<img loading=\"lazy\" decoding=\"async\" src=\"https:\/\/www.restaurant-alouette.com\/wp-content\/uploads\/2024\/05\/expo-tambaktis.png\" alt=\"expo tambaktis\" itemprop=\"image\" height=\"876\" width=\"646\" title=\"expo tambaktis\" onerror=\"this.style.display='none'\"  \/>\n\t<p>&nbsp;<\/p>\n<p><strong>Rencontre 2022 avec Monsieur Bernard Fran\u00e7ois, Meilleur Ouvrier de France<\/strong><\/p>\n<p>Formation P\u00e2t\u00e9 en cro\u00fbte<\/p>\n\t\t\t\t<img loading=\"lazy\" decoding=\"async\" src=\"https:\/\/www.restaurant-alouette.com\/wp-content\/uploads\/2022\/04\/IMG_0984002.jpg\" alt=\"IMG_0984002\" itemprop=\"image\" height=\"960\" width=\"720\" title=\"IMG_0984002\" onerror=\"this.style.display='none'\"  \/>\n\t<p><strong>Exposition 2022 : Ther\u00e8se Potocka Rozwadowska<\/strong><\/p>\n\t\t\t\t<img loading=\"lazy\" decoding=\"async\" src=\"https:\/\/www.restaurant-alouette.com\/wp-content\/uploads\/2022\/03\/Gravure-Tereska-R.-225x300.jpg\" alt=\"Gravure Tereska R.\" itemprop=\"image\" height=\"300\" width=\"225\" title=\"Gravure Tereska R.\" onerror=\"this.style.display='none'\"  \/>\n\t<strong>SUR LA ROUTE DE LA GRAVURE DE TERESKA&#8230;&#8230;<\/strong>\n<strong><i>Apprendre \u00e0 marcher, dominer son corps et son souffle pour pouvoir oublier et ressentir-quelques si rares fois- de n&#8217;\u00eatre qu&#8217;un outil par lequel passe un courant qui vient d&#8217;infiniment loin.<\/i><\/strong>\n<strong><i>Partant du Cap en Afrique du Sud en passant par la Pologne, la France, la Californie et se posant entre la Haute Vall\u00e9e d&#8217;Azergues et Corbas dans le Rh\u00f4ne, le chemin de la gravure de \u00a0Tereska est &#8216;\u00e9clectique&#8217;, \u00e0 l&#8217;image de son parcours.<\/i><\/strong>\n<strong><i>La technique et la rigueur de la gravure, une fois d\u00e9pass\u00e9es, aboutissent \u00e0 des nouveaux chemins et espaces de libert\u00e9.<\/i><\/strong>\n<strong><i>Avec empathies pour la modestie de la Nature et de l&#8217;Humanit\u00e9, Tereska cr\u00e9e fraicheur, l\u00e9g\u00e8ret\u00e9 \u00a0et pr\u00e9cision avec une audace rare dans cet acte de gravure si exigeant.<\/i><\/strong>\n<strong><i>Ses \u00ab petites \u00bb histoires qui croisent parfois la \u00ab grande&#8221; histoire, puisent dans les rencontres qui l&#8217;on construite. Cela se ressent et se cache dans ses gravures.<\/i><\/strong>\n<strong><i>Les bras grands ouverts, soyez les bienvenues sur son sentier.<\/i><\/strong>\n\t<p><strong>Exposition 2021 : C\u00e9cile Windeck<\/strong><\/p>\n\t\t\t\t<img loading=\"lazy\" decoding=\"async\" src=\"https:\/\/www.restaurant-alouette.com\/wp-content\/uploads\/2022\/03\/expo-2021-300x300.png\" alt=\"expo 2021\" itemprop=\"image\" height=\"300\" width=\"300\" title=\"expo 2021\" onerror=\"this.style.display='none'\"  \/>\n\t<p>C\u00e9cile Windeck travaille en peinture depuis longtemps sur le th\u00e8me du cr\u00e9puscule. Mais au del\u00e0 de ce th\u00e8me r\u00e9curant, c&#8217;est tout le myst\u00e8re de la vie qui la questionne. Elle sculpte la peinture avec de grand aplats \u00e0 l&#8217;acrylique, puis intervient \u00e0 l&#8217;encre noire de fa\u00e7on al\u00e9atoire pour cr\u00e9er une surprise et continue \u00e0 construire sa toile de glacis en glacis. elle peint la paysage de ses \u00e9motions.<\/p>","protected":false},"excerpt":{"rendered":"<p>Expositions de 2025 : Actuellement expos\u00e9 : les peintures de Fran\u00e7ois Vachon. &nbsp; Exposition pr\u00e9c\u00e9dente : les peintures de Val\u00e9rie Cabaret\u00a0 &nbsp; Expositions de 2024 :\u00a0 Du 27 septembre au 30 novembre 2024 Les murs de l&#8217;Alouette accueillent les photos de : C\u00e9cile Marpeau \u00ab Les Grandes Terres dans la Brume \u00bb &amp; Bernard Corella [&hellip;]<\/p>","protected":false},"author":1,"featured_media":6126,"parent":0,"menu_order":0,"comment_status":"closed","ping_status":"closed","template":"","meta":{"inline_featured_image":false,"_exactmetrics_skip_tracking":false,"_exactmetrics_sitenote_active":false,"_exactmetrics_sitenote_note":"","_exactmetrics_sitenote_category":0,"footnotes":""},"yoast_head":"<!-- This site is optimized with the Yoast SEO plugin v23.0 - https:\/\/yoast.com\/wordpress\/plugins\/seo\/ -->\n<title>ACTUALIT\u00c9S - Restaurant Alouette<\/title>\n<meta name=\"description\" content=\"Retrouvez toutes les actualit\u00e9s du restaurant de l&#039;Alouette. Vous y d\u00e9couvrirez notamment des vernissages, des concerts, des expositions d&#039;artistes locaux.\" \/>\n<meta name=\"robots\" content=\"index, follow, max-snippet:-1, max-image-preview:large, max-video-preview:-1\" \/>\n<link rel=\"canonical\" href=\"https:\/\/www.restaurant-alouette.com\/en\/actualites\/\" \/>\n<meta property=\"og:locale\" content=\"en_GB\" \/>\n<meta property=\"og:type\" content=\"article\" \/>\n<meta property=\"og:title\" content=\"ACTUALIT\u00c9S - Restaurant Alouette\" \/>\n<meta property=\"og:description\" content=\"Retrouvez toutes les actualit\u00e9s du restaurant de l&#039;Alouette. Vous y d\u00e9couvrirez notamment des vernissages, des concerts, des expositions d&#039;artistes locaux.\" \/>\n<meta property=\"og:url\" content=\"https:\/\/www.restaurant-alouette.com\/en\/actualites\/\" \/>\n<meta property=\"og:site_name\" content=\"Restaurant Alouette\" \/>\n<meta property=\"article:publisher\" content=\"https:\/\/www.facebook.com\/Lalouette-Plus-quun-Restaurant-120299032976\/\" \/>\n<meta property=\"article:modified_time\" content=\"2025-11-26T11:53:01+00:00\" \/>\n<meta property=\"og:image\" content=\"https:\/\/www.restaurant-alouette.com\/wp-content\/uploads\/2020\/03\/AFFICHE-17-Mars-2020_Page_1-990x1400.png\" \/>\n\t<meta property=\"og:image:width\" content=\"990\" \/>\n\t<meta property=\"og:image:height\" content=\"1400\" \/>\n\t<meta property=\"og:image:type\" content=\"image\/png\" \/>\n<meta name=\"twitter:card\" content=\"summary_large_image\" \/>\n<meta name=\"twitter:label1\" content=\"Estimated reading time\" \/>\n\t<meta name=\"twitter:data1\" content=\"2 minutes\" \/>\n<script type=\"application\/ld+json\" class=\"yoast-schema-graph\">{\"@context\":\"https:\/\/schema.org\",\"@graph\":[{\"@type\":\"WebPage\",\"@id\":\"https:\/\/www.restaurant-alouette.com\/fr\/actualites\/\",\"url\":\"https:\/\/www.restaurant-alouette.com\/fr\/actualites\/\",\"name\":\"ACTUALIT\u00c9S - Restaurant Alouette\",\"isPartOf\":{\"@id\":\"http:\/\/www.restaurant-alouette.com\/fr\/#website\"},\"primaryImageOfPage\":{\"@id\":\"https:\/\/www.restaurant-alouette.com\/fr\/actualites\/#primaryimage\"},\"image\":{\"@id\":\"https:\/\/www.restaurant-alouette.com\/fr\/actualites\/#primaryimage\"},\"thumbnailUrl\":\"https:\/\/www.restaurant-alouette.com\/wp-content\/uploads\/2020\/03\/AFFICHE-17-Mars-2020_Page_1.png\",\"datePublished\":\"2017-03-08T21:24:57+00:00\",\"dateModified\":\"2025-11-26T11:53:01+00:00\",\"description\":\"Retrouvez toutes les actualit\u00e9s du restaurant de l'Alouette. Vous y d\u00e9couvrirez notamment des vernissages, des concerts, des expositions d'artistes locaux.\",\"breadcrumb\":{\"@id\":\"https:\/\/www.restaurant-alouette.com\/fr\/actualites\/#breadcrumb\"},\"inLanguage\":\"en-GB\",\"potentialAction\":[{\"@type\":\"ReadAction\",\"target\":[\"https:\/\/www.restaurant-alouette.com\/fr\/actualites\/\"]}]},{\"@type\":\"ImageObject\",\"inLanguage\":\"en-GB\",\"@id\":\"https:\/\/www.restaurant-alouette.com\/fr\/actualites\/#primaryimage\",\"url\":\"https:\/\/www.restaurant-alouette.com\/wp-content\/uploads\/2020\/03\/AFFICHE-17-Mars-2020_Page_1.png\",\"contentUrl\":\"https:\/\/www.restaurant-alouette.com\/wp-content\/uploads\/2020\/03\/AFFICHE-17-Mars-2020_Page_1.png\",\"width\":2339,\"height\":3307,\"caption\":\"AFFICHE\"},{\"@type\":\"BreadcrumbList\",\"@id\":\"https:\/\/www.restaurant-alouette.com\/fr\/actualites\/#breadcrumb\",\"itemListElement\":[{\"@type\":\"ListItem\",\"position\":1,\"name\":\"Accueil\",\"item\":\"http:\/\/www.restaurant-alouette.com\/fr\/\"},{\"@type\":\"ListItem\",\"position\":2,\"name\":\"ACTUALIT\u00c9S\"}]},{\"@type\":\"WebSite\",\"@id\":\"http:\/\/www.restaurant-alouette.com\/fr\/#website\",\"url\":\"http:\/\/www.restaurant-alouette.com\/fr\/\",\"name\":\"Restaurant de l'Alouette\",\"description\":\"Votre restaurant gastronomique \u00e0 Bonnefamille\",\"potentialAction\":[{\"@type\":\"SearchAction\",\"target\":{\"@type\":\"EntryPoint\",\"urlTemplate\":\"http:\/\/www.restaurant-alouette.com\/fr\/?s={search_term_string}\"},\"query-input\":\"required name=search_term_string\"}],\"inLanguage\":\"en-GB\"}]}<\/script>\n<!-- \/ Yoast SEO plugin. -->","yoast_head_json":{"title":"ACTUALIT\u00c9S - Restaurant Alouette","description":"Retrouvez toutes les actualit\u00e9s du restaurant de l'Alouette. Vous y d\u00e9couvrirez notamment des vernissages, des concerts, des expositions d'artistes locaux.","robots":{"index":"index","follow":"follow","max-snippet":"max-snippet:-1","max-image-preview":"max-image-preview:large","max-video-preview":"max-video-preview:-1"},"canonical":"https:\/\/www.restaurant-alouette.com\/en\/actualites\/","og_locale":"en_GB","og_type":"article","og_title":"ACTUALIT\u00c9S - Restaurant Alouette","og_description":"Retrouvez toutes les actualit\u00e9s du restaurant de l'Alouette. Vous y d\u00e9couvrirez notamment des vernissages, des concerts, des expositions d'artistes locaux.","og_url":"https:\/\/www.restaurant-alouette.com\/en\/actualites\/","og_site_name":"Restaurant Alouette","article_publisher":"https:\/\/www.facebook.com\/Lalouette-Plus-quun-Restaurant-120299032976\/","article_modified_time":"2025-11-26T11:53:01+00:00","og_image":[{"width":990,"height":1400,"url":"https:\/\/www.restaurant-alouette.com\/wp-content\/uploads\/2020\/03\/AFFICHE-17-Mars-2020_Page_1-990x1400.png","type":"image\/png"}],"twitter_card":"summary_large_image","twitter_misc":{"Estimated reading time":"2 minutes"},"schema":{"@context":"https:\/\/schema.org","@graph":[{"@type":"WebPage","@id":"https:\/\/www.restaurant-alouette.com\/fr\/actualites\/","url":"https:\/\/www.restaurant-alouette.com\/fr\/actualites\/","name":"ACTUALIT\u00c9S - Restaurant Alouette","isPartOf":{"@id":"http:\/\/www.restaurant-alouette.com\/fr\/#website"},"primaryImageOfPage":{"@id":"https:\/\/www.restaurant-alouette.com\/fr\/actualites\/#primaryimage"},"image":{"@id":"https:\/\/www.restaurant-alouette.com\/fr\/actualites\/#primaryimage"},"thumbnailUrl":"https:\/\/www.restaurant-alouette.com\/wp-content\/uploads\/2020\/03\/AFFICHE-17-Mars-2020_Page_1.png","datePublished":"2017-03-08T21:24:57+00:00","dateModified":"2025-11-26T11:53:01+00:00","description":"Retrouvez toutes les actualit\u00e9s du restaurant de l'Alouette. Vous y d\u00e9couvrirez notamment des vernissages, des concerts, des expositions d'artistes locaux.","breadcrumb":{"@id":"https:\/\/www.restaurant-alouette.com\/fr\/actualites\/#breadcrumb"},"inLanguage":"en-GB","potentialAction":[{"@type":"ReadAction","target":["https:\/\/www.restaurant-alouette.com\/fr\/actualites\/"]}]},{"@type":"ImageObject","inLanguage":"en-GB","@id":"https:\/\/www.restaurant-alouette.com\/fr\/actualites\/#primaryimage","url":"https:\/\/www.restaurant-alouette.com\/wp-content\/uploads\/2020\/03\/AFFICHE-17-Mars-2020_Page_1.png","contentUrl":"https:\/\/www.restaurant-alouette.com\/wp-content\/uploads\/2020\/03\/AFFICHE-17-Mars-2020_Page_1.png","width":2339,"height":3307,"caption":"AFFICHE"},{"@type":"BreadcrumbList","@id":"https:\/\/www.restaurant-alouette.com\/fr\/actualites\/#breadcrumb","itemListElement":[{"@type":"ListItem","position":1,"name":"Accueil","item":"http:\/\/www.restaurant-alouette.com\/fr\/"},{"@type":"ListItem","position":2,"name":"ACTUALIT\u00c9S"}]},{"@type":"WebSite","@id":"http:\/\/www.restaurant-alouette.com\/fr\/#website","url":"http:\/\/www.restaurant-alouette.com\/fr\/","name":"Restaurant de l'Alouette","description":"Votre restaurant gastronomique \u00e0 Bonnefamille","potentialAction":[{"@type":"SearchAction","target":{"@type":"EntryPoint","urlTemplate":"http:\/\/www.restaurant-alouette.com\/fr\/?s={search_term_string}"},"query-input":"required name=search_term_string"}],"inLanguage":"en-GB"}]}},"jetpack_sharing_enabled":true,"_links":{"self":[{"href":"https:\/\/www.restaurant-alouette.com\/en\/wp-json\/wp\/v2\/pages\/154"}],"collection":[{"href":"https:\/\/www.restaurant-alouette.com\/en\/wp-json\/wp\/v2\/pages"}],"about":[{"href":"https:\/\/www.restaurant-alouette.com\/en\/wp-json\/wp\/v2\/types\/page"}],"author":[{"embeddable":true,"href":"https:\/\/www.restaurant-alouette.com\/en\/wp-json\/wp\/v2\/users\/1"}],"replies":[{"embeddable":true,"href":"https:\/\/www.restaurant-alouette.com\/en\/wp-json\/wp\/v2\/comments?post=154"}],"version-history":[{"count":60,"href":"https:\/\/www.restaurant-alouette.com\/en\/wp-json\/wp\/v2\/pages\/154\/revisions"}],"predecessor-version":[{"id":18578,"href":"https:\/\/www.restaurant-alouette.com\/en\/wp-json\/wp\/v2\/pages\/154\/revisions\/18578"}],"wp:featuredmedia":[{"embeddable":true,"href":"https:\/\/www.restaurant-alouette.com\/en\/wp-json\/wp\/v2\/media\/6126"}],"wp:attachment":[{"href":"https:\/\/www.restaurant-alouette.com\/en\/wp-json\/wp\/v2\/media?parent=154"}],"curies":[{"name":"wp","href":"https:\/\/api.w.org\/{rel}","templated":true}]}}