{"id":157,"date":"2017-03-08T22:25:18","date_gmt":"2017-03-08T21:25:18","guid":{"rendered":"http:\/\/www.restaurant-alouette.com\/?page_id=157"},"modified":"2022-12-01T13:17:40","modified_gmt":"2022-12-01T12:17:40","slug":"livre-dor","status":"publish","type":"page","link":"https:\/\/www.restaurant-alouette.com\/en\/livre-dor\/","title":{"rendered":"LIVRE D&#8217;OR"},"content":{"rendered":"<img loading=\"lazy\" decoding=\"async\" src=\"https:\/\/www.restaurant-alouette.com\/wp-content\/uploads\/2020\/01\/LivreOR.svg\" alt=\"LivreOR\" itemprop=\"image\" height=\"297\" width=\"210\" title=\"LivreOR\" onerror=\"this.style.display='none'\"  \/>\n\t<p>We hope you enjoyed your time with us.<\/p>\n<p>Si vous souhaitez t\u00e9moigner de votre passage&#8230;<\/p>\n\t<a href=\"#menu\">\n\t\t  \tMenu\t  \t\n\t    <img loading=\"lazy\" decoding=\"async\" width=\"290\" height=\"305\" src=\"https:\/\/www.restaurant-alouette.com\/wp-content\/uploads\/2019\/12\/menu-tache-equipe-menu.png\" alt=\"\" srcset=\"https:\/\/www.restaurant-alouette.com\/wp-content\/uploads\/2019\/12\/menu-tache-equipe-menu.png 290w, https:\/\/www.restaurant-alouette.com\/wp-content\/uploads\/2019\/12\/menu-tache-equipe-menu-285x300.png 285w, https:\/\/www.restaurant-alouette.com\/wp-content\/uploads\/2019\/12\/menu-tache-equipe-menu-190x200.png 190w\" sizes=\"(max-width: 290px) 100vw, 290px\" \/>\t<\/a>\n\t\t<img loading=\"lazy\" decoding=\"async\" width=\"1400\" height=\"933\" src=\"https:\/\/www.restaurant-alouette.com\/wp-content\/uploads\/2020\/01\/avis-client-satisfait-restaurant-alouette.jpg\" alt=\"\" srcset=\"https:\/\/www.restaurant-alouette.com\/wp-content\/uploads\/2020\/01\/avis-client-satisfait-restaurant-alouette.jpg 1400w, https:\/\/www.restaurant-alouette.com\/wp-content\/uploads\/2020\/01\/avis-client-satisfait-restaurant-alouette-300x200.jpg 300w, https:\/\/www.restaurant-alouette.com\/wp-content\/uploads\/2020\/01\/avis-client-satisfait-restaurant-alouette-768x512.jpg 768w, https:\/\/www.restaurant-alouette.com\/wp-content\/uploads\/2020\/01\/avis-client-satisfait-restaurant-alouette-200x133.jpg 200w, https:\/\/www.restaurant-alouette.com\/wp-content\/uploads\/2020\/01\/avis-client-satisfait-restaurant-alouette-500x333.jpg 500w\" sizes=\"(max-width: 1400px) 100vw, 1400px\" \/><img loading=\"lazy\" decoding=\"async\" width=\"1400\" height=\"933\" src=\"https:\/\/www.restaurant-alouette.com\/wp-content\/uploads\/2020\/01\/avis-client-satisfait-restaurant-alouette.jpg\" alt=\"\" srcset=\"https:\/\/www.restaurant-alouette.com\/wp-content\/uploads\/2020\/01\/avis-client-satisfait-restaurant-alouette.jpg 1400w, https:\/\/www.restaurant-alouette.com\/wp-content\/uploads\/2020\/01\/avis-client-satisfait-restaurant-alouette-300x200.jpg 300w, https:\/\/www.restaurant-alouette.com\/wp-content\/uploads\/2020\/01\/avis-client-satisfait-restaurant-alouette-768x512.jpg 768w, https:\/\/www.restaurant-alouette.com\/wp-content\/uploads\/2020\/01\/avis-client-satisfait-restaurant-alouette-200x133.jpg 200w, https:\/\/www.restaurant-alouette.com\/wp-content\/uploads\/2020\/01\/avis-client-satisfait-restaurant-alouette-500x333.jpg 500w\" sizes=\"(max-width: 1400px) 100vw, 1400px\" \/><img loading=\"lazy\" decoding=\"async\" width=\"1400\" height=\"933\" src=\"https:\/\/www.restaurant-alouette.com\/wp-content\/uploads\/2020\/01\/avis-client-satisfait-restaurant-alouette.jpg\" alt=\"\" srcset=\"https:\/\/www.restaurant-alouette.com\/wp-content\/uploads\/2020\/01\/avis-client-satisfait-restaurant-alouette.jpg 1400w, https:\/\/www.restaurant-alouette.com\/wp-content\/uploads\/2020\/01\/avis-client-satisfait-restaurant-alouette-300x200.jpg 300w, https:\/\/www.restaurant-alouette.com\/wp-content\/uploads\/2020\/01\/avis-client-satisfait-restaurant-alouette-768x512.jpg 768w, https:\/\/www.restaurant-alouette.com\/wp-content\/uploads\/2020\/01\/avis-client-satisfait-restaurant-alouette-200x133.jpg 200w, https:\/\/www.restaurant-alouette.com\/wp-content\/uploads\/2020\/01\/avis-client-satisfait-restaurant-alouette-500x333.jpg 500w\" sizes=\"(max-width: 1400px) 100vw, 1400px\" \/>    \n\t<p>N&#8217;h\u00e9sitez pas \u00e0 aller voir d&#8217;autres avis sur tripadvisor<\/p>\n\t<a href=\"https:\/\/www.tripadvisor.fr\/Restaurant_Review-g1500064-d2010356-Reviews-L_alouette-Bonnefamille_Isere_Auvergne_Rhone_Alpes.html\">\n\t\t  \tTripAdvisor\t  \t\n\t    <img loading=\"lazy\" decoding=\"async\" width=\"585\" height=\"288\" src=\"https:\/\/www.restaurant-alouette.com\/wp-content\/uploads\/2020\/01\/livre-or-liens2-min.png\" alt=\"\" srcset=\"https:\/\/www.restaurant-alouette.com\/wp-content\/uploads\/2020\/01\/livre-or-liens2-min.png 585w, https:\/\/www.restaurant-alouette.com\/wp-content\/uploads\/2020\/01\/livre-or-liens2-min-300x148.png 300w, https:\/\/www.restaurant-alouette.com\/wp-content\/uploads\/2020\/01\/livre-or-liens2-min-200x98.png 200w, https:\/\/www.restaurant-alouette.com\/wp-content\/uploads\/2020\/01\/livre-or-liens2-min-500x246.png 500w\" sizes=\"(max-width: 585px) 100vw, 585px\" \/>\t<\/a>\n\t<a href=\"https:\/\/www.restaurant-alouette.com\/en\/reservez-votre-table\/\">\n\t\t  \tR\u00e9server\t\t\t  \t\n\t    <img loading=\"lazy\" decoding=\"async\" width=\"585\" height=\"297\" src=\"https:\/\/www.restaurant-alouette.com\/wp-content\/uploads\/2020\/01\/livre-or-liens1-min.png\" alt=\"\" srcset=\"https:\/\/www.restaurant-alouette.com\/wp-content\/uploads\/2020\/01\/livre-or-liens1-min.png 585w, https:\/\/www.restaurant-alouette.com\/wp-content\/uploads\/2020\/01\/livre-or-liens1-min-300x152.png 300w, https:\/\/www.restaurant-alouette.com\/wp-content\/uploads\/2020\/01\/livre-or-liens1-min-200x102.png 200w, https:\/\/www.restaurant-alouette.com\/wp-content\/uploads\/2020\/01\/livre-or-liens1-min-500x254.png 500w\" sizes=\"(max-width: 585px) 100vw, 585px\" \/>\t<\/a>\n\t<h2>\n\t\tThey talk about us\n\t<\/h2>\n\t\t\t\t<img loading=\"lazy\" decoding=\"async\" src=\"https:\/\/www.restaurant-alouette.com\/wp-content\/uploads\/2020\/01\/michelin-3forks-1.png\" alt=\"michelin-3forks\" itemprop=\"image\" height=\"172\" width=\"300\" title=\"michelin-3forks\" onerror=\"this.style.display='none'\"  \/>\n\t<blockquote><p>\u201cThis is a nice contemporary restaurant with its waxed concrete floor, its artworks (for sale!), Its grand piano and its pretty garden. The chef concocts seasonal cuisine, fine and tasty, from the products of the market. And to accompany this, the winery offers a choice of more than 450 references!\u201d<\/p>\n\u201cAs soon as you arrive at the Alouette, the shutters announce the colour: a vitaminized chromaticism, far from the beaten path, awakens the taste buds.\u201d<br \/>\nSeveral labels testify to our commitment\u2026<\/blockquote>\n\t\t\t\t<img loading=\"lazy\" decoding=\"async\" src=\"https:\/\/www.restaurant-alouette.com\/wp-content\/uploads\/2020\/01\/Logo_QT.png\" alt=\"Logo_QT\" itemprop=\"image\" height=\"364\" width=\"400\" title=\"Logo_QT\" onerror=\"this.style.display='none'\"  \/>\n\t<blockquote><p>La Plateforme Qualit\u00e9, est un outil destin\u00e9 au r\u00e9seau d\u2019Offices de Tourisme de France\u00ae, permettant \u00e0 chacun, de mieux comprendre et mettre en \u0153uvre une d\u00e9marche qualit\u00e9, obtenir la marque QUALIT\u00c9 TOURISME&#x2122; et r\u00e9aliser son suivi.<\/p>\n<p>It is also a space for exchanges of experiences between the Territorial Relays that accompany the tourist offices for the implementation of quality procedures.<\/p><\/blockquote>\n\t<blockquote><p>The Master Restorer is a professional restaurateur with validated professional experience, it is a cooking commitment made in the company from raw products, mostly fresh, integrating the short circuits. It is a title assigned by the prefect after a control audit. It is a voluntary approach of the professional who is renewed every 4 years.<\/p><\/blockquote>\n\t\t\t\t<img loading=\"lazy\" decoding=\"async\" src=\"https:\/\/www.restaurant-alouette.com\/wp-content\/uploads\/2020\/01\/ROX_MRmC_400x400.png\" alt=\"ROX_MRmC_400x400\" itemprop=\"image\" height=\"400\" width=\"400\" title=\"ROX_MRmC_400x400\" onerror=\"this.style.display='none'\"  \/>\n\t\t\t\t<img loading=\"lazy\" decoding=\"async\" src=\"https:\/\/www.restaurant-alouette.com\/wp-content\/uploads\/2020\/01\/logo-Resto-Qualit\u00e9.png\" alt=\"logo-Resto-Qualit\u00e9\" itemprop=\"image\" height=\"512\" width=\"528\" title=\"logo-Resto-Qualit\u00e9\" onerror=\"this.style.display='none'\"  \/>\n\t<blockquote><p>The Quality Restaurant approach recognized by the Coll\u00e8ge de France is a militant and federative approach of all those who realize and appreciate quality cuisine, realized with professionalism and inspired by passion, authentic and friendly.<\/p>\n<p>All those who work as restaurateurs are concerned: bistros or stars, small inns or large tables\u2026<\/p><\/blockquote>\n\t<blockquote><p>\u201cThis institution, which is close to the Lyon metropolitan area, is moving in the right direction, with a new room and a beautiful terrace inaugurated in 2011. At the piano, Jean-Claude Marlhins (previously at Pass\u00e9dat and the Pyramid) more focused on old-fashioned sauces and sometimes somewhat precious compositions but which fit perfectly with the chic and bourgeois atmosphere that reigns in his house\u2026\nProducts without defect, interesting cellar.\u201d<\/p><\/blockquote>\n\t\t\t\t<img loading=\"lazy\" decoding=\"async\" src=\"https:\/\/www.restaurant-alouette.com\/wp-content\/uploads\/2020\/01\/GaultMillau2-1.png\" alt=\"GaultMillau2\" itemprop=\"image\" height=\"552\" width=\"1034\" title=\"GaultMillau2\" onerror=\"this.style.display='none'\"  \/>","protected":false},"excerpt":{"rendered":"<p>Nous esp\u00e9rons que vous avez pass\u00e9 un agr\u00e9able moment en notre compagnie. Si vous souhaitez t\u00e9moigner de votre passage&#8230; Menu N&#8217;h\u00e9sitez pas \u00e0 aller voir d&#8217;autres avis sur tripadvisor TripAdvisor R\u00e9server Ils en parlent \u201cVoil\u00e0 un restaurant contemporain bien agr\u00e9able avec son sol en b\u00e9ton cir\u00e9, ses oeuvres d\u2019art (\u00e0 vendre !), son piano \u00e0 [&hellip;]<\/p>","protected":false},"author":1,"featured_media":0,"parent":0,"menu_order":0,"comment_status":"closed","ping_status":"closed","template":"","meta":{"inline_featured_image":false,"_exactmetrics_skip_tracking":false,"_exactmetrics_sitenote_active":false,"_exactmetrics_sitenote_note":"","_exactmetrics_sitenote_category":0,"footnotes":""},"yoast_head":"<!-- This site is optimized with the Yoast SEO plugin v23.0 - https:\/\/yoast.com\/wordpress\/plugins\/seo\/ -->\n<title>Le livre d&#039;or pour nous \u00e9valuer - Restaurant de l&#039;Alouette<\/title>\n<meta name=\"description\" content=\"Le livre d&#039;or est \u00e0 votre disposition. N&#039;h\u00e9sitez \u00e0 nous faire part de vos commentaires afin que nous soyons encore plus \u00e0 votre \u00e9coute\" \/>\n<meta name=\"robots\" content=\"index, follow, max-snippet:-1, max-image-preview:large, max-video-preview:-1\" \/>\n<link rel=\"canonical\" href=\"https:\/\/www.restaurant-alouette.com\/en\/livre-dor\/\" \/>\n<meta property=\"og:locale\" content=\"en_GB\" \/>\n<meta property=\"og:type\" content=\"article\" \/>\n<meta property=\"og:title\" content=\"Le livre d&#039;or pour nous \u00e9valuer - Restaurant de l&#039;Alouette\" \/>\n<meta property=\"og:description\" content=\"Le livre d&#039;or est \u00e0 votre disposition. N&#039;h\u00e9sitez \u00e0 nous faire part de vos commentaires afin que nous soyons encore plus \u00e0 votre \u00e9coute\" \/>\n<meta property=\"og:url\" content=\"https:\/\/www.restaurant-alouette.com\/en\/livre-dor\/\" \/>\n<meta property=\"og:site_name\" content=\"Restaurant Alouette\" \/>\n<meta property=\"article:publisher\" content=\"https:\/\/www.facebook.com\/Lalouette-Plus-quun-Restaurant-120299032976\/\" \/>\n<meta property=\"article:modified_time\" content=\"2022-12-01T12:17:40+00:00\" \/>\n<meta property=\"og:image\" content=\"https:\/\/www.restaurant-alouette.com\/wp-content\/uploads\/2020\/01\/LivreOR.svg\" \/>\n<meta name=\"twitter:card\" content=\"summary_large_image\" \/>\n<meta name=\"twitter:label1\" content=\"Estimated reading time\" \/>\n\t<meta name=\"twitter:data1\" content=\"2 minutes\" \/>\n<script type=\"application\/ld+json\" class=\"yoast-schema-graph\">{\"@context\":\"https:\/\/schema.org\",\"@graph\":[{\"@type\":\"WebPage\",\"@id\":\"https:\/\/www.restaurant-alouette.com\/fr\/livre-dor\/\",\"url\":\"https:\/\/www.restaurant-alouette.com\/fr\/livre-dor\/\",\"name\":\"Le livre d'or pour nous \u00e9valuer - Restaurant de l'Alouette\",\"isPartOf\":{\"@id\":\"https:\/\/www.restaurant-alouette.com\/en\/#website\"},\"primaryImageOfPage\":{\"@id\":\"https:\/\/www.restaurant-alouette.com\/fr\/livre-dor\/#primaryimage\"},\"image\":{\"@id\":\"https:\/\/www.restaurant-alouette.com\/fr\/livre-dor\/#primaryimage\"},\"thumbnailUrl\":\"https:\/\/www.restaurant-alouette.com\/wp-content\/uploads\/2020\/01\/LivreOR.svg\",\"datePublished\":\"2017-03-08T21:25:18+00:00\",\"dateModified\":\"2022-12-01T12:17:40+00:00\",\"description\":\"Le livre d'or est \u00e0 votre disposition. N'h\u00e9sitez \u00e0 nous faire part de vos commentaires afin que nous soyons encore plus \u00e0 votre \u00e9coute\",\"breadcrumb\":{\"@id\":\"https:\/\/www.restaurant-alouette.com\/fr\/livre-dor\/#breadcrumb\"},\"inLanguage\":\"en-GB\",\"potentialAction\":[{\"@type\":\"ReadAction\",\"target\":[\"https:\/\/www.restaurant-alouette.com\/fr\/livre-dor\/\"]}]},{\"@type\":\"ImageObject\",\"inLanguage\":\"en-GB\",\"@id\":\"https:\/\/www.restaurant-alouette.com\/fr\/livre-dor\/#primaryimage\",\"url\":\"https:\/\/www.restaurant-alouette.com\/wp-content\/uploads\/2020\/01\/LivreOR.svg\",\"contentUrl\":\"https:\/\/www.restaurant-alouette.com\/wp-content\/uploads\/2020\/01\/LivreOR.svg\"},{\"@type\":\"BreadcrumbList\",\"@id\":\"https:\/\/www.restaurant-alouette.com\/fr\/livre-dor\/#breadcrumb\",\"itemListElement\":[{\"@type\":\"ListItem\",\"position\":1,\"name\":\"Accueil\",\"item\":\"https:\/\/www.restaurant-alouette.com\/en\/\"},{\"@type\":\"ListItem\",\"position\":2,\"name\":\"LIVRE D&#8217;OR\"}]},{\"@type\":\"WebSite\",\"@id\":\"https:\/\/www.restaurant-alouette.com\/en\/#website\",\"url\":\"https:\/\/www.restaurant-alouette.com\/en\/\",\"name\":\"Restaurant de l'Alouette\",\"description\":\"Votre restaurant gastronomique \u00e0 Bonnefamille\",\"potentialAction\":[{\"@type\":\"SearchAction\",\"target\":{\"@type\":\"EntryPoint\",\"urlTemplate\":\"https:\/\/www.restaurant-alouette.com\/en\/?s={search_term_string}\"},\"query-input\":\"required name=search_term_string\"}],\"inLanguage\":\"en-GB\"}]}<\/script>\n<!-- \/ Yoast SEO plugin. -->","yoast_head_json":{"title":"Le livre d'or pour nous \u00e9valuer - Restaurant de l'Alouette","description":"Le livre d'or est \u00e0 votre disposition. N'h\u00e9sitez \u00e0 nous faire part de vos commentaires afin que nous soyons encore plus \u00e0 votre \u00e9coute","robots":{"index":"index","follow":"follow","max-snippet":"max-snippet:-1","max-image-preview":"max-image-preview:large","max-video-preview":"max-video-preview:-1"},"canonical":"https:\/\/www.restaurant-alouette.com\/en\/livre-dor\/","og_locale":"en_GB","og_type":"article","og_title":"Le livre d'or pour nous \u00e9valuer - Restaurant de l'Alouette","og_description":"Le livre d'or est \u00e0 votre disposition. N'h\u00e9sitez \u00e0 nous faire part de vos commentaires afin que nous soyons encore plus \u00e0 votre \u00e9coute","og_url":"https:\/\/www.restaurant-alouette.com\/en\/livre-dor\/","og_site_name":"Restaurant Alouette","article_publisher":"https:\/\/www.facebook.com\/Lalouette-Plus-quun-Restaurant-120299032976\/","article_modified_time":"2022-12-01T12:17:40+00:00","og_image":[{"url":"https:\/\/www.restaurant-alouette.com\/wp-content\/uploads\/2020\/01\/LivreOR.svg"}],"twitter_card":"summary_large_image","twitter_misc":{"Estimated reading time":"2 minutes"},"schema":{"@context":"https:\/\/schema.org","@graph":[{"@type":"WebPage","@id":"https:\/\/www.restaurant-alouette.com\/fr\/livre-dor\/","url":"https:\/\/www.restaurant-alouette.com\/fr\/livre-dor\/","name":"Le livre d'or pour nous \u00e9valuer - Restaurant de l'Alouette","isPartOf":{"@id":"https:\/\/www.restaurant-alouette.com\/en\/#website"},"primaryImageOfPage":{"@id":"https:\/\/www.restaurant-alouette.com\/fr\/livre-dor\/#primaryimage"},"image":{"@id":"https:\/\/www.restaurant-alouette.com\/fr\/livre-dor\/#primaryimage"},"thumbnailUrl":"https:\/\/www.restaurant-alouette.com\/wp-content\/uploads\/2020\/01\/LivreOR.svg","datePublished":"2017-03-08T21:25:18+00:00","dateModified":"2022-12-01T12:17:40+00:00","description":"Le livre d'or est \u00e0 votre disposition. N'h\u00e9sitez \u00e0 nous faire part de vos commentaires afin que nous soyons encore plus \u00e0 votre \u00e9coute","breadcrumb":{"@id":"https:\/\/www.restaurant-alouette.com\/fr\/livre-dor\/#breadcrumb"},"inLanguage":"en-GB","potentialAction":[{"@type":"ReadAction","target":["https:\/\/www.restaurant-alouette.com\/fr\/livre-dor\/"]}]},{"@type":"ImageObject","inLanguage":"en-GB","@id":"https:\/\/www.restaurant-alouette.com\/fr\/livre-dor\/#primaryimage","url":"https:\/\/www.restaurant-alouette.com\/wp-content\/uploads\/2020\/01\/LivreOR.svg","contentUrl":"https:\/\/www.restaurant-alouette.com\/wp-content\/uploads\/2020\/01\/LivreOR.svg"},{"@type":"BreadcrumbList","@id":"https:\/\/www.restaurant-alouette.com\/fr\/livre-dor\/#breadcrumb","itemListElement":[{"@type":"ListItem","position":1,"name":"Accueil","item":"https:\/\/www.restaurant-alouette.com\/en\/"},{"@type":"ListItem","position":2,"name":"LIVRE D&#8217;OR"}]},{"@type":"WebSite","@id":"https:\/\/www.restaurant-alouette.com\/en\/#website","url":"https:\/\/www.restaurant-alouette.com\/en\/","name":"Restaurant de l'Alouette","description":"Votre restaurant gastronomique \u00e0 Bonnefamille","potentialAction":[{"@type":"SearchAction","target":{"@type":"EntryPoint","urlTemplate":"https:\/\/www.restaurant-alouette.com\/en\/?s={search_term_string}"},"query-input":"required name=search_term_string"}],"inLanguage":"en-GB"}]}},"jetpack_sharing_enabled":true,"_links":{"self":[{"href":"https:\/\/www.restaurant-alouette.com\/en\/wp-json\/wp\/v2\/pages\/157"}],"collection":[{"href":"https:\/\/www.restaurant-alouette.com\/en\/wp-json\/wp\/v2\/pages"}],"about":[{"href":"https:\/\/www.restaurant-alouette.com\/en\/wp-json\/wp\/v2\/types\/page"}],"author":[{"embeddable":true,"href":"https:\/\/www.restaurant-alouette.com\/en\/wp-json\/wp\/v2\/users\/1"}],"replies":[{"embeddable":true,"href":"https:\/\/www.restaurant-alouette.com\/en\/wp-json\/wp\/v2\/comments?post=157"}],"version-history":[{"count":51,"href":"https:\/\/www.restaurant-alouette.com\/en\/wp-json\/wp\/v2\/pages\/157\/revisions"}],"predecessor-version":[{"id":13284,"href":"https:\/\/www.restaurant-alouette.com\/en\/wp-json\/wp\/v2\/pages\/157\/revisions\/13284"}],"wp:attachment":[{"href":"https:\/\/www.restaurant-alouette.com\/en\/wp-json\/wp\/v2\/media?parent=157"}],"curies":[{"name":"wp","href":"https:\/\/api.w.org\/{rel}","templated":true}]}}