{"id":16119,"date":"2024-03-26T12:10:38","date_gmt":"2024-03-26T11:10:38","guid":{"rendered":"https:\/\/www.restaurant-alouette.com\/?page_id=16119"},"modified":"2024-03-26T12:10:38","modified_gmt":"2024-03-26T11:10:38","slug":"paques-2024","status":"publish","type":"page","link":"https:\/\/www.restaurant-alouette.com\/en\/paques-2024\/","title":{"rendered":"P\u00e2ques 2024"},"content":{"rendered":"<p><strong>P\u00e2ques 2024<\/strong><\/p>\n<p><strong>Menu\u00a0\u00e0\u00a056\u20ac\u00a0:\u00a0\u00a0entr\u00e9e,\u00a0plat, fromage\u00a0ou\u00a0dessert<\/strong><\/p>\n<p>&nbsp;<\/p>\n<p><strong>Les entr\u00e9es<\/strong><\/p>\n<strong>Le p\u00e2t\u00e9 en croute (+10\u20ac),<\/strong><br \/>\nAu <em>cabri de P\u00e2ques<\/em>, morilles et foie gras, chutney de poires.\n<strong>L&#8217;asperge verte du midi,<\/strong><br \/>\nCr\u00e9meux et salade acidul\u00e9e d&#8217;asperges, s\u00e9same et Omble chevalier fum\u00e9 par nos soins.\n<strong>Le consomm\u00e9 Terre-Mer,<\/strong><br \/>\nLangoustine croustillante, saumon gravlax, foie gras po\u00eal\u00e9, l\u00e9gumes croquants, ch\u00e8vre frais et bouillon de viande \u00e9pic\u00e9.\n<p>&nbsp;<\/p>\n<p><strong>Les plats<\/strong><\/p>\n<strong>L&#8217;agneau de nos r\u00e9gions,<\/strong><br \/>\nAgneau en deux fa\u00e7ons, pommes D\u00e9licatesse, ail confit, l\u00e9gumes de printemps et ail des ours du jardin.\n<strong>Le filet de bar grill\u00e9,<br \/>\n<\/strong>Cr\u00e8me d&#8217;artichauts barigoules, Dahl aux deux lentilles et \u00e9pinards.\n<p>&nbsp;<\/p>\n<strong>Les fromages<\/strong><br \/>\n<strong>Faisselle de ch\u00e8vre,<\/strong> de la Ferme du Ch\u00eane \u00e0 Chozeau (+3\u20ac)\n<p><strong>Une exp\u00e9rience fromag\u00e8re :<\/strong>\u00a0Pav\u00e9 de brebis, fraise et sauge du jardin (+7\u20ac)<\/p>\n<p>&nbsp;<\/p>\n<p><strong>Les desserts<\/strong><\/p>\n<strong>Le chocolat,<\/strong><br \/>\nL&#8217;\u0153uf gourmand de P\u00e2ques, pralin\u00e9 et noisettes caram\u00e9lis\u00e9es.\n<strong>Le fruit\u00e9,<br \/>\n<\/strong>Le citron de Nice en textures et premi\u00e8res fraises fran\u00e7aises.\n<p>&nbsp;<\/p>\n<p><em>Ne travaillant qu&#8217;avec des produits de saison, il n&#8217;est pas exclu que certains plats puissent nous faire d\u00e9faut.<\/em><\/p>\n<p>&nbsp;<\/p>","protected":false},"excerpt":{"rendered":"<p>P\u00e2ques 2024 Menu\u00a0\u00e0\u00a056\u20ac\u00a0:\u00a0\u00a0entr\u00e9e,\u00a0plat, fromage\u00a0ou\u00a0dessert &nbsp; Les entr\u00e9es Le p\u00e2t\u00e9 en croute (+10\u20ac), Au cabri de P\u00e2ques, morilles et foie gras, chutney de poires. L&#8217;asperge verte du midi, Cr\u00e9meux et salade acidul\u00e9e d&#8217;asperges, s\u00e9same et Omble chevalier fum\u00e9 par nos soins. Le consomm\u00e9 Terre-Mer, Langoustine croustillante, saumon gravlax, foie gras po\u00eal\u00e9, l\u00e9gumes croquants, ch\u00e8vre frais et [&hellip;]<\/p>","protected":false},"author":1,"featured_media":0,"parent":0,"menu_order":0,"comment_status":"closed","ping_status":"closed","template":"","meta":{"inline_featured_image":false,"_exactmetrics_skip_tracking":false,"_exactmetrics_sitenote_active":false,"_exactmetrics_sitenote_note":"","_exactmetrics_sitenote_category":0,"footnotes":""},"yoast_head":"<!-- This site is optimized with the Yoast SEO plugin v23.0 - https:\/\/yoast.com\/wordpress\/plugins\/seo\/ -->\n<title>P\u00e2ques 2024 - Restaurant Alouette<\/title>\n<meta name=\"robots\" content=\"index, follow, max-snippet:-1, max-image-preview:large, max-video-preview:-1\" \/>\n<link rel=\"canonical\" href=\"https:\/\/www.restaurant-alouette.com\/en\/paques-2024\/\" \/>\n<meta property=\"og:locale\" content=\"en_GB\" \/>\n<meta property=\"og:type\" content=\"article\" \/>\n<meta property=\"og:title\" content=\"P\u00e2ques 2024 - Restaurant Alouette\" \/>\n<meta property=\"og:description\" content=\"P\u00e2ques 2024 Menu\u00a0\u00e0\u00a056\u20ac\u00a0:\u00a0\u00a0entr\u00e9e,\u00a0plat, fromage\u00a0ou\u00a0dessert &nbsp; Les entr\u00e9es Le p\u00e2t\u00e9 en croute (+10\u20ac), Au cabri de P\u00e2ques, morilles et foie gras, chutney de poires. L&#8217;asperge verte du midi, Cr\u00e9meux et salade acidul\u00e9e d&#8217;asperges, s\u00e9same et Omble chevalier fum\u00e9 par nos soins. Le consomm\u00e9 Terre-Mer, Langoustine croustillante, saumon gravlax, foie gras po\u00eal\u00e9, l\u00e9gumes croquants, ch\u00e8vre frais et [&hellip;]\" \/>\n<meta property=\"og:url\" content=\"https:\/\/www.restaurant-alouette.com\/en\/paques-2024\/\" \/>\n<meta property=\"og:site_name\" content=\"Restaurant Alouette\" \/>\n<meta property=\"article:publisher\" content=\"https:\/\/www.facebook.com\/Lalouette-Plus-quun-Restaurant-120299032976\/\" \/>\n<meta name=\"twitter:card\" content=\"summary_large_image\" \/>\n<meta name=\"twitter:label1\" content=\"Estimated reading time\" \/>\n\t<meta name=\"twitter:data1\" content=\"1 minute\" \/>\n<script type=\"application\/ld+json\" class=\"yoast-schema-graph\">{\"@context\":\"https:\/\/schema.org\",\"@graph\":[{\"@type\":\"WebPage\",\"@id\":\"http:\/\/www.restaurant-alouette.com\/fr\/paques-2024\/\",\"url\":\"http:\/\/www.restaurant-alouette.com\/fr\/paques-2024\/\",\"name\":\"P\u00e2ques 2024 - Restaurant Alouette\",\"isPartOf\":{\"@id\":\"https:\/\/www.restaurant-alouette.com\/fr\/#website\"},\"datePublished\":\"2024-03-26T11:10:38+00:00\",\"dateModified\":\"2024-03-26T11:10:38+00:00\",\"breadcrumb\":{\"@id\":\"http:\/\/www.restaurant-alouette.com\/fr\/paques-2024\/#breadcrumb\"},\"inLanguage\":\"en-GB\",\"potentialAction\":[{\"@type\":\"ReadAction\",\"target\":[\"http:\/\/www.restaurant-alouette.com\/fr\/paques-2024\/\"]}]},{\"@type\":\"BreadcrumbList\",\"@id\":\"http:\/\/www.restaurant-alouette.com\/fr\/paques-2024\/#breadcrumb\",\"itemListElement\":[{\"@type\":\"ListItem\",\"position\":1,\"name\":\"Accueil\",\"item\":\"https:\/\/www.restaurant-alouette.com\/fr\/\"},{\"@type\":\"ListItem\",\"position\":2,\"name\":\"P\u00e2ques 2024\"}]},{\"@type\":\"WebSite\",\"@id\":\"https:\/\/www.restaurant-alouette.com\/fr\/#website\",\"url\":\"https:\/\/www.restaurant-alouette.com\/fr\/\",\"name\":\"Restaurant de l'Alouette\",\"description\":\"Votre restaurant gastronomique \u00e0 Bonnefamille\",\"potentialAction\":[{\"@type\":\"SearchAction\",\"target\":{\"@type\":\"EntryPoint\",\"urlTemplate\":\"https:\/\/www.restaurant-alouette.com\/fr\/?s={search_term_string}\"},\"query-input\":\"required name=search_term_string\"}],\"inLanguage\":\"en-GB\"}]}<\/script>\n<!-- \/ Yoast SEO plugin. -->","yoast_head_json":{"title":"P\u00e2ques 2024 - Restaurant Alouette","robots":{"index":"index","follow":"follow","max-snippet":"max-snippet:-1","max-image-preview":"max-image-preview:large","max-video-preview":"max-video-preview:-1"},"canonical":"https:\/\/www.restaurant-alouette.com\/en\/paques-2024\/","og_locale":"en_GB","og_type":"article","og_title":"P\u00e2ques 2024 - Restaurant Alouette","og_description":"P\u00e2ques 2024 Menu\u00a0\u00e0\u00a056\u20ac\u00a0:\u00a0\u00a0entr\u00e9e,\u00a0plat, fromage\u00a0ou\u00a0dessert &nbsp; Les entr\u00e9es Le p\u00e2t\u00e9 en croute (+10\u20ac), Au cabri de P\u00e2ques, morilles et foie gras, chutney de poires. L&#8217;asperge verte du midi, Cr\u00e9meux et salade acidul\u00e9e d&#8217;asperges, s\u00e9same et Omble chevalier fum\u00e9 par nos soins. Le consomm\u00e9 Terre-Mer, Langoustine croustillante, saumon gravlax, foie gras po\u00eal\u00e9, l\u00e9gumes croquants, ch\u00e8vre frais et [&hellip;]","og_url":"https:\/\/www.restaurant-alouette.com\/en\/paques-2024\/","og_site_name":"Restaurant Alouette","article_publisher":"https:\/\/www.facebook.com\/Lalouette-Plus-quun-Restaurant-120299032976\/","twitter_card":"summary_large_image","twitter_misc":{"Estimated reading time":"1 minute"},"schema":{"@context":"https:\/\/schema.org","@graph":[{"@type":"WebPage","@id":"http:\/\/www.restaurant-alouette.com\/fr\/paques-2024\/","url":"http:\/\/www.restaurant-alouette.com\/fr\/paques-2024\/","name":"P\u00e2ques 2024 - Restaurant Alouette","isPartOf":{"@id":"https:\/\/www.restaurant-alouette.com\/fr\/#website"},"datePublished":"2024-03-26T11:10:38+00:00","dateModified":"2024-03-26T11:10:38+00:00","breadcrumb":{"@id":"http:\/\/www.restaurant-alouette.com\/fr\/paques-2024\/#breadcrumb"},"inLanguage":"en-GB","potentialAction":[{"@type":"ReadAction","target":["http:\/\/www.restaurant-alouette.com\/fr\/paques-2024\/"]}]},{"@type":"BreadcrumbList","@id":"http:\/\/www.restaurant-alouette.com\/fr\/paques-2024\/#breadcrumb","itemListElement":[{"@type":"ListItem","position":1,"name":"Accueil","item":"https:\/\/www.restaurant-alouette.com\/fr\/"},{"@type":"ListItem","position":2,"name":"P\u00e2ques 2024"}]},{"@type":"WebSite","@id":"https:\/\/www.restaurant-alouette.com\/fr\/#website","url":"https:\/\/www.restaurant-alouette.com\/fr\/","name":"Restaurant de l'Alouette","description":"Votre restaurant gastronomique \u00e0 Bonnefamille","potentialAction":[{"@type":"SearchAction","target":{"@type":"EntryPoint","urlTemplate":"https:\/\/www.restaurant-alouette.com\/fr\/?s={search_term_string}"},"query-input":"required name=search_term_string"}],"inLanguage":"en-GB"}]}},"jetpack_sharing_enabled":true,"_links":{"self":[{"href":"https:\/\/www.restaurant-alouette.com\/en\/wp-json\/wp\/v2\/pages\/16119"}],"collection":[{"href":"https:\/\/www.restaurant-alouette.com\/en\/wp-json\/wp\/v2\/pages"}],"about":[{"href":"https:\/\/www.restaurant-alouette.com\/en\/wp-json\/wp\/v2\/types\/page"}],"author":[{"embeddable":true,"href":"https:\/\/www.restaurant-alouette.com\/en\/wp-json\/wp\/v2\/users\/1"}],"replies":[{"embeddable":true,"href":"https:\/\/www.restaurant-alouette.com\/en\/wp-json\/wp\/v2\/comments?post=16119"}],"version-history":[{"count":2,"href":"https:\/\/www.restaurant-alouette.com\/en\/wp-json\/wp\/v2\/pages\/16119\/revisions"}],"predecessor-version":[{"id":16122,"href":"https:\/\/www.restaurant-alouette.com\/en\/wp-json\/wp\/v2\/pages\/16119\/revisions\/16122"}],"wp:attachment":[{"href":"https:\/\/www.restaurant-alouette.com\/en\/wp-json\/wp\/v2\/media?parent=16119"}],"curies":[{"name":"wp","href":"https:\/\/api.w.org\/{rel}","templated":true}]}}