{"id":164,"date":"2017-03-08T22:25:56","date_gmt":"2017-03-08T21:25:56","guid":{"rendered":"http:\/\/www.restaurant-alouette.com\/?page_id=164"},"modified":"2024-08-25T14:11:18","modified_gmt":"2024-08-25T12:11:18","slug":"contact","status":"publish","type":"page","link":"https:\/\/www.restaurant-alouette.com\/en\/contact\/","title":{"rendered":"CONTACT"},"content":{"rendered":"<h1>\n\t\tInformations\n\t<\/h1>\n<h2>\n\t\tOpening hours\n\t<\/h2>\n\t<table>\n<tbody>\n<tr>\n<td>Mardi &#8211; Vendredi<\/td>\n<td>12h00-13h30 \/ 19h30-20h30<\/td>\n<\/tr>\n<tr>\n<td>Saturday*<\/td>\n<td>19h30-20h30<\/td>\n<\/tr>\n<tr>\n<td>Dimanche<\/td>\n<td>12h00-13h30<\/td>\n<\/tr>\n<\/tbody>\n<\/table>\n\t<p><strong>Le restaurant ferme ses portes \u00e0 15h et 23h<\/strong><\/p>\n<h2>\n\t\tcontact information\n\t<\/h2>\n\t475 Route de Cr\u00e9mieu<br \/>\n38090 Bonnefamille\nFixe : 04 78 40 54 74<br \/>\nMobile : 06 50 40 54 34\nGPS: 45.612857, 5.082106<br \/>\njcm@restaurant-alouette.com\n<p>&nbsp;<\/p>\nI want to receive the events of<br \/>\nthe restaurant by newsletter\n<p><a href=\"http:\/\/&lt;p class=&quot;wpcf7-contact-form-not-found&quot;&gt;&lt;strong&gt;Error:&lt;\/strong&gt; Contact form not found.&lt;\/p&gt;\">\n<div class=\"wpcf7 no-js\" id=\"wpcf7-f10215-o1\" lang=\"fr-FR\" dir=\"ltr\">\n<div class=\"screen-reader-response\"><p role=\"status\" aria-live=\"polite\" aria-atomic=\"true\"><\/p> <ul><\/ul><\/div>\n<form action=\"\/en\/wp-json\/wp\/v2\/pages\/164#wpcf7-f10215-o1\" method=\"post\" class=\"wpcf7-form init\" aria-label=\"Formulaire de contact\" novalidate=\"novalidate\" data-status=\"init\" data-trp-original-action=\"\/en\/wp-json\/wp\/v2\/pages\/164#wpcf7-f10215-o1\">\n<div style=\"display: none;\">\n<input type=\"hidden\" name=\"_wpcf7\" value=\"10215\" \/>\n<input type=\"hidden\" name=\"_wpcf7_version\" value=\"5.9.6\" \/>\n<input type=\"hidden\" name=\"_wpcf7_locale\" value=\"fr_FR\" \/>\n<input type=\"hidden\" name=\"_wpcf7_unit_tag\" value=\"wpcf7-f10215-o1\" \/>\n<input type=\"hidden\" name=\"_wpcf7_container_post\" value=\"0\" \/>\n<input type=\"hidden\" name=\"_wpcf7_posted_data_hash\" value=\"\" \/>\n<\/div>\n<p><label><span class=\"wpcf7-form-control-wrap\" data-name=\"your-email\"><input size=\"40\" maxlength=\"80\" class=\"wpcf7-form-control wpcf7-email wpcf7-validates-as-required wpcf7-text wpcf7-validates-as-email\" aria-required=\"true\" aria-invalid=\"false\" placeholder=\"E-mail\" value=\"\" type=\"email\" name=\"your-email\" \/><\/span> <\/label>\n<\/p>\n<p><input class=\"wpcf7-form-control wpcf7-submit has-spinner\" type=\"submit\" value=\"Send\" \/>\n<\/p><div class=\"wpcf7-response-output\" aria-hidden=\"true\"><\/div>\n<input type=\"hidden\" name=\"trp-form-language\" value=\"en\"\/><\/form>\n<\/div>\n<\/a><\/p>\n<p>&nbsp;<\/p>\n<h2>\n\t\tWrite us\n\t<\/h2>\n\t<iframe src=\"https:\/\/www.google.com\/maps\/embed\/v1\/place?q=475+Route+de+Cr%C3%A9mieu%2C+38090+Bonnefamille&#038;key=AIzaSyD09zQ9PNDNNy9TadMuzRV_UsPUoWKntt8\" aria-hidden=\"true\"><\/iframe>","protected":false},"excerpt":{"rendered":"<p>Renseignements Horaires Mardi &#8211; Vendredi 12h00-13h30 \/ 19h30-20h30 Samedi 19h30-20h30 Dimanche 12h00-13h30 Le restaurant ferme ses portes \u00e0 15h et 23h Coordonn\u00e9es 475 Route de Cr\u00e9mieu 38090 Bonnefamille Fixe : 04 78 40 54 74 Mobile : 06 50 40 54 34 GPS: 45.612857, 5.082106 jcm@restaurant-alouette.com &nbsp; Je souhaite recevoir par newsletter les \u00e9v\u00e9nements du [&hellip;]<\/p>","protected":false},"author":1,"featured_media":0,"parent":0,"menu_order":0,"comment_status":"closed","ping_status":"closed","template":"","meta":{"inline_featured_image":false,"_exactmetrics_skip_tracking":false,"_exactmetrics_sitenote_active":false,"_exactmetrics_sitenote_note":"","_exactmetrics_sitenote_category":0,"footnotes":""},"yoast_head":"<!-- This site is optimized with the Yoast SEO plugin v23.0 - https:\/\/yoast.com\/wordpress\/plugins\/seo\/ -->\n<title>Renseignements - Restaurant Alouette<\/title>\n<meta name=\"description\" content=\"Le restaurant Gastronomique l&#039;Alouette est \u00e0 votre \u00e9coute. N&#039;h\u00e9sitez pas \u00e0 nous contacter. Nous ferons notre possible pour r\u00e9pondre au mieux \u00e0 votre demande.\" \/>\n<meta name=\"robots\" content=\"index, follow, max-snippet:-1, max-image-preview:large, max-video-preview:-1\" \/>\n<link rel=\"canonical\" href=\"https:\/\/www.restaurant-alouette.com\/en\/contact\/\" \/>\n<meta property=\"og:locale\" content=\"en_GB\" \/>\n<meta property=\"og:type\" content=\"article\" \/>\n<meta property=\"og:title\" content=\"Renseignements - Restaurant Alouette\" \/>\n<meta property=\"og:description\" content=\"Le restaurant Gastronomique l&#039;Alouette est \u00e0 votre \u00e9coute. N&#039;h\u00e9sitez pas \u00e0 nous contacter. Nous ferons notre possible pour r\u00e9pondre au mieux \u00e0 votre demande.\" \/>\n<meta property=\"og:url\" content=\"https:\/\/www.restaurant-alouette.com\/en\/contact\/\" \/>\n<meta property=\"og:site_name\" content=\"Restaurant Alouette\" \/>\n<meta property=\"article:publisher\" content=\"https:\/\/www.facebook.com\/Lalouette-Plus-quun-Restaurant-120299032976\/\" \/>\n<meta property=\"article:modified_time\" content=\"2024-08-25T12:11:18+00:00\" \/>\n<meta name=\"twitter:card\" content=\"summary_large_image\" \/>\n<script type=\"application\/ld+json\" class=\"yoast-schema-graph\">{\"@context\":\"https:\/\/schema.org\",\"@graph\":[{\"@type\":\"WebPage\",\"@id\":\"https:\/\/www.restaurant-alouette.com\/en\/contact\/\",\"url\":\"https:\/\/www.restaurant-alouette.com\/en\/contact\/\",\"name\":\"Renseignements - Restaurant Alouette\",\"isPartOf\":{\"@id\":\"http:\/\/www.restaurant-alouette.com\/fr\/#website\"},\"datePublished\":\"2017-03-08T21:25:56+00:00\",\"dateModified\":\"2024-08-25T12:11:18+00:00\",\"description\":\"Le restaurant Gastronomique l'Alouette est \u00e0 votre \u00e9coute. N'h\u00e9sitez pas \u00e0 nous contacter. Nous ferons notre possible pour r\u00e9pondre au mieux \u00e0 votre demande.\",\"breadcrumb\":{\"@id\":\"https:\/\/www.restaurant-alouette.com\/en\/contact\/#breadcrumb\"},\"inLanguage\":\"en-GB\",\"potentialAction\":[{\"@type\":\"ReadAction\",\"target\":[\"https:\/\/www.restaurant-alouette.com\/en\/contact\/\"]}]},{\"@type\":\"BreadcrumbList\",\"@id\":\"https:\/\/www.restaurant-alouette.com\/en\/contact\/#breadcrumb\",\"itemListElement\":[{\"@type\":\"ListItem\",\"position\":1,\"name\":\"Accueil\",\"item\":\"https:\/\/www.restaurant-alouette.com\/fr\/\"},{\"@type\":\"ListItem\",\"position\":2,\"name\":\"CONTACT\"}]},{\"@type\":\"WebSite\",\"@id\":\"http:\/\/www.restaurant-alouette.com\/fr\/#website\",\"url\":\"http:\/\/www.restaurant-alouette.com\/fr\/\",\"name\":\"Restaurant de l'Alouette\",\"description\":\"Votre restaurant gastronomique \u00e0 Bonnefamille\",\"potentialAction\":[{\"@type\":\"SearchAction\",\"target\":{\"@type\":\"EntryPoint\",\"urlTemplate\":\"http:\/\/www.restaurant-alouette.com\/fr\/?s={search_term_string}\"},\"query-input\":\"required name=search_term_string\"}],\"inLanguage\":\"en-GB\"}]}<\/script>\n<!-- \/ Yoast SEO plugin. -->","yoast_head_json":{"title":"Renseignements - Restaurant Alouette","description":"Le restaurant Gastronomique l'Alouette est \u00e0 votre \u00e9coute. N'h\u00e9sitez pas \u00e0 nous contacter. Nous ferons notre possible pour r\u00e9pondre au mieux \u00e0 votre demande.","robots":{"index":"index","follow":"follow","max-snippet":"max-snippet:-1","max-image-preview":"max-image-preview:large","max-video-preview":"max-video-preview:-1"},"canonical":"https:\/\/www.restaurant-alouette.com\/en\/contact\/","og_locale":"en_GB","og_type":"article","og_title":"Renseignements - Restaurant Alouette","og_description":"Le restaurant Gastronomique l'Alouette est \u00e0 votre \u00e9coute. N'h\u00e9sitez pas \u00e0 nous contacter. Nous ferons notre possible pour r\u00e9pondre au mieux \u00e0 votre demande.","og_url":"https:\/\/www.restaurant-alouette.com\/en\/contact\/","og_site_name":"Restaurant Alouette","article_publisher":"https:\/\/www.facebook.com\/Lalouette-Plus-quun-Restaurant-120299032976\/","article_modified_time":"2024-08-25T12:11:18+00:00","twitter_card":"summary_large_image","schema":{"@context":"https:\/\/schema.org","@graph":[{"@type":"WebPage","@id":"https:\/\/www.restaurant-alouette.com\/en\/contact\/","url":"https:\/\/www.restaurant-alouette.com\/en\/contact\/","name":"Renseignements - Restaurant Alouette","isPartOf":{"@id":"http:\/\/www.restaurant-alouette.com\/fr\/#website"},"datePublished":"2017-03-08T21:25:56+00:00","dateModified":"2024-08-25T12:11:18+00:00","description":"Le restaurant Gastronomique l'Alouette est \u00e0 votre \u00e9coute. N'h\u00e9sitez pas \u00e0 nous contacter. Nous ferons notre possible pour r\u00e9pondre au mieux \u00e0 votre demande.","breadcrumb":{"@id":"https:\/\/www.restaurant-alouette.com\/en\/contact\/#breadcrumb"},"inLanguage":"en-GB","potentialAction":[{"@type":"ReadAction","target":["https:\/\/www.restaurant-alouette.com\/en\/contact\/"]}]},{"@type":"BreadcrumbList","@id":"https:\/\/www.restaurant-alouette.com\/en\/contact\/#breadcrumb","itemListElement":[{"@type":"ListItem","position":1,"name":"Accueil","item":"https:\/\/www.restaurant-alouette.com\/fr\/"},{"@type":"ListItem","position":2,"name":"CONTACT"}]},{"@type":"WebSite","@id":"http:\/\/www.restaurant-alouette.com\/fr\/#website","url":"http:\/\/www.restaurant-alouette.com\/fr\/","name":"Restaurant de l'Alouette","description":"Votre restaurant gastronomique \u00e0 Bonnefamille","potentialAction":[{"@type":"SearchAction","target":{"@type":"EntryPoint","urlTemplate":"http:\/\/www.restaurant-alouette.com\/fr\/?s={search_term_string}"},"query-input":"required name=search_term_string"}],"inLanguage":"en-GB"}]}},"jetpack_sharing_enabled":true,"_links":{"self":[{"href":"https:\/\/www.restaurant-alouette.com\/en\/wp-json\/wp\/v2\/pages\/164"}],"collection":[{"href":"https:\/\/www.restaurant-alouette.com\/en\/wp-json\/wp\/v2\/pages"}],"about":[{"href":"https:\/\/www.restaurant-alouette.com\/en\/wp-json\/wp\/v2\/types\/page"}],"author":[{"embeddable":true,"href":"https:\/\/www.restaurant-alouette.com\/en\/wp-json\/wp\/v2\/users\/1"}],"replies":[{"embeddable":true,"href":"https:\/\/www.restaurant-alouette.com\/en\/wp-json\/wp\/v2\/comments?post=164"}],"version-history":[{"count":67,"href":"https:\/\/www.restaurant-alouette.com\/en\/wp-json\/wp\/v2\/pages\/164\/revisions"}],"predecessor-version":[{"id":16734,"href":"https:\/\/www.restaurant-alouette.com\/en\/wp-json\/wp\/v2\/pages\/164\/revisions\/16734"}],"wp:attachment":[{"href":"https:\/\/www.restaurant-alouette.com\/en\/wp-json\/wp\/v2\/media?parent=164"}],"curies":[{"name":"wp","href":"https:\/\/api.w.org\/{rel}","templated":true}]}}