{"id":225,"date":"2017-04-11T21:33:43","date_gmt":"2017-04-11T19:33:43","guid":{"rendered":"http:\/\/www.restaurant-alouette.com\/?page_id=225"},"modified":"2026-04-07T12:14:41","modified_gmt":"2026-04-07T10:14:41","slug":"restaurant-gastronomique-lalouette-a-bonnefamille-lisere","status":"publish","type":"page","link":"https:\/\/www.restaurant-alouette.com\/en\/","title":{"rendered":"Restaurant gastronomique l&#8217;Alouette \u00e0 Bonnefamille dans l&#8217;Is\u00e8re"},"content":{"rendered":"<p><strong>Bienvenue au restaurant l&#8217;Alouette de Bonnefamille<\/strong><\/p>\n\t<meta itemprop=\"url\" content=\"https:\/\/www.restaurant-alouette.com\/wp-content\/uploads\/2026\/03\/Restaurant-lAlouette.mp4\" \/><div style=\"width: 640px;\" class=\"wp-video\"><!--[if lt IE 9]><script>document.createElement('video');<\/script><![endif]-->\n<video class=\"wp-video-shortcode\" id=\"video-225-1\" width=\"640\" height=\"360\" preload=\"metadata\" controls=\"controls\"><source type=\"video\/mp4\" src=\"https:\/\/www.restaurant-alouette.com\/wp-content\/uploads\/2026\/03\/Restaurant-lAlouette.mp4?_=1\" \/><a href=\"https:\/\/www.restaurant-alouette.com\/wp-content\/uploads\/2026\/03\/Restaurant-lAlouette.mp4\">https:\/\/www.restaurant-alouette.com\/wp-content\/uploads\/2026\/03\/Restaurant-lAlouette.mp4<\/a><\/video><\/div>\n\t<p>\u00a0<a href=\"https:\/\/www.restaurant-alouette.com\/en\/reservez-votre-table\/\">Book a table<\/a>\u00a0<\/p>\n<p>&nbsp;<\/p>\n\t\t\t\t<img loading=\"lazy\" decoding=\"async\" src=\"https:\/\/www.restaurant-alouette.com\/wp-content\/uploads\/2020\/01\/Lalouette.svg\" alt=\"Lalouette\" itemprop=\"image\" height=\"297\" width=\"210\" title=\"Lalouette\" onerror=\"this.style.display='none'\"  \/>\n\t\t\t\t<img loading=\"lazy\" decoding=\"async\" src=\"https:\/\/www.restaurant-alouette.com\/wp-content\/uploads\/2019\/12\/potage-home-2-min.png\" alt=\"potage-home-2-min\" itemprop=\"image\" height=\"758\" width=\"720\" title=\"potage-home-2-min\" onerror=\"this.style.display='none'\"  \/>\n\t<p>L&#8217;Alouette c&#8217;est la tradition de la <strong>table \u00e0 la fran\u00e7aise,<\/strong>\u00a0sans cesse <strong>revisit\u00e9e<\/strong> par une \u00e9quipe passionn\u00e9e. C&#8217;est au travers d&#8217;un r\u00e9el <strong>engagement culinaire et artistique<\/strong> que nous \u00e9laborons nos plats.\u00a0<\/p>\n<p>&nbsp;<\/p>\n<p>Une cuisine 100% faite maison, produits frais du march\u00e9 et de producteurs locaux.<\/p>\n\t\t\t\t<img loading=\"lazy\" decoding=\"async\" src=\"https:\/\/www.restaurant-alouette.com\/wp-content\/uploads\/2019\/12\/terrasse-home-min.png\" alt=\"terrasse-home-min\" itemprop=\"image\" height=\"772\" width=\"700\" title=\"terrasse-home-min\" onerror=\"this.style.display='none'\"  \/>\n\t<a href=\"https:\/\/www.restaurant-alouette.com\/en\/menus\/\">\n\t\t  \tOur menus\t  \t\n\t    <img width=\"453\" height=\"178\" src=\"https:\/\/www.restaurant-alouette.com\/wp-content\/uploads\/2020\/01\/tache-carte1-min.png\" alt=\"\" decoding=\"async\" loading=\"lazy\" srcset=\"https:\/\/www.restaurant-alouette.com\/wp-content\/uploads\/2020\/01\/tache-carte1-min.png 453w, https:\/\/www.restaurant-alouette.com\/wp-content\/uploads\/2020\/01\/tache-carte1-min-300x118.png 300w, https:\/\/www.restaurant-alouette.com\/wp-content\/uploads\/2020\/01\/tache-carte1-min-200x79.png 200w\" sizes=\"(max-width: 453px) 100vw, 453px\" \/>\t<\/a>\n\t<a href=\"https:\/\/www.restaurant-alouette.com\/en\/reservez-votre-table\/\">\n\t\t  \tR\u00e9server\t\t\t  \t\n\t    <img width=\"453\" height=\"186\" src=\"https:\/\/www.restaurant-alouette.com\/wp-content\/uploads\/2020\/01\/tache-carte2-min.png\" alt=\"\" decoding=\"async\" loading=\"lazy\" srcset=\"https:\/\/www.restaurant-alouette.com\/wp-content\/uploads\/2020\/01\/tache-carte2-min.png 453w, https:\/\/www.restaurant-alouette.com\/wp-content\/uploads\/2020\/01\/tache-carte2-min-300x123.png 300w, https:\/\/www.restaurant-alouette.com\/wp-content\/uploads\/2020\/01\/tache-carte2-min-200x82.png 200w\" sizes=\"(max-width: 453px) 100vw, 453px\" \/>\t<\/a>\n\t\t\t\t<img decoding=\"async\" src=\"http:\/\/www.restaurant-alouette.com\/wp-content\/uploads\/2024\/11\/Capture-decran-2024-11-28-154302.png\" alt=\"Capture d&#039;\u00e9cran 2024-11-28 154302\" itemprop=\"image\" title=\"Capture d&#039;\u00e9cran 2024-11-28 154302\" onerror=\"this.style.display='none'\"  \/>\n\tBonjour et bienvenue \u00e0 tous,<br \/>\n<em>L&#8217;Alouette a chang\u00e9 de propri\u00e9taires ? Mais depuis combien de temps ? qui sont les nouveaux g\u00e9rants ? <\/em><br \/>\nPatience patience, nous allons tout vous raconter.\n<p>Voici nos frimousses, elles vous disent quelque chose ?<\/p>\n<strong>Bertrand<\/strong> est arriv\u00e9 \u00e0 l&#8217;Alouette en 2001 \u00e0 l&#8217;\u00e2ge de 19 ans. Vous l&#8217;avez certainement aper\u00e7u en cuisine lors de votre repas, ou bien aux cot\u00e9s de M. Marlhins.<br \/>\n<strong>M\u00e9lanie<\/strong> est arriv\u00e9e en 2013. Elle a travaill\u00e9 et appris durant 10 ans les techniques et recettes du restaurant avec l&#8217;aide de M. Marlhins et de Bertrand.\n<p>En octobre 2022, nous avons repris les r\u00eanes de cette institution vieille de 40 ans.<\/p>\n<p>Notre philosophie ? <strong>Travailler les produits frais et essentiellement fran\u00e7ais, le plus local possible.<\/strong> Du pain jusqu&#8217;aux glaces et sorbets en passant par nos sauces, nous continuons de tout faire nous-m\u00eame afin de vous assurer le meilleur dans votre assiette.<\/p>\n<p>A tr\u00e8s bient\u00f4t !<\/p>\n\t<a href=\"https:\/\/www.restaurant-alouette.com\/en\/equipe\/\">\n\t\t  \tD\u00e9couvrir l&#8217;\u00e9quipe\t  \t\n\t    <img width=\"250\" height=\"264\" src=\"https:\/\/www.restaurant-alouette.com\/wp-content\/uploads\/2019\/12\/bouton-vin-min-1.png\" alt=\"\" decoding=\"async\" loading=\"lazy\" srcset=\"https:\/\/www.restaurant-alouette.com\/wp-content\/uploads\/2019\/12\/bouton-vin-min-1.png 250w, https:\/\/www.restaurant-alouette.com\/wp-content\/uploads\/2019\/12\/bouton-vin-min-1-189x200.png 189w\" sizes=\"(max-width: 250px) 100vw, 250px\" \/>\t<\/a>\n\t<h2>\n\t\tOur distinctions\n\t<\/h2>\n\t<div id='gallery-1' class='gallery galleryid-225 gallery-columns-3 gallery-size-medium'><figure class='gallery-item'>\n\t\t\t<div class='gallery-icon landscape'>\n\t\t\t\t<img loading=\"lazy\" decoding=\"async\" width=\"300\" height=\"160\" src=\"https:\/\/www.restaurant-alouette.com\/wp-content\/uploads\/2020\/01\/GaultMillau2-300x160.png\" class=\"attachment-medium size-medium\" alt=\"\" srcset=\"https:\/\/www.restaurant-alouette.com\/wp-content\/uploads\/2020\/01\/GaultMillau2-300x160.png 300w, https:\/\/www.restaurant-alouette.com\/wp-content\/uploads\/2020\/01\/GaultMillau2-768x410.png 768w, https:\/\/www.restaurant-alouette.com\/wp-content\/uploads\/2020\/01\/GaultMillau2-200x107.png 200w, https:\/\/www.restaurant-alouette.com\/wp-content\/uploads\/2020\/01\/GaultMillau2-500x267.png 500w, https:\/\/www.restaurant-alouette.com\/wp-content\/uploads\/2020\/01\/GaultMillau2.png 1034w\" sizes=\"(max-width: 300px) 100vw, 300px\" \/>\n\t\t\t<\/div><\/figure><figure class='gallery-item'>\n\t\t\t<div class='gallery-icon portrait'>\n\t\t\t\t<img loading=\"lazy\" decoding=\"async\" width=\"97\" height=\"125\" src=\"https:\/\/www.restaurant-alouette.com\/wp-content\/uploads\/2019\/12\/logo-restaurateur-min.png\" class=\"attachment-medium size-medium\" alt=\"\" \/>\n\t\t\t<\/div><\/figure>\n\t\t<\/div>\n\n\t<p><strong>Maitre restaurateur :<\/strong><\/p>\nDistinction d\u00e9cern\u00e9e au Chef de cuisine pour <strong>sa cuisine 100% fait maison et locale.<\/strong><br \/>\n\n<p>Titre obtenu en janvier 2024.<\/p>\n\t\t\t\t<img loading=\"lazy\" decoding=\"async\" src=\"https:\/\/www.restaurant-alouette.com\/wp-content\/uploads\/2019\/12\/decouvrir-image4-min.png\" alt=\"decouvrir-image4-min\" itemprop=\"image\" height=\"800\" width=\"667\" title=\"decouvrir-image4-min\" onerror=\"this.style.display='none'\"  \/>\n<h2>\n\t\tLa terrasse &#038; le jardin\n\t<\/h2>\n\t<p>\u00c1 l&#8217;ombre d&#8217;un tilleul bi-centenaire, la terrasse vous offre une vue sur le jardin et ses bassins d&#8217;eau douce. Vous appr\u00e9cierez diff\u00e9remment notre cuisine dans un cadre naturel et empreint d&#8217;une certaine s\u00e9r\u00e9nit\u00e9.<\/p>\n\t<a href=\"https:\/\/www.restaurant-alouette.com\/en\/chambres-3-etoiles\/\">\n\t\t  \tOur rooms\t  \t\n\t    <img width=\"348\" height=\"345\" src=\"https:\/\/www.restaurant-alouette.com\/wp-content\/uploads\/2020\/01\/bouton-reserver-likado-min-1.png\" alt=\"\" decoding=\"async\" loading=\"lazy\" srcset=\"https:\/\/www.restaurant-alouette.com\/wp-content\/uploads\/2020\/01\/bouton-reserver-likado-min-1.png 348w, https:\/\/www.restaurant-alouette.com\/wp-content\/uploads\/2020\/01\/bouton-reserver-likado-min-1-300x297.png 300w, https:\/\/www.restaurant-alouette.com\/wp-content\/uploads\/2020\/01\/bouton-reserver-likado-min-1-150x150.png 150w, https:\/\/www.restaurant-alouette.com\/wp-content\/uploads\/2020\/01\/bouton-reserver-likado-min-1-200x198.png 200w, https:\/\/www.restaurant-alouette.com\/wp-content\/uploads\/2020\/01\/bouton-reserver-likado-min-1-100x100.png 100w\" sizes=\"(max-width: 348px) 100vw, 348px\" \/>\t<\/a>","protected":false},"excerpt":{"rendered":"<p>Bienvenue au restaurant l&#8217;Alouette de Bonnefamille \u00a0R\u00e9servez votre table\u00a0 &nbsp; L&#8217;Alouette c&#8217;est la tradition de la table \u00e0 la fran\u00e7aise,\u00a0sans cesse revisit\u00e9e par une \u00e9quipe passionn\u00e9e. C&#8217;est au travers d&#8217;un r\u00e9el engagement culinaire et artistique que nous \u00e9laborons nos plats.\u00a0 &nbsp; Une cuisine 100% faite maison, produits frais du march\u00e9 et de producteurs locaux. Notre [&hellip;]<\/p>","protected":false},"author":1,"featured_media":0,"parent":0,"menu_order":0,"comment_status":"closed","ping_status":"closed","template":"","meta":{"inline_featured_image":false,"_exactmetrics_skip_tracking":false,"_exactmetrics_sitenote_active":false,"_exactmetrics_sitenote_note":"","_exactmetrics_sitenote_category":0,"footnotes":""},"yoast_head":"<!-- This site is optimized with the Yoast SEO plugin v23.0 - https:\/\/yoast.com\/wordpress\/plugins\/seo\/ -->\n<title>Restaurant gastronomique l&#039;Alouette \u00e0 Bonnefamille dans l&#039;Is\u00e8re - Restaurant Alouette<\/title>\n<meta name=\"description\" content=\"Bienvenue sur le site du restaurant gastronomique de l&#039;Alouette \u00e0 Bonnefamille dans le Nord Is\u00e8re (Est de Lyon). Venez d\u00e9couvrir des menus uniques.\" \/>\n<meta name=\"robots\" content=\"index, follow, max-snippet:-1, max-image-preview:large, max-video-preview:-1\" \/>\n<link rel=\"canonical\" href=\"https:\/\/www.restaurant-alouette.com\/en\/\" \/>\n<meta property=\"og:locale\" content=\"en_GB\" \/>\n<meta property=\"og:type\" content=\"article\" \/>\n<meta property=\"og:title\" content=\"Restaurant gastronomique l&#039;Alouette \u00e0 Bonnefamille dans l&#039;Is\u00e8re - Restaurant Alouette\" \/>\n<meta property=\"og:description\" content=\"Bienvenue sur le site du restaurant gastronomique de l&#039;Alouette \u00e0 Bonnefamille dans le Nord Is\u00e8re (Est de Lyon). Venez d\u00e9couvrir des menus uniques.\" \/>\n<meta property=\"og:url\" content=\"https:\/\/www.restaurant-alouette.com\/en\/\" \/>\n<meta property=\"og:site_name\" content=\"Restaurant Alouette\" \/>\n<meta property=\"article:publisher\" content=\"https:\/\/www.facebook.com\/Lalouette-Plus-quun-Restaurant-120299032976\/\" \/>\n<meta property=\"article:modified_time\" content=\"2026-04-07T10:14:41+00:00\" \/>\n<meta property=\"og:image\" content=\"https:\/\/www.restaurant-alouette.com\/wp-content\/uploads\/2020\/01\/GaultMillau2-300x160.png\" \/>\n<meta name=\"twitter:card\" content=\"summary_large_image\" \/>\n<meta name=\"twitter:label1\" content=\"Estimated reading time\" \/>\n\t<meta name=\"twitter:data1\" content=\"2 minutes\" \/>\n<script type=\"application\/ld+json\" class=\"yoast-schema-graph\">{\"@context\":\"https:\/\/schema.org\",\"@graph\":[{\"@type\":\"WebPage\",\"@id\":\"https:\/\/www.restaurant-alouette.com\/fr\/\",\"url\":\"https:\/\/www.restaurant-alouette.com\/fr\/\",\"name\":\"Restaurant gastronomique l'Alouette \u00e0 Bonnefamille dans l'Is\u00e8re - Restaurant Alouette\",\"isPartOf\":{\"@id\":\"http:\/\/www.restaurant-alouette.com\/fr\/#website\"},\"primaryImageOfPage\":{\"@id\":\"https:\/\/www.restaurant-alouette.com\/fr\/#primaryimage\"},\"image\":{\"@id\":\"https:\/\/www.restaurant-alouette.com\/fr\/#primaryimage\"},\"thumbnailUrl\":\"https:\/\/www.restaurant-alouette.com\/wp-content\/uploads\/2020\/01\/Lalouette.svg\",\"datePublished\":\"2017-04-11T19:33:43+00:00\",\"dateModified\":\"2026-04-07T10:14:41+00:00\",\"description\":\"Bienvenue sur le site du restaurant gastronomique de l'Alouette \u00e0 Bonnefamille dans le Nord Is\u00e8re (Est de Lyon). Venez d\u00e9couvrir des menus uniques.\",\"breadcrumb\":{\"@id\":\"https:\/\/www.restaurant-alouette.com\/fr\/#breadcrumb\"},\"inLanguage\":\"en-GB\",\"potentialAction\":[{\"@type\":\"ReadAction\",\"target\":[\"https:\/\/www.restaurant-alouette.com\/fr\/\"]}]},{\"@type\":\"ImageObject\",\"inLanguage\":\"en-GB\",\"@id\":\"https:\/\/www.restaurant-alouette.com\/fr\/#primaryimage\",\"url\":\"https:\/\/www.restaurant-alouette.com\/wp-content\/uploads\/2020\/01\/Lalouette.svg\",\"contentUrl\":\"https:\/\/www.restaurant-alouette.com\/wp-content\/uploads\/2020\/01\/Lalouette.svg\"},{\"@type\":\"BreadcrumbList\",\"@id\":\"https:\/\/www.restaurant-alouette.com\/fr\/#breadcrumb\",\"itemListElement\":[{\"@type\":\"ListItem\",\"position\":1,\"name\":\"Accueil\",\"item\":\"https:\/\/www.restaurant-alouette.com\/fr\/\"},{\"@type\":\"ListItem\",\"position\":2,\"name\":\"Restaurant gastronomique l&#8217;Alouette \u00e0 Bonnefamille dans l&#8217;Is\u00e8re\"}]},{\"@type\":\"WebSite\",\"@id\":\"http:\/\/www.restaurant-alouette.com\/fr\/#website\",\"url\":\"http:\/\/www.restaurant-alouette.com\/fr\/\",\"name\":\"Restaurant de l'Alouette\",\"description\":\"Votre restaurant gastronomique \u00e0 Bonnefamille\",\"potentialAction\":[{\"@type\":\"SearchAction\",\"target\":{\"@type\":\"EntryPoint\",\"urlTemplate\":\"http:\/\/www.restaurant-alouette.com\/fr\/?s={search_term_string}\"},\"query-input\":\"required name=search_term_string\"}],\"inLanguage\":\"en-GB\"}]}<\/script>\n<!-- \/ Yoast SEO plugin. -->","yoast_head_json":{"title":"Restaurant gastronomique l'Alouette \u00e0 Bonnefamille dans l'Is\u00e8re - Restaurant Alouette","description":"Bienvenue sur le site du restaurant gastronomique de l'Alouette \u00e0 Bonnefamille dans le Nord Is\u00e8re (Est de Lyon). Venez d\u00e9couvrir des menus uniques.","robots":{"index":"index","follow":"follow","max-snippet":"max-snippet:-1","max-image-preview":"max-image-preview:large","max-video-preview":"max-video-preview:-1"},"canonical":"https:\/\/www.restaurant-alouette.com\/en\/","og_locale":"en_GB","og_type":"article","og_title":"Restaurant gastronomique l'Alouette \u00e0 Bonnefamille dans l'Is\u00e8re - Restaurant Alouette","og_description":"Bienvenue sur le site du restaurant gastronomique de l'Alouette \u00e0 Bonnefamille dans le Nord Is\u00e8re (Est de Lyon). Venez d\u00e9couvrir des menus uniques.","og_url":"https:\/\/www.restaurant-alouette.com\/en\/","og_site_name":"Restaurant Alouette","article_publisher":"https:\/\/www.facebook.com\/Lalouette-Plus-quun-Restaurant-120299032976\/","article_modified_time":"2026-04-07T10:14:41+00:00","og_image":[{"url":"https:\/\/www.restaurant-alouette.com\/wp-content\/uploads\/2020\/01\/GaultMillau2-300x160.png"}],"twitter_card":"summary_large_image","twitter_misc":{"Estimated reading time":"2 minutes"},"schema":{"@context":"https:\/\/schema.org","@graph":[{"@type":"WebPage","@id":"https:\/\/www.restaurant-alouette.com\/fr\/","url":"https:\/\/www.restaurant-alouette.com\/fr\/","name":"Restaurant gastronomique l'Alouette \u00e0 Bonnefamille dans l'Is\u00e8re - Restaurant Alouette","isPartOf":{"@id":"http:\/\/www.restaurant-alouette.com\/fr\/#website"},"primaryImageOfPage":{"@id":"https:\/\/www.restaurant-alouette.com\/fr\/#primaryimage"},"image":{"@id":"https:\/\/www.restaurant-alouette.com\/fr\/#primaryimage"},"thumbnailUrl":"https:\/\/www.restaurant-alouette.com\/wp-content\/uploads\/2020\/01\/Lalouette.svg","datePublished":"2017-04-11T19:33:43+00:00","dateModified":"2026-04-07T10:14:41+00:00","description":"Bienvenue sur le site du restaurant gastronomique de l'Alouette \u00e0 Bonnefamille dans le Nord Is\u00e8re (Est de Lyon). Venez d\u00e9couvrir des menus uniques.","breadcrumb":{"@id":"https:\/\/www.restaurant-alouette.com\/fr\/#breadcrumb"},"inLanguage":"en-GB","potentialAction":[{"@type":"ReadAction","target":["https:\/\/www.restaurant-alouette.com\/fr\/"]}]},{"@type":"ImageObject","inLanguage":"en-GB","@id":"https:\/\/www.restaurant-alouette.com\/fr\/#primaryimage","url":"https:\/\/www.restaurant-alouette.com\/wp-content\/uploads\/2020\/01\/Lalouette.svg","contentUrl":"https:\/\/www.restaurant-alouette.com\/wp-content\/uploads\/2020\/01\/Lalouette.svg"},{"@type":"BreadcrumbList","@id":"https:\/\/www.restaurant-alouette.com\/fr\/#breadcrumb","itemListElement":[{"@type":"ListItem","position":1,"name":"Accueil","item":"https:\/\/www.restaurant-alouette.com\/fr\/"},{"@type":"ListItem","position":2,"name":"Restaurant gastronomique l&#8217;Alouette \u00e0 Bonnefamille dans l&#8217;Is\u00e8re"}]},{"@type":"WebSite","@id":"http:\/\/www.restaurant-alouette.com\/fr\/#website","url":"http:\/\/www.restaurant-alouette.com\/fr\/","name":"Restaurant de l'Alouette","description":"Votre restaurant gastronomique \u00e0 Bonnefamille","potentialAction":[{"@type":"SearchAction","target":{"@type":"EntryPoint","urlTemplate":"http:\/\/www.restaurant-alouette.com\/fr\/?s={search_term_string}"},"query-input":"required name=search_term_string"}],"inLanguage":"en-GB"}]}},"jetpack_sharing_enabled":true,"_links":{"self":[{"href":"https:\/\/www.restaurant-alouette.com\/en\/wp-json\/wp\/v2\/pages\/225"}],"collection":[{"href":"https:\/\/www.restaurant-alouette.com\/en\/wp-json\/wp\/v2\/pages"}],"about":[{"href":"https:\/\/www.restaurant-alouette.com\/en\/wp-json\/wp\/v2\/types\/page"}],"author":[{"embeddable":true,"href":"https:\/\/www.restaurant-alouette.com\/en\/wp-json\/wp\/v2\/users\/1"}],"replies":[{"embeddable":true,"href":"https:\/\/www.restaurant-alouette.com\/en\/wp-json\/wp\/v2\/comments?post=225"}],"version-history":[{"count":288,"href":"https:\/\/www.restaurant-alouette.com\/en\/wp-json\/wp\/v2\/pages\/225\/revisions"}],"predecessor-version":[{"id":19155,"href":"https:\/\/www.restaurant-alouette.com\/en\/wp-json\/wp\/v2\/pages\/225\/revisions\/19155"}],"wp:attachment":[{"href":"https:\/\/www.restaurant-alouette.com\/en\/wp-json\/wp\/v2\/media?parent=225"}],"curies":[{"name":"wp","href":"https:\/\/api.w.org\/{rel}","templated":true}]}}