{"id":480,"date":"2017-05-20T12:47:55","date_gmt":"2017-05-20T10:47:55","guid":{"rendered":"http:\/\/www.restaurant-alouette.com\/?page_id=480"},"modified":"2026-04-10T21:00:23","modified_gmt":"2026-04-10T19:00:23","slug":"reservez-votre-table","status":"publish","type":"page","link":"https:\/\/www.restaurant-alouette.com\/en\/reservez-votre-table\/","title":{"rendered":"Book a table"},"content":{"rendered":"<h1>\n\t\tBook a table\n\t<\/h1>\n\t<p>&nbsp;<\/p>\n<p>Vous \u00eates sur le point d&#8217;effectuer une r\u00e9servation au <strong><em>Restaurant de l&#8217;Alouette<\/em><\/strong> situ\u00e9 en <strong>Is\u00e8re (38) \u00e0 <\/strong><strong>BONNEFAMILLE<\/strong><\/p>\n<p>&#8211; &#8211; &#8211; &#8211;<\/p>\n\t<p><strong>Pour r\u00e9server :<\/strong><\/p>\nVous r\u00e9servez pour le jour m\u00eame ?<br \/>\nContactez nous au <strong>06.50.40.54.34<\/strong>\nVous r\u00e9servez pour une date ult\u00e9rieure ?<br \/>\nRemplissez le <strong>formulaire<\/strong> ci-dessous (une r\u00e9ponse vous sera envoy\u00e9e dans les <strong>plus brefs d\u00e9lais, <\/strong>pensez \u00e0 v\u00e9rifier vos <strong>spams<\/strong>).<br \/>\nVous pouvez aussi nous appeler au<strong> 06.50.40.54.34<\/strong>\n<strong>Vous r\u00e9servez pour une date ant\u00e9rieure ?<\/strong><br \/>\nNous ne pouvons malheureusement pas r\u00e9pondre \u00e0 votre demande.\n<p>&nbsp;<\/p>\n<p>&#8211; &#8211; &#8211; &#8211;<\/p>\n<p>RESTAURANT FERM\u00c9 LUNDI TOUTE LA JOURNEE, SAMEDI MIDI, ET DIMANCHE SOIR<\/p>\n<p>&nbsp;<\/p>\n<p><strong>HEURES D&#8217;ARRIVEE :<\/strong><\/p>\n<strong>Mardi au Vendredi :<\/strong> 12h &#8211; 13h30<br \/>\n19h30 &#8211; 20h30\n<p><strong>Saturday* <\/strong>: 19h30 &#8211; 20h30<\/p>\n<p><strong>Dimanche<\/strong>\u00a0: 12h &#8211; 13h30<\/p>\n<p>&nbsp;<\/p>\n<p><strong>Le restaurant ferme ses portes \u00e0 15h et 23h.<\/strong><\/p>\n<p>&nbsp;<\/p>\n<p>&nbsp;<\/p>\n<p>&nbsp;<\/p>\n\t\t\t\t<img loading=\"lazy\" decoding=\"async\" src=\"https:\/\/www.restaurant-alouette.com\/wp-content\/uploads\/2020\/01\/crayon-aliment5-min_2.png\" alt=\"crayon-aliment5-min_2\" itemprop=\"image\" height=\"1752\" width=\"1557\" title=\"crayon-aliment5-min_2\" onerror=\"this.style.display='none'\"  \/>\n\t<p><b><i>Nous sommes complets dimanche 12 avril.<\/i><\/b><\/p>\n<p><b><i>Fermeture printani\u00e8re du 1 Mai au 7 Mai inclus.<\/i><\/b><\/p>\n\t\n\n\t\n\t<script type=\"text\/javascript\">\n        var ajaxurl = 'https:\/\/www.restaurant-alouette.com\/wp-admin\/admin-ajax.php';\n    <\/script>\n\n    <style>#rtb-time_root .picker__list .picker__list-item.picker__list-item--disabled { display: none; }<\/style>\n    \n<div class=\"rtb-booking-form\">\n\t\n\t\n\t\n\t\n\t<form method=\"POST\" action=\"\" class=\"rtb-booking-form-form\" data-trp-original-action=\"\">\n\t\t<input type=\"hidden\" name=\"action\" value=\"booking_request\">\n\n\t\t\n\t\t\n\t\t\n\t\t\t\t<fieldset class=\"reservation\">\n\n\t\t\t\t\t\t<legend >\n\t\t\t\tBook a table\t\t\t<\/legend>\n\t\t\t\n\t\t\t\n\t<div class=\"rtb-text date\">\n\t\t\t\t<label for=\"rtb-date\">\n\t\t\tDate\t\t<\/label>\n\t\t<input type=\"text\" name=\"rtb-date\" id=\"rtb-date\" value=\"\" required aria-required=\"true\">\n\t<\/div>\n\n\t\n\t<div class=\"rtb-text time\">\n\t\t\t\t<label for=\"rtb-time\">\n\t\t\tTime\t\t<\/label>\n\t\t<input type=\"text\" name=\"rtb-time\" id=\"rtb-time\" value=\"\" required aria-required=\"true\">\n\t<\/div>\n\n\t\n\t<div class=\"rtb-select party\">\n\t\t\t\t<label for=\"rtb-party\">\n\t\t\tParty\t\t<\/label>\n\t\t<select name=\"rtb-party\" id=\"rtb-party\" required aria-required=\"true\"  data-selected=\"\">\n\t\t\t\t\t\t\t\t\t<option value=\"1\" >1<\/option>\n\t\t\t\t\t\t<option value=\"2\" >2<\/option>\n\t\t\t\t\t\t<option value=\"3\" >3<\/option>\n\t\t\t\t\t\t<option value=\"4\" >4<\/option>\n\t\t\t\t\t\t<option value=\"5\" >5<\/option>\n\t\t\t\t\t\t<option value=\"6\" >6<\/option>\n\t\t\t\t\t\t<option value=\"7\" >7<\/option>\n\t\t\t\t\t\t<option value=\"8\" >8<\/option>\n\t\t\t\t\t\t<option value=\"9\" >9<\/option>\n\t\t\t\t\t\t<option value=\"10\" >10<\/option>\n\t\t\t\t\t\t<option value=\"11\" >11<\/option>\n\t\t\t\t\t\t<option value=\"12\" >12<\/option>\n\t\t\t\t\t\t<option value=\"13\" >13<\/option>\n\t\t\t\t\t\t<option value=\"14\" >14<\/option>\n\t\t\t\t\t\t<option value=\"15\" >15<\/option>\n\t\t\t\t\t\t<option value=\"16\" >16<\/option>\n\t\t\t\t\t\t<option value=\"17\" >17<\/option>\n\t\t\t\t\t\t<option value=\"18\" >18<\/option>\n\t\t\t\t\t\t<option value=\"19\" >19<\/option>\n\t\t\t\t\t\t<option value=\"20\" >20<\/option>\n\t\t\t\t\t<\/select>\n\t<\/div>\n\n\t\t\t<\/fieldset>\n\t\t\t\t<fieldset class=\"rtb-contact\">\n\n\t\t\t\t\t\t<legend >\n\t\t\t\tContact Details\t\t\t<\/legend>\n\t\t\t\n\t\t\t\n\t<div class=\"rtb-text name\">\n\t\t\t\t<label for=\"rtb-name\">\n\t\t\tName\t\t<\/label>\n\t\t<input type=\"text\" name=\"rtb-name\" id=\"rtb-name\" value=\"\" required aria-required=\"true\">\n\t<\/div>\n\n\t\n\t<div class=\"rtb-text email\">\n\t\t\t\t<label for=\"rtb-email\">\n\t\t\tEmail\t\t<\/label>\n\t\t<input type=\"email\" name=\"rtb-email\" id=\"rtb-email\" value=\"\" required aria-required=\"true\">\n\t<\/div>\n\n\t\n\t<div class=\"rtb-text phone\">\n\t\t\t\t<label for=\"rtb-phone\">\n\t\t\tPhone\t\t<\/label>\n\t\t<input type=\"tel\" name=\"rtb-phone\" id=\"rtb-phone\" value=\"\">\n\t<\/div>\n\n\t\n\t<div class=\"add-message\">\n\t\t<a href=\"#\">\n\t\t\tAdd a Message\t\t<\/a>\n\t<\/div>\n\n\t\n\t<div class=\"rtb-textarea message\">\n\t\t\t\t<label for=\"rtb-message\">\n\t\t\tMessage\t\t<\/label>\n\t\t<textarea name=\"rtb-message\" id=\"rtb-message\"><\/textarea>\n\t<\/div>\n\n\t\t\t<\/fieldset>\n\t\t\n\t\t\n\t\t<fieldset class=\"rtb-form-footer\">\n\t\t\t<div id='rtb_recaptcha'><\/div>\n\t\t\t\n\t\t\t<div class=\"rtb-form-submit\"><button type=\"submit\">Request Booking<\/button><\/div>\t\t<\/fieldset>\n\n\n\t<input type=\"hidden\" name=\"trp-form-language\" value=\"en\"\/><\/form>\n\n\t\n\t\n\t<\/div>","protected":false},"excerpt":{"rendered":"<p>R\u00e9servez votre table &nbsp; Vous \u00eates sur le point d&#8217;effectuer une r\u00e9servation au Restaurant de l&#8217;Alouette situ\u00e9 en Is\u00e8re (38) \u00e0 BONNEFAMILLE &#8211; &#8211; &#8211; &#8211; Pour r\u00e9server : Vous r\u00e9servez pour le jour m\u00eame ? Contactez nous au 06.50.40.54.34 Vous r\u00e9servez pour une date ult\u00e9rieure ? Remplissez le formulaire ci-dessous (une r\u00e9ponse vous sera [&hellip;]<\/p>","protected":false},"author":1,"featured_media":0,"parent":0,"menu_order":0,"comment_status":"closed","ping_status":"closed","template":"","meta":{"inline_featured_image":false,"_exactmetrics_skip_tracking":false,"_exactmetrics_sitenote_active":false,"_exactmetrics_sitenote_note":"","_exactmetrics_sitenote_category":0,"footnotes":""},"yoast_head":"<!-- This site is optimized with the Yoast SEO plugin v23.0 - https:\/\/yoast.com\/wordpress\/plugins\/seo\/ -->\n<title>R\u00e9servez en ligne votre table au restaurant gastronomique l&#039;Alouette<\/title>\n<meta name=\"description\" content=\"Gr\u00e2ce \u00e0 notre syst\u00e8me en ligne, r\u00e9servez en toute tranquillit\u00e9 votre table m\u00eame pour les groupes jusqu&#039;\u00e0 10 personnes. Vous recevrez un mail de confirmation\" \/>\n<meta name=\"robots\" content=\"index, follow, max-snippet:-1, max-image-preview:large, max-video-preview:-1\" \/>\n<link rel=\"canonical\" href=\"https:\/\/www.restaurant-alouette.com\/en\/reservez-votre-table\/\" \/>\n<meta property=\"og:locale\" content=\"en_GB\" \/>\n<meta property=\"og:type\" content=\"article\" \/>\n<meta property=\"og:title\" content=\"R\u00e9servez en ligne votre table au restaurant gastronomique l&#039;Alouette\" \/>\n<meta property=\"og:description\" content=\"Gr\u00e2ce \u00e0 notre syst\u00e8me en ligne, r\u00e9servez en toute tranquillit\u00e9 votre table m\u00eame pour les groupes jusqu&#039;\u00e0 10 personnes. Vous recevrez un mail de confirmation\" \/>\n<meta property=\"og:url\" content=\"https:\/\/www.restaurant-alouette.com\/en\/reservez-votre-table\/\" \/>\n<meta property=\"og:site_name\" content=\"Restaurant Alouette\" \/>\n<meta property=\"article:publisher\" content=\"https:\/\/www.facebook.com\/Lalouette-Plus-quun-Restaurant-120299032976\/\" \/>\n<meta property=\"article:modified_time\" content=\"2026-04-10T19:00:23+00:00\" \/>\n<meta property=\"og:image\" content=\"https:\/\/www.restaurant-alouette.com\/wp-content\/uploads\/2020\/01\/crayon-aliment5-min_2.png\" \/>\n<meta name=\"twitter:card\" content=\"summary_large_image\" \/>\n<meta name=\"twitter:label1\" content=\"Estimated reading time\" \/>\n\t<meta name=\"twitter:data1\" content=\"1 minute\" \/>\n<script type=\"application\/ld+json\" class=\"yoast-schema-graph\">{\"@context\":\"https:\/\/schema.org\",\"@graph\":[{\"@type\":\"WebPage\",\"@id\":\"https:\/\/www.restaurant-alouette.com\/fr\/reservez-votre-table\/\",\"url\":\"https:\/\/www.restaurant-alouette.com\/fr\/reservez-votre-table\/\",\"name\":\"R\u00e9servez en ligne votre table au restaurant gastronomique l'Alouette\",\"isPartOf\":{\"@id\":\"http:\/\/www.restaurant-alouette.com\/fr\/#website\"},\"primaryImageOfPage\":{\"@id\":\"https:\/\/www.restaurant-alouette.com\/fr\/reservez-votre-table\/#primaryimage\"},\"image\":{\"@id\":\"https:\/\/www.restaurant-alouette.com\/fr\/reservez-votre-table\/#primaryimage\"},\"thumbnailUrl\":\"https:\/\/www.restaurant-alouette.com\/wp-content\/uploads\/2020\/01\/crayon-aliment5-min_2.png\",\"datePublished\":\"2017-05-20T10:47:55+00:00\",\"dateModified\":\"2026-04-10T19:00:23+00:00\",\"description\":\"Gr\u00e2ce \u00e0 notre syst\u00e8me en ligne, r\u00e9servez en toute tranquillit\u00e9 votre table m\u00eame pour les groupes jusqu'\u00e0 10 personnes. Vous recevrez un mail de confirmation\",\"breadcrumb\":{\"@id\":\"https:\/\/www.restaurant-alouette.com\/fr\/reservez-votre-table\/#breadcrumb\"},\"inLanguage\":\"en-GB\",\"potentialAction\":[{\"@type\":\"ReadAction\",\"target\":[\"https:\/\/www.restaurant-alouette.com\/fr\/reservez-votre-table\/\"]}]},{\"@type\":\"ImageObject\",\"inLanguage\":\"en-GB\",\"@id\":\"https:\/\/www.restaurant-alouette.com\/fr\/reservez-votre-table\/#primaryimage\",\"url\":\"https:\/\/www.restaurant-alouette.com\/wp-content\/uploads\/2020\/01\/crayon-aliment5-min_2.png\",\"contentUrl\":\"https:\/\/www.restaurant-alouette.com\/wp-content\/uploads\/2020\/01\/crayon-aliment5-min_2.png\"},{\"@type\":\"BreadcrumbList\",\"@id\":\"https:\/\/www.restaurant-alouette.com\/fr\/reservez-votre-table\/#breadcrumb\",\"itemListElement\":[{\"@type\":\"ListItem\",\"position\":1,\"name\":\"Accueil\",\"item\":\"https:\/\/www.restaurant-alouette.com\/fr\/\"},{\"@type\":\"ListItem\",\"position\":2,\"name\":\"R\u00e9servez votre table\"}]},{\"@type\":\"WebSite\",\"@id\":\"http:\/\/www.restaurant-alouette.com\/fr\/#website\",\"url\":\"http:\/\/www.restaurant-alouette.com\/fr\/\",\"name\":\"Restaurant de l'Alouette\",\"description\":\"Votre restaurant gastronomique \u00e0 Bonnefamille\",\"potentialAction\":[{\"@type\":\"SearchAction\",\"target\":{\"@type\":\"EntryPoint\",\"urlTemplate\":\"http:\/\/www.restaurant-alouette.com\/fr\/?s={search_term_string}\"},\"query-input\":\"required name=search_term_string\"}],\"inLanguage\":\"en-GB\"}]}<\/script>\n<!-- \/ Yoast SEO plugin. -->","yoast_head_json":{"title":"R\u00e9servez en ligne votre table au restaurant gastronomique l'Alouette","description":"Gr\u00e2ce \u00e0 notre syst\u00e8me en ligne, r\u00e9servez en toute tranquillit\u00e9 votre table m\u00eame pour les groupes jusqu'\u00e0 10 personnes. Vous recevrez un mail de confirmation","robots":{"index":"index","follow":"follow","max-snippet":"max-snippet:-1","max-image-preview":"max-image-preview:large","max-video-preview":"max-video-preview:-1"},"canonical":"https:\/\/www.restaurant-alouette.com\/en\/reservez-votre-table\/","og_locale":"en_GB","og_type":"article","og_title":"R\u00e9servez en ligne votre table au restaurant gastronomique l'Alouette","og_description":"Gr\u00e2ce \u00e0 notre syst\u00e8me en ligne, r\u00e9servez en toute tranquillit\u00e9 votre table m\u00eame pour les groupes jusqu'\u00e0 10 personnes. Vous recevrez un mail de confirmation","og_url":"https:\/\/www.restaurant-alouette.com\/en\/reservez-votre-table\/","og_site_name":"Restaurant Alouette","article_publisher":"https:\/\/www.facebook.com\/Lalouette-Plus-quun-Restaurant-120299032976\/","article_modified_time":"2026-04-10T19:00:23+00:00","og_image":[{"url":"https:\/\/www.restaurant-alouette.com\/wp-content\/uploads\/2020\/01\/crayon-aliment5-min_2.png"}],"twitter_card":"summary_large_image","twitter_misc":{"Estimated reading time":"1 minute"},"schema":{"@context":"https:\/\/schema.org","@graph":[{"@type":"WebPage","@id":"https:\/\/www.restaurant-alouette.com\/fr\/reservez-votre-table\/","url":"https:\/\/www.restaurant-alouette.com\/fr\/reservez-votre-table\/","name":"R\u00e9servez en ligne votre table au restaurant gastronomique l'Alouette","isPartOf":{"@id":"http:\/\/www.restaurant-alouette.com\/fr\/#website"},"primaryImageOfPage":{"@id":"https:\/\/www.restaurant-alouette.com\/fr\/reservez-votre-table\/#primaryimage"},"image":{"@id":"https:\/\/www.restaurant-alouette.com\/fr\/reservez-votre-table\/#primaryimage"},"thumbnailUrl":"https:\/\/www.restaurant-alouette.com\/wp-content\/uploads\/2020\/01\/crayon-aliment5-min_2.png","datePublished":"2017-05-20T10:47:55+00:00","dateModified":"2026-04-10T19:00:23+00:00","description":"Gr\u00e2ce \u00e0 notre syst\u00e8me en ligne, r\u00e9servez en toute tranquillit\u00e9 votre table m\u00eame pour les groupes jusqu'\u00e0 10 personnes. Vous recevrez un mail de confirmation","breadcrumb":{"@id":"https:\/\/www.restaurant-alouette.com\/fr\/reservez-votre-table\/#breadcrumb"},"inLanguage":"en-GB","potentialAction":[{"@type":"ReadAction","target":["https:\/\/www.restaurant-alouette.com\/fr\/reservez-votre-table\/"]}]},{"@type":"ImageObject","inLanguage":"en-GB","@id":"https:\/\/www.restaurant-alouette.com\/fr\/reservez-votre-table\/#primaryimage","url":"https:\/\/www.restaurant-alouette.com\/wp-content\/uploads\/2020\/01\/crayon-aliment5-min_2.png","contentUrl":"https:\/\/www.restaurant-alouette.com\/wp-content\/uploads\/2020\/01\/crayon-aliment5-min_2.png"},{"@type":"BreadcrumbList","@id":"https:\/\/www.restaurant-alouette.com\/fr\/reservez-votre-table\/#breadcrumb","itemListElement":[{"@type":"ListItem","position":1,"name":"Accueil","item":"https:\/\/www.restaurant-alouette.com\/fr\/"},{"@type":"ListItem","position":2,"name":"R\u00e9servez votre table"}]},{"@type":"WebSite","@id":"http:\/\/www.restaurant-alouette.com\/fr\/#website","url":"http:\/\/www.restaurant-alouette.com\/fr\/","name":"Restaurant de l'Alouette","description":"Votre restaurant gastronomique \u00e0 Bonnefamille","potentialAction":[{"@type":"SearchAction","target":{"@type":"EntryPoint","urlTemplate":"http:\/\/www.restaurant-alouette.com\/fr\/?s={search_term_string}"},"query-input":"required name=search_term_string"}],"inLanguage":"en-GB"}]}},"jetpack_sharing_enabled":true,"_links":{"self":[{"href":"https:\/\/www.restaurant-alouette.com\/en\/wp-json\/wp\/v2\/pages\/480"}],"collection":[{"href":"https:\/\/www.restaurant-alouette.com\/en\/wp-json\/wp\/v2\/pages"}],"about":[{"href":"https:\/\/www.restaurant-alouette.com\/en\/wp-json\/wp\/v2\/types\/page"}],"author":[{"embeddable":true,"href":"https:\/\/www.restaurant-alouette.com\/en\/wp-json\/wp\/v2\/users\/1"}],"replies":[{"embeddable":true,"href":"https:\/\/www.restaurant-alouette.com\/en\/wp-json\/wp\/v2\/comments?post=480"}],"version-history":[{"count":128,"href":"https:\/\/www.restaurant-alouette.com\/en\/wp-json\/wp\/v2\/pages\/480\/revisions"}],"predecessor-version":[{"id":19164,"href":"https:\/\/www.restaurant-alouette.com\/en\/wp-json\/wp\/v2\/pages\/480\/revisions\/19164"}],"wp:attachment":[{"href":"https:\/\/www.restaurant-alouette.com\/en\/wp-json\/wp\/v2\/media?parent=480"}],"curies":[{"name":"wp","href":"https:\/\/api.w.org\/{rel}","templated":true}]}}