{"id":5132,"date":"2019-12-19T11:41:16","date_gmt":"2019-12-19T10:41:16","guid":{"rendered":"https:\/\/nouveau.restaurant-alouette.com\/?page_id=5132"},"modified":"2025-02-27T22:33:26","modified_gmt":"2025-02-27T21:33:26","slug":"equipe","status":"publish","type":"page","link":"https:\/\/www.restaurant-alouette.com\/en\/equipe\/","title":{"rendered":"Team"},"content":{"rendered":"<img loading=\"lazy\" decoding=\"async\" src=\"https:\/\/www.restaurant-alouette.com\/wp-content\/uploads\/2020\/01\/equipe.svg\" alt=\"equipe\" itemprop=\"image\" height=\"297\" width=\"210\" title=\"equipe\" onerror=\"this.style.display='none'\"  \/>\n\t\t\t\t<img decoding=\"async\" src=\"https:\/\/www.restaurant-alouette.com\/wp-content\/plugins\/bb-plugin\/img\/pixel.png\" alt=\"\" itemprop=\"image\" onerror=\"this.style.display='none'\"  \/>\n\t\t\t\t<img decoding=\"async\" src=\"https:\/\/www.restaurant-alouette.com\/wp-content\/plugins\/bb-plugin\/img\/pixel.png\" alt=\"\" itemprop=\"image\" onerror=\"this.style.display='none'\"  \/>\n\t\t\t\t<img loading=\"lazy\" decoding=\"async\" src=\"https:\/\/www.restaurant-alouette.com\/wp-content\/uploads\/2023\/02\/equipe2.jpg\" alt=\"equipe2\" itemprop=\"image\" height=\"720\" width=\"1280\" title=\"equipe2\" onerror=\"this.style.display='none'\"  \/>\n<h2>\n\t\tYordana\n\t<\/h2>\n<h3>\n\t\tChef de rang\n\t<\/h3>\n\t<p>Discr\u00e8te et attentive, Yordana est arriv\u00e9e \u00e0 l&#8217;Alouette en tant qu&#8217;apprentie il y 5 ans. Aujourd&#8217;hui, elle connait son m\u00e9tier sur le bout des doigts et sera ravie de vous servir.<\/p>\n\t\t\t\t<img loading=\"lazy\" decoding=\"async\" src=\"https:\/\/www.restaurant-alouette.com\/wp-content\/uploads\/2023\/02\/yordi.png\" alt=\"yordi\" itemprop=\"image\" height=\"607\" width=\"451\" title=\"yordi\" onerror=\"this.style.display='none'\"  \/>\n<h2>\n\t\tMarie\n\t<\/h2>\n<h3>\n\t\tChef de rang\n\t<\/h3>\n\t<p>Besoin d&#8217;un conseil pour le choix d&#8217;une bouteille ou d&#8217;un spiritueux ? Marie est l\u00e0 pour vous !<\/p>\nMarie est arriv\u00e9e en 2021.<br \/>\nSon parcours professionnel ? Demandez-lui ce sera plus simple!<br \/>\nElle a su trouver sa place en salle en se perfectionnant dans l&#8217;oenologie.\n\t\t\t\t<img loading=\"lazy\" decoding=\"async\" src=\"https:\/\/www.restaurant-alouette.com\/wp-content\/uploads\/2023\/02\/marie.png\" alt=\"marie\" itemprop=\"image\" height=\"607\" width=\"364\" title=\"marie\" onerror=\"this.style.display='none'\"  \/>\n\t\t\t\t<img loading=\"lazy\" decoding=\"async\" src=\"https:\/\/www.restaurant-alouette.com\/wp-content\/uploads\/2020\/01\/siropb-min.png\" alt=\"siropb-min\" itemprop=\"image\" height=\"307\" width=\"600\" title=\"siropb-min\" onerror=\"this.style.display='none'\"  \/>\n\t\t\t\t<img loading=\"lazy\" decoding=\"async\" src=\"https:\/\/www.restaurant-alouette.com\/wp-content\/uploads\/2023\/02\/melanie2.png\" alt=\"melanie2\" itemprop=\"image\" height=\"601\" width=\"381\" title=\"melanie2\" onerror=\"this.style.display='none'\"  \/>\n<h2>\n\t\tM\u00e9lanie\n\t<\/h2>\n<h3>\n\t\tG\u00e9rante, Responsable de salle\n\t<\/h3>\n\t<p>En 2013 M\u00e9lanie a frapp\u00e9 \u00e0 la porte de l&#8217;Alouette<\/p>\n<p>&#8230;<\/p>\nApr\u00e8s avoir \u00e9t\u00e9 form\u00e9e en cuisine par Jean-Claude ainsi que Bertrand, elle a su trouver sa place dans cette brigade d&#8217;hommes et apporter sa touche f\u00e9minine.<br \/>\nD\u00e9sormais g\u00e9rante et responsable de salle, elle garde un oeil attentif sur la cuisine pour seconder son mari.\n\t\t\t\t<img loading=\"lazy\" decoding=\"async\" src=\"https:\/\/www.restaurant-alouette.com\/wp-content\/uploads\/2023\/02\/bertrand.png\" alt=\"bertrand\" itemprop=\"image\" height=\"583\" width=\"373\" title=\"bertrand\" onerror=\"this.style.display='none'\"  \/>\n<h2>\n\t\tBertand\n\t<\/h2>\n<h3>\n\t\tG\u00e9rant et chef de cuisine\n\t<\/h3>\n\t<p>Il \u00e9tait une fois un jeune apprenti&#8230;<\/p>\n<p>En 2001, Bertrand a mis un pied \u00e0 l&#8217;Alouette pour sa formation de Bac professionnel.<\/p>\n<p>Quelques ann\u00e9es se sont \u00e9coul\u00e9es durant lesquelles il a particip\u00e9 \u00e0 tous les postes : des entr\u00e9es aux desserts&#8230;<\/p>\n<p>En 2015, Bertrand devient chef de cuisine \u00e0 l&#8217;Alouette.<\/p>\n<p>Depuis le 1er octobre 2022, son \u00e9pouse M\u00e9lanie et lui sont les propri\u00e9taires du restaurant.<\/p>\n\t\t\t\t<img loading=\"lazy\" decoding=\"async\" src=\"https:\/\/www.restaurant-alouette.com\/wp-content\/uploads\/2020\/01\/jc-min.png\" alt=\"jc-min\" itemprop=\"image\" height=\"800\" width=\"828\" title=\"jc-min\" onerror=\"this.style.display='none'\"  \/>\n<h2>\n\t\tJean-Claude\n\t<\/h2>\n<h3>\n\t\tFondateur de l&#8217;Alouette\n\t<\/h3>\n\t<p>Aujourd&#8217;hui \u00e0 la retraite. Jean-Claude a fond\u00e9 l&#8217;alouette il y a une quarantaine d&#8217;ann\u00e9es. Maintenant, il travaille la terre et exp\u00e9rimente les joies du potager. Peut-\u00eatre trouverez-vous certaines de ses r\u00e9coltes dans vos assiettes.<\/p>","protected":false},"excerpt":{"rendered":"<p>Yordana Chef de rang Discr\u00e8te et attentive, Yordana est arriv\u00e9e \u00e0 l&#8217;Alouette en tant qu&#8217;apprentie il y 5 ans. Aujourd&#8217;hui, elle connait son m\u00e9tier sur le bout des doigts et sera ravie de vous servir. Marie Chef de rang Besoin d&#8217;un conseil pour le choix d&#8217;une bouteille ou d&#8217;un spiritueux ? Marie est l\u00e0 pour [&hellip;]<\/p>","protected":false},"author":6,"featured_media":0,"parent":0,"menu_order":0,"comment_status":"closed","ping_status":"closed","template":"","meta":{"inline_featured_image":false,"_exactmetrics_skip_tracking":false,"_exactmetrics_sitenote_active":false,"_exactmetrics_sitenote_note":"","_exactmetrics_sitenote_category":0,"footnotes":""},"yoast_head":"<!-- This site is optimized with the Yoast SEO plugin v23.0 - https:\/\/yoast.com\/wordpress\/plugins\/seo\/ -->\n<title>\u00c9quipe - Restaurant Alouette<\/title>\n<meta name=\"description\" content=\"D\u00e9couvrez l&#039;\u00e9quipe du Restaurant Gastronomique l&#039;Alouette qui se met \u00e0 votre service pour vous offrir une exp\u00e9rience exeptionelle au sein de notre \u00e9tablissement.\" \/>\n<meta name=\"robots\" content=\"index, follow, max-snippet:-1, max-image-preview:large, max-video-preview:-1\" \/>\n<link rel=\"canonical\" href=\"https:\/\/www.restaurant-alouette.com\/en\/equipe\/\" \/>\n<meta property=\"og:locale\" content=\"en_GB\" \/>\n<meta property=\"og:type\" content=\"article\" \/>\n<meta property=\"og:title\" content=\"\u00c9quipe - Restaurant Alouette\" \/>\n<meta property=\"og:description\" content=\"D\u00e9couvrez l&#039;\u00e9quipe du Restaurant Gastronomique l&#039;Alouette qui se met \u00e0 votre service pour vous offrir une exp\u00e9rience exeptionelle au sein de notre \u00e9tablissement.\" \/>\n<meta property=\"og:url\" content=\"https:\/\/www.restaurant-alouette.com\/en\/equipe\/\" \/>\n<meta property=\"og:site_name\" content=\"Restaurant Alouette\" \/>\n<meta property=\"article:publisher\" content=\"https:\/\/www.facebook.com\/Lalouette-Plus-quun-Restaurant-120299032976\/\" \/>\n<meta property=\"article:modified_time\" content=\"2025-02-27T21:33:26+00:00\" \/>\n<meta property=\"og:image\" content=\"https:\/\/www.restaurant-alouette.com\/wp-content\/uploads\/2020\/01\/equipe.svg\" \/>\n<meta name=\"twitter:card\" content=\"summary_large_image\" \/>\n<meta name=\"twitter:label1\" content=\"Estimated reading time\" \/>\n\t<meta name=\"twitter:data1\" content=\"1 minute\" \/>\n<script type=\"application\/ld+json\" class=\"yoast-schema-graph\">{\"@context\":\"https:\/\/schema.org\",\"@graph\":[{\"@type\":\"WebPage\",\"@id\":\"https:\/\/www.restaurant-alouette.com\/fr\/equipe\/\",\"url\":\"https:\/\/www.restaurant-alouette.com\/fr\/equipe\/\",\"name\":\"\u00c9quipe - Restaurant Alouette\",\"isPartOf\":{\"@id\":\"http:\/\/www.restaurant-alouette.com\/fr\/#website\"},\"primaryImageOfPage\":{\"@id\":\"https:\/\/www.restaurant-alouette.com\/fr\/equipe\/#primaryimage\"},\"image\":{\"@id\":\"https:\/\/www.restaurant-alouette.com\/fr\/equipe\/#primaryimage\"},\"thumbnailUrl\":\"https:\/\/www.restaurant-alouette.com\/wp-content\/uploads\/2020\/01\/equipe.svg\",\"datePublished\":\"2019-12-19T10:41:16+00:00\",\"dateModified\":\"2025-02-27T21:33:26+00:00\",\"description\":\"D\u00e9couvrez l'\u00e9quipe du Restaurant Gastronomique l'Alouette qui se met \u00e0 votre service pour vous offrir une exp\u00e9rience exeptionelle au sein de notre \u00e9tablissement.\",\"breadcrumb\":{\"@id\":\"https:\/\/www.restaurant-alouette.com\/fr\/equipe\/#breadcrumb\"},\"inLanguage\":\"en-GB\",\"potentialAction\":[{\"@type\":\"ReadAction\",\"target\":[\"https:\/\/www.restaurant-alouette.com\/fr\/equipe\/\"]}]},{\"@type\":\"ImageObject\",\"inLanguage\":\"en-GB\",\"@id\":\"https:\/\/www.restaurant-alouette.com\/fr\/equipe\/#primaryimage\",\"url\":\"https:\/\/www.restaurant-alouette.com\/wp-content\/uploads\/2020\/01\/equipe.svg\",\"contentUrl\":\"https:\/\/www.restaurant-alouette.com\/wp-content\/uploads\/2020\/01\/equipe.svg\"},{\"@type\":\"BreadcrumbList\",\"@id\":\"https:\/\/www.restaurant-alouette.com\/fr\/equipe\/#breadcrumb\",\"itemListElement\":[{\"@type\":\"ListItem\",\"position\":1,\"name\":\"Accueil\",\"item\":\"http:\/\/www.restaurant-alouette.com\/fr\/\"},{\"@type\":\"ListItem\",\"position\":2,\"name\":\"\u00c9quipe\"}]},{\"@type\":\"WebSite\",\"@id\":\"http:\/\/www.restaurant-alouette.com\/fr\/#website\",\"url\":\"http:\/\/www.restaurant-alouette.com\/fr\/\",\"name\":\"Restaurant de l'Alouette\",\"description\":\"Votre restaurant gastronomique \u00e0 Bonnefamille\",\"potentialAction\":[{\"@type\":\"SearchAction\",\"target\":{\"@type\":\"EntryPoint\",\"urlTemplate\":\"http:\/\/www.restaurant-alouette.com\/fr\/?s={search_term_string}\"},\"query-input\":\"required name=search_term_string\"}],\"inLanguage\":\"en-GB\"}]}<\/script>\n<!-- \/ Yoast SEO plugin. -->","yoast_head_json":{"title":"\u00c9quipe - Restaurant Alouette","description":"D\u00e9couvrez l'\u00e9quipe du Restaurant Gastronomique l'Alouette qui se met \u00e0 votre service pour vous offrir une exp\u00e9rience exeptionelle au sein de notre \u00e9tablissement.","robots":{"index":"index","follow":"follow","max-snippet":"max-snippet:-1","max-image-preview":"max-image-preview:large","max-video-preview":"max-video-preview:-1"},"canonical":"https:\/\/www.restaurant-alouette.com\/en\/equipe\/","og_locale":"en_GB","og_type":"article","og_title":"\u00c9quipe - Restaurant Alouette","og_description":"D\u00e9couvrez l'\u00e9quipe du Restaurant Gastronomique l'Alouette qui se met \u00e0 votre service pour vous offrir une exp\u00e9rience exeptionelle au sein de notre \u00e9tablissement.","og_url":"https:\/\/www.restaurant-alouette.com\/en\/equipe\/","og_site_name":"Restaurant Alouette","article_publisher":"https:\/\/www.facebook.com\/Lalouette-Plus-quun-Restaurant-120299032976\/","article_modified_time":"2025-02-27T21:33:26+00:00","og_image":[{"url":"https:\/\/www.restaurant-alouette.com\/wp-content\/uploads\/2020\/01\/equipe.svg"}],"twitter_card":"summary_large_image","twitter_misc":{"Estimated reading time":"1 minute"},"schema":{"@context":"https:\/\/schema.org","@graph":[{"@type":"WebPage","@id":"https:\/\/www.restaurant-alouette.com\/fr\/equipe\/","url":"https:\/\/www.restaurant-alouette.com\/fr\/equipe\/","name":"\u00c9quipe - Restaurant Alouette","isPartOf":{"@id":"http:\/\/www.restaurant-alouette.com\/fr\/#website"},"primaryImageOfPage":{"@id":"https:\/\/www.restaurant-alouette.com\/fr\/equipe\/#primaryimage"},"image":{"@id":"https:\/\/www.restaurant-alouette.com\/fr\/equipe\/#primaryimage"},"thumbnailUrl":"https:\/\/www.restaurant-alouette.com\/wp-content\/uploads\/2020\/01\/equipe.svg","datePublished":"2019-12-19T10:41:16+00:00","dateModified":"2025-02-27T21:33:26+00:00","description":"D\u00e9couvrez l'\u00e9quipe du Restaurant Gastronomique l'Alouette qui se met \u00e0 votre service pour vous offrir une exp\u00e9rience exeptionelle au sein de notre \u00e9tablissement.","breadcrumb":{"@id":"https:\/\/www.restaurant-alouette.com\/fr\/equipe\/#breadcrumb"},"inLanguage":"en-GB","potentialAction":[{"@type":"ReadAction","target":["https:\/\/www.restaurant-alouette.com\/fr\/equipe\/"]}]},{"@type":"ImageObject","inLanguage":"en-GB","@id":"https:\/\/www.restaurant-alouette.com\/fr\/equipe\/#primaryimage","url":"https:\/\/www.restaurant-alouette.com\/wp-content\/uploads\/2020\/01\/equipe.svg","contentUrl":"https:\/\/www.restaurant-alouette.com\/wp-content\/uploads\/2020\/01\/equipe.svg"},{"@type":"BreadcrumbList","@id":"https:\/\/www.restaurant-alouette.com\/fr\/equipe\/#breadcrumb","itemListElement":[{"@type":"ListItem","position":1,"name":"Accueil","item":"http:\/\/www.restaurant-alouette.com\/fr\/"},{"@type":"ListItem","position":2,"name":"\u00c9quipe"}]},{"@type":"WebSite","@id":"http:\/\/www.restaurant-alouette.com\/fr\/#website","url":"http:\/\/www.restaurant-alouette.com\/fr\/","name":"Restaurant de l'Alouette","description":"Votre restaurant gastronomique \u00e0 Bonnefamille","potentialAction":[{"@type":"SearchAction","target":{"@type":"EntryPoint","urlTemplate":"http:\/\/www.restaurant-alouette.com\/fr\/?s={search_term_string}"},"query-input":"required name=search_term_string"}],"inLanguage":"en-GB"}]}},"jetpack_sharing_enabled":true,"_links":{"self":[{"href":"https:\/\/www.restaurant-alouette.com\/en\/wp-json\/wp\/v2\/pages\/5132"}],"collection":[{"href":"https:\/\/www.restaurant-alouette.com\/en\/wp-json\/wp\/v2\/pages"}],"about":[{"href":"https:\/\/www.restaurant-alouette.com\/en\/wp-json\/wp\/v2\/types\/page"}],"author":[{"embeddable":true,"href":"https:\/\/www.restaurant-alouette.com\/en\/wp-json\/wp\/v2\/users\/6"}],"replies":[{"embeddable":true,"href":"https:\/\/www.restaurant-alouette.com\/en\/wp-json\/wp\/v2\/comments?post=5132"}],"version-history":[{"count":40,"href":"https:\/\/www.restaurant-alouette.com\/en\/wp-json\/wp\/v2\/pages\/5132\/revisions"}],"predecessor-version":[{"id":17545,"href":"https:\/\/www.restaurant-alouette.com\/en\/wp-json\/wp\/v2\/pages\/5132\/revisions\/17545"}],"wp:attachment":[{"href":"https:\/\/www.restaurant-alouette.com\/en\/wp-json\/wp\/v2\/media?parent=5132"}],"curies":[{"name":"wp","href":"https:\/\/api.w.org\/{rel}","templated":true}]}}