{"id":9242,"date":"2021-09-09T14:41:26","date_gmt":"2021-09-09T12:41:26","guid":{"rendered":"https:\/\/www.restaurant-alouette.com\/?page_id=9242"},"modified":"2026-01-13T11:10:43","modified_gmt":"2026-01-13T10:10:43","slug":"les-vins-blancs","status":"publish","type":"page","link":"https:\/\/www.restaurant-alouette.com\/en\/les-vins-blancs\/","title":{"rendered":"Les vins Blancs"},"content":{"rendered":"<img decoding=\"async\" src=\"http:\/\/www.restaurant-alouette.com\/wp-content\/uploads\/2017\/11\/vin1-cadeau-min-min.png\" alt=\"vin1-cadeau-min-min\" itemprop=\"image\" title=\"vin1-cadeau-min-min\" onerror=\"this.style.display='none'\"  \/>\n<h2>\n\t\tLes vins blancs\n\t<\/h2>\n\t<a href=\"https:\/\/www.restaurant-alouette.com\/en\/vins-blanc-de-la-vallee-de-du-rhone\/\">\n\t\t  \tVall\u00e9e du Rh\u00f4ne\t  \t\n\t    <img width=\"239\" height=\"244\" src=\"https:\/\/www.restaurant-alouette.com\/wp-content\/uploads\/2020\/01\/bouton-mondrian-min.png\" alt=\"\" decoding=\"async\" loading=\"lazy\" srcset=\"https:\/\/www.restaurant-alouette.com\/wp-content\/uploads\/2020\/01\/bouton-mondrian-min.png 239w, https:\/\/www.restaurant-alouette.com\/wp-content\/uploads\/2020\/01\/bouton-mondrian-min-196x200.png 196w\" sizes=\"(max-width: 239px) 100vw, 239px\" \/>\t<\/a>\n\t<a href=\"https:\/\/www.restaurant-alouette.com\/en\/les-vins-blanc-de-bourgogne\/\">\n\t\t  \tBourgogne\t  \t\n\t    <img width=\"239\" height=\"244\" src=\"https:\/\/www.restaurant-alouette.com\/wp-content\/uploads\/2020\/01\/bouton-mondrian-min.png\" alt=\"\" decoding=\"async\" loading=\"lazy\" srcset=\"https:\/\/www.restaurant-alouette.com\/wp-content\/uploads\/2020\/01\/bouton-mondrian-min.png 239w, https:\/\/www.restaurant-alouette.com\/wp-content\/uploads\/2020\/01\/bouton-mondrian-min-196x200.png 196w\" sizes=\"(max-width: 239px) 100vw, 239px\" \/>\t<\/a>\n\t<a href=\"https:\/\/www.restaurant-alouette.com\/en\/les-vins-blancs-du-sud-ouest\/\">\n\t\t  \tSud-Ouest\t  \t\n\t    <img width=\"239\" height=\"244\" src=\"https:\/\/www.restaurant-alouette.com\/wp-content\/uploads\/2020\/01\/bouton-mondrian-min.png\" alt=\"\" decoding=\"async\" loading=\"lazy\" srcset=\"https:\/\/www.restaurant-alouette.com\/wp-content\/uploads\/2020\/01\/bouton-mondrian-min.png 239w, https:\/\/www.restaurant-alouette.com\/wp-content\/uploads\/2020\/01\/bouton-mondrian-min-196x200.png 196w\" sizes=\"(max-width: 239px) 100vw, 239px\" \/>\t<\/a>\n\t<a href=\"https:\/\/www.restaurant-alouette.com\/en\/les-vins-blancs-du-languedoc-roussillon\/\">\n\t\t  \tLanguedoc Roussillon\t  \t\n\t    <img width=\"239\" height=\"244\" src=\"https:\/\/www.restaurant-alouette.com\/wp-content\/uploads\/2020\/01\/bouton-mondrian-min.png\" alt=\"\" decoding=\"async\" loading=\"lazy\" srcset=\"https:\/\/www.restaurant-alouette.com\/wp-content\/uploads\/2020\/01\/bouton-mondrian-min.png 239w, https:\/\/www.restaurant-alouette.com\/wp-content\/uploads\/2020\/01\/bouton-mondrian-min-196x200.png 196w\" sizes=\"(max-width: 239px) 100vw, 239px\" \/>\t<\/a>\n\t<a href=\"https:\/\/www.restaurant-alouette.com\/en\/les-vins-blancs-du-sauternais\/\">\n\t\t  \tSauternais\t  \t\n\t    <img width=\"239\" height=\"244\" src=\"https:\/\/www.restaurant-alouette.com\/wp-content\/uploads\/2020\/01\/bouton-mondrian-min.png\" alt=\"\" decoding=\"async\" loading=\"lazy\" srcset=\"https:\/\/www.restaurant-alouette.com\/wp-content\/uploads\/2020\/01\/bouton-mondrian-min.png 239w, https:\/\/www.restaurant-alouette.com\/wp-content\/uploads\/2020\/01\/bouton-mondrian-min-196x200.png 196w\" sizes=\"(max-width: 239px) 100vw, 239px\" \/>\t<\/a>\n\t<a href=\"https:\/\/www.restaurant-alouette.com\/en\/les-vins-blancs-loire-et-centre\/\">\n\t\t  \tVall\u00e9e de la Loire\t  \t\n\t    <img width=\"239\" height=\"244\" src=\"https:\/\/www.restaurant-alouette.com\/wp-content\/uploads\/2020\/01\/bouton-mondrian-min.png\" alt=\"\" decoding=\"async\" loading=\"lazy\" srcset=\"https:\/\/www.restaurant-alouette.com\/wp-content\/uploads\/2020\/01\/bouton-mondrian-min.png 239w, https:\/\/www.restaurant-alouette.com\/wp-content\/uploads\/2020\/01\/bouton-mondrian-min-196x200.png 196w\" sizes=\"(max-width: 239px) 100vw, 239px\" \/>\t<\/a>\n\t<a href=\"https:\/\/www.restaurant-alouette.com\/en\/les-vins-blancs-de-lalsace\/\">\n\t\t  \tAlsace\t  \t\n\t    <img width=\"239\" height=\"244\" src=\"https:\/\/www.restaurant-alouette.com\/wp-content\/uploads\/2020\/01\/bouton-mondrian-min.png\" alt=\"\" decoding=\"async\" loading=\"lazy\" srcset=\"https:\/\/www.restaurant-alouette.com\/wp-content\/uploads\/2020\/01\/bouton-mondrian-min.png 239w, https:\/\/www.restaurant-alouette.com\/wp-content\/uploads\/2020\/01\/bouton-mondrian-min-196x200.png 196w\" sizes=\"(max-width: 239px) 100vw, 239px\" \/>\t<\/a>\n\t<a href=\"https:\/\/www.restaurant-alouette.com\/en\/vins-blancs-savoie\/\">\n\t\t  \tSavoie\t  \t\n\t    <img width=\"239\" height=\"244\" src=\"https:\/\/www.restaurant-alouette.com\/wp-content\/uploads\/2020\/01\/bouton-mondrian-min.png\" alt=\"\" decoding=\"async\" loading=\"lazy\" srcset=\"https:\/\/www.restaurant-alouette.com\/wp-content\/uploads\/2020\/01\/bouton-mondrian-min.png 239w, https:\/\/www.restaurant-alouette.com\/wp-content\/uploads\/2020\/01\/bouton-mondrian-min-196x200.png 196w\" sizes=\"(max-width: 239px) 100vw, 239px\" \/>\t<\/a>\n\t<a href=\"https:\/\/www.restaurant-alouette.com\/en\/table-des-matieres\/\">\n\t\t  \tRetour\t  \t\n\t    <img width=\"722\" height=\"676\" src=\"https:\/\/www.restaurant-alouette.com\/wp-content\/uploads\/2019\/12\/peinture-reserver-homepage-min-min.png\" alt=\"\" decoding=\"async\" loading=\"lazy\" srcset=\"https:\/\/www.restaurant-alouette.com\/wp-content\/uploads\/2019\/12\/peinture-reserver-homepage-min-min.png 722w, https:\/\/www.restaurant-alouette.com\/wp-content\/uploads\/2019\/12\/peinture-reserver-homepage-min-min-300x281.png 300w, https:\/\/www.restaurant-alouette.com\/wp-content\/uploads\/2019\/12\/peinture-reserver-homepage-min-min-200x187.png 200w, https:\/\/www.restaurant-alouette.com\/wp-content\/uploads\/2019\/12\/peinture-reserver-homepage-min-min-500x468.png 500w\" sizes=\"(max-width: 722px) 100vw, 722px\" \/>\t<\/a>","protected":false},"excerpt":{"rendered":"<p>Les vins blancs Vall\u00e9e du Rh\u00f4ne Bourgogne Sud-Ouest Languedoc Roussillon Sauternais Vall\u00e9e de la Loire Alsace Savoie Retour<\/p>","protected":false},"author":1,"featured_media":0,"parent":0,"menu_order":0,"comment_status":"closed","ping_status":"closed","template":"","meta":{"inline_featured_image":false,"_exactmetrics_skip_tracking":false,"_exactmetrics_sitenote_active":false,"_exactmetrics_sitenote_note":"","_exactmetrics_sitenote_category":0,"footnotes":""},"yoast_head":"<!-- This site is optimized with the Yoast SEO plugin v23.0 - https:\/\/yoast.com\/wordpress\/plugins\/seo\/ -->\n<title>Les vins Blancs - Restaurant Alouette<\/title>\n<meta name=\"robots\" content=\"index, follow, max-snippet:-1, max-image-preview:large, max-video-preview:-1\" \/>\n<link rel=\"canonical\" href=\"https:\/\/www.restaurant-alouette.com\/en\/les-vins-blancs\/\" \/>\n<meta property=\"og:locale\" content=\"en_GB\" \/>\n<meta property=\"og:type\" content=\"article\" \/>\n<meta property=\"og:title\" content=\"Les vins Blancs - Restaurant Alouette\" \/>\n<meta property=\"og:description\" content=\"Les vins blancs Vall\u00e9e du Rh\u00f4ne Bourgogne Sud-Ouest Languedoc Roussillon Sauternais Vall\u00e9e de la Loire Alsace Savoie Retour\" \/>\n<meta property=\"og:url\" content=\"https:\/\/www.restaurant-alouette.com\/en\/les-vins-blancs\/\" \/>\n<meta property=\"og:site_name\" content=\"Restaurant Alouette\" \/>\n<meta property=\"article:publisher\" content=\"https:\/\/www.facebook.com\/Lalouette-Plus-quun-Restaurant-120299032976\/\" \/>\n<meta property=\"article:modified_time\" content=\"2026-01-13T10:10:43+00:00\" \/>\n<meta property=\"og:image\" content=\"http:\/\/www.restaurant-alouette.com\/wp-content\/uploads\/2017\/11\/vin1-cadeau-min-min.png\" \/>\n<meta name=\"twitter:card\" content=\"summary_large_image\" \/>\n<script type=\"application\/ld+json\" class=\"yoast-schema-graph\">{\"@context\":\"https:\/\/schema.org\",\"@graph\":[{\"@type\":\"WebPage\",\"@id\":\"https:\/\/www.restaurant-alouette.com\/fr\/les-vins-blancs\/\",\"url\":\"https:\/\/www.restaurant-alouette.com\/fr\/les-vins-blancs\/\",\"name\":\"Les vins Blancs - Restaurant Alouette\",\"isPartOf\":{\"@id\":\"https:\/\/www.restaurant-alouette.com\/fr\/#website\"},\"primaryImageOfPage\":{\"@id\":\"https:\/\/www.restaurant-alouette.com\/fr\/les-vins-blancs\/#primaryimage\"},\"image\":{\"@id\":\"https:\/\/www.restaurant-alouette.com\/fr\/les-vins-blancs\/#primaryimage\"},\"thumbnailUrl\":\"http:\/\/www.restaurant-alouette.com\/wp-content\/uploads\/2017\/11\/vin1-cadeau-min-min.png\",\"datePublished\":\"2021-09-09T12:41:26+00:00\",\"dateModified\":\"2026-01-13T10:10:43+00:00\",\"breadcrumb\":{\"@id\":\"https:\/\/www.restaurant-alouette.com\/fr\/les-vins-blancs\/#breadcrumb\"},\"inLanguage\":\"en-GB\",\"potentialAction\":[{\"@type\":\"ReadAction\",\"target\":[\"https:\/\/www.restaurant-alouette.com\/fr\/les-vins-blancs\/\"]}]},{\"@type\":\"ImageObject\",\"inLanguage\":\"en-GB\",\"@id\":\"https:\/\/www.restaurant-alouette.com\/fr\/les-vins-blancs\/#primaryimage\",\"url\":\"http:\/\/www.restaurant-alouette.com\/wp-content\/uploads\/2017\/11\/vin1-cadeau-min-min.png\",\"contentUrl\":\"http:\/\/www.restaurant-alouette.com\/wp-content\/uploads\/2017\/11\/vin1-cadeau-min-min.png\"},{\"@type\":\"BreadcrumbList\",\"@id\":\"https:\/\/www.restaurant-alouette.com\/fr\/les-vins-blancs\/#breadcrumb\",\"itemListElement\":[{\"@type\":\"ListItem\",\"position\":1,\"name\":\"Accueil\",\"item\":\"https:\/\/www.restaurant-alouette.com\/fr\/\"},{\"@type\":\"ListItem\",\"position\":2,\"name\":\"Les vins Blancs\"}]},{\"@type\":\"WebSite\",\"@id\":\"https:\/\/www.restaurant-alouette.com\/fr\/#website\",\"url\":\"https:\/\/www.restaurant-alouette.com\/fr\/\",\"name\":\"Restaurant de l'Alouette\",\"description\":\"Votre restaurant gastronomique \u00e0 Bonnefamille\",\"potentialAction\":[{\"@type\":\"SearchAction\",\"target\":{\"@type\":\"EntryPoint\",\"urlTemplate\":\"https:\/\/www.restaurant-alouette.com\/fr\/?s={search_term_string}\"},\"query-input\":\"required name=search_term_string\"}],\"inLanguage\":\"en-GB\"}]}<\/script>\n<!-- \/ Yoast SEO plugin. -->","yoast_head_json":{"title":"Les vins Blancs - Restaurant Alouette","robots":{"index":"index","follow":"follow","max-snippet":"max-snippet:-1","max-image-preview":"max-image-preview:large","max-video-preview":"max-video-preview:-1"},"canonical":"https:\/\/www.restaurant-alouette.com\/en\/les-vins-blancs\/","og_locale":"en_GB","og_type":"article","og_title":"Les vins Blancs - Restaurant Alouette","og_description":"Les vins blancs Vall\u00e9e du Rh\u00f4ne Bourgogne Sud-Ouest Languedoc Roussillon Sauternais Vall\u00e9e de la Loire Alsace Savoie Retour","og_url":"https:\/\/www.restaurant-alouette.com\/en\/les-vins-blancs\/","og_site_name":"Restaurant Alouette","article_publisher":"https:\/\/www.facebook.com\/Lalouette-Plus-quun-Restaurant-120299032976\/","article_modified_time":"2026-01-13T10:10:43+00:00","og_image":[{"url":"http:\/\/www.restaurant-alouette.com\/wp-content\/uploads\/2017\/11\/vin1-cadeau-min-min.png"}],"twitter_card":"summary_large_image","schema":{"@context":"https:\/\/schema.org","@graph":[{"@type":"WebPage","@id":"https:\/\/www.restaurant-alouette.com\/fr\/les-vins-blancs\/","url":"https:\/\/www.restaurant-alouette.com\/fr\/les-vins-blancs\/","name":"Les vins Blancs - Restaurant Alouette","isPartOf":{"@id":"https:\/\/www.restaurant-alouette.com\/fr\/#website"},"primaryImageOfPage":{"@id":"https:\/\/www.restaurant-alouette.com\/fr\/les-vins-blancs\/#primaryimage"},"image":{"@id":"https:\/\/www.restaurant-alouette.com\/fr\/les-vins-blancs\/#primaryimage"},"thumbnailUrl":"http:\/\/www.restaurant-alouette.com\/wp-content\/uploads\/2017\/11\/vin1-cadeau-min-min.png","datePublished":"2021-09-09T12:41:26+00:00","dateModified":"2026-01-13T10:10:43+00:00","breadcrumb":{"@id":"https:\/\/www.restaurant-alouette.com\/fr\/les-vins-blancs\/#breadcrumb"},"inLanguage":"en-GB","potentialAction":[{"@type":"ReadAction","target":["https:\/\/www.restaurant-alouette.com\/fr\/les-vins-blancs\/"]}]},{"@type":"ImageObject","inLanguage":"en-GB","@id":"https:\/\/www.restaurant-alouette.com\/fr\/les-vins-blancs\/#primaryimage","url":"http:\/\/www.restaurant-alouette.com\/wp-content\/uploads\/2017\/11\/vin1-cadeau-min-min.png","contentUrl":"http:\/\/www.restaurant-alouette.com\/wp-content\/uploads\/2017\/11\/vin1-cadeau-min-min.png"},{"@type":"BreadcrumbList","@id":"https:\/\/www.restaurant-alouette.com\/fr\/les-vins-blancs\/#breadcrumb","itemListElement":[{"@type":"ListItem","position":1,"name":"Accueil","item":"https:\/\/www.restaurant-alouette.com\/fr\/"},{"@type":"ListItem","position":2,"name":"Les vins Blancs"}]},{"@type":"WebSite","@id":"https:\/\/www.restaurant-alouette.com\/fr\/#website","url":"https:\/\/www.restaurant-alouette.com\/fr\/","name":"Restaurant de l'Alouette","description":"Votre restaurant gastronomique \u00e0 Bonnefamille","potentialAction":[{"@type":"SearchAction","target":{"@type":"EntryPoint","urlTemplate":"https:\/\/www.restaurant-alouette.com\/fr\/?s={search_term_string}"},"query-input":"required name=search_term_string"}],"inLanguage":"en-GB"}]}},"jetpack_sharing_enabled":true,"_links":{"self":[{"href":"https:\/\/www.restaurant-alouette.com\/en\/wp-json\/wp\/v2\/pages\/9242"}],"collection":[{"href":"https:\/\/www.restaurant-alouette.com\/en\/wp-json\/wp\/v2\/pages"}],"about":[{"href":"https:\/\/www.restaurant-alouette.com\/en\/wp-json\/wp\/v2\/types\/page"}],"author":[{"embeddable":true,"href":"https:\/\/www.restaurant-alouette.com\/en\/wp-json\/wp\/v2\/users\/1"}],"replies":[{"embeddable":true,"href":"https:\/\/www.restaurant-alouette.com\/en\/wp-json\/wp\/v2\/comments?post=9242"}],"version-history":[{"count":53,"href":"https:\/\/www.restaurant-alouette.com\/en\/wp-json\/wp\/v2\/pages\/9242\/revisions"}],"predecessor-version":[{"id":18781,"href":"https:\/\/www.restaurant-alouette.com\/en\/wp-json\/wp\/v2\/pages\/9242\/revisions\/18781"}],"wp:attachment":[{"href":"https:\/\/www.restaurant-alouette.com\/en\/wp-json\/wp\/v2\/media?parent=9242"}],"curies":[{"name":"wp","href":"https:\/\/api.w.org\/{rel}","templated":true}]}}