{"id":9251,"date":"2021-09-09T14:40:25","date_gmt":"2021-09-09T12:40:25","guid":{"rendered":"https:\/\/www.restaurant-alouette.com\/?page_id=9251"},"modified":"2026-04-09T11:01:19","modified_gmt":"2026-04-09T09:01:19","slug":"vins-blanc-de-la-vallee-de-du-rhone","status":"publish","type":"page","link":"https:\/\/www.restaurant-alouette.com\/en\/vins-blanc-de-la-vallee-de-du-rhone\/","title":{"rendered":"Vins blancs de la vall\u00e9e de du Rh\u00f4ne"},"content":{"rendered":"<strong>LES VINS BLANCS<br \/>\nDE LA VALL\u00c9E DU RH\u00d4NE<\/strong>\n<em><strong>Prix bouteille sur table\/ prix bouteille \u00e0 emporter<\/strong><\/em>\n<strong>ND : Non disponible \u00e0 la vente \u00e0 emporter<\/strong>\n<strong>Nous ne proposons pas de demi-bouteille<\/strong>\nPrix TTC en euros (\u20ac\u00a0 \u00a0)\n<p>&nbsp;<\/p>\n<p><strong>RHONE SEPTENTRIONAL<\/strong><\/p>\n<p><strong><em>IGP ISERE<\/em><\/strong><\/p>\n<p><strong><em>Domaine des Feytaux<\/em><\/strong><\/p>\n<p><em>La verdesse des Feytaux 2024, &#8230;45 \/ 20<\/em><\/p>\n<p><strong><em>AOP CONDRIEU<\/em><\/strong><\/p>\n<p><strong><em>Domaine Gangloff<\/em><\/strong><\/p>\n<p><em>2023 &#8230;&#8230;&#8230;&#8230;&#8230;&#8230;&#8230;&#8230;&#8230;&#8230;&#8230;&#8230;&#8230;&#8230;&#8230;&#8230;&#8230;&#8230;&#8230;&#8230;.. 140 \/ ND<\/em><\/p>\n<p><em><strong>Domaine Niero<\/strong><\/em><\/p>\n<em>Ch\u00e9ry &#8230;&#8230;&#8230;&#8230;&#8230;&#8230;&#8230;&#8230;&#8230;&#8230;&#8230;&#8230;&#8230;&#8230;&#8230;&#8230;&#8230;&#8230;&#8230;. 140 \/ 70<br \/>\nLes ravines &#8230;&#8230;&#8230;&#8230;&#8230;&#8230;&#8230;&#8230;&#8230;&#8230;&#8230;&#8230;&#8230;&#8230;. 110 \/ 60<br \/>\n<\/em>\n<p><strong><em>Domaine Semaska<\/em><\/strong><\/p>\n<p><em>Lys d&#8217;or &#8230;&#8230;&#8230;&#8230;&#8230;&#8230;&#8230;&#8230;&#8230;&#8230;&#8230;&#8230;&#8230;&#8230;&#8230;&#8230;&#8230;.. 120 \/ 60<\/em><\/p>\n<p><strong><em>Domaine Cuilleron<\/em><\/strong><\/p>\n<em>La petite c\u00f4te &#8230;&#8230;&#8230;&#8230;&#8230;&#8230;&#8230;&#8230;&#8230;&#8230;&#8230;.. 105 \/ ND<br \/>\n<\/em>\n<p>&nbsp;<\/p>\n<p><strong><em>AOP SAINT JOSEPH<\/em><\/strong><\/p>\n<p><em><strong>Domaine Gripa<\/strong><\/em><\/p>\n<em>2022 &#8230;&#8230;&#8230;&#8230;&#8230;&#8230;&#8230;&#8230;&#8230;&#8230;&#8230;&#8230;&#8230;&#8230;&#8230;&#8230;&#8230;&#8230;&#8230;&#8230;&#8230;.. 80 \/ ND<br \/>\nLe Berceau, 2019 &#8230;&#8230;&#8230;&#8230;&#8230;&#8230;&#8230;&#8230;&#8230;&#8230;.. 100 \/ ND<\/em>\n<p>&nbsp;<\/p>\n<p><strong><em>AOP SAINT P\u00c9RAY<\/em><\/strong><\/p>\n<p><em><strong>Domaine Gripa<\/strong><\/em><\/p>\n<p><em>Les Pins &#8230;&#8230;&#8230;&#8230;&#8230;&#8230;&#8230;&#8230;&#8230;&#8230;&#8230;&#8230;&#8230;&#8230;&#8230;&#8230;&#8230;&#8230;&#8230; 68 \/ 34<\/em><\/p>\n<p><em>Les Figuiers &#8230;&#8230;&#8230;&#8230;&#8230;&#8230;&#8230;&#8230;&#8230;&#8230;&#8230;&#8230;&#8230;&#8230;&#8230;. 90 \/ 45<\/em><\/p>\n<p>&nbsp;<\/p>\n<p><strong><em>AOP HERMITAGE<\/em><\/strong><\/p>\n<p><em><strong>Domaine Jean-Louis Chave<\/strong><\/em><\/p>\n<p><em>2016\u00a0&#8230;&#8230;&#8230;&#8230;&#8230;&#8230;&#8230;&#8230;&#8230;&#8230;&#8230;&#8230;&#8230;&#8230;&#8230;&#8230;&#8230;&#8230;&#8230;. 520 \/ ND<\/em><\/p>\n<p><strong><em>AOP CROZES-HERMITAGE<\/em><\/strong><\/p>\n<p><em><strong>Domaine Belle<\/strong><\/em><\/p>\n<p><em>Roche Blanche, 2021 &#8230;&#8230;&#8230;&#8230;&#8230;&#8230;&#8230;&#8230;..\u00a085 \/ 45<\/em><\/p>\n<p><em><strong>Domaine Aleofane<\/strong><\/em><\/p>\n<p>2024 &#8230;&#8230;&#8230;&#8230;&#8230;&#8230;&#8230;&#8230;&#8230;&#8230;&#8230;&#8230;&#8230;&#8230;&#8230;&#8230;&#8230;&#8230;&#8230;&#8230;&#8230;. 60 \/ 30<\/p>\n<p><em><strong>Domaine les Bruy\u00e8res<\/strong><\/em><\/p>\n<p>Aux b\u00e9tises, 2024 &#8230;&#8230;&#8230;&#8230;&#8230;&#8230;&#8230;&#8230;&#8230;&#8230;&#8230; 65 \/ 32<\/p>\n<p>&nbsp;<\/p>\n<p><strong><em>IGP COLLINES RHODANIENNES<\/em><\/strong><\/p>\n<p><em><strong>Les Vins de Vienne<\/strong><\/em><\/p>\n<p><em>Taburnum, 2022 &#8230;&#8230;&#8230;&#8230;&#8230;&#8230;&#8230;&#8230;&#8230;&#8230;.. 110 \/ 60<\/em><\/p>\n<p>&nbsp;<\/p>\n<p><strong><em>AOP COTES DU RHONE<\/em><\/strong><\/p>\n<p><em><strong>Domaine Ogier<\/strong><\/em><\/p>\n<p><em>Le temps est venu &#8230;&#8230;&#8230;&#8230;&#8230;&#8230;&#8230;&#8230; 38 \/ 17<\/em><\/p>\n<p><em><strong>Domaine Semaska<\/strong><\/em><\/p>\n<p><em>V\u00e9nus blanche, 2023 &#8230;&#8230;&#8230;&#8230;&#8230;. 80 \/ 42<\/em><\/p>\n<p>&nbsp;<\/p>\n<p><strong><em>VIN DE FRANCE<\/em><\/strong><\/p>\n<p><strong><em>Domaine des Bruy\u00e8res<\/em><\/strong><\/p>\n<p><em>L&#8217;avarice &#8230;&#8230;&#8230;&#8230;&#8230;&#8230;&#8230;&#8230;&#8230;&#8230;&#8230;&#8230;&#8230;&#8230;&#8230;&#8230;&#8230; 38 \/ 15<\/em><\/p>\n<p><strong><em>Domaine Niero<\/em><\/strong><\/p>\n<p><em>A l&#8217;origine &#8230;&#8230;&#8230;&#8230;&#8230;&#8230;&#8230;&#8230;&#8230;&#8230;&#8230;&#8230;&#8230;&#8230;&#8230;&#8230;. 47\/ 23<\/em><\/p>\n<p>&nbsp;<\/p>\n<p><strong>RHONE MERIDIONAL<\/strong><\/p>\n<p><strong><em>VIN DE FRANCE<\/em><\/strong><\/p>\n<p><strong><em>Domaine I. Ferrando<\/em><\/strong><\/p>\n<p><em>Stella Ducit &#8230;&#8230;&#8230;&#8230;&#8230;&#8230;&#8230;&#8230;&#8230;&#8230;&#8230;&#8230; 42 \/ 21<\/em><\/p>\n<p>&nbsp;<\/p>\n<p>&nbsp;<\/p>\n<p><strong>PROVENCE<\/strong><\/p>\n<p><strong><em>AOP BANDOL<\/em><\/strong><\/p>\n<strong><em>Ch\u00e2teau de Pibarnon<\/em><\/strong><br \/>\n<em>2022\u00a0&#8230;&#8230;&#8230;&#8230;&#8230;&#8230;&#8230;&#8230;&#8230;&#8230;&#8230;&#8230;&#8230;&#8230;&#8230;&#8230;&#8230;&#8230;.\u00a080 \/ 45<\/em>\n\t<a href=\"https:\/\/www.restaurant-alouette.com\/en\/les-vins-blancs\/\">\n\t\t  \tLes vins blancs\t  \t\n\t    <img width=\"348\" height=\"345\" src=\"https:\/\/www.restaurant-alouette.com\/wp-content\/uploads\/2020\/01\/bouton-reserver-likado-min-1.png\" alt=\"\" decoding=\"async\" loading=\"lazy\" srcset=\"https:\/\/www.restaurant-alouette.com\/wp-content\/uploads\/2020\/01\/bouton-reserver-likado-min-1.png 348w, https:\/\/www.restaurant-alouette.com\/wp-content\/uploads\/2020\/01\/bouton-reserver-likado-min-1-300x297.png 300w, https:\/\/www.restaurant-alouette.com\/wp-content\/uploads\/2020\/01\/bouton-reserver-likado-min-1-150x150.png 150w, https:\/\/www.restaurant-alouette.com\/wp-content\/uploads\/2020\/01\/bouton-reserver-likado-min-1-200x198.png 200w, https:\/\/www.restaurant-alouette.com\/wp-content\/uploads\/2020\/01\/bouton-reserver-likado-min-1-100x100.png 100w\" sizes=\"(max-width: 348px) 100vw, 348px\" \/>\t<\/a>\n\t<a href=\"https:\/\/www.restaurant-alouette.com\/en\/les-vins-rouges\/\">\n\t\t  \tLes vins rouges\t  \t\n\t    <img width=\"250\" height=\"264\" src=\"https:\/\/www.restaurant-alouette.com\/wp-content\/uploads\/2019\/12\/bouton-vin-min-1.png\" alt=\"\" decoding=\"async\" loading=\"lazy\" srcset=\"https:\/\/www.restaurant-alouette.com\/wp-content\/uploads\/2019\/12\/bouton-vin-min-1.png 250w, https:\/\/www.restaurant-alouette.com\/wp-content\/uploads\/2019\/12\/bouton-vin-min-1-189x200.png 189w\" sizes=\"(max-width: 250px) 100vw, 250px\" \/>\t<\/a>","protected":false},"excerpt":{"rendered":"<p>LES VINS BLANCS DE LA VALL\u00c9E DU RH\u00d4NE Prix bouteille sur table\/ prix bouteille \u00e0 emporter ND : Non disponible \u00e0 la vente \u00e0 emporter Nous ne proposons pas de demi-bouteille Prix TTC en euros (\u20ac\u00a0 \u00a0) &nbsp; RHONE SEPTENTRIONAL IGP ISERE Domaine des Feytaux La verdesse des Feytaux 2024, &#8230;45 \/ 20 AOP CONDRIEU [&hellip;]<\/p>","protected":false},"author":1,"featured_media":0,"parent":0,"menu_order":0,"comment_status":"closed","ping_status":"closed","template":"","meta":{"inline_featured_image":false,"_exactmetrics_skip_tracking":false,"_exactmetrics_sitenote_active":false,"_exactmetrics_sitenote_note":"","_exactmetrics_sitenote_category":0,"footnotes":""},"yoast_head":"<!-- This site is optimized with the Yoast SEO plugin v23.0 - https:\/\/yoast.com\/wordpress\/plugins\/seo\/ -->\n<title>Vins blancs de la vall\u00e9e de du Rh\u00f4ne - Restaurant Alouette<\/title>\n<meta name=\"robots\" content=\"index, follow, max-snippet:-1, max-image-preview:large, max-video-preview:-1\" \/>\n<link rel=\"canonical\" href=\"https:\/\/www.restaurant-alouette.com\/en\/vins-blanc-de-la-vallee-de-du-rhone\/\" \/>\n<meta property=\"og:locale\" content=\"en_GB\" \/>\n<meta property=\"og:type\" content=\"article\" \/>\n<meta property=\"og:title\" content=\"Vins blancs de la vall\u00e9e de du Rh\u00f4ne - Restaurant Alouette\" \/>\n<meta property=\"og:description\" content=\"LES VINS BLANCS DE LA VALL\u00c9E DU RH\u00d4NE Prix bouteille sur table\/ prix bouteille \u00e0 emporter ND : Non disponible \u00e0 la vente \u00e0 emporter Nous ne proposons pas de demi-bouteille Prix TTC en euros (\u20ac\u00a0 \u00a0) &nbsp; RHONE SEPTENTRIONAL IGP ISERE Domaine des Feytaux La verdesse des Feytaux 2024, &#8230;45 \/ 20 AOP CONDRIEU [&hellip;]\" \/>\n<meta property=\"og:url\" content=\"https:\/\/www.restaurant-alouette.com\/en\/vins-blanc-de-la-vallee-de-du-rhone\/\" \/>\n<meta property=\"og:site_name\" content=\"Restaurant Alouette\" \/>\n<meta property=\"article:publisher\" content=\"https:\/\/www.facebook.com\/Lalouette-Plus-quun-Restaurant-120299032976\/\" \/>\n<meta property=\"article:modified_time\" content=\"2026-04-09T09:01:19+00:00\" \/>\n<meta property=\"og:image\" content=\"https:\/\/www.restaurant-alouette.com\/wp-content\/uploads\/2020\/01\/bouton-reserver-likado-min-1.png\" \/>\n<meta name=\"twitter:card\" content=\"summary_large_image\" \/>\n<meta name=\"twitter:label1\" content=\"Estimated reading time\" \/>\n\t<meta name=\"twitter:data1\" content=\"2 minutes\" \/>\n<script type=\"application\/ld+json\" class=\"yoast-schema-graph\">{\"@context\":\"https:\/\/schema.org\",\"@graph\":[{\"@type\":\"WebPage\",\"@id\":\"http:\/\/www.restaurant-alouette.com\/fr\/vins-blanc-de-la-vallee-de-du-rhone\/\",\"url\":\"http:\/\/www.restaurant-alouette.com\/fr\/vins-blanc-de-la-vallee-de-du-rhone\/\",\"name\":\"Vins blancs de la vall\u00e9e de du Rh\u00f4ne - Restaurant Alouette\",\"isPartOf\":{\"@id\":\"https:\/\/www.restaurant-alouette.com\/fr\/#website\"},\"primaryImageOfPage\":{\"@id\":\"http:\/\/www.restaurant-alouette.com\/fr\/vins-blanc-de-la-vallee-de-du-rhone\/#primaryimage\"},\"image\":{\"@id\":\"http:\/\/www.restaurant-alouette.com\/fr\/vins-blanc-de-la-vallee-de-du-rhone\/#primaryimage\"},\"thumbnailUrl\":\"https:\/\/www.restaurant-alouette.com\/wp-content\/uploads\/2020\/01\/bouton-reserver-likado-min-1.png\",\"datePublished\":\"2021-09-09T12:40:25+00:00\",\"dateModified\":\"2026-04-09T09:01:19+00:00\",\"breadcrumb\":{\"@id\":\"http:\/\/www.restaurant-alouette.com\/fr\/vins-blanc-de-la-vallee-de-du-rhone\/#breadcrumb\"},\"inLanguage\":\"en-GB\",\"potentialAction\":[{\"@type\":\"ReadAction\",\"target\":[\"http:\/\/www.restaurant-alouette.com\/fr\/vins-blanc-de-la-vallee-de-du-rhone\/\"]}]},{\"@type\":\"ImageObject\",\"inLanguage\":\"en-GB\",\"@id\":\"http:\/\/www.restaurant-alouette.com\/fr\/vins-blanc-de-la-vallee-de-du-rhone\/#primaryimage\",\"url\":\"https:\/\/www.restaurant-alouette.com\/wp-content\/uploads\/2020\/01\/bouton-reserver-likado-min-1.png\",\"contentUrl\":\"https:\/\/www.restaurant-alouette.com\/wp-content\/uploads\/2020\/01\/bouton-reserver-likado-min-1.png\"},{\"@type\":\"BreadcrumbList\",\"@id\":\"http:\/\/www.restaurant-alouette.com\/fr\/vins-blanc-de-la-vallee-de-du-rhone\/#breadcrumb\",\"itemListElement\":[{\"@type\":\"ListItem\",\"position\":1,\"name\":\"Accueil\",\"item\":\"https:\/\/www.restaurant-alouette.com\/fr\/\"},{\"@type\":\"ListItem\",\"position\":2,\"name\":\"Vins blancs de la vall\u00e9e de du Rh\u00f4ne\"}]},{\"@type\":\"WebSite\",\"@id\":\"https:\/\/www.restaurant-alouette.com\/fr\/#website\",\"url\":\"https:\/\/www.restaurant-alouette.com\/fr\/\",\"name\":\"Restaurant de l'Alouette\",\"description\":\"Votre restaurant gastronomique \u00e0 Bonnefamille\",\"potentialAction\":[{\"@type\":\"SearchAction\",\"target\":{\"@type\":\"EntryPoint\",\"urlTemplate\":\"https:\/\/www.restaurant-alouette.com\/fr\/?s={search_term_string}\"},\"query-input\":\"required name=search_term_string\"}],\"inLanguage\":\"en-GB\"}]}<\/script>\n<!-- \/ Yoast SEO plugin. -->","yoast_head_json":{"title":"Vins blancs de la vall\u00e9e de du Rh\u00f4ne - Restaurant Alouette","robots":{"index":"index","follow":"follow","max-snippet":"max-snippet:-1","max-image-preview":"max-image-preview:large","max-video-preview":"max-video-preview:-1"},"canonical":"https:\/\/www.restaurant-alouette.com\/en\/vins-blanc-de-la-vallee-de-du-rhone\/","og_locale":"en_GB","og_type":"article","og_title":"Vins blancs de la vall\u00e9e de du Rh\u00f4ne - Restaurant Alouette","og_description":"LES VINS BLANCS DE LA VALL\u00c9E DU RH\u00d4NE Prix bouteille sur table\/ prix bouteille \u00e0 emporter ND : Non disponible \u00e0 la vente \u00e0 emporter Nous ne proposons pas de demi-bouteille Prix TTC en euros (\u20ac\u00a0 \u00a0) &nbsp; RHONE SEPTENTRIONAL IGP ISERE Domaine des Feytaux La verdesse des Feytaux 2024, &#8230;45 \/ 20 AOP CONDRIEU [&hellip;]","og_url":"https:\/\/www.restaurant-alouette.com\/en\/vins-blanc-de-la-vallee-de-du-rhone\/","og_site_name":"Restaurant Alouette","article_publisher":"https:\/\/www.facebook.com\/Lalouette-Plus-quun-Restaurant-120299032976\/","article_modified_time":"2026-04-09T09:01:19+00:00","og_image":[{"url":"https:\/\/www.restaurant-alouette.com\/wp-content\/uploads\/2020\/01\/bouton-reserver-likado-min-1.png"}],"twitter_card":"summary_large_image","twitter_misc":{"Estimated reading time":"2 minutes"},"schema":{"@context":"https:\/\/schema.org","@graph":[{"@type":"WebPage","@id":"http:\/\/www.restaurant-alouette.com\/fr\/vins-blanc-de-la-vallee-de-du-rhone\/","url":"http:\/\/www.restaurant-alouette.com\/fr\/vins-blanc-de-la-vallee-de-du-rhone\/","name":"Vins blancs de la vall\u00e9e de du Rh\u00f4ne - Restaurant Alouette","isPartOf":{"@id":"https:\/\/www.restaurant-alouette.com\/fr\/#website"},"primaryImageOfPage":{"@id":"http:\/\/www.restaurant-alouette.com\/fr\/vins-blanc-de-la-vallee-de-du-rhone\/#primaryimage"},"image":{"@id":"http:\/\/www.restaurant-alouette.com\/fr\/vins-blanc-de-la-vallee-de-du-rhone\/#primaryimage"},"thumbnailUrl":"https:\/\/www.restaurant-alouette.com\/wp-content\/uploads\/2020\/01\/bouton-reserver-likado-min-1.png","datePublished":"2021-09-09T12:40:25+00:00","dateModified":"2026-04-09T09:01:19+00:00","breadcrumb":{"@id":"http:\/\/www.restaurant-alouette.com\/fr\/vins-blanc-de-la-vallee-de-du-rhone\/#breadcrumb"},"inLanguage":"en-GB","potentialAction":[{"@type":"ReadAction","target":["http:\/\/www.restaurant-alouette.com\/fr\/vins-blanc-de-la-vallee-de-du-rhone\/"]}]},{"@type":"ImageObject","inLanguage":"en-GB","@id":"http:\/\/www.restaurant-alouette.com\/fr\/vins-blanc-de-la-vallee-de-du-rhone\/#primaryimage","url":"https:\/\/www.restaurant-alouette.com\/wp-content\/uploads\/2020\/01\/bouton-reserver-likado-min-1.png","contentUrl":"https:\/\/www.restaurant-alouette.com\/wp-content\/uploads\/2020\/01\/bouton-reserver-likado-min-1.png"},{"@type":"BreadcrumbList","@id":"http:\/\/www.restaurant-alouette.com\/fr\/vins-blanc-de-la-vallee-de-du-rhone\/#breadcrumb","itemListElement":[{"@type":"ListItem","position":1,"name":"Accueil","item":"https:\/\/www.restaurant-alouette.com\/fr\/"},{"@type":"ListItem","position":2,"name":"Vins blancs de la vall\u00e9e de du Rh\u00f4ne"}]},{"@type":"WebSite","@id":"https:\/\/www.restaurant-alouette.com\/fr\/#website","url":"https:\/\/www.restaurant-alouette.com\/fr\/","name":"Restaurant de l'Alouette","description":"Votre restaurant gastronomique \u00e0 Bonnefamille","potentialAction":[{"@type":"SearchAction","target":{"@type":"EntryPoint","urlTemplate":"https:\/\/www.restaurant-alouette.com\/fr\/?s={search_term_string}"},"query-input":"required name=search_term_string"}],"inLanguage":"en-GB"}]}},"jetpack_sharing_enabled":true,"_links":{"self":[{"href":"https:\/\/www.restaurant-alouette.com\/en\/wp-json\/wp\/v2\/pages\/9251"}],"collection":[{"href":"https:\/\/www.restaurant-alouette.com\/en\/wp-json\/wp\/v2\/pages"}],"about":[{"href":"https:\/\/www.restaurant-alouette.com\/en\/wp-json\/wp\/v2\/types\/page"}],"author":[{"embeddable":true,"href":"https:\/\/www.restaurant-alouette.com\/en\/wp-json\/wp\/v2\/users\/1"}],"replies":[{"embeddable":true,"href":"https:\/\/www.restaurant-alouette.com\/en\/wp-json\/wp\/v2\/comments?post=9251"}],"version-history":[{"count":130,"href":"https:\/\/www.restaurant-alouette.com\/en\/wp-json\/wp\/v2\/pages\/9251\/revisions"}],"predecessor-version":[{"id":19163,"href":"https:\/\/www.restaurant-alouette.com\/en\/wp-json\/wp\/v2\/pages\/9251\/revisions\/19163"}],"wp:attachment":[{"href":"https:\/\/www.restaurant-alouette.com\/en\/wp-json\/wp\/v2\/media?parent=9251"}],"curies":[{"name":"wp","href":"https:\/\/api.w.org\/{rel}","templated":true}]}}