{"id":9267,"date":"2021-09-09T14:40:48","date_gmt":"2021-09-09T12:40:48","guid":{"rendered":"https:\/\/www.restaurant-alouette.com\/?page_id=9267"},"modified":"2026-02-11T12:03:30","modified_gmt":"2026-02-11T11:03:30","slug":"les-vins-blanc-de-bourgogne","status":"publish","type":"page","link":"https:\/\/www.restaurant-alouette.com\/en\/les-vins-blanc-de-bourgogne\/","title":{"rendered":"Vins blancs de Bourgogne"},"content":{"rendered":"<strong>LES VINS BLANCS DE<br \/>\nLA BOURGOGNE<\/strong>\n<em><strong>Prix bouteille sur table\/ prix bouteille \u00e0 emporter<\/strong><\/em>\n<strong>ND : Non disponible \u00e0 la vente \u00e0 emporter<\/strong>\n<strong>Nous ne proposons pas de demi-bouteille<\/strong>\nPrix TTC en euros (\u20ac\u00a0 \u00a0)\n<p>&nbsp;<\/p>\n<p>&nbsp;<\/p>\n<p><strong><em>LE CHABLISIEN<\/em><\/strong><\/p>\n<p><strong><em>AOP CHABLIS<\/em><\/strong><\/p>\n<p><em><strong>Domaine d&#8217;Elise<\/strong><\/em><\/p>\n<p><em>2023 &#8230;&#8230;&#8230;&#8230;&#8230;&#8230;&#8230;&#8230;&#8230;&#8230;&#8230;&#8230;&#8230;&#8230;&#8230;&#8230;&#8230;&#8230;&#8230;&#8230;&#8230;. 45 \/ 23<\/em><\/p>\n<p><strong><em>AOP CHABLIS 1er CRU<\/em><\/strong><\/p>\n<p><strong><em>Domaine d&#8217;Elise\u00a0<\/em><\/strong><\/p>\n<p><em>C\u00f4te de L\u00e9chet, 2022 &#8230;&#8230;&#8230;&#8230;&#8230;&#8230;&#8230; 75 \/ 38<\/em><\/p>\n<p>&nbsp;<\/p>\n<p>&nbsp;<\/p>\n<p><strong><em>LA C\u00d4TE DE BEAUNE<\/em><\/strong><\/p>\n<p><strong><em>AOP SANTENAY<\/em><\/strong><\/p>\n<p><strong><em>Domaine Roux P\u00e8re &amp; Fils<\/em><\/strong><\/p>\n<p><em>Sous la roche, 2020\u00a0&#8230;&#8230;&#8230;&#8230;.\u00a0 96 \/ 50<\/em><\/p>\n<p>&nbsp;<\/p>\n<p><strong><em>AOP SANTENAY 1er CRU<\/em><\/strong><\/p>\n<p><strong><em>Domaine Jessiaume<\/em><\/strong><\/p>\n<p><em>Gravi\u00e8res, 2022 &#8230;&#8230;&#8230;&#8230;&#8230;&#8230;.\u00a0 120 \/ 60<\/em><\/p>\n<p>&nbsp;<\/p>\n<p><strong><em>AOP SAINT-AUBIN 1er CRU<\/em><\/strong><\/p>\n<p><strong><em>Domaine Roux P\u00e8re &amp; Fils<\/em><\/strong><\/p>\n<p><em>La Cheteni\u00e8re, 2020\u00a0 &#8230;&#8230;&#8230;. 120 \/ 72<\/em><\/p>\n<p>&nbsp;<\/p>\n<p><strong><em>AOP BOURGOGNE ALIGOTE<\/em><\/strong><\/p>\n<p><strong><em>Domaine Antoine Olivier<\/em><\/strong><\/p>\n<p><em>Oublie le cassis &#8230;&#8230;&#8230;&#8230;&#8230;&#8230;\u00a0 45 \/ 22<\/em><\/p>\n<p>&nbsp;<\/p>\n<p>&nbsp;<\/p>\n<p><strong><em>LA C\u00d4TE M\u00c2CONNAISE<\/em><\/strong><\/p>\n<p><strong><em>AOP SAINT V\u00c9RAN<\/em><\/strong><\/p>\n<p><strong><em>Domaine Corsin<\/em><\/strong><\/p>\n<p><em> 2022 &#8230;&#8230;&#8230;&#8230;&#8230;&#8230;&#8230;&#8230;&#8230;&#8230;&#8230;&#8230;&#8230;&#8230;&#8230;.\u00a0 58\/ 30<\/em><\/p>\n<p><strong><em>AOP POUILLY FUISSE<\/em><\/strong><\/p>\n<p><strong><em>Domaine Corsin<\/em><\/strong><\/p>\n<p><em>2022\u00a0 &#8230;&#8230;&#8230;&#8230;&#8230;&#8230;&#8230;&#8230;&#8230;&#8230;&#8230;&#8230;&#8230;&#8230;.\u00a0 85 \/ 55<\/em><\/p>\n\n\t<a href=\"https:\/\/www.restaurant-alouette.com\/en\/les-vins-blancs\/\">\n\t\t  \tLes vins blancs\t  \t\n\t    <img width=\"348\" height=\"345\" src=\"https:\/\/www.restaurant-alouette.com\/wp-content\/uploads\/2020\/01\/bouton-reserver-likado-min-1.png\" alt=\"\" decoding=\"async\" loading=\"lazy\" srcset=\"https:\/\/www.restaurant-alouette.com\/wp-content\/uploads\/2020\/01\/bouton-reserver-likado-min-1.png 348w, https:\/\/www.restaurant-alouette.com\/wp-content\/uploads\/2020\/01\/bouton-reserver-likado-min-1-300x297.png 300w, https:\/\/www.restaurant-alouette.com\/wp-content\/uploads\/2020\/01\/bouton-reserver-likado-min-1-150x150.png 150w, https:\/\/www.restaurant-alouette.com\/wp-content\/uploads\/2020\/01\/bouton-reserver-likado-min-1-200x198.png 200w, https:\/\/www.restaurant-alouette.com\/wp-content\/uploads\/2020\/01\/bouton-reserver-likado-min-1-100x100.png 100w\" sizes=\"(max-width: 348px) 100vw, 348px\" \/>\t<\/a>\n\t<a href=\"https:\/\/www.restaurant-alouette.com\/en\/les-vins-rouges\/\">\n\t\t  \tLes vins rouges \t  \t\n\t    <img width=\"250\" height=\"264\" src=\"https:\/\/www.restaurant-alouette.com\/wp-content\/uploads\/2019\/12\/bouton-vin-min-1.png\" alt=\"\" decoding=\"async\" loading=\"lazy\" srcset=\"https:\/\/www.restaurant-alouette.com\/wp-content\/uploads\/2019\/12\/bouton-vin-min-1.png 250w, https:\/\/www.restaurant-alouette.com\/wp-content\/uploads\/2019\/12\/bouton-vin-min-1-189x200.png 189w\" sizes=\"(max-width: 250px) 100vw, 250px\" \/>\t<\/a>","protected":false},"excerpt":{"rendered":"<p>LES VINS BLANCS DE LA BOURGOGNE Prix bouteille sur table\/ prix bouteille \u00e0 emporter ND : Non disponible \u00e0 la vente \u00e0 emporter Nous ne proposons pas de demi-bouteille Prix TTC en euros (\u20ac\u00a0 \u00a0) &nbsp; &nbsp; LE CHABLISIEN AOP CHABLIS Domaine d&#8217;Elise 2023 &#8230;&#8230;&#8230;&#8230;&#8230;&#8230;&#8230;&#8230;&#8230;&#8230;&#8230;&#8230;&#8230;&#8230;&#8230;&#8230;&#8230;&#8230;&#8230;&#8230;&#8230;. 45 \/ 23 AOP CHABLIS 1er CRU Domaine d&#8217;Elise\u00a0 C\u00f4te [&hellip;]<\/p>","protected":false},"author":1,"featured_media":0,"parent":0,"menu_order":0,"comment_status":"closed","ping_status":"closed","template":"","meta":{"inline_featured_image":false,"_exactmetrics_skip_tracking":false,"_exactmetrics_sitenote_active":false,"_exactmetrics_sitenote_note":"","_exactmetrics_sitenote_category":0,"footnotes":""},"yoast_head":"<!-- This site is optimized with the Yoast SEO plugin v23.0 - https:\/\/yoast.com\/wordpress\/plugins\/seo\/ -->\n<title>Vins blancs de Bourgogne - Restaurant Alouette<\/title>\n<meta name=\"robots\" content=\"index, follow, max-snippet:-1, max-image-preview:large, max-video-preview:-1\" \/>\n<link rel=\"canonical\" href=\"http:\/\/www.restaurant-alouette.com\/en\/les-vins-blanc-de-bourgogne\/\" \/>\n<meta property=\"og:locale\" content=\"en_GB\" \/>\n<meta property=\"og:type\" content=\"article\" \/>\n<meta property=\"og:title\" content=\"Vins blancs de Bourgogne - Restaurant Alouette\" \/>\n<meta property=\"og:description\" content=\"LES VINS BLANCS DE LA BOURGOGNE Prix bouteille sur table\/ prix bouteille \u00e0 emporter ND : Non disponible \u00e0 la vente \u00e0 emporter Nous ne proposons pas de demi-bouteille Prix TTC en euros (\u20ac\u00a0 \u00a0) &nbsp; &nbsp; LE CHABLISIEN AOP CHABLIS Domaine d&#8217;Elise 2023 &#8230;&#8230;&#8230;&#8230;&#8230;&#8230;&#8230;&#8230;&#8230;&#8230;&#8230;&#8230;&#8230;&#8230;&#8230;&#8230;&#8230;&#8230;&#8230;&#8230;&#8230;. 45 \/ 23 AOP CHABLIS 1er CRU Domaine d&#8217;Elise\u00a0 C\u00f4te [&hellip;]\" \/>\n<meta property=\"og:url\" content=\"http:\/\/www.restaurant-alouette.com\/en\/les-vins-blanc-de-bourgogne\/\" \/>\n<meta property=\"og:site_name\" content=\"Restaurant Alouette\" \/>\n<meta property=\"article:publisher\" content=\"https:\/\/www.facebook.com\/Lalouette-Plus-quun-Restaurant-120299032976\/\" \/>\n<meta property=\"article:modified_time\" content=\"2026-02-11T11:03:30+00:00\" \/>\n<meta property=\"og:image\" content=\"https:\/\/www.restaurant-alouette.com\/wp-content\/uploads\/2020\/01\/bouton-reserver-likado-min-1.png\" \/>\n<meta name=\"twitter:card\" content=\"summary_large_image\" \/>\n<meta name=\"twitter:label1\" content=\"Estimated reading time\" \/>\n\t<meta name=\"twitter:data1\" content=\"2 minutes\" \/>\n<script type=\"application\/ld+json\" class=\"yoast-schema-graph\">{\"@context\":\"https:\/\/schema.org\",\"@graph\":[{\"@type\":\"WebPage\",\"@id\":\"http:\/\/www.restaurant-alouette.com\/en\/les-vins-blanc-de-bourgogne\/\",\"url\":\"http:\/\/www.restaurant-alouette.com\/en\/les-vins-blanc-de-bourgogne\/\",\"name\":\"Vins blancs de Bourgogne - Restaurant Alouette\",\"isPartOf\":{\"@id\":\"https:\/\/www.restaurant-alouette.com\/fr\/#website\"},\"primaryImageOfPage\":{\"@id\":\"http:\/\/www.restaurant-alouette.com\/en\/les-vins-blanc-de-bourgogne\/#primaryimage\"},\"image\":{\"@id\":\"http:\/\/www.restaurant-alouette.com\/en\/les-vins-blanc-de-bourgogne\/#primaryimage\"},\"thumbnailUrl\":\"https:\/\/www.restaurant-alouette.com\/wp-content\/uploads\/2020\/01\/bouton-reserver-likado-min-1.png\",\"datePublished\":\"2021-09-09T12:40:48+00:00\",\"dateModified\":\"2026-02-11T11:03:30+00:00\",\"breadcrumb\":{\"@id\":\"http:\/\/www.restaurant-alouette.com\/en\/les-vins-blanc-de-bourgogne\/#breadcrumb\"},\"inLanguage\":\"en-GB\",\"potentialAction\":[{\"@type\":\"ReadAction\",\"target\":[\"http:\/\/www.restaurant-alouette.com\/en\/les-vins-blanc-de-bourgogne\/\"]}]},{\"@type\":\"ImageObject\",\"inLanguage\":\"en-GB\",\"@id\":\"http:\/\/www.restaurant-alouette.com\/en\/les-vins-blanc-de-bourgogne\/#primaryimage\",\"url\":\"https:\/\/www.restaurant-alouette.com\/wp-content\/uploads\/2020\/01\/bouton-reserver-likado-min-1.png\",\"contentUrl\":\"https:\/\/www.restaurant-alouette.com\/wp-content\/uploads\/2020\/01\/bouton-reserver-likado-min-1.png\"},{\"@type\":\"BreadcrumbList\",\"@id\":\"http:\/\/www.restaurant-alouette.com\/en\/les-vins-blanc-de-bourgogne\/#breadcrumb\",\"itemListElement\":[{\"@type\":\"ListItem\",\"position\":1,\"name\":\"Accueil\",\"item\":\"https:\/\/www.restaurant-alouette.com\/fr\/\"},{\"@type\":\"ListItem\",\"position\":2,\"name\":\"Vins blancs de Bourgogne\"}]},{\"@type\":\"WebSite\",\"@id\":\"https:\/\/www.restaurant-alouette.com\/fr\/#website\",\"url\":\"https:\/\/www.restaurant-alouette.com\/fr\/\",\"name\":\"Restaurant de l'Alouette\",\"description\":\"Votre restaurant gastronomique \u00e0 Bonnefamille\",\"potentialAction\":[{\"@type\":\"SearchAction\",\"target\":{\"@type\":\"EntryPoint\",\"urlTemplate\":\"https:\/\/www.restaurant-alouette.com\/fr\/?s={search_term_string}\"},\"query-input\":\"required name=search_term_string\"}],\"inLanguage\":\"en-GB\"}]}<\/script>\n<!-- \/ Yoast SEO plugin. -->","yoast_head_json":{"title":"Vins blancs de Bourgogne - Restaurant Alouette","robots":{"index":"index","follow":"follow","max-snippet":"max-snippet:-1","max-image-preview":"max-image-preview:large","max-video-preview":"max-video-preview:-1"},"canonical":"http:\/\/www.restaurant-alouette.com\/en\/les-vins-blanc-de-bourgogne\/","og_locale":"en_GB","og_type":"article","og_title":"Vins blancs de Bourgogne - Restaurant Alouette","og_description":"LES VINS BLANCS DE LA BOURGOGNE Prix bouteille sur table\/ prix bouteille \u00e0 emporter ND : Non disponible \u00e0 la vente \u00e0 emporter Nous ne proposons pas de demi-bouteille Prix TTC en euros (\u20ac\u00a0 \u00a0) &nbsp; &nbsp; LE CHABLISIEN AOP CHABLIS Domaine d&#8217;Elise 2023 &#8230;&#8230;&#8230;&#8230;&#8230;&#8230;&#8230;&#8230;&#8230;&#8230;&#8230;&#8230;&#8230;&#8230;&#8230;&#8230;&#8230;&#8230;&#8230;&#8230;&#8230;. 45 \/ 23 AOP CHABLIS 1er CRU Domaine d&#8217;Elise\u00a0 C\u00f4te [&hellip;]","og_url":"http:\/\/www.restaurant-alouette.com\/en\/les-vins-blanc-de-bourgogne\/","og_site_name":"Restaurant Alouette","article_publisher":"https:\/\/www.facebook.com\/Lalouette-Plus-quun-Restaurant-120299032976\/","article_modified_time":"2026-02-11T11:03:30+00:00","og_image":[{"url":"https:\/\/www.restaurant-alouette.com\/wp-content\/uploads\/2020\/01\/bouton-reserver-likado-min-1.png"}],"twitter_card":"summary_large_image","twitter_misc":{"Estimated reading time":"2 minutes"},"schema":{"@context":"https:\/\/schema.org","@graph":[{"@type":"WebPage","@id":"http:\/\/www.restaurant-alouette.com\/en\/les-vins-blanc-de-bourgogne\/","url":"http:\/\/www.restaurant-alouette.com\/en\/les-vins-blanc-de-bourgogne\/","name":"Vins blancs de Bourgogne - Restaurant Alouette","isPartOf":{"@id":"https:\/\/www.restaurant-alouette.com\/fr\/#website"},"primaryImageOfPage":{"@id":"http:\/\/www.restaurant-alouette.com\/en\/les-vins-blanc-de-bourgogne\/#primaryimage"},"image":{"@id":"http:\/\/www.restaurant-alouette.com\/en\/les-vins-blanc-de-bourgogne\/#primaryimage"},"thumbnailUrl":"https:\/\/www.restaurant-alouette.com\/wp-content\/uploads\/2020\/01\/bouton-reserver-likado-min-1.png","datePublished":"2021-09-09T12:40:48+00:00","dateModified":"2026-02-11T11:03:30+00:00","breadcrumb":{"@id":"http:\/\/www.restaurant-alouette.com\/en\/les-vins-blanc-de-bourgogne\/#breadcrumb"},"inLanguage":"en-GB","potentialAction":[{"@type":"ReadAction","target":["http:\/\/www.restaurant-alouette.com\/en\/les-vins-blanc-de-bourgogne\/"]}]},{"@type":"ImageObject","inLanguage":"en-GB","@id":"http:\/\/www.restaurant-alouette.com\/en\/les-vins-blanc-de-bourgogne\/#primaryimage","url":"https:\/\/www.restaurant-alouette.com\/wp-content\/uploads\/2020\/01\/bouton-reserver-likado-min-1.png","contentUrl":"https:\/\/www.restaurant-alouette.com\/wp-content\/uploads\/2020\/01\/bouton-reserver-likado-min-1.png"},{"@type":"BreadcrumbList","@id":"http:\/\/www.restaurant-alouette.com\/en\/les-vins-blanc-de-bourgogne\/#breadcrumb","itemListElement":[{"@type":"ListItem","position":1,"name":"Accueil","item":"https:\/\/www.restaurant-alouette.com\/fr\/"},{"@type":"ListItem","position":2,"name":"Vins blancs de Bourgogne"}]},{"@type":"WebSite","@id":"https:\/\/www.restaurant-alouette.com\/fr\/#website","url":"https:\/\/www.restaurant-alouette.com\/fr\/","name":"Restaurant de l'Alouette","description":"Votre restaurant gastronomique \u00e0 Bonnefamille","potentialAction":[{"@type":"SearchAction","target":{"@type":"EntryPoint","urlTemplate":"https:\/\/www.restaurant-alouette.com\/fr\/?s={search_term_string}"},"query-input":"required name=search_term_string"}],"inLanguage":"en-GB"}]}},"jetpack_sharing_enabled":true,"_links":{"self":[{"href":"https:\/\/www.restaurant-alouette.com\/en\/wp-json\/wp\/v2\/pages\/9267"}],"collection":[{"href":"https:\/\/www.restaurant-alouette.com\/en\/wp-json\/wp\/v2\/pages"}],"about":[{"href":"https:\/\/www.restaurant-alouette.com\/en\/wp-json\/wp\/v2\/types\/page"}],"author":[{"embeddable":true,"href":"https:\/\/www.restaurant-alouette.com\/en\/wp-json\/wp\/v2\/users\/1"}],"replies":[{"embeddable":true,"href":"https:\/\/www.restaurant-alouette.com\/en\/wp-json\/wp\/v2\/comments?post=9267"}],"version-history":[{"count":70,"href":"https:\/\/www.restaurant-alouette.com\/en\/wp-json\/wp\/v2\/pages\/9267\/revisions"}],"predecessor-version":[{"id":18918,"href":"https:\/\/www.restaurant-alouette.com\/en\/wp-json\/wp\/v2\/pages\/9267\/revisions\/18918"}],"wp:attachment":[{"href":"https:\/\/www.restaurant-alouette.com\/en\/wp-json\/wp\/v2\/media?parent=9267"}],"curies":[{"name":"wp","href":"https:\/\/api.w.org\/{rel}","templated":true}]}}