{"id":9284,"date":"2021-09-09T14:39:41","date_gmt":"2021-09-09T12:39:41","guid":{"rendered":"https:\/\/www.restaurant-alouette.com\/?page_id=9284"},"modified":"2025-10-22T11:54:02","modified_gmt":"2025-10-22T09:54:02","slug":"les-vins-blancs-de-lalsace","status":"publish","type":"page","link":"https:\/\/www.restaurant-alouette.com\/en\/les-vins-blancs-de-lalsace\/","title":{"rendered":"Vins blancs de l&#8217;Alsace"},"content":{"rendered":"<strong>LES VINS BLANCS<br \/>\nD&#8217;ALSACE<\/strong>\n<em><strong>Prix bouteille sur table\/ prix bouteille \u00e0 emporter<\/strong><\/em>\n<i><strong>ND : Non disponible \u00e0 la vente \u00e0 emporter<\/strong><\/i>\n<strong>Nous ne proposons pas de demi-bouteille<\/strong>\n\n<i>Prix TTC en euros (\u20ac\u00a0 \u00a0)<br \/>\n<\/i>\n<p><strong><em>AOC ALSACE<\/em><\/strong><\/p>\n<p><strong><em>Domaine Weinbach<\/em><\/strong><\/p>\n<em>Th\u00e9o, 2022 &#8230;&#8230;&#8230;&#8230;&#8230;&#8230;&#8230;&#8230;&#8230;&#8230;&#8230;&#8230;&#8230;&#8230;&#8230;&#8230;&#8230;70 \/ 36<br \/>\nRiesling<\/em>\n<em>Les Treilles du Loup, 2022 &#8230;&#8230;&#8230;&#8230; 70 \/ 36<br \/>\nGewurztraminer demi-sec<\/em>\n<p><strong><em>AOC ALSACE GRAND CRU <\/em><\/strong><\/p>\n<p><strong><em>Domaine G. Lorentz<\/em><\/strong><\/p>\n<em>Altenberg de Bergheim, 2018\u00a0&#8230;&#8230;.. 65 \/ 33<br \/>\nRiesling<\/em>\n<em>Altenberg de Bergheim, 2016 &#8230;&#8230;.. 80 \/ 45<br \/>\nGewurztraminer moelleux<\/em>\n\t<a href=\"https:\/\/www.restaurant-alouette.com\/en\/les-vins-blancs\/\">\n\t\t  \tLes vins blancs\t  \t\n\t    <img width=\"453\" height=\"178\" src=\"https:\/\/www.restaurant-alouette.com\/wp-content\/uploads\/2020\/01\/tache-carte1-min.png\" alt=\"\" decoding=\"async\" loading=\"lazy\" srcset=\"https:\/\/www.restaurant-alouette.com\/wp-content\/uploads\/2020\/01\/tache-carte1-min.png 453w, https:\/\/www.restaurant-alouette.com\/wp-content\/uploads\/2020\/01\/tache-carte1-min-300x118.png 300w, https:\/\/www.restaurant-alouette.com\/wp-content\/uploads\/2020\/01\/tache-carte1-min-200x79.png 200w\" sizes=\"(max-width: 453px) 100vw, 453px\" \/>\t<\/a>","protected":false},"excerpt":{"rendered":"<p>LES VINS BLANCS D&#8217;ALSACE Prix bouteille sur table\/ prix bouteille \u00e0 emporter ND : Non disponible \u00e0 la vente \u00e0 emporter Nous ne proposons pas de demi-bouteille Prix TTC en euros (\u20ac\u00a0 \u00a0) AOC ALSACE Domaine Weinbach Th\u00e9o, 2022 &#8230;&#8230;&#8230;&#8230;&#8230;&#8230;&#8230;&#8230;&#8230;&#8230;&#8230;&#8230;&#8230;&#8230;&#8230;&#8230;&#8230;70 \/ 36 Riesling Les Treilles du Loup, 2022 &#8230;&#8230;&#8230;&#8230; 70 \/ 36 Gewurztraminer demi-sec AOC [&hellip;]<\/p>","protected":false},"author":1,"featured_media":0,"parent":0,"menu_order":0,"comment_status":"closed","ping_status":"closed","template":"","meta":{"inline_featured_image":false,"_exactmetrics_skip_tracking":false,"_exactmetrics_sitenote_active":false,"_exactmetrics_sitenote_note":"","_exactmetrics_sitenote_category":0,"footnotes":""},"yoast_head":"<!-- This site is optimized with the Yoast SEO plugin v23.0 - https:\/\/yoast.com\/wordpress\/plugins\/seo\/ -->\n<title>Vins blancs de l&#039;Alsace - Restaurant Alouette<\/title>\n<meta name=\"robots\" content=\"index, follow, max-snippet:-1, max-image-preview:large, max-video-preview:-1\" \/>\n<link rel=\"canonical\" href=\"http:\/\/www.restaurant-alouette.com\/en\/les-vins-blancs-de-lalsace\/\" \/>\n<meta property=\"og:locale\" content=\"en_GB\" \/>\n<meta property=\"og:type\" content=\"article\" \/>\n<meta property=\"og:title\" content=\"Vins blancs de l&#039;Alsace - Restaurant Alouette\" \/>\n<meta property=\"og:description\" content=\"LES VINS BLANCS D&#8217;ALSACE Prix bouteille sur table\/ prix bouteille \u00e0 emporter ND : Non disponible \u00e0 la vente \u00e0 emporter Nous ne proposons pas de demi-bouteille Prix TTC en euros (\u20ac\u00a0 \u00a0) AOC ALSACE Domaine Weinbach Th\u00e9o, 2022 &#8230;&#8230;&#8230;&#8230;&#8230;&#8230;&#8230;&#8230;&#8230;&#8230;&#8230;&#8230;&#8230;&#8230;&#8230;&#8230;&#8230;70 \/ 36 Riesling Les Treilles du Loup, 2022 &#8230;&#8230;&#8230;&#8230; 70 \/ 36 Gewurztraminer demi-sec AOC [&hellip;]\" \/>\n<meta property=\"og:url\" content=\"http:\/\/www.restaurant-alouette.com\/en\/les-vins-blancs-de-lalsace\/\" \/>\n<meta property=\"og:site_name\" content=\"Restaurant Alouette\" \/>\n<meta property=\"article:publisher\" content=\"https:\/\/www.facebook.com\/Lalouette-Plus-quun-Restaurant-120299032976\/\" \/>\n<meta property=\"article:modified_time\" content=\"2025-10-22T09:54:02+00:00\" \/>\n<meta property=\"og:image\" content=\"https:\/\/www.restaurant-alouette.com\/wp-content\/uploads\/2020\/01\/tache-carte1-min.png\" \/>\n<meta name=\"twitter:card\" content=\"summary_large_image\" \/>\n<meta name=\"twitter:label1\" content=\"Estimated reading time\" \/>\n\t<meta name=\"twitter:data1\" content=\"1 minute\" \/>\n<script type=\"application\/ld+json\" class=\"yoast-schema-graph\">{\"@context\":\"https:\/\/schema.org\",\"@graph\":[{\"@type\":\"WebPage\",\"@id\":\"http:\/\/www.restaurant-alouette.com\/en\/les-vins-blancs-de-lalsace\/\",\"url\":\"http:\/\/www.restaurant-alouette.com\/en\/les-vins-blancs-de-lalsace\/\",\"name\":\"Vins blancs de l'Alsace - Restaurant Alouette\",\"isPartOf\":{\"@id\":\"https:\/\/www.restaurant-alouette.com\/fr\/#website\"},\"primaryImageOfPage\":{\"@id\":\"http:\/\/www.restaurant-alouette.com\/en\/les-vins-blancs-de-lalsace\/#primaryimage\"},\"image\":{\"@id\":\"http:\/\/www.restaurant-alouette.com\/en\/les-vins-blancs-de-lalsace\/#primaryimage\"},\"thumbnailUrl\":\"https:\/\/www.restaurant-alouette.com\/wp-content\/uploads\/2020\/01\/tache-carte1-min.png\",\"datePublished\":\"2021-09-09T12:39:41+00:00\",\"dateModified\":\"2025-10-22T09:54:02+00:00\",\"breadcrumb\":{\"@id\":\"http:\/\/www.restaurant-alouette.com\/en\/les-vins-blancs-de-lalsace\/#breadcrumb\"},\"inLanguage\":\"en-GB\",\"potentialAction\":[{\"@type\":\"ReadAction\",\"target\":[\"http:\/\/www.restaurant-alouette.com\/en\/les-vins-blancs-de-lalsace\/\"]}]},{\"@type\":\"ImageObject\",\"inLanguage\":\"en-GB\",\"@id\":\"http:\/\/www.restaurant-alouette.com\/en\/les-vins-blancs-de-lalsace\/#primaryimage\",\"url\":\"https:\/\/www.restaurant-alouette.com\/wp-content\/uploads\/2020\/01\/tache-carte1-min.png\",\"contentUrl\":\"https:\/\/www.restaurant-alouette.com\/wp-content\/uploads\/2020\/01\/tache-carte1-min.png\"},{\"@type\":\"BreadcrumbList\",\"@id\":\"http:\/\/www.restaurant-alouette.com\/en\/les-vins-blancs-de-lalsace\/#breadcrumb\",\"itemListElement\":[{\"@type\":\"ListItem\",\"position\":1,\"name\":\"Accueil\",\"item\":\"https:\/\/www.restaurant-alouette.com\/fr\/\"},{\"@type\":\"ListItem\",\"position\":2,\"name\":\"Vins blancs de l&#8217;Alsace\"}]},{\"@type\":\"WebSite\",\"@id\":\"https:\/\/www.restaurant-alouette.com\/fr\/#website\",\"url\":\"https:\/\/www.restaurant-alouette.com\/fr\/\",\"name\":\"Restaurant de l'Alouette\",\"description\":\"Votre restaurant gastronomique \u00e0 Bonnefamille\",\"potentialAction\":[{\"@type\":\"SearchAction\",\"target\":{\"@type\":\"EntryPoint\",\"urlTemplate\":\"https:\/\/www.restaurant-alouette.com\/fr\/?s={search_term_string}\"},\"query-input\":\"required name=search_term_string\"}],\"inLanguage\":\"en-GB\"}]}<\/script>\n<!-- \/ Yoast SEO plugin. -->","yoast_head_json":{"title":"Vins blancs de l'Alsace - Restaurant Alouette","robots":{"index":"index","follow":"follow","max-snippet":"max-snippet:-1","max-image-preview":"max-image-preview:large","max-video-preview":"max-video-preview:-1"},"canonical":"http:\/\/www.restaurant-alouette.com\/en\/les-vins-blancs-de-lalsace\/","og_locale":"en_GB","og_type":"article","og_title":"Vins blancs de l'Alsace - Restaurant Alouette","og_description":"LES VINS BLANCS D&#8217;ALSACE Prix bouteille sur table\/ prix bouteille \u00e0 emporter ND : Non disponible \u00e0 la vente \u00e0 emporter Nous ne proposons pas de demi-bouteille Prix TTC en euros (\u20ac\u00a0 \u00a0) AOC ALSACE Domaine Weinbach Th\u00e9o, 2022 &#8230;&#8230;&#8230;&#8230;&#8230;&#8230;&#8230;&#8230;&#8230;&#8230;&#8230;&#8230;&#8230;&#8230;&#8230;&#8230;&#8230;70 \/ 36 Riesling Les Treilles du Loup, 2022 &#8230;&#8230;&#8230;&#8230; 70 \/ 36 Gewurztraminer demi-sec AOC [&hellip;]","og_url":"http:\/\/www.restaurant-alouette.com\/en\/les-vins-blancs-de-lalsace\/","og_site_name":"Restaurant Alouette","article_publisher":"https:\/\/www.facebook.com\/Lalouette-Plus-quun-Restaurant-120299032976\/","article_modified_time":"2025-10-22T09:54:02+00:00","og_image":[{"url":"https:\/\/www.restaurant-alouette.com\/wp-content\/uploads\/2020\/01\/tache-carte1-min.png"}],"twitter_card":"summary_large_image","twitter_misc":{"Estimated reading time":"1 minute"},"schema":{"@context":"https:\/\/schema.org","@graph":[{"@type":"WebPage","@id":"http:\/\/www.restaurant-alouette.com\/en\/les-vins-blancs-de-lalsace\/","url":"http:\/\/www.restaurant-alouette.com\/en\/les-vins-blancs-de-lalsace\/","name":"Vins blancs de l'Alsace - Restaurant Alouette","isPartOf":{"@id":"https:\/\/www.restaurant-alouette.com\/fr\/#website"},"primaryImageOfPage":{"@id":"http:\/\/www.restaurant-alouette.com\/en\/les-vins-blancs-de-lalsace\/#primaryimage"},"image":{"@id":"http:\/\/www.restaurant-alouette.com\/en\/les-vins-blancs-de-lalsace\/#primaryimage"},"thumbnailUrl":"https:\/\/www.restaurant-alouette.com\/wp-content\/uploads\/2020\/01\/tache-carte1-min.png","datePublished":"2021-09-09T12:39:41+00:00","dateModified":"2025-10-22T09:54:02+00:00","breadcrumb":{"@id":"http:\/\/www.restaurant-alouette.com\/en\/les-vins-blancs-de-lalsace\/#breadcrumb"},"inLanguage":"en-GB","potentialAction":[{"@type":"ReadAction","target":["http:\/\/www.restaurant-alouette.com\/en\/les-vins-blancs-de-lalsace\/"]}]},{"@type":"ImageObject","inLanguage":"en-GB","@id":"http:\/\/www.restaurant-alouette.com\/en\/les-vins-blancs-de-lalsace\/#primaryimage","url":"https:\/\/www.restaurant-alouette.com\/wp-content\/uploads\/2020\/01\/tache-carte1-min.png","contentUrl":"https:\/\/www.restaurant-alouette.com\/wp-content\/uploads\/2020\/01\/tache-carte1-min.png"},{"@type":"BreadcrumbList","@id":"http:\/\/www.restaurant-alouette.com\/en\/les-vins-blancs-de-lalsace\/#breadcrumb","itemListElement":[{"@type":"ListItem","position":1,"name":"Accueil","item":"https:\/\/www.restaurant-alouette.com\/fr\/"},{"@type":"ListItem","position":2,"name":"Vins blancs de l&#8217;Alsace"}]},{"@type":"WebSite","@id":"https:\/\/www.restaurant-alouette.com\/fr\/#website","url":"https:\/\/www.restaurant-alouette.com\/fr\/","name":"Restaurant de l'Alouette","description":"Votre restaurant gastronomique \u00e0 Bonnefamille","potentialAction":[{"@type":"SearchAction","target":{"@type":"EntryPoint","urlTemplate":"https:\/\/www.restaurant-alouette.com\/fr\/?s={search_term_string}"},"query-input":"required name=search_term_string"}],"inLanguage":"en-GB"}]}},"jetpack_sharing_enabled":true,"_links":{"self":[{"href":"https:\/\/www.restaurant-alouette.com\/en\/wp-json\/wp\/v2\/pages\/9284"}],"collection":[{"href":"https:\/\/www.restaurant-alouette.com\/en\/wp-json\/wp\/v2\/pages"}],"about":[{"href":"https:\/\/www.restaurant-alouette.com\/en\/wp-json\/wp\/v2\/types\/page"}],"author":[{"embeddable":true,"href":"https:\/\/www.restaurant-alouette.com\/en\/wp-json\/wp\/v2\/users\/1"}],"replies":[{"embeddable":true,"href":"https:\/\/www.restaurant-alouette.com\/en\/wp-json\/wp\/v2\/comments?post=9284"}],"version-history":[{"count":17,"href":"https:\/\/www.restaurant-alouette.com\/en\/wp-json\/wp\/v2\/pages\/9284\/revisions"}],"predecessor-version":[{"id":18445,"href":"https:\/\/www.restaurant-alouette.com\/en\/wp-json\/wp\/v2\/pages\/9284\/revisions\/18445"}],"wp:attachment":[{"href":"https:\/\/www.restaurant-alouette.com\/en\/wp-json\/wp\/v2\/media?parent=9284"}],"curies":[{"name":"wp","href":"https:\/\/api.w.org\/{rel}","templated":true}]}}