{"id":9306,"date":"2021-09-09T14:36:08","date_gmt":"2021-09-09T12:36:08","guid":{"rendered":"https:\/\/www.restaurant-alouette.com\/?page_id=9306"},"modified":"2026-03-06T21:23:01","modified_gmt":"2026-03-06T20:23:01","slug":"vins-rouges-du-rhone-meridional","status":"publish","type":"page","link":"https:\/\/www.restaurant-alouette.com\/en\/vins-rouges-du-rhone-meridional\/","title":{"rendered":"Vins rouges du rh\u00f4ne meridional"},"content":{"rendered":"<a href=\"\">\n\t\t  \tVins rouges\t  \t\n\t    \t<\/a>\n\t\t\t\t<img decoding=\"async\" src=\"http:\/\/www.restaurant-alouette.com\/wp-content\/uploads\/2017\/11\/coffret3vignette-cadeau-min.png\" alt=\"coffret3vignette-cadeau-min\" itemprop=\"image\" title=\"coffret3vignette-cadeau-min\" onerror=\"this.style.display='none'\"  \/>\n\t<a href=\"\">\n\t\t  \tVall\u00e9e du Rh\u00f4ne m\u00e9ridionale\t  \t\n\t    \t<\/a>\n\t<em><strong>Prix<\/strong><\/em><i><strong> bouteille sur table\/ prix bouteille \u00e0 emporter<\/strong><\/i>\n<i>Prix TTC en euros (\u20ac\u00a0 \u00a0), service compris<\/i>\n<i><strong>ND : Non disponible \u00e0 la vente \u00e0 emporter<\/strong><\/i>\n<strong>Nous ne proposons pas de demi-bouteille<\/strong>\n<p>&nbsp;<\/p>\n<p><strong><em>AOP C\u00d4TES DU RH\u00d4NE VILLAGES MASSIF D&#8217;UCHAUX<\/em><\/strong><\/p>\n<p><strong><em>Domaine du Cros de la Mure<\/em><\/strong><\/p>\n<p><em>\u00a02022 &#8230;&#8230;&#8230;&#8230;&#8230;&#8230;&#8230;&#8230;&#8230;&#8230;&#8230;&#8230;&#8230;&#8230;&#8230;&#8230;&#8230;&#8230;&#8230;&#8230;&#8230;&#8230;.. 70 \/ 40<\/em><\/p>\n<p>&nbsp;<\/p>\n<p><strong><em>AOP C\u00d4TES DU RH\u00d4NE VILLAGES ROAIX<\/em><\/strong><\/p>\n<p><strong><em>Domaine Laurens<\/em><\/strong><\/p>\n<p><em>\u00a0cuv\u00e9e 1138, 2021 &#8230;&#8230;&#8230;&#8230;&#8230;&#8230;&#8230;&#8230;&#8230;&#8230;&#8230;.. 40 \/ 20<\/em><\/p>\n<p>&nbsp;<\/p>\n<p><strong><em>AOP C\u00d4TES DU RH\u00d4NE<\/em><\/strong><\/p>\n<p><strong><em>Domaine du Cros de la Mure<\/em><\/strong><\/p>\n<p><em>\u00a02021 &#8230;&#8230;&#8230;&#8230;&#8230;&#8230;&#8230;&#8230;&#8230;&#8230;&#8230;&#8230;&#8230;&#8230;&#8230;&#8230;&#8230;&#8230;&#8230;&#8230;&#8230;&#8230;.. 50 \/ 25<\/em><\/p>\n<p><strong><em>Domaine de Beaurenard<\/em><\/strong><\/p>\n<p><em>2023 &#8230;&#8230;&#8230;&#8230;&#8230;&#8230;&#8230;&#8230;&#8230;&#8230;&#8230;&#8230;&#8230;&#8230;&#8230;&#8230;&#8230;&#8230;&#8230;&#8230;&#8230;&#8230;&#8230;. 38 \/ 15<\/em><\/p>\n<p>&nbsp;<\/p>\n<p><strong><em>AOP C\u00d4TES-DU-VIVARAIS<\/em><\/strong><\/p>\n<p><strong><em>Alain Gallety<\/em><\/strong><\/p>\n<p><em>2020 &#8230;&#8230;&#8230;&#8230;&#8230;&#8230;&#8230;&#8230;&#8230;&#8230;&#8230;&#8230;&#8230;&#8230;&#8230;&#8230;&#8230;&#8230;&#8230;&#8230;&#8230;&#8230;&#8230;. 55 \/ 29<\/em><\/p>\n<em>La Syrare<br \/>\n2020 &#8230;&#8230;&#8230;&#8230;&#8230;&#8230;&#8230;&#8230;&#8230;&#8230;&#8230;&#8230;&#8230;&#8230;&#8230;&#8230;&#8230;&#8230;&#8230;&#8230;&#8230;&#8230;.. 160 \/ ND<br \/>\n2011, 2015, 2016 et 2017 &#8230;&#8230;&#8230;&#8230;&#8230;&#8230;&#8230;&#8230; 120 \/ ND<br \/>\n<\/em>\n<em>La Ligure<br \/>\n2019 &#8230;&#8230;&#8230;&#8230;&#8230;&#8230;&#8230;&#8230;&#8230;&#8230;&#8230;&#8230;&#8230;&#8230;&#8230;&#8230;&#8230;&#8230;&#8230;&#8230;&#8230;&#8230;&#8230; 250 \/ ND<br \/>\n2012, 2013, 2014 et 2015\u00a0 &#8230;&#8230;&#8230;&#8230;&#8230;&#8230;..\u00a0210 \/ ND<br \/>\n<\/em>\n<p>&nbsp;<\/p>\n<p>&nbsp;<\/p>\n<p><strong><em>AOP CH\u00c2TEAUNEUF DU PAPE<\/em><\/strong><\/p>\n<p><strong><em>Domaine du Cros de la Mure<\/em><\/strong><\/p>\n<em> 2020 &#8230;&#8230;&#8230;&#8230;&#8230;&#8230;&#8230;&#8230;&#8230;&#8230;&#8230;&#8230;&#8230;&#8230;&#8230;&#8230;&#8230;&#8230;&#8230;&#8230;. 140 \/ ND<br \/>\n<\/em>\n<p>&nbsp;<\/p>\n<p><strong><em>AOP BEAUMES-DE-VENISE<\/em><\/strong><\/p>\n<p><strong><em>Domaine Durban <\/em><\/strong><\/p>\n<p><em>Esprit de famille, 2018\u00a0&#8230;&#8230;&#8230;&#8230;&#8230;&#8230;&#8230;\u00a098 \/ 48\u00a0<\/em><\/p>\n<p>&nbsp;<\/p>\n<p><strong><em>AOP RASTEAU<\/em><\/strong><\/p>\n<p><strong><em>Domaine de Beaurenard<\/em><\/strong><\/p>\n<p><em>2023 &#8230;&#8230;&#8230;&#8230;&#8230;&#8230;&#8230;&#8230;&#8230;&#8230;&#8230;&#8230;&#8230;&#8230;&#8230;&#8230;&#8230;&#8230;&#8230;&#8230;&#8230; 45 \/ 24<\/em><\/p>\n<p>&nbsp;<\/p>\n<p><strong><em>AOP GIGONDAS<\/em><\/strong><\/p>\n<p><strong><em>Domaine du Cros de la Mure<\/em><\/strong><\/p>\n<p><em>2020 &#8230;&#8230;&#8230;&#8230;&#8230;&#8230;&#8230;&#8230;&#8230;&#8230;&#8230;&#8230;&#8230;&#8230;&#8230;&#8230;&#8230;&#8230;&#8230;&#8230;&#8230; 90 \/ 50<\/em><\/p>\n<p>&nbsp;<\/p>\n\t<a href=\"https:\/\/www.restaurant-alouette.com\/en\/les-vins-rouges\/\">\n\t\t  \tLes vins rouges \t  \t\n\t    <img width=\"250\" height=\"264\" src=\"https:\/\/www.restaurant-alouette.com\/wp-content\/uploads\/2019\/12\/bouton-vin-min-1.png\" alt=\"\" decoding=\"async\" loading=\"lazy\" srcset=\"https:\/\/www.restaurant-alouette.com\/wp-content\/uploads\/2019\/12\/bouton-vin-min-1.png 250w, https:\/\/www.restaurant-alouette.com\/wp-content\/uploads\/2019\/12\/bouton-vin-min-1-189x200.png 189w\" sizes=\"(max-width: 250px) 100vw, 250px\" \/>\t<\/a>\n\t<a href=\"https:\/\/www.restaurant-alouette.com\/en\/les-vins-blancs\/\">\n\t\t  \tLes vins blancs\t  \t\n\t    <img width=\"348\" height=\"345\" src=\"https:\/\/www.restaurant-alouette.com\/wp-content\/uploads\/2020\/01\/bouton-reserver-likado-min-1.png\" alt=\"\" decoding=\"async\" loading=\"lazy\" srcset=\"https:\/\/www.restaurant-alouette.com\/wp-content\/uploads\/2020\/01\/bouton-reserver-likado-min-1.png 348w, https:\/\/www.restaurant-alouette.com\/wp-content\/uploads\/2020\/01\/bouton-reserver-likado-min-1-300x297.png 300w, https:\/\/www.restaurant-alouette.com\/wp-content\/uploads\/2020\/01\/bouton-reserver-likado-min-1-150x150.png 150w, https:\/\/www.restaurant-alouette.com\/wp-content\/uploads\/2020\/01\/bouton-reserver-likado-min-1-200x198.png 200w, https:\/\/www.restaurant-alouette.com\/wp-content\/uploads\/2020\/01\/bouton-reserver-likado-min-1-100x100.png 100w\" sizes=\"(max-width: 348px) 100vw, 348px\" \/>\t<\/a>","protected":false},"excerpt":{"rendered":"<p>Vins rouges Vall\u00e9e du Rh\u00f4ne m\u00e9ridionale Prix bouteille sur table\/ prix bouteille \u00e0 emporter Prix TTC en euros (\u20ac\u00a0 \u00a0), service compris ND : Non disponible \u00e0 la vente \u00e0 emporter Nous ne proposons pas de demi-bouteille &nbsp; AOP C\u00d4TES DU RH\u00d4NE VILLAGES MASSIF D&#8217;UCHAUX Domaine du Cros de la Mure \u00a02022 &#8230;&#8230;&#8230;&#8230;&#8230;&#8230;&#8230;&#8230;&#8230;&#8230;&#8230;&#8230;&#8230;&#8230;&#8230;&#8230;&#8230;&#8230;&#8230;&#8230;&#8230;&#8230;.. 70 \/ [&hellip;]<\/p>","protected":false},"author":1,"featured_media":0,"parent":0,"menu_order":0,"comment_status":"closed","ping_status":"closed","template":"","meta":{"inline_featured_image":false,"_exactmetrics_skip_tracking":false,"_exactmetrics_sitenote_active":false,"_exactmetrics_sitenote_note":"","_exactmetrics_sitenote_category":0,"footnotes":""},"yoast_head":"<!-- This site is optimized with the Yoast SEO plugin v23.0 - https:\/\/yoast.com\/wordpress\/plugins\/seo\/ -->\n<title>Vins rouges du rh\u00f4ne meridional - Restaurant Alouette<\/title>\n<meta name=\"robots\" content=\"index, follow, max-snippet:-1, max-image-preview:large, max-video-preview:-1\" \/>\n<link rel=\"canonical\" href=\"https:\/\/www.restaurant-alouette.com\/en\/vins-rouges-du-rhone-meridional\/\" \/>\n<meta property=\"og:locale\" content=\"en_GB\" \/>\n<meta property=\"og:type\" content=\"article\" \/>\n<meta property=\"og:title\" content=\"Vins rouges du rh\u00f4ne meridional - Restaurant Alouette\" \/>\n<meta property=\"og:description\" content=\"Vins rouges Vall\u00e9e du Rh\u00f4ne m\u00e9ridionale Prix bouteille sur table\/ prix bouteille \u00e0 emporter Prix TTC en euros (\u20ac\u00a0 \u00a0), service compris ND : Non disponible \u00e0 la vente \u00e0 emporter Nous ne proposons pas de demi-bouteille &nbsp; AOP C\u00d4TES DU RH\u00d4NE VILLAGES MASSIF D&#8217;UCHAUX Domaine du Cros de la Mure \u00a02022 &#8230;&#8230;&#8230;&#8230;&#8230;&#8230;&#8230;&#8230;&#8230;&#8230;&#8230;&#8230;&#8230;&#8230;&#8230;&#8230;&#8230;&#8230;&#8230;&#8230;&#8230;&#8230;.. 70 \/ [&hellip;]\" \/>\n<meta property=\"og:url\" content=\"https:\/\/www.restaurant-alouette.com\/en\/vins-rouges-du-rhone-meridional\/\" \/>\n<meta property=\"og:site_name\" content=\"Restaurant Alouette\" \/>\n<meta property=\"article:publisher\" content=\"https:\/\/www.facebook.com\/Lalouette-Plus-quun-Restaurant-120299032976\/\" \/>\n<meta property=\"article:modified_time\" content=\"2026-03-06T20:23:01+00:00\" \/>\n<meta property=\"og:image\" content=\"http:\/\/www.restaurant-alouette.com\/wp-content\/uploads\/2017\/11\/coffret3vignette-cadeau-min.png\" \/>\n<meta name=\"twitter:card\" content=\"summary_large_image\" \/>\n<meta name=\"twitter:label1\" content=\"Estimated reading time\" \/>\n\t<meta name=\"twitter:data1\" content=\"1 minute\" \/>\n<script type=\"application\/ld+json\" class=\"yoast-schema-graph\">{\"@context\":\"https:\/\/schema.org\",\"@graph\":[{\"@type\":\"WebPage\",\"@id\":\"https:\/\/www.restaurant-alouette.com\/en\/vins-rouges-du-rhone-meridional\/\",\"url\":\"https:\/\/www.restaurant-alouette.com\/en\/vins-rouges-du-rhone-meridional\/\",\"name\":\"Vins rouges du rh\u00f4ne meridional - Restaurant Alouette\",\"isPartOf\":{\"@id\":\"http:\/\/www.restaurant-alouette.com\/fr\/#website\"},\"primaryImageOfPage\":{\"@id\":\"https:\/\/www.restaurant-alouette.com\/en\/vins-rouges-du-rhone-meridional\/#primaryimage\"},\"image\":{\"@id\":\"https:\/\/www.restaurant-alouette.com\/en\/vins-rouges-du-rhone-meridional\/#primaryimage\"},\"thumbnailUrl\":\"http:\/\/www.restaurant-alouette.com\/wp-content\/uploads\/2017\/11\/coffret3vignette-cadeau-min.png\",\"datePublished\":\"2021-09-09T12:36:08+00:00\",\"dateModified\":\"2026-03-06T20:23:01+00:00\",\"breadcrumb\":{\"@id\":\"https:\/\/www.restaurant-alouette.com\/en\/vins-rouges-du-rhone-meridional\/#breadcrumb\"},\"inLanguage\":\"en-GB\",\"potentialAction\":[{\"@type\":\"ReadAction\",\"target\":[\"https:\/\/www.restaurant-alouette.com\/en\/vins-rouges-du-rhone-meridional\/\"]}]},{\"@type\":\"ImageObject\",\"inLanguage\":\"en-GB\",\"@id\":\"https:\/\/www.restaurant-alouette.com\/en\/vins-rouges-du-rhone-meridional\/#primaryimage\",\"url\":\"http:\/\/www.restaurant-alouette.com\/wp-content\/uploads\/2017\/11\/coffret3vignette-cadeau-min.png\",\"contentUrl\":\"http:\/\/www.restaurant-alouette.com\/wp-content\/uploads\/2017\/11\/coffret3vignette-cadeau-min.png\"},{\"@type\":\"BreadcrumbList\",\"@id\":\"https:\/\/www.restaurant-alouette.com\/en\/vins-rouges-du-rhone-meridional\/#breadcrumb\",\"itemListElement\":[{\"@type\":\"ListItem\",\"position\":1,\"name\":\"Accueil\",\"item\":\"http:\/\/www.restaurant-alouette.com\/fr\/\"},{\"@type\":\"ListItem\",\"position\":2,\"name\":\"Vins rouges du rh\u00f4ne meridional\"}]},{\"@type\":\"WebSite\",\"@id\":\"http:\/\/www.restaurant-alouette.com\/fr\/#website\",\"url\":\"http:\/\/www.restaurant-alouette.com\/fr\/\",\"name\":\"Restaurant de l'Alouette\",\"description\":\"Votre restaurant gastronomique \u00e0 Bonnefamille\",\"potentialAction\":[{\"@type\":\"SearchAction\",\"target\":{\"@type\":\"EntryPoint\",\"urlTemplate\":\"http:\/\/www.restaurant-alouette.com\/fr\/?s={search_term_string}\"},\"query-input\":\"required name=search_term_string\"}],\"inLanguage\":\"en-GB\"}]}<\/script>\n<!-- \/ Yoast SEO plugin. -->","yoast_head_json":{"title":"Vins rouges du rh\u00f4ne meridional - Restaurant Alouette","robots":{"index":"index","follow":"follow","max-snippet":"max-snippet:-1","max-image-preview":"max-image-preview:large","max-video-preview":"max-video-preview:-1"},"canonical":"https:\/\/www.restaurant-alouette.com\/en\/vins-rouges-du-rhone-meridional\/","og_locale":"en_GB","og_type":"article","og_title":"Vins rouges du rh\u00f4ne meridional - Restaurant Alouette","og_description":"Vins rouges Vall\u00e9e du Rh\u00f4ne m\u00e9ridionale Prix bouteille sur table\/ prix bouteille \u00e0 emporter Prix TTC en euros (\u20ac\u00a0 \u00a0), service compris ND : Non disponible \u00e0 la vente \u00e0 emporter Nous ne proposons pas de demi-bouteille &nbsp; AOP C\u00d4TES DU RH\u00d4NE VILLAGES MASSIF D&#8217;UCHAUX Domaine du Cros de la Mure \u00a02022 &#8230;&#8230;&#8230;&#8230;&#8230;&#8230;&#8230;&#8230;&#8230;&#8230;&#8230;&#8230;&#8230;&#8230;&#8230;&#8230;&#8230;&#8230;&#8230;&#8230;&#8230;&#8230;.. 70 \/ [&hellip;]","og_url":"https:\/\/www.restaurant-alouette.com\/en\/vins-rouges-du-rhone-meridional\/","og_site_name":"Restaurant Alouette","article_publisher":"https:\/\/www.facebook.com\/Lalouette-Plus-quun-Restaurant-120299032976\/","article_modified_time":"2026-03-06T20:23:01+00:00","og_image":[{"url":"http:\/\/www.restaurant-alouette.com\/wp-content\/uploads\/2017\/11\/coffret3vignette-cadeau-min.png"}],"twitter_card":"summary_large_image","twitter_misc":{"Estimated reading time":"1 minute"},"schema":{"@context":"https:\/\/schema.org","@graph":[{"@type":"WebPage","@id":"https:\/\/www.restaurant-alouette.com\/en\/vins-rouges-du-rhone-meridional\/","url":"https:\/\/www.restaurant-alouette.com\/en\/vins-rouges-du-rhone-meridional\/","name":"Vins rouges du rh\u00f4ne meridional - Restaurant Alouette","isPartOf":{"@id":"http:\/\/www.restaurant-alouette.com\/fr\/#website"},"primaryImageOfPage":{"@id":"https:\/\/www.restaurant-alouette.com\/en\/vins-rouges-du-rhone-meridional\/#primaryimage"},"image":{"@id":"https:\/\/www.restaurant-alouette.com\/en\/vins-rouges-du-rhone-meridional\/#primaryimage"},"thumbnailUrl":"http:\/\/www.restaurant-alouette.com\/wp-content\/uploads\/2017\/11\/coffret3vignette-cadeau-min.png","datePublished":"2021-09-09T12:36:08+00:00","dateModified":"2026-03-06T20:23:01+00:00","breadcrumb":{"@id":"https:\/\/www.restaurant-alouette.com\/en\/vins-rouges-du-rhone-meridional\/#breadcrumb"},"inLanguage":"en-GB","potentialAction":[{"@type":"ReadAction","target":["https:\/\/www.restaurant-alouette.com\/en\/vins-rouges-du-rhone-meridional\/"]}]},{"@type":"ImageObject","inLanguage":"en-GB","@id":"https:\/\/www.restaurant-alouette.com\/en\/vins-rouges-du-rhone-meridional\/#primaryimage","url":"http:\/\/www.restaurant-alouette.com\/wp-content\/uploads\/2017\/11\/coffret3vignette-cadeau-min.png","contentUrl":"http:\/\/www.restaurant-alouette.com\/wp-content\/uploads\/2017\/11\/coffret3vignette-cadeau-min.png"},{"@type":"BreadcrumbList","@id":"https:\/\/www.restaurant-alouette.com\/en\/vins-rouges-du-rhone-meridional\/#breadcrumb","itemListElement":[{"@type":"ListItem","position":1,"name":"Accueil","item":"http:\/\/www.restaurant-alouette.com\/fr\/"},{"@type":"ListItem","position":2,"name":"Vins rouges du rh\u00f4ne meridional"}]},{"@type":"WebSite","@id":"http:\/\/www.restaurant-alouette.com\/fr\/#website","url":"http:\/\/www.restaurant-alouette.com\/fr\/","name":"Restaurant de l'Alouette","description":"Votre restaurant gastronomique \u00e0 Bonnefamille","potentialAction":[{"@type":"SearchAction","target":{"@type":"EntryPoint","urlTemplate":"http:\/\/www.restaurant-alouette.com\/fr\/?s={search_term_string}"},"query-input":"required name=search_term_string"}],"inLanguage":"en-GB"}]}},"jetpack_sharing_enabled":true,"_links":{"self":[{"href":"https:\/\/www.restaurant-alouette.com\/en\/wp-json\/wp\/v2\/pages\/9306"}],"collection":[{"href":"https:\/\/www.restaurant-alouette.com\/en\/wp-json\/wp\/v2\/pages"}],"about":[{"href":"https:\/\/www.restaurant-alouette.com\/en\/wp-json\/wp\/v2\/types\/page"}],"author":[{"embeddable":true,"href":"https:\/\/www.restaurant-alouette.com\/en\/wp-json\/wp\/v2\/users\/1"}],"replies":[{"embeddable":true,"href":"https:\/\/www.restaurant-alouette.com\/en\/wp-json\/wp\/v2\/comments?post=9306"}],"version-history":[{"count":65,"href":"https:\/\/www.restaurant-alouette.com\/en\/wp-json\/wp\/v2\/pages\/9306\/revisions"}],"predecessor-version":[{"id":19025,"href":"https:\/\/www.restaurant-alouette.com\/en\/wp-json\/wp\/v2\/pages\/9306\/revisions\/19025"}],"wp:attachment":[{"href":"https:\/\/www.restaurant-alouette.com\/en\/wp-json\/wp\/v2\/media?parent=9306"}],"curies":[{"name":"wp","href":"https:\/\/api.w.org\/{rel}","templated":true}]}}