{"id":9319,"date":"2021-09-09T14:34:56","date_gmt":"2021-09-09T12:34:56","guid":{"rendered":"https:\/\/www.restaurant-alouette.com\/?page_id=9319"},"modified":"2026-03-08T14:52:11","modified_gmt":"2026-03-08T13:52:11","slug":"vins-rouges-vallee-de-la-loire","status":"publish","type":"page","link":"https:\/\/www.restaurant-alouette.com\/en\/vins-rouges-vallee-de-la-loire\/","title":{"rendered":"Vins rouges vall\u00e9e de la Loire"},"content":{"rendered":"<strong>LES VINS ROUGES<br \/>\nDE LA VALL\u00c9E DE LA LOIRE<\/strong>\n<em>Prix bouteille sur table\/ prix bouteille \u00e0 emporter<\/em>\n<p><strong>ND : Non disponible \u00e0 la vente \u00e0 emporter<\/strong><\/p>\n<p><strong>Nous ne proposons pas de demi-bouteille<\/strong><\/p>\nPrix TTC en euros (\u20ac\u00a0 \u00a0)\n<p>&nbsp;<\/p>\n<p><strong><em>AOP SANCERRE<\/em><\/strong><\/p>\n<p><strong><em>L. Crochet\u00a0\u00a0\u00a0<\/em><\/strong><\/p>\n<p><em>Cuv\u00e9e Prestige, 2012 &#8230;&#8230;&#8230;&#8230;&#8230;&#8230;.\u00a0 75 \/ ND<\/em><\/p>\n<p><strong><em>H. Bourgeois\u00a0<\/em><\/strong><\/p>\n<p><em>Grande r\u00e9serve, 2022 &#8230;&#8230;&#8230;&#8230;&#8230;&#8230; 55 \/ 27<\/em><\/p>\n<p>&nbsp;<\/p>\n<p><strong><em>AOP CHINON<\/em><\/strong><\/p>\n<p><strong><em>C. Joguet<\/em><\/strong><\/p>\n<p><em>Clos de la Dioterie, 2012 &#8230;&#8230;&#8230;&#8230;&#8230;&#8230; 80 \/ ND<\/em><\/p>\n<p><strong><em>Domaine de Noir\u00e9<\/em><\/strong><\/p>\n<p><em>Soif de tendresse, 2023 &#8230;&#8230;&#8230;&#8230;&#8230;&#8230;. 40 \/ 20<\/em><\/p>\n<p>&nbsp;<\/p>\n<p>&nbsp;<\/p>\n<p><strong><em>AOP TOURAINE CHENONCEAUX<\/em><\/strong><\/p>\n<p><strong><em>B. Curassier<\/em><\/strong><\/p>\n<p><em>Patrimoine, 2020 &#8230;&#8230;&#8230;&#8230;&#8230;&#8230;&#8230;&#8230;&#8230;&#8230;&#8230;&#8230; 45 \/ 18<\/em><\/p>\n\t<a href=\"https:\/\/www.restaurant-alouette.com\/en\/les-vins-rouges\/\">\n\t\t  \tLes vins rouges \t  \t\n\t    <img width=\"250\" height=\"264\" src=\"https:\/\/www.restaurant-alouette.com\/wp-content\/uploads\/2019\/12\/bouton-vin-min-1.png\" alt=\"\" decoding=\"async\" loading=\"lazy\" srcset=\"https:\/\/www.restaurant-alouette.com\/wp-content\/uploads\/2019\/12\/bouton-vin-min-1.png 250w, https:\/\/www.restaurant-alouette.com\/wp-content\/uploads\/2019\/12\/bouton-vin-min-1-189x200.png 189w\" sizes=\"(max-width: 250px) 100vw, 250px\" \/>\t<\/a>\n\t<a href=\"https:\/\/www.restaurant-alouette.com\/en\/les-vins-blancs\/\">\n\t\t  \tLes vins blancs\t  \t\n\t    <img width=\"348\" height=\"345\" src=\"https:\/\/www.restaurant-alouette.com\/wp-content\/uploads\/2020\/01\/bouton-reserver-likado-min-1.png\" alt=\"\" decoding=\"async\" loading=\"lazy\" srcset=\"https:\/\/www.restaurant-alouette.com\/wp-content\/uploads\/2020\/01\/bouton-reserver-likado-min-1.png 348w, https:\/\/www.restaurant-alouette.com\/wp-content\/uploads\/2020\/01\/bouton-reserver-likado-min-1-300x297.png 300w, https:\/\/www.restaurant-alouette.com\/wp-content\/uploads\/2020\/01\/bouton-reserver-likado-min-1-150x150.png 150w, https:\/\/www.restaurant-alouette.com\/wp-content\/uploads\/2020\/01\/bouton-reserver-likado-min-1-200x198.png 200w, https:\/\/www.restaurant-alouette.com\/wp-content\/uploads\/2020\/01\/bouton-reserver-likado-min-1-100x100.png 100w\" sizes=\"(max-width: 348px) 100vw, 348px\" \/>\t<\/a>","protected":false},"excerpt":{"rendered":"<p>LES VINS ROUGES DE LA VALL\u00c9E DE LA LOIRE Prix bouteille sur table\/ prix bouteille \u00e0 emporter ND : Non disponible \u00e0 la vente \u00e0 emporter Nous ne proposons pas de demi-bouteille Prix TTC en euros (\u20ac\u00a0 \u00a0) &nbsp; AOP SANCERRE L. Crochet\u00a0\u00a0\u00a0 Cuv\u00e9e Prestige, 2012 &#8230;&#8230;&#8230;&#8230;&#8230;&#8230;.\u00a0 75 \/ ND H. Bourgeois\u00a0 Grande r\u00e9serve, 2022 [&hellip;]<\/p>","protected":false},"author":1,"featured_media":0,"parent":0,"menu_order":0,"comment_status":"closed","ping_status":"closed","template":"","meta":{"inline_featured_image":false,"_exactmetrics_skip_tracking":false,"_exactmetrics_sitenote_active":false,"_exactmetrics_sitenote_note":"","_exactmetrics_sitenote_category":0,"footnotes":""},"yoast_head":"<!-- This site is optimized with the Yoast SEO plugin v23.0 - https:\/\/yoast.com\/wordpress\/plugins\/seo\/ -->\n<title>Vins rouges vall\u00e9e de la Loire - Restaurant Alouette<\/title>\n<meta name=\"robots\" content=\"index, follow, max-snippet:-1, max-image-preview:large, max-video-preview:-1\" \/>\n<link rel=\"canonical\" href=\"http:\/\/www.restaurant-alouette.com\/en\/vins-rouges-vallee-de-la-loire\/\" \/>\n<meta property=\"og:locale\" content=\"en_GB\" \/>\n<meta property=\"og:type\" content=\"article\" \/>\n<meta property=\"og:title\" content=\"Vins rouges vall\u00e9e de la Loire - Restaurant Alouette\" \/>\n<meta property=\"og:description\" content=\"LES VINS ROUGES DE LA VALL\u00c9E DE LA LOIRE Prix bouteille sur table\/ prix bouteille \u00e0 emporter ND : Non disponible \u00e0 la vente \u00e0 emporter Nous ne proposons pas de demi-bouteille Prix TTC en euros (\u20ac\u00a0 \u00a0) &nbsp; AOP SANCERRE L. Crochet\u00a0\u00a0\u00a0 Cuv\u00e9e Prestige, 2012 &#8230;&#8230;&#8230;&#8230;&#8230;&#8230;.\u00a0 75 \/ ND H. Bourgeois\u00a0 Grande r\u00e9serve, 2022 [&hellip;]\" \/>\n<meta property=\"og:url\" content=\"http:\/\/www.restaurant-alouette.com\/en\/vins-rouges-vallee-de-la-loire\/\" \/>\n<meta property=\"og:site_name\" content=\"Restaurant Alouette\" \/>\n<meta property=\"article:publisher\" content=\"https:\/\/www.facebook.com\/Lalouette-Plus-quun-Restaurant-120299032976\/\" \/>\n<meta property=\"article:modified_time\" content=\"2026-03-08T13:52:11+00:00\" \/>\n<meta property=\"og:image\" content=\"https:\/\/www.restaurant-alouette.com\/wp-content\/uploads\/2019\/12\/bouton-vin-min-1.png\" \/>\n<meta name=\"twitter:card\" content=\"summary_large_image\" \/>\n<meta name=\"twitter:label1\" content=\"Estimated reading time\" \/>\n\t<meta name=\"twitter:data1\" content=\"1 minute\" \/>\n<script type=\"application\/ld+json\" class=\"yoast-schema-graph\">{\"@context\":\"https:\/\/schema.org\",\"@graph\":[{\"@type\":\"WebPage\",\"@id\":\"http:\/\/www.restaurant-alouette.com\/en\/vins-rouges-vallee-de-la-loire\/\",\"url\":\"http:\/\/www.restaurant-alouette.com\/en\/vins-rouges-vallee-de-la-loire\/\",\"name\":\"Vins rouges vall\u00e9e de la Loire - Restaurant Alouette\",\"isPartOf\":{\"@id\":\"https:\/\/www.restaurant-alouette.com\/fr\/#website\"},\"primaryImageOfPage\":{\"@id\":\"http:\/\/www.restaurant-alouette.com\/en\/vins-rouges-vallee-de-la-loire\/#primaryimage\"},\"image\":{\"@id\":\"http:\/\/www.restaurant-alouette.com\/en\/vins-rouges-vallee-de-la-loire\/#primaryimage\"},\"thumbnailUrl\":\"https:\/\/www.restaurant-alouette.com\/wp-content\/uploads\/2019\/12\/bouton-vin-min-1.png\",\"datePublished\":\"2021-09-09T12:34:56+00:00\",\"dateModified\":\"2026-03-08T13:52:11+00:00\",\"breadcrumb\":{\"@id\":\"http:\/\/www.restaurant-alouette.com\/en\/vins-rouges-vallee-de-la-loire\/#breadcrumb\"},\"inLanguage\":\"en-GB\",\"potentialAction\":[{\"@type\":\"ReadAction\",\"target\":[\"http:\/\/www.restaurant-alouette.com\/en\/vins-rouges-vallee-de-la-loire\/\"]}]},{\"@type\":\"ImageObject\",\"inLanguage\":\"en-GB\",\"@id\":\"http:\/\/www.restaurant-alouette.com\/en\/vins-rouges-vallee-de-la-loire\/#primaryimage\",\"url\":\"https:\/\/www.restaurant-alouette.com\/wp-content\/uploads\/2019\/12\/bouton-vin-min-1.png\",\"contentUrl\":\"https:\/\/www.restaurant-alouette.com\/wp-content\/uploads\/2019\/12\/bouton-vin-min-1.png\"},{\"@type\":\"BreadcrumbList\",\"@id\":\"http:\/\/www.restaurant-alouette.com\/en\/vins-rouges-vallee-de-la-loire\/#breadcrumb\",\"itemListElement\":[{\"@type\":\"ListItem\",\"position\":1,\"name\":\"Accueil\",\"item\":\"https:\/\/www.restaurant-alouette.com\/fr\/\"},{\"@type\":\"ListItem\",\"position\":2,\"name\":\"Vins rouges vall\u00e9e de la Loire\"}]},{\"@type\":\"WebSite\",\"@id\":\"https:\/\/www.restaurant-alouette.com\/fr\/#website\",\"url\":\"https:\/\/www.restaurant-alouette.com\/fr\/\",\"name\":\"Restaurant de l'Alouette\",\"description\":\"Votre restaurant gastronomique \u00e0 Bonnefamille\",\"potentialAction\":[{\"@type\":\"SearchAction\",\"target\":{\"@type\":\"EntryPoint\",\"urlTemplate\":\"https:\/\/www.restaurant-alouette.com\/fr\/?s={search_term_string}\"},\"query-input\":\"required name=search_term_string\"}],\"inLanguage\":\"en-GB\"}]}<\/script>\n<!-- \/ Yoast SEO plugin. -->","yoast_head_json":{"title":"Vins rouges vall\u00e9e de la Loire - Restaurant Alouette","robots":{"index":"index","follow":"follow","max-snippet":"max-snippet:-1","max-image-preview":"max-image-preview:large","max-video-preview":"max-video-preview:-1"},"canonical":"http:\/\/www.restaurant-alouette.com\/en\/vins-rouges-vallee-de-la-loire\/","og_locale":"en_GB","og_type":"article","og_title":"Vins rouges vall\u00e9e de la Loire - Restaurant Alouette","og_description":"LES VINS ROUGES DE LA VALL\u00c9E DE LA LOIRE Prix bouteille sur table\/ prix bouteille \u00e0 emporter ND : Non disponible \u00e0 la vente \u00e0 emporter Nous ne proposons pas de demi-bouteille Prix TTC en euros (\u20ac\u00a0 \u00a0) &nbsp; AOP SANCERRE L. Crochet\u00a0\u00a0\u00a0 Cuv\u00e9e Prestige, 2012 &#8230;&#8230;&#8230;&#8230;&#8230;&#8230;.\u00a0 75 \/ ND H. Bourgeois\u00a0 Grande r\u00e9serve, 2022 [&hellip;]","og_url":"http:\/\/www.restaurant-alouette.com\/en\/vins-rouges-vallee-de-la-loire\/","og_site_name":"Restaurant Alouette","article_publisher":"https:\/\/www.facebook.com\/Lalouette-Plus-quun-Restaurant-120299032976\/","article_modified_time":"2026-03-08T13:52:11+00:00","og_image":[{"url":"https:\/\/www.restaurant-alouette.com\/wp-content\/uploads\/2019\/12\/bouton-vin-min-1.png"}],"twitter_card":"summary_large_image","twitter_misc":{"Estimated reading time":"1 minute"},"schema":{"@context":"https:\/\/schema.org","@graph":[{"@type":"WebPage","@id":"http:\/\/www.restaurant-alouette.com\/en\/vins-rouges-vallee-de-la-loire\/","url":"http:\/\/www.restaurant-alouette.com\/en\/vins-rouges-vallee-de-la-loire\/","name":"Vins rouges vall\u00e9e de la Loire - Restaurant Alouette","isPartOf":{"@id":"https:\/\/www.restaurant-alouette.com\/fr\/#website"},"primaryImageOfPage":{"@id":"http:\/\/www.restaurant-alouette.com\/en\/vins-rouges-vallee-de-la-loire\/#primaryimage"},"image":{"@id":"http:\/\/www.restaurant-alouette.com\/en\/vins-rouges-vallee-de-la-loire\/#primaryimage"},"thumbnailUrl":"https:\/\/www.restaurant-alouette.com\/wp-content\/uploads\/2019\/12\/bouton-vin-min-1.png","datePublished":"2021-09-09T12:34:56+00:00","dateModified":"2026-03-08T13:52:11+00:00","breadcrumb":{"@id":"http:\/\/www.restaurant-alouette.com\/en\/vins-rouges-vallee-de-la-loire\/#breadcrumb"},"inLanguage":"en-GB","potentialAction":[{"@type":"ReadAction","target":["http:\/\/www.restaurant-alouette.com\/en\/vins-rouges-vallee-de-la-loire\/"]}]},{"@type":"ImageObject","inLanguage":"en-GB","@id":"http:\/\/www.restaurant-alouette.com\/en\/vins-rouges-vallee-de-la-loire\/#primaryimage","url":"https:\/\/www.restaurant-alouette.com\/wp-content\/uploads\/2019\/12\/bouton-vin-min-1.png","contentUrl":"https:\/\/www.restaurant-alouette.com\/wp-content\/uploads\/2019\/12\/bouton-vin-min-1.png"},{"@type":"BreadcrumbList","@id":"http:\/\/www.restaurant-alouette.com\/en\/vins-rouges-vallee-de-la-loire\/#breadcrumb","itemListElement":[{"@type":"ListItem","position":1,"name":"Accueil","item":"https:\/\/www.restaurant-alouette.com\/fr\/"},{"@type":"ListItem","position":2,"name":"Vins rouges vall\u00e9e de la Loire"}]},{"@type":"WebSite","@id":"https:\/\/www.restaurant-alouette.com\/fr\/#website","url":"https:\/\/www.restaurant-alouette.com\/fr\/","name":"Restaurant de l'Alouette","description":"Votre restaurant gastronomique \u00e0 Bonnefamille","potentialAction":[{"@type":"SearchAction","target":{"@type":"EntryPoint","urlTemplate":"https:\/\/www.restaurant-alouette.com\/fr\/?s={search_term_string}"},"query-input":"required name=search_term_string"}],"inLanguage":"en-GB"}]}},"jetpack_sharing_enabled":true,"_links":{"self":[{"href":"https:\/\/www.restaurant-alouette.com\/en\/wp-json\/wp\/v2\/pages\/9319"}],"collection":[{"href":"https:\/\/www.restaurant-alouette.com\/en\/wp-json\/wp\/v2\/pages"}],"about":[{"href":"https:\/\/www.restaurant-alouette.com\/en\/wp-json\/wp\/v2\/types\/page"}],"author":[{"embeddable":true,"href":"https:\/\/www.restaurant-alouette.com\/en\/wp-json\/wp\/v2\/users\/1"}],"replies":[{"embeddable":true,"href":"https:\/\/www.restaurant-alouette.com\/en\/wp-json\/wp\/v2\/comments?post=9319"}],"version-history":[{"count":30,"href":"https:\/\/www.restaurant-alouette.com\/en\/wp-json\/wp\/v2\/pages\/9319\/revisions"}],"predecessor-version":[{"id":19027,"href":"https:\/\/www.restaurant-alouette.com\/en\/wp-json\/wp\/v2\/pages\/9319\/revisions\/19027"}],"wp:attachment":[{"href":"https:\/\/www.restaurant-alouette.com\/en\/wp-json\/wp\/v2\/media?parent=9319"}],"curies":[{"name":"wp","href":"https:\/\/api.w.org\/{rel}","templated":true}]}}