{"id":1526,"date":"2017-11-17T02:25:58","date_gmt":"2017-11-17T01:25:58","guid":{"rendered":"http:\/\/www.restaurant-alouette.com\/?post_type=product&#038;p=1526"},"modified":"2025-02-11T18:57:31","modified_gmt":"2025-02-11T17:57:31","slug":"chambre-coup-de-foudre","status":"publish","type":"product","link":"https:\/\/www.restaurant-alouette.com\/en\/product\/chambre-coup-de-foudre\/","title":{"rendered":"Coup de Foudre"},"content":{"rendered":"<p>Le foudre transform\u00e9 en immense baignoire donne le nom et le ton \u00e0 cette chambre. Une certaine sensualit\u00e9 s\u2019en d\u00e9gage\u2026<\/p>","protected":false},"excerpt":{"rendered":"<p>The night ....... <strong>180 \u20ac<\/strong><br \/>\nPetit d\u00e9jeuner <strong>20 \u20ac<\/strong><br \/>\nFormule pour 2 personnes <strong>320 \u20ac<\/strong><br \/>\nRepas &#8211; Nuit\u00e9e &#8211; Petit d\u00e9jeuner<br \/>\nBoissons en sus, ap\u00e9ritif maison offert<\/p>","protected":false},"featured_media":60,"template":"","meta":{"inline_featured_image":false,"_exactmetrics_skip_tracking":false,"_exactmetrics_sitenote_active":false,"_exactmetrics_sitenote_note":"","_exactmetrics_sitenote_category":0},"product_cat":[71],"product_tag":[],"yoast_head":"<!-- This site is optimized with the Yoast SEO plugin v23.0 - https:\/\/yoast.com\/wordpress\/plugins\/seo\/ -->\n<title>Coup de Foudre - Restaurant Alouette<\/title>\n<meta name=\"description\" content=\"Restaurant Alouette vin - repas -\" \/>\n<meta name=\"robots\" content=\"index, follow, max-snippet:-1, max-image-preview:large, max-video-preview:-1\" \/>\n<link rel=\"canonical\" href=\"https:\/\/www.restaurant-alouette.com\/en\/product\/chambre-coup-de-foudre\/\" \/>\n<meta property=\"og:locale\" content=\"en_GB\" \/>\n<meta property=\"og:type\" content=\"article\" \/>\n<meta property=\"og:title\" content=\"Coup de Foudre - Restaurant Alouette\" \/>\n<meta property=\"og:description\" content=\"Restaurant Alouette vin - repas -\" \/>\n<meta property=\"og:url\" content=\"https:\/\/www.restaurant-alouette.com\/en\/product\/chambre-coup-de-foudre\/\" \/>\n<meta property=\"og:site_name\" content=\"Restaurant Alouette\" \/>\n<meta property=\"article:publisher\" content=\"https:\/\/www.facebook.com\/Lalouette-Plus-quun-Restaurant-120299032976\/\" \/>\n<meta property=\"article:modified_time\" content=\"2025-02-11T17:57:31+00:00\" \/>\n<meta property=\"og:image\" content=\"http:\/\/www.restaurant-alouette.com\/wp-content\/uploads\/2017\/03\/le-coin-salle-de-bain-de-la-chambre-coup-de-foudre-hotel-restaurant-alouette.jpg\" \/>\n\t<meta property=\"og:image:width\" content=\"1400\" \/>\n\t<meta property=\"og:image:height\" content=\"933\" \/>\n\t<meta property=\"og:image:type\" content=\"image\/jpeg\" \/>\n<meta name=\"twitter:card\" content=\"summary_large_image\" \/>\n<meta name=\"twitter:label1\" content=\"Estimated reading time\" \/>\n\t<meta name=\"twitter:data1\" content=\"1 minute\" \/>\n<script type=\"application\/ld+json\" class=\"yoast-schema-graph\">{\"@context\":\"https:\/\/schema.org\",\"@graph\":[{\"@type\":\"WebPage\",\"@id\":\"http:\/\/www.restaurant-alouette.com\/fr\/produit\/chambre-coup-de-foudre\/\",\"url\":\"http:\/\/www.restaurant-alouette.com\/fr\/produit\/chambre-coup-de-foudre\/\",\"name\":\"Coup de Foudre - Restaurant Alouette\",\"isPartOf\":{\"@id\":\"http:\/\/www.restaurant-alouette.com\/fr\/#website\"},\"primaryImageOfPage\":{\"@id\":\"http:\/\/www.restaurant-alouette.com\/fr\/produit\/chambre-coup-de-foudre\/#primaryimage\"},\"image\":{\"@id\":\"http:\/\/www.restaurant-alouette.com\/fr\/produit\/chambre-coup-de-foudre\/#primaryimage\"},\"thumbnailUrl\":\"https:\/\/www.restaurant-alouette.com\/wp-content\/uploads\/2017\/03\/le-coin-salle-de-bain-de-la-chambre-coup-de-foudre-hotel-restaurant-alouette.jpg\",\"datePublished\":\"2017-11-17T01:25:58+00:00\",\"dateModified\":\"2025-02-11T17:57:31+00:00\",\"description\":\"Restaurant Alouette vin - repas -\",\"breadcrumb\":{\"@id\":\"http:\/\/www.restaurant-alouette.com\/fr\/produit\/chambre-coup-de-foudre\/#breadcrumb\"},\"inLanguage\":\"en-GB\",\"potentialAction\":[{\"@type\":\"ReadAction\",\"target\":[\"http:\/\/www.restaurant-alouette.com\/fr\/produit\/chambre-coup-de-foudre\/\"]}]},{\"@type\":\"ImageObject\",\"inLanguage\":\"en-GB\",\"@id\":\"http:\/\/www.restaurant-alouette.com\/fr\/produit\/chambre-coup-de-foudre\/#primaryimage\",\"url\":\"https:\/\/www.restaurant-alouette.com\/wp-content\/uploads\/2017\/03\/le-coin-salle-de-bain-de-la-chambre-coup-de-foudre-hotel-restaurant-alouette.jpg\",\"contentUrl\":\"https:\/\/www.restaurant-alouette.com\/wp-content\/uploads\/2017\/03\/le-coin-salle-de-bain-de-la-chambre-coup-de-foudre-hotel-restaurant-alouette.jpg\",\"width\":1400,\"height\":933,\"caption\":\"Le coin de la salle de bain de la chambre Coup de Foudre de l'h\u00f4tel restaurant de l'Alouette\"},{\"@type\":\"BreadcrumbList\",\"@id\":\"http:\/\/www.restaurant-alouette.com\/fr\/produit\/chambre-coup-de-foudre\/#breadcrumb\",\"itemListElement\":[{\"@type\":\"ListItem\",\"position\":1,\"name\":\"Accueil\",\"item\":\"https:\/\/www.restaurant-alouette.com\/fr\/\"},{\"@type\":\"ListItem\",\"position\":2,\"name\":\"Coup de Foudre\"}]},{\"@type\":\"WebSite\",\"@id\":\"http:\/\/www.restaurant-alouette.com\/fr\/#website\",\"url\":\"http:\/\/www.restaurant-alouette.com\/fr\/\",\"name\":\"Restaurant de l'Alouette\",\"description\":\"Votre restaurant gastronomique \u00e0 Bonnefamille\",\"potentialAction\":[{\"@type\":\"SearchAction\",\"target\":{\"@type\":\"EntryPoint\",\"urlTemplate\":\"http:\/\/www.restaurant-alouette.com\/fr\/?s={search_term_string}\"},\"query-input\":\"required name=search_term_string\"}],\"inLanguage\":\"en-GB\"}]}<\/script>\n<!-- \/ Yoast SEO plugin. -->","yoast_head_json":{"title":"Coup de Foudre - Restaurant Alouette","description":"Restaurant Alouette vin - repas -","robots":{"index":"index","follow":"follow","max-snippet":"max-snippet:-1","max-image-preview":"max-image-preview:large","max-video-preview":"max-video-preview:-1"},"canonical":"https:\/\/www.restaurant-alouette.com\/en\/product\/chambre-coup-de-foudre\/","og_locale":"en_GB","og_type":"article","og_title":"Coup de Foudre - Restaurant Alouette","og_description":"Restaurant Alouette vin - repas -","og_url":"https:\/\/www.restaurant-alouette.com\/en\/product\/chambre-coup-de-foudre\/","og_site_name":"Restaurant Alouette","article_publisher":"https:\/\/www.facebook.com\/Lalouette-Plus-quun-Restaurant-120299032976\/","article_modified_time":"2025-02-11T17:57:31+00:00","og_image":[{"width":1400,"height":933,"url":"http:\/\/www.restaurant-alouette.com\/wp-content\/uploads\/2017\/03\/le-coin-salle-de-bain-de-la-chambre-coup-de-foudre-hotel-restaurant-alouette.jpg","type":"image\/jpeg"}],"twitter_card":"summary_large_image","twitter_misc":{"Estimated reading time":"1 minute"},"schema":{"@context":"https:\/\/schema.org","@graph":[{"@type":"WebPage","@id":"http:\/\/www.restaurant-alouette.com\/fr\/produit\/chambre-coup-de-foudre\/","url":"http:\/\/www.restaurant-alouette.com\/fr\/produit\/chambre-coup-de-foudre\/","name":"Coup de Foudre - Restaurant Alouette","isPartOf":{"@id":"http:\/\/www.restaurant-alouette.com\/fr\/#website"},"primaryImageOfPage":{"@id":"http:\/\/www.restaurant-alouette.com\/fr\/produit\/chambre-coup-de-foudre\/#primaryimage"},"image":{"@id":"http:\/\/www.restaurant-alouette.com\/fr\/produit\/chambre-coup-de-foudre\/#primaryimage"},"thumbnailUrl":"https:\/\/www.restaurant-alouette.com\/wp-content\/uploads\/2017\/03\/le-coin-salle-de-bain-de-la-chambre-coup-de-foudre-hotel-restaurant-alouette.jpg","datePublished":"2017-11-17T01:25:58+00:00","dateModified":"2025-02-11T17:57:31+00:00","description":"Restaurant Alouette vin - repas -","breadcrumb":{"@id":"http:\/\/www.restaurant-alouette.com\/fr\/produit\/chambre-coup-de-foudre\/#breadcrumb"},"inLanguage":"en-GB","potentialAction":[{"@type":"ReadAction","target":["http:\/\/www.restaurant-alouette.com\/fr\/produit\/chambre-coup-de-foudre\/"]}]},{"@type":"ImageObject","inLanguage":"en-GB","@id":"http:\/\/www.restaurant-alouette.com\/fr\/produit\/chambre-coup-de-foudre\/#primaryimage","url":"https:\/\/www.restaurant-alouette.com\/wp-content\/uploads\/2017\/03\/le-coin-salle-de-bain-de-la-chambre-coup-de-foudre-hotel-restaurant-alouette.jpg","contentUrl":"https:\/\/www.restaurant-alouette.com\/wp-content\/uploads\/2017\/03\/le-coin-salle-de-bain-de-la-chambre-coup-de-foudre-hotel-restaurant-alouette.jpg","width":1400,"height":933,"caption":"Le coin de la salle de bain de la chambre Coup de Foudre de l'h\u00f4tel restaurant de l'Alouette"},{"@type":"BreadcrumbList","@id":"http:\/\/www.restaurant-alouette.com\/fr\/produit\/chambre-coup-de-foudre\/#breadcrumb","itemListElement":[{"@type":"ListItem","position":1,"name":"Accueil","item":"https:\/\/www.restaurant-alouette.com\/fr\/"},{"@type":"ListItem","position":2,"name":"Coup de Foudre"}]},{"@type":"WebSite","@id":"http:\/\/www.restaurant-alouette.com\/fr\/#website","url":"http:\/\/www.restaurant-alouette.com\/fr\/","name":"Restaurant de l'Alouette","description":"Votre restaurant gastronomique \u00e0 Bonnefamille","potentialAction":[{"@type":"SearchAction","target":{"@type":"EntryPoint","urlTemplate":"http:\/\/www.restaurant-alouette.com\/fr\/?s={search_term_string}"},"query-input":"required name=search_term_string"}],"inLanguage":"en-GB"}]}},"jetpack_sharing_enabled":true,"_links":{"self":[{"href":"https:\/\/www.restaurant-alouette.com\/en\/wp-json\/wp\/v2\/product\/1526"}],"collection":[{"href":"https:\/\/www.restaurant-alouette.com\/en\/wp-json\/wp\/v2\/product"}],"about":[{"href":"https:\/\/www.restaurant-alouette.com\/en\/wp-json\/wp\/v2\/types\/product"}],"wp:featuredmedia":[{"embeddable":true,"href":"https:\/\/www.restaurant-alouette.com\/en\/wp-json\/wp\/v2\/media\/60"}],"wp:attachment":[{"href":"https:\/\/www.restaurant-alouette.com\/en\/wp-json\/wp\/v2\/media?parent=1526"}],"wp:term":[{"taxonomy":"product_cat","embeddable":true,"href":"https:\/\/www.restaurant-alouette.com\/en\/wp-json\/wp\/v2\/product_cat?post=1526"},{"taxonomy":"product_tag","embeddable":true,"href":"https:\/\/www.restaurant-alouette.com\/en\/wp-json\/wp\/v2\/product_tag?post=1526"}],"curies":[{"name":"wp","href":"https:\/\/api.w.org\/{rel}","templated":true}]}}