{"id":11341,"date":"2022-04-22T22:33:23","date_gmt":"2022-04-22T20:33:23","guid":{"rendered":"https:\/\/www.restaurant-alouette.com\/?page_id=11341"},"modified":"2023-08-22T22:13:06","modified_gmt":"2023-08-22T20:13:06","slug":"tourisme","status":"publish","type":"page","link":"https:\/\/www.restaurant-alouette.com\/fr\/tourisme\/","title":{"rendered":"Tourisme"},"content":{"rendered":"<h2>\n\t\tA visiter pr\u00e8s de chez nous &#8230;\n\t<\/h2>\n\t\t\t\t<a href=\"https:\/\/www.isere-tourisme.com\/patrimoine-naturel\/espace-naturel-sensible-de-letang-de-fallavier-et-vallon-du-layet\" target=\"_blank\" rel=\"noopener noreferrer\" itemprop=\"url\">\n\t\t\t\t<img loading=\"lazy\" decoding=\"async\" src=\"https:\/\/www.restaurant-alouette.com\/wp-content\/uploads\/2022\/03\/etand-st-quentin.jpeg\" alt=\"Etang St Quentin\" itemprop=\"image\" height=\"1500\" width=\"2250\" title=\"Etang St Quentin\" onerror=\"this.style.display='none'\"  \/>\n\t\t\t\t<\/a>\n\t<p>L&#8217;\u00e9tang et le ch\u00e2teau de Saint-Quentin-Fallavier<\/p>\n<p>Une balade autour de cet Espace Naturel Sensible vous permettra d&#8217;observer les diff\u00e9rentes esp\u00e8ces d&#8217;oiseaux d&#8217;eau et d&#8217;insectes pr\u00e9sentes sur le site.<\/p>\n<p>P\u00e8che et baignade sont autoris\u00e9es sur les parties indiqu\u00e9es de l&#8217;\u00e9tang.<\/p>\n<p>L&#8217;ext\u00e9rieur du ch\u00e2teau est ouvert au public.<\/p>\n<p>\u00c9tang de Fallavier &#8211; 38070 Saint-Quentin-Fallavier<\/p>\n\t<p>Le village des marques de Villefontaine<\/p>\n<p><\/p>\n<p>Espace shopping,<\/p>\n<p>The Village Outlet<\/p>\n<p>\u00a0Parc du couvent \u2013 38090 Villefontaine<\/p>\n\t\t\t\t<a href=\"https:\/\/www.thevillageoutlet.com\/horaires-douverture\/\" target=\"_self\" itemprop=\"url\" rel=\"noopener noreferrer\">\n\t\t\t\t<img loading=\"lazy\" decoding=\"async\" src=\"https:\/\/www.restaurant-alouette.com\/wp-content\/uploads\/2022\/03\/village-des-marques-scaled.jpg\" alt=\"village des marques\" itemprop=\"image\" height=\"1440\" width=\"2560\" title=\"village des marques\" onerror=\"this.style.display='none'\"  \/>\n\t\t\t\t<\/a>\n\t\t\t\t<a href=\"https:\/\/lyon-est-diemoz.leboisdeslutins.com\/fr\/\" target=\"_blank\" rel=\"noopener noreferrer\" itemprop=\"url\">\n\t\t\t\t<img loading=\"lazy\" decoding=\"async\" src=\"https:\/\/www.restaurant-alouette.com\/wp-content\/uploads\/2022\/03\/bois-des-lutins.png\" alt=\"Photo de https:\/\/lyon-est-diemoz.leboisdeslutins.com\/fr\/\" itemprop=\"image\" height=\"493\" width=\"825\" title=\"bois des lutins\" onerror=\"this.style.display='none'\"  \/>\n\t\t\t\t<\/a>\n\t\t\t\t\t\tPhoto de https:\/\/lyon-est-diemoz.leboisdeslutins.com\/fr\/\n\t<p>Le bois des lutins \u00e0 Di\u00e9moz<\/p>\n<p>&nbsp;<\/p>\n<p>Parc proposant diverses attractions pour les enfants<\/p>\n<p><strong>Bois des Lutins Lyon-est Di\u00e9moz La combe du loup<\/strong><\/p>\n<p><strong>D 518 Di\u00e9moz 38 790<\/strong><\/p>\n\n\t<p>Le parc animalier et ch\u00e2teau de Moidi\u00e8re<\/p>\n<p>&nbsp;<\/p>\n<p>&nbsp;<\/p>\n525 chemin du Ch\u00e2teau<br \/>\n38090 BONNEFAMILLE\n\t\t\t\t<a href=\"https:\/\/www.chateau-moidiere.com\/\" target=\"_self\" itemprop=\"url\" rel=\"noopener noreferrer\">\n\t\t\t\t<img loading=\"lazy\" decoding=\"async\" src=\"https:\/\/www.restaurant-alouette.com\/wp-content\/uploads\/2022\/03\/moidiere.png\" alt=\"Photo de https:\/\/www.chateau-moidiere.com\/\" itemprop=\"image\" height=\"496\" width=\"759\" title=\"Moidiere\" onerror=\"this.style.display='none'\"  \/>\n\t\t\t\t<\/a>\n\t\t\t\t\t\tPhoto de https:\/\/www.chateau-moidiere.com\/\n\t\t\t\t<a href=\"https:\/\/www.chateaurajat.fr\/\" target=\"_self\" itemprop=\"url\" rel=\"noopener noreferrer\">\n\t\t\t\t<img loading=\"lazy\" decoding=\"async\" src=\"https:\/\/www.restaurant-alouette.com\/wp-content\/uploads\/2022\/03\/rajat-scaled.jpg\" alt=\"rajat\" itemprop=\"image\" height=\"1707\" width=\"2560\" title=\"rajat\" onerror=\"this.style.display='none'\"  \/>\n\t\t\t\t<\/a>\n\t<p>Parc et ch\u00e2teau de Rajat<\/p>\n<p>&nbsp;<\/p>\n<p>Cadre id\u00e9al pour une petite balade en famille&#8230;<\/p>\n<p>&nbsp;<\/p>\n21 Chemin de Rajat<br \/>\n69780 Saint Pierre de Chandieu\n\t\t\t\t<a href=\"https:\/\/www.isere-tourisme.com\/patrimoine-culturel\/cremieu-cite-medievale\" target=\"_self\" itemprop=\"url\" rel=\"noopener noreferrer\">\n\t\t\t\t<img loading=\"lazy\" decoding=\"async\" src=\"https:\/\/www.restaurant-alouette.com\/wp-content\/uploads\/2022\/03\/cremieu-scaled.jpg\" alt=\"cremieu\" itemprop=\"image\" height=\"1707\" width=\"2560\" title=\"cremieu\" onerror=\"this.style.display='none'\"  \/>\n\t\t\t\t<\/a>\n\t<p>Cr\u00e9mieu et ses remparts m\u00e9di\u00e9vaux<\/p>\n<p>&nbsp;<\/p>\n<p>Tr\u00e8s jolie cit\u00e9 m\u00e9di\u00e9vale avec ses remparts m\u00e9di\u00e9vaux, \u00e9glise Saint-Jean-Batiste, halle de cr\u00e9mieu, brasserie les Ursulines<\/p>\n<p>&nbsp;<\/p>\n<p>38460 Cr\u00e9mieu<\/p>\n\n\t<p>Vienne et son mus\u00e9e Gallo-romain<\/p>\n<p>&nbsp;<\/p>\n<p>Sites patrimoniaux \u00e0 voir dans la ville et le mus\u00e9e Gallo-romain.<\/p>\n\n<blockquote data-secret=\"BXRI8srZjv\"><p><a href=\"https:\/\/vienne.fr\/nos-services\/culture\/patrimoine\/\">Patrimoine<\/a><\/p><\/blockquote>\n<p><iframe sandbox=\"allow-scripts\" security=\"restricted\" title=\"\u00ab\u00a0Patrimoine\u00a0\u00bb &#8212; Ville de VIENNE\" src=\"https:\/\/vienne.fr\/nos-services\/culture\/patrimoine\/embed\/#?secret=JUjNfYjLJ7#?secret=BXRI8srZjv\" data-secret=\"BXRI8srZjv\" width=\"600\" height=\"338\" frameborder=\"0\" marginwidth=\"0\" marginheight=\"0\" scrolling=\"no\"><\/iframe><\/p>\n\t\t\t\t<img loading=\"lazy\" decoding=\"async\" src=\"https:\/\/www.restaurant-alouette.com\/wp-content\/uploads\/2022\/03\/vienne-scaled.jpg\" alt=\"vienne\" itemprop=\"image\" height=\"1440\" width=\"2560\" title=\"vienne\" onerror=\"this.style.display='none'\"  \/>\n\t\t\t\t<a href=\"https:\/\/www.cimes-aventures.com\/\" target=\"_blank\" rel=\"noopener noreferrer\" itemprop=\"url\">\n\t\t\t\t<img loading=\"lazy\" decoding=\"async\" src=\"https:\/\/www.restaurant-alouette.com\/wp-content\/uploads\/2022\/03\/cimes-aventure.png\" alt=\"Image de https:\/\/www.cimes-aventures.com\/\" itemprop=\"image\" height=\"349\" width=\"684\" title=\"Accrobranche Cimes Aventure\" onerror=\"this.style.display='none'\"  \/>\n\t\t\t\t<\/a>\n\t\t\t\t\t\tImage de https:\/\/www.cimes-aventures.com\/\n\t<p>Accrobranche de S\u00e9pt\u00e8me <\/p>\n<p>Cimes Aventures<\/p>\n<p>\u00a0Parcours \u00e0 diff\u00e9rents niveaux, pour les enfants et les adultes.<\/p>\n<p>CIMES AVENTURES &#8211; BOIS DE CHAPULAY &#8211; 38780 SEPTEME<\/p>\n","protected":false},"excerpt":{"rendered":"<p>A visiter pr\u00e8s de chez nous &#8230; L&#8217;\u00e9tang et le ch\u00e2teau de Saint-Quentin-Fallavier Une balade autour de cet Espace Naturel Sensible vous permettra d&#8217;observer les diff\u00e9rentes esp\u00e8ces d&#8217;oiseaux d&#8217;eau et d&#8217;insectes pr\u00e9sentes sur le site. P\u00e8che et baignade sont autoris\u00e9es sur les parties indiqu\u00e9es de l&#8217;\u00e9tang. L&#8217;ext\u00e9rieur du ch\u00e2teau est ouvert au public. \u00c9tang de [&hellip;]<\/p>\n","protected":false},"author":1,"featured_media":0,"parent":0,"menu_order":0,"comment_status":"closed","ping_status":"closed","template":"","meta":{"inline_featured_image":false,"_exactmetrics_skip_tracking":false,"_exactmetrics_sitenote_active":false,"_exactmetrics_sitenote_note":"","_exactmetrics_sitenote_category":0,"footnotes":""},"yoast_head":"<!-- This site is optimized with the Yoast SEO plugin v23.0 - https:\/\/yoast.com\/wordpress\/plugins\/seo\/ -->\n<title>Tourisme - Restaurant Alouette<\/title>\n<meta name=\"robots\" content=\"index, follow, max-snippet:-1, max-image-preview:large, max-video-preview:-1\" \/>\n<link rel=\"canonical\" href=\"https:\/\/www.restaurant-alouette.com\/fr\/tourisme\/\" \/>\n<meta property=\"og:locale\" content=\"fr_FR\" \/>\n<meta property=\"og:type\" content=\"article\" \/>\n<meta property=\"og:title\" content=\"Tourisme - Restaurant Alouette\" \/>\n<meta property=\"og:description\" content=\"A visiter pr\u00e8s de chez nous &#8230; L&#8217;\u00e9tang et le ch\u00e2teau de Saint-Quentin-Fallavier Une balade autour de cet Espace Naturel Sensible vous permettra d&#8217;observer les diff\u00e9rentes esp\u00e8ces d&#8217;oiseaux d&#8217;eau et d&#8217;insectes pr\u00e9sentes sur le site. P\u00e8che et baignade sont autoris\u00e9es sur les parties indiqu\u00e9es de l&#8217;\u00e9tang. L&#8217;ext\u00e9rieur du ch\u00e2teau est ouvert au public. \u00c9tang de [&hellip;]\" \/>\n<meta property=\"og:url\" content=\"https:\/\/www.restaurant-alouette.com\/fr\/tourisme\/\" \/>\n<meta property=\"og:site_name\" content=\"Restaurant Alouette\" \/>\n<meta property=\"article:publisher\" content=\"https:\/\/www.facebook.com\/Lalouette-Plus-quun-Restaurant-120299032976\/\" \/>\n<meta property=\"article:modified_time\" content=\"2023-08-22T20:13:06+00:00\" \/>\n<meta property=\"og:image\" content=\"https:\/\/www.restaurant-alouette.com\/wp-content\/uploads\/2022\/03\/etand-st-quentin.jpeg\" \/>\n<meta name=\"twitter:card\" content=\"summary_large_image\" \/>\n<meta name=\"twitter:label1\" content=\"Dur\u00e9e de lecture estim\u00e9e\" \/>\n\t<meta name=\"twitter:data1\" content=\"1 minute\" \/>\n<script type=\"application\/ld+json\" class=\"yoast-schema-graph\">{\"@context\":\"https:\/\/schema.org\",\"@graph\":[{\"@type\":\"WebPage\",\"@id\":\"https:\/\/www.restaurant-alouette.com\/fr\/tourisme\/\",\"url\":\"https:\/\/www.restaurant-alouette.com\/fr\/tourisme\/\",\"name\":\"Tourisme - Restaurant Alouette\",\"isPartOf\":{\"@id\":\"http:\/\/www.restaurant-alouette.com\/fr\/#website\"},\"primaryImageOfPage\":{\"@id\":\"https:\/\/www.restaurant-alouette.com\/fr\/tourisme\/#primaryimage\"},\"image\":{\"@id\":\"https:\/\/www.restaurant-alouette.com\/fr\/tourisme\/#primaryimage\"},\"thumbnailUrl\":\"https:\/\/www.restaurant-alouette.com\/wp-content\/uploads\/2022\/03\/etand-st-quentin.jpeg\",\"datePublished\":\"2022-04-22T20:33:23+00:00\",\"dateModified\":\"2023-08-22T20:13:06+00:00\",\"breadcrumb\":{\"@id\":\"https:\/\/www.restaurant-alouette.com\/fr\/tourisme\/#breadcrumb\"},\"inLanguage\":\"fr-FR\",\"potentialAction\":[{\"@type\":\"ReadAction\",\"target\":[\"https:\/\/www.restaurant-alouette.com\/fr\/tourisme\/\"]}]},{\"@type\":\"ImageObject\",\"inLanguage\":\"fr-FR\",\"@id\":\"https:\/\/www.restaurant-alouette.com\/fr\/tourisme\/#primaryimage\",\"url\":\"https:\/\/www.restaurant-alouette.com\/wp-content\/uploads\/2022\/03\/etand-st-quentin.jpeg\",\"contentUrl\":\"https:\/\/www.restaurant-alouette.com\/wp-content\/uploads\/2022\/03\/etand-st-quentin.jpeg\"},{\"@type\":\"BreadcrumbList\",\"@id\":\"https:\/\/www.restaurant-alouette.com\/fr\/tourisme\/#breadcrumb\",\"itemListElement\":[{\"@type\":\"ListItem\",\"position\":1,\"name\":\"Accueil\",\"item\":\"https:\/\/www.restaurant-alouette.com\/fr\/\"},{\"@type\":\"ListItem\",\"position\":2,\"name\":\"Tourisme\"}]},{\"@type\":\"WebSite\",\"@id\":\"http:\/\/www.restaurant-alouette.com\/fr\/#website\",\"url\":\"http:\/\/www.restaurant-alouette.com\/fr\/\",\"name\":\"Restaurant de l'Alouette\",\"description\":\"Votre restaurant gastronomique \u00e0 Bonnefamille\",\"potentialAction\":[{\"@type\":\"SearchAction\",\"target\":{\"@type\":\"EntryPoint\",\"urlTemplate\":\"http:\/\/www.restaurant-alouette.com\/fr\/?s={search_term_string}\"},\"query-input\":\"required name=search_term_string\"}],\"inLanguage\":\"fr-FR\"}]}<\/script>\n<!-- \/ Yoast SEO plugin. -->","yoast_head_json":{"title":"Tourisme - Restaurant Alouette","robots":{"index":"index","follow":"follow","max-snippet":"max-snippet:-1","max-image-preview":"max-image-preview:large","max-video-preview":"max-video-preview:-1"},"canonical":"https:\/\/www.restaurant-alouette.com\/fr\/tourisme\/","og_locale":"fr_FR","og_type":"article","og_title":"Tourisme - Restaurant Alouette","og_description":"A visiter pr\u00e8s de chez nous &#8230; L&#8217;\u00e9tang et le ch\u00e2teau de Saint-Quentin-Fallavier Une balade autour de cet Espace Naturel Sensible vous permettra d&#8217;observer les diff\u00e9rentes esp\u00e8ces d&#8217;oiseaux d&#8217;eau et d&#8217;insectes pr\u00e9sentes sur le site. P\u00e8che et baignade sont autoris\u00e9es sur les parties indiqu\u00e9es de l&#8217;\u00e9tang. L&#8217;ext\u00e9rieur du ch\u00e2teau est ouvert au public. \u00c9tang de [&hellip;]","og_url":"https:\/\/www.restaurant-alouette.com\/fr\/tourisme\/","og_site_name":"Restaurant Alouette","article_publisher":"https:\/\/www.facebook.com\/Lalouette-Plus-quun-Restaurant-120299032976\/","article_modified_time":"2023-08-22T20:13:06+00:00","og_image":[{"url":"https:\/\/www.restaurant-alouette.com\/wp-content\/uploads\/2022\/03\/etand-st-quentin.jpeg"}],"twitter_card":"summary_large_image","twitter_misc":{"Dur\u00e9e de lecture estim\u00e9e":"1 minute"},"schema":{"@context":"https:\/\/schema.org","@graph":[{"@type":"WebPage","@id":"https:\/\/www.restaurant-alouette.com\/fr\/tourisme\/","url":"https:\/\/www.restaurant-alouette.com\/fr\/tourisme\/","name":"Tourisme - Restaurant Alouette","isPartOf":{"@id":"http:\/\/www.restaurant-alouette.com\/fr\/#website"},"primaryImageOfPage":{"@id":"https:\/\/www.restaurant-alouette.com\/fr\/tourisme\/#primaryimage"},"image":{"@id":"https:\/\/www.restaurant-alouette.com\/fr\/tourisme\/#primaryimage"},"thumbnailUrl":"https:\/\/www.restaurant-alouette.com\/wp-content\/uploads\/2022\/03\/etand-st-quentin.jpeg","datePublished":"2022-04-22T20:33:23+00:00","dateModified":"2023-08-22T20:13:06+00:00","breadcrumb":{"@id":"https:\/\/www.restaurant-alouette.com\/fr\/tourisme\/#breadcrumb"},"inLanguage":"fr-FR","potentialAction":[{"@type":"ReadAction","target":["https:\/\/www.restaurant-alouette.com\/fr\/tourisme\/"]}]},{"@type":"ImageObject","inLanguage":"fr-FR","@id":"https:\/\/www.restaurant-alouette.com\/fr\/tourisme\/#primaryimage","url":"https:\/\/www.restaurant-alouette.com\/wp-content\/uploads\/2022\/03\/etand-st-quentin.jpeg","contentUrl":"https:\/\/www.restaurant-alouette.com\/wp-content\/uploads\/2022\/03\/etand-st-quentin.jpeg"},{"@type":"BreadcrumbList","@id":"https:\/\/www.restaurant-alouette.com\/fr\/tourisme\/#breadcrumb","itemListElement":[{"@type":"ListItem","position":1,"name":"Accueil","item":"https:\/\/www.restaurant-alouette.com\/fr\/"},{"@type":"ListItem","position":2,"name":"Tourisme"}]},{"@type":"WebSite","@id":"http:\/\/www.restaurant-alouette.com\/fr\/#website","url":"http:\/\/www.restaurant-alouette.com\/fr\/","name":"Restaurant de l'Alouette","description":"Votre restaurant gastronomique \u00e0 Bonnefamille","potentialAction":[{"@type":"SearchAction","target":{"@type":"EntryPoint","urlTemplate":"http:\/\/www.restaurant-alouette.com\/fr\/?s={search_term_string}"},"query-input":"required name=search_term_string"}],"inLanguage":"fr-FR"}]}},"jetpack_sharing_enabled":true,"_links":{"self":[{"href":"https:\/\/www.restaurant-alouette.com\/fr\/wp-json\/wp\/v2\/pages\/11341"}],"collection":[{"href":"https:\/\/www.restaurant-alouette.com\/fr\/wp-json\/wp\/v2\/pages"}],"about":[{"href":"https:\/\/www.restaurant-alouette.com\/fr\/wp-json\/wp\/v2\/types\/page"}],"author":[{"embeddable":true,"href":"https:\/\/www.restaurant-alouette.com\/fr\/wp-json\/wp\/v2\/users\/1"}],"replies":[{"embeddable":true,"href":"https:\/\/www.restaurant-alouette.com\/fr\/wp-json\/wp\/v2\/comments?post=11341"}],"version-history":[{"count":24,"href":"https:\/\/www.restaurant-alouette.com\/fr\/wp-json\/wp\/v2\/pages\/11341\/revisions"}],"predecessor-version":[{"id":14828,"href":"https:\/\/www.restaurant-alouette.com\/fr\/wp-json\/wp\/v2\/pages\/11341\/revisions\/14828"}],"wp:attachment":[{"href":"https:\/\/www.restaurant-alouette.com\/fr\/wp-json\/wp\/v2\/media?parent=11341"}],"curies":[{"name":"wp","href":"https:\/\/api.w.org\/{rel}","templated":true}]}}