{"id":161,"date":"2017-03-08T22:25:38","date_gmt":"2017-03-08T21:25:38","guid":{"rendered":"http:\/\/www.restaurant-alouette.com\/?page_id=161"},"modified":"2022-04-22T22:20:11","modified_gmt":"2022-04-22T20:20:11","slug":"nos-rencontres-fournisseurs-partenaires","status":"publish","type":"page","link":"https:\/\/www.restaurant-alouette.com\/fr\/nos-rencontres-fournisseurs-partenaires\/","title":{"rendered":"NOS RENCONTRES"},"content":{"rendered":"\n\t\t\t\t<img loading=\"lazy\" decoding=\"async\" src=\"https:\/\/www.restaurant-alouette.com\/wp-content\/uploads\/2020\/01\/rencontres.svg\" alt=\"rencontres\" itemprop=\"image\" height=\"297\" width=\"210\" height=\"150\" width=\"150\" height=\"300\" width=\"300\" height=\"1400\" width=\"1400\" title=\"rencontres\" onerror=\"this.style.display='none'\"  \/>\n\t<h1>Quelques partenaires s\u00e9lectionn\u00e9s au gr\u00e9 de nos rencontres qui marquent l\u2019histoire et la vie de notre restaurant.<\/h1>\n\t<a href=\"#menu\">\n\t\t  \tMenu\t  \t\n\t    <img loading=\"lazy\" decoding=\"async\" width=\"290\" height=\"305\" src=\"https:\/\/www.restaurant-alouette.com\/wp-content\/uploads\/2019\/12\/menu-tache-equipe-menu.png\" alt=\"\" srcset=\"https:\/\/www.restaurant-alouette.com\/wp-content\/uploads\/2019\/12\/menu-tache-equipe-menu.png 290w, https:\/\/www.restaurant-alouette.com\/wp-content\/uploads\/2019\/12\/menu-tache-equipe-menu-285x300.png 285w, https:\/\/www.restaurant-alouette.com\/wp-content\/uploads\/2019\/12\/menu-tache-equipe-menu-190x200.png 190w\" sizes=\"(max-width: 290px) 100vw, 290px\" \/>\t<\/a>\n\t\t\t\t<img loading=\"lazy\" decoding=\"async\" src=\"https:\/\/www.restaurant-alouette.com\/wp-content\/uploads\/2020\/01\/rencontre-entete2-min.png\" alt=\"rencontre-entete2-min\" itemprop=\"image\" height=\"841\" width=\"793\" title=\"rencontre-entete2-min\" onerror=\"this.style.display='none'\"  \/>\n\t<p>Quelques partenaires s\u00e9lectionn\u00e9s au gr\u00e9 de nos rencontres qui marquent l\u2019histoire et la vie de notre restaurant.<\/p>\n\t\t\t\t<img loading=\"lazy\" decoding=\"async\" src=\"https:\/\/www.restaurant-alouette.com\/wp-content\/uploads\/2020\/01\/Jean-Baptiste-Strobel2-min.png\" alt=\"Jean-Baptiste-Strobel2-min\" itemprop=\"image\" height=\"746\" width=\"777\" title=\"Jean-Baptiste-Strobel2-min\" onerror=\"this.style.display='none'\"  \/>\n\t\t\t\t<img loading=\"lazy\" decoding=\"async\" src=\"https:\/\/www.restaurant-alouette.com\/wp-content\/uploads\/2020\/01\/epice2-min.png\" alt=\"epice2-min\" itemprop=\"image\" height=\"198\" width=\"250\" title=\"epice2-min\" onerror=\"this.style.display='none'\"  \/>\n<h2>\n\t\tGilbert Frizon\n\t<\/h2>\n<h3>\n\t\tsculpteur \u2013 Culin (38)\n\t<\/h3>\n\t\t\t\t<img loading=\"lazy\" decoding=\"async\" src=\"https:\/\/www.restaurant-alouette.com\/wp-content\/uploads\/2019\/12\/persilsolo1-min.png\" alt=\"persilsolo1-min\" itemprop=\"image\" height=\"85\" width=\"90\" title=\"persilsolo1-min\" onerror=\"this.style.display='none'\"  \/>\n<h2>\n\t\tYvan Ciesla\n\t<\/h2>\n<h3>\n\t\tSitelle Elagage \u2013 Saint-Jean-de-Bournay (38)\n\t<\/h3>\n\t\t\t\t<img loading=\"lazy\" decoding=\"async\" src=\"https:\/\/www.restaurant-alouette.com\/wp-content\/uploads\/2020\/01\/elagage-min.png\" alt=\"elagage-min\" itemprop=\"image\" height=\"746\" width=\"777\" title=\"elagage-min\" onerror=\"this.style.display='none'\"  \/>\n\t\t\t\t<img loading=\"lazy\" decoding=\"async\" src=\"https:\/\/www.restaurant-alouette.com\/wp-content\/uploads\/2020\/01\/librairie-luciole-min.png\" alt=\"librairie-luciole-min\" itemprop=\"image\" height=\"746\" width=\"777\" title=\"librairie-luciole-min\" onerror=\"this.style.display='none'\"  \/>\n\t\t\t\t<img loading=\"lazy\" decoding=\"async\" src=\"https:\/\/www.restaurant-alouette.com\/wp-content\/uploads\/2019\/12\/persilsolo1-min.png\" alt=\"persilsolo1-min\" itemprop=\"image\" height=\"85\" width=\"90\" title=\"persilsolo1-min\" onerror=\"this.style.display='none'\"  \/>\n<h2>\n\t\tRenaud Junillon \u2013 Alain B\u00e9lier\n\t<\/h2>\n<h3>\n\t\tLibrairie Lucioles \u2013 Vienne (38)\n\t<\/h3>\n\t\t\t\t<img loading=\"lazy\" decoding=\"async\" src=\"https:\/\/www.restaurant-alouette.com\/wp-content\/uploads\/2020\/01\/epice2-min.png\" alt=\"epice2-min\" itemprop=\"image\" height=\"198\" width=\"250\" title=\"epice2-min\" onerror=\"this.style.display='none'\"  \/>\n<h2>\n\t\tJuliette Ciesla Marlhins\n\t<\/h2>\n<h3>\n\t\tPianiste \u2013 Bonnefamille (38)\n\t<\/h3>\n\t\t\t\t<img loading=\"lazy\" decoding=\"async\" src=\"https:\/\/www.restaurant-alouette.com\/wp-content\/uploads\/2020\/01\/chambre-piano-homepage1-min.png\" alt=\"chambre-piano-homepage1-min\" itemprop=\"image\" height=\"890\" width=\"965\" title=\"chambre-piano-homepage1-min\" onerror=\"this.style.display='none'\"  \/>\n\t\t\t\t<img loading=\"lazy\" decoding=\"async\" src=\"https:\/\/www.restaurant-alouette.com\/wp-content\/uploads\/2020\/01\/architecture-min.png\" alt=\"architecture-min\" itemprop=\"image\" height=\"746\" width=\"777\" title=\"architecture-min\" onerror=\"this.style.display='none'\"  \/>\n\t\t\t\t<img loading=\"lazy\" decoding=\"async\" src=\"https:\/\/www.restaurant-alouette.com\/wp-content\/uploads\/2020\/01\/epice2-min.png\" alt=\"epice2-min\" itemprop=\"image\" height=\"198\" width=\"250\" title=\"epice2-min\" onerror=\"this.style.display='none'\"  \/>\n<h2>\n\t\tET SI Architectures\n\t<\/h2>\n<h3>\n\t\tArchitecte \u2013 Lyon (69)\n\t<\/h3>\n\t\t\t\t<img loading=\"lazy\" decoding=\"async\" src=\"https:\/\/www.restaurant-alouette.com\/wp-content\/uploads\/2019\/12\/epice4-min.png\" alt=\"epice4-min\" itemprop=\"image\" height=\"148\" width=\"180\" title=\"epice4-min\" onerror=\"this.style.display='none'\"  \/>\n<h2>\n\t\tInstitut d\u2019A\u00efkido\n\t<\/h2>\n<h3>\n\t\tSaint-Pierre de Chandieu (69)\n\t<\/h3>\n\t\t\t\t<img loading=\"lazy\" decoding=\"async\" src=\"https:\/\/www.restaurant-alouette.com\/wp-content\/uploads\/2020\/01\/aikido-min.png\" alt=\"aikido-min\" itemprop=\"image\" height=\"746\" width=\"777\" title=\"aikido-min\" onerror=\"this.style.display='none'\"  \/>\n","protected":false},"excerpt":{"rendered":"<p>Quelques partenaires s\u00e9lectionn\u00e9s au gr\u00e9 de nos rencontres qui marquent l\u2019histoire et la vie de notre restaurant. Menu Quelques partenaires s\u00e9lectionn\u00e9s au gr\u00e9 de nos rencontres qui marquent l\u2019histoire et la vie de notre restaurant. Gilbert Frizon sculpteur \u2013 Culin (38) Yvan Ciesla Sitelle Elagage \u2013 Saint-Jean-de-Bournay (38) Renaud Junillon \u2013 Alain B\u00e9lier Librairie Lucioles [&hellip;]<\/p>\n","protected":false},"author":1,"featured_media":0,"parent":0,"menu_order":0,"comment_status":"closed","ping_status":"closed","template":"","meta":{"inline_featured_image":false,"_exactmetrics_skip_tracking":false,"_exactmetrics_sitenote_active":false,"_exactmetrics_sitenote_note":"","_exactmetrics_sitenote_category":0,"footnotes":""},"yoast_head":"<!-- This site is optimized with the Yoast SEO plugin v23.0 - https:\/\/yoast.com\/wordpress\/plugins\/seo\/ -->\n<title>Les partenaires et les fournisseurs - Restaurant L&#039;Alouette<\/title>\n<meta name=\"description\" content=\"D\u00e9couvrez l&#039;ensemble de nos partenaires (relations privil\u00e9gi\u00e9es ou fournisseurs). Vous comprendrez ainsi la philosophie de notre m\u00e9tier et de notre passion.\" \/>\n<meta name=\"robots\" content=\"index, follow, max-snippet:-1, max-image-preview:large, max-video-preview:-1\" \/>\n<link rel=\"canonical\" href=\"https:\/\/www.restaurant-alouette.com\/fr\/nos-rencontres-fournisseurs-partenaires\/\" \/>\n<meta property=\"og:locale\" content=\"fr_FR\" \/>\n<meta property=\"og:type\" content=\"article\" \/>\n<meta property=\"og:title\" content=\"Les partenaires et les fournisseurs - Restaurant L&#039;Alouette\" \/>\n<meta property=\"og:description\" content=\"D\u00e9couvrez l&#039;ensemble de nos partenaires (relations privil\u00e9gi\u00e9es ou fournisseurs). Vous comprendrez ainsi la philosophie de notre m\u00e9tier et de notre passion.\" \/>\n<meta property=\"og:url\" content=\"https:\/\/www.restaurant-alouette.com\/fr\/nos-rencontres-fournisseurs-partenaires\/\" \/>\n<meta property=\"og:site_name\" content=\"Restaurant Alouette\" \/>\n<meta property=\"article:publisher\" content=\"https:\/\/www.facebook.com\/Lalouette-Plus-quun-Restaurant-120299032976\/\" \/>\n<meta property=\"article:modified_time\" content=\"2022-04-22T20:20:11+00:00\" \/>\n<meta property=\"og:image\" content=\"https:\/\/www.restaurant-alouette.com\/wp-content\/uploads\/2020\/01\/rencontres.svg\" \/>\n<meta name=\"twitter:card\" content=\"summary_large_image\" \/>\n<script type=\"application\/ld+json\" class=\"yoast-schema-graph\">{\"@context\":\"https:\/\/schema.org\",\"@graph\":[{\"@type\":\"WebPage\",\"@id\":\"https:\/\/www.restaurant-alouette.com\/en\/nos-rencontres-fournisseurs-partenaires\/\",\"url\":\"https:\/\/www.restaurant-alouette.com\/en\/nos-rencontres-fournisseurs-partenaires\/\",\"name\":\"Les partenaires et les fournisseurs - Restaurant L'Alouette\",\"isPartOf\":{\"@id\":\"http:\/\/www.restaurant-alouette.com\/fr\/#website\"},\"primaryImageOfPage\":{\"@id\":\"https:\/\/www.restaurant-alouette.com\/en\/nos-rencontres-fournisseurs-partenaires\/#primaryimage\"},\"image\":{\"@id\":\"https:\/\/www.restaurant-alouette.com\/en\/nos-rencontres-fournisseurs-partenaires\/#primaryimage\"},\"thumbnailUrl\":\"https:\/\/www.restaurant-alouette.com\/wp-content\/uploads\/2020\/01\/rencontres.svg\",\"datePublished\":\"2017-03-08T21:25:38+00:00\",\"dateModified\":\"2022-04-22T20:20:11+00:00\",\"description\":\"D\u00e9couvrez l'ensemble de nos partenaires (relations privil\u00e9gi\u00e9es ou fournisseurs). Vous comprendrez ainsi la philosophie de notre m\u00e9tier et de notre passion.\",\"breadcrumb\":{\"@id\":\"https:\/\/www.restaurant-alouette.com\/en\/nos-rencontres-fournisseurs-partenaires\/#breadcrumb\"},\"inLanguage\":\"fr-FR\",\"potentialAction\":[{\"@type\":\"ReadAction\",\"target\":[\"https:\/\/www.restaurant-alouette.com\/en\/nos-rencontres-fournisseurs-partenaires\/\"]}]},{\"@type\":\"ImageObject\",\"inLanguage\":\"fr-FR\",\"@id\":\"https:\/\/www.restaurant-alouette.com\/en\/nos-rencontres-fournisseurs-partenaires\/#primaryimage\",\"url\":\"https:\/\/www.restaurant-alouette.com\/wp-content\/uploads\/2020\/01\/rencontres.svg\",\"contentUrl\":\"https:\/\/www.restaurant-alouette.com\/wp-content\/uploads\/2020\/01\/rencontres.svg\"},{\"@type\":\"BreadcrumbList\",\"@id\":\"https:\/\/www.restaurant-alouette.com\/en\/nos-rencontres-fournisseurs-partenaires\/#breadcrumb\",\"itemListElement\":[{\"@type\":\"ListItem\",\"position\":1,\"name\":\"Accueil\",\"item\":\"https:\/\/www.restaurant-alouette.com\/fr\/\"},{\"@type\":\"ListItem\",\"position\":2,\"name\":\"NOS RENCONTRES\"}]},{\"@type\":\"WebSite\",\"@id\":\"http:\/\/www.restaurant-alouette.com\/fr\/#website\",\"url\":\"http:\/\/www.restaurant-alouette.com\/fr\/\",\"name\":\"Restaurant de l'Alouette\",\"description\":\"Votre restaurant gastronomique \u00e0 Bonnefamille\",\"potentialAction\":[{\"@type\":\"SearchAction\",\"target\":{\"@type\":\"EntryPoint\",\"urlTemplate\":\"http:\/\/www.restaurant-alouette.com\/fr\/?s={search_term_string}\"},\"query-input\":\"required name=search_term_string\"}],\"inLanguage\":\"fr-FR\"}]}<\/script>\n<!-- \/ Yoast SEO plugin. -->","yoast_head_json":{"title":"Les partenaires et les fournisseurs - Restaurant L'Alouette","description":"D\u00e9couvrez l'ensemble de nos partenaires (relations privil\u00e9gi\u00e9es ou fournisseurs). Vous comprendrez ainsi la philosophie de notre m\u00e9tier et de notre passion.","robots":{"index":"index","follow":"follow","max-snippet":"max-snippet:-1","max-image-preview":"max-image-preview:large","max-video-preview":"max-video-preview:-1"},"canonical":"https:\/\/www.restaurant-alouette.com\/fr\/nos-rencontres-fournisseurs-partenaires\/","og_locale":"fr_FR","og_type":"article","og_title":"Les partenaires et les fournisseurs - Restaurant L'Alouette","og_description":"D\u00e9couvrez l'ensemble de nos partenaires (relations privil\u00e9gi\u00e9es ou fournisseurs). Vous comprendrez ainsi la philosophie de notre m\u00e9tier et de notre passion.","og_url":"https:\/\/www.restaurant-alouette.com\/fr\/nos-rencontres-fournisseurs-partenaires\/","og_site_name":"Restaurant Alouette","article_publisher":"https:\/\/www.facebook.com\/Lalouette-Plus-quun-Restaurant-120299032976\/","article_modified_time":"2022-04-22T20:20:11+00:00","og_image":[{"url":"https:\/\/www.restaurant-alouette.com\/wp-content\/uploads\/2020\/01\/rencontres.svg"}],"twitter_card":"summary_large_image","schema":{"@context":"https:\/\/schema.org","@graph":[{"@type":"WebPage","@id":"https:\/\/www.restaurant-alouette.com\/en\/nos-rencontres-fournisseurs-partenaires\/","url":"https:\/\/www.restaurant-alouette.com\/en\/nos-rencontres-fournisseurs-partenaires\/","name":"Les partenaires et les fournisseurs - Restaurant L'Alouette","isPartOf":{"@id":"http:\/\/www.restaurant-alouette.com\/fr\/#website"},"primaryImageOfPage":{"@id":"https:\/\/www.restaurant-alouette.com\/en\/nos-rencontres-fournisseurs-partenaires\/#primaryimage"},"image":{"@id":"https:\/\/www.restaurant-alouette.com\/en\/nos-rencontres-fournisseurs-partenaires\/#primaryimage"},"thumbnailUrl":"https:\/\/www.restaurant-alouette.com\/wp-content\/uploads\/2020\/01\/rencontres.svg","datePublished":"2017-03-08T21:25:38+00:00","dateModified":"2022-04-22T20:20:11+00:00","description":"D\u00e9couvrez l'ensemble de nos partenaires (relations privil\u00e9gi\u00e9es ou fournisseurs). Vous comprendrez ainsi la philosophie de notre m\u00e9tier et de notre passion.","breadcrumb":{"@id":"https:\/\/www.restaurant-alouette.com\/en\/nos-rencontres-fournisseurs-partenaires\/#breadcrumb"},"inLanguage":"fr-FR","potentialAction":[{"@type":"ReadAction","target":["https:\/\/www.restaurant-alouette.com\/en\/nos-rencontres-fournisseurs-partenaires\/"]}]},{"@type":"ImageObject","inLanguage":"fr-FR","@id":"https:\/\/www.restaurant-alouette.com\/en\/nos-rencontres-fournisseurs-partenaires\/#primaryimage","url":"https:\/\/www.restaurant-alouette.com\/wp-content\/uploads\/2020\/01\/rencontres.svg","contentUrl":"https:\/\/www.restaurant-alouette.com\/wp-content\/uploads\/2020\/01\/rencontres.svg"},{"@type":"BreadcrumbList","@id":"https:\/\/www.restaurant-alouette.com\/en\/nos-rencontres-fournisseurs-partenaires\/#breadcrumb","itemListElement":[{"@type":"ListItem","position":1,"name":"Accueil","item":"https:\/\/www.restaurant-alouette.com\/fr\/"},{"@type":"ListItem","position":2,"name":"NOS RENCONTRES"}]},{"@type":"WebSite","@id":"http:\/\/www.restaurant-alouette.com\/fr\/#website","url":"http:\/\/www.restaurant-alouette.com\/fr\/","name":"Restaurant de l'Alouette","description":"Votre restaurant gastronomique \u00e0 Bonnefamille","potentialAction":[{"@type":"SearchAction","target":{"@type":"EntryPoint","urlTemplate":"http:\/\/www.restaurant-alouette.com\/fr\/?s={search_term_string}"},"query-input":"required name=search_term_string"}],"inLanguage":"fr-FR"}]}},"jetpack_sharing_enabled":true,"_links":{"self":[{"href":"https:\/\/www.restaurant-alouette.com\/fr\/wp-json\/wp\/v2\/pages\/161"}],"collection":[{"href":"https:\/\/www.restaurant-alouette.com\/fr\/wp-json\/wp\/v2\/pages"}],"about":[{"href":"https:\/\/www.restaurant-alouette.com\/fr\/wp-json\/wp\/v2\/types\/page"}],"author":[{"embeddable":true,"href":"https:\/\/www.restaurant-alouette.com\/fr\/wp-json\/wp\/v2\/users\/1"}],"replies":[{"embeddable":true,"href":"https:\/\/www.restaurant-alouette.com\/fr\/wp-json\/wp\/v2\/comments?post=161"}],"version-history":[{"count":38,"href":"https:\/\/www.restaurant-alouette.com\/fr\/wp-json\/wp\/v2\/pages\/161\/revisions"}],"predecessor-version":[{"id":11658,"href":"https:\/\/www.restaurant-alouette.com\/fr\/wp-json\/wp\/v2\/pages\/161\/revisions\/11658"}],"wp:attachment":[{"href":"https:\/\/www.restaurant-alouette.com\/fr\/wp-json\/wp\/v2\/media?parent=161"}],"curies":[{"name":"wp","href":"https:\/\/api.w.org\/{rel}","templated":true}]}}