{"id":534,"date":"2017-05-22T04:10:57","date_gmt":"2017-05-22T02:10:57","guid":{"rendered":"http:\/\/www.restaurant-alouette.com\/?page_id=534"},"modified":"2024-08-25T14:30:11","modified_gmt":"2024-08-25T12:30:11","slug":"mentions-legales","status":"publish","type":"page","link":"https:\/\/www.restaurant-alouette.com\/fr\/mentions-legales\/","title":{"rendered":"Mentions l\u00e9gales"},"content":{"rendered":"\n\n\t<h1>Mentions l\u00e9gales<\/h1>\n<strong>SAS L&#8217;Alouette<\/strong><br \/>\n475 Route de Cr\u00e9mieu<br \/>\n38090 Bonnefamille<br \/>\nFrance\nSoci\u00e9t\u00e9 \u00e0 responsabilit\u00e9 limit\u00e9e au capital de 401.000 \u20ac.<br \/>\nImmatricul\u00e9e au Registre du Commerce et des Soci\u00e9t\u00e9s de Vienne sous le num\u00e9ro 510 159 668.<br \/>\nTVA : FR 18 510 159 668\n<p>Directeur de la publication : M\u00e9lanie LAUDIER et Bertrand LAUDIER<\/p>\n<p>Date de mise \u00e0 jour : Aout 2024<\/p>\nLe site www.restaurant-alouette.com est h\u00e9berg\u00e9 par la soci\u00e9t\u00e9 OVH.<br \/>\nOVH, soci\u00e9t\u00e9 \u00e0 actions simplifi\u00e9es au capital de 10 059 500 \u20ac, immatricul\u00e9e au Registre du Commerce et des Soci\u00e9t\u00e9s de Lille M\u00e9tropole sous le num\u00e9ro 424 761 419 00045, num\u00e9ro de TVA FR 22 424 761 419.\nCoordonn\u00e9es de l&#8217;h\u00e9bergeur :<br \/>\nOVH<br \/>\n2 rue Kellermann<br \/>\n59100 Roubaix<br \/>\nFrance\n<p>Le site a \u00e9t\u00e9 cr\u00e9\u00e9 par la soci\u00e9t\u00e9 <a href=\"https:\/\/mahii.pro\">Mahii Conception<\/a> et <a href=\"https:\/\/www.quifaitmouche.com\/\">Qui fait mouche<\/a><\/p>\n<p>Ce site a fait l&#8217;objet d&#8217;une d\u00e9claration \u00e0 la CNIL sur le fichier Clients \/ Prospects sous le n\u00b0 1854099.<\/p>\n<u>Abus<\/u> :<br \/>\nEn application de la loi 2004-575 du 21 juin 2004 pour la confiance dans l&#8217;\u00e9conomie num\u00e9rique, vous pouvez nous contacter par mail pour signaler un contenu abusif en cliquant sur le lien ci-apr\u00e8s : <a href=\"mailto:jcm@restaurant-alouette.com\">Signaler un abus<\/a>.\n<u>Cookies<\/u> :<br \/>\nLors de la premi\u00e8re connexion au Site Internet, un bandeau en bas de l&#8217;\u00e9cran de l&#8217;ordinateur appara\u00eet pour obtenir de l&#8217;internaute son accord pour la mise en place de cookies (petits fichiers texte) dans son ordinateur. Cette acceptation est demand\u00e9e pour 2 types de cookies envoy\u00e9s depuis le Site Internet :\n<ul>\n<li>Cookies pour la mesure de l&#8217;audience du Site Internet (combien de personnes se connectent au Site Internet par exemple) ;<\/li>\n<li>Cookies pour les liaisons entre le Site Internet et les R\u00e9seaux Sociaux (Facebook, Google+, YouTube par exemple).<\/li>\n<\/ul>\n<p>Le site Internet n&#8217;\u00e9met pas de cookies li\u00e9s \u00e0 des op\u00e9rations de publicit\u00e9s cibl\u00e9es.<\/p>\n<u>Droits<\/u> :<br \/>\nCe site appartient \u00e0 la soci\u00e9t\u00e9 SAS L&#8217;Alouette.Toute reproduction de ce site, de mani\u00e8re ponctuelle (comme une photo ou du texte) ou compl\u00e8te est strictement interdite.\n<u>Conditions G\u00e9n\u00e9rales de Vente<\/u> :<br \/>\nLes Conditions G\u00e9n\u00e9rales de Vente sont t\u00e9l\u00e9chargeables au format PDF en cliquant sur le lien ci-apr\u00e8s : <a href=\"\/wp-content\/uploads\/2016\/07\/CONDITIONS-GENERALES-DE-VENTE.pdf\" target=\"_blank\" rel=\"noopener noreferrer\">Conditions G\u00e9n\u00e9rales de Vente<\/a>\n\n","protected":false},"excerpt":{"rendered":"<p>Mentions l\u00e9gales SAS L&#8217;Alouette 475 Route de Cr\u00e9mieu 38090 Bonnefamille France Soci\u00e9t\u00e9 \u00e0 responsabilit\u00e9 limit\u00e9e au capital de 401.000 \u20ac. Immatricul\u00e9e au Registre du Commerce et des Soci\u00e9t\u00e9s de Vienne sous le num\u00e9ro 510 159 668. TVA : FR 18 510 159 668 Directeur de la publication : M\u00e9lanie LAUDIER et Bertrand LAUDIER Date de [&hellip;]<\/p>\n","protected":false},"author":1,"featured_media":0,"parent":0,"menu_order":0,"comment_status":"closed","ping_status":"closed","template":"","meta":{"inline_featured_image":false,"_exactmetrics_skip_tracking":false,"_exactmetrics_sitenote_active":false,"_exactmetrics_sitenote_note":"","_exactmetrics_sitenote_category":0,"footnotes":""},"yoast_head":"<!-- This site is optimized with the Yoast SEO plugin v23.0 - https:\/\/yoast.com\/wordpress\/plugins\/seo\/ -->\n<title>Mentions l\u00e9gales - Restaurant Alouette<\/title>\n<meta name=\"description\" content=\"D\u00e9couvrez les mentions l\u00e9gales de notre \u00e9tablissement h\u00f4telier.\" \/>\n<meta name=\"robots\" content=\"index, follow, max-snippet:-1, max-image-preview:large, max-video-preview:-1\" \/>\n<link rel=\"canonical\" href=\"https:\/\/www.restaurant-alouette.com\/fr\/mentions-legales\/\" \/>\n<meta property=\"og:locale\" content=\"fr_FR\" \/>\n<meta property=\"og:type\" content=\"article\" \/>\n<meta property=\"og:title\" content=\"Mentions l\u00e9gales - Restaurant Alouette\" \/>\n<meta property=\"og:description\" content=\"D\u00e9couvrez les mentions l\u00e9gales de notre \u00e9tablissement h\u00f4telier.\" \/>\n<meta property=\"og:url\" content=\"https:\/\/www.restaurant-alouette.com\/fr\/mentions-legales\/\" \/>\n<meta property=\"og:site_name\" content=\"Restaurant Alouette\" \/>\n<meta property=\"article:publisher\" content=\"https:\/\/www.facebook.com\/Lalouette-Plus-quun-Restaurant-120299032976\/\" \/>\n<meta property=\"article:modified_time\" content=\"2024-08-25T12:30:11+00:00\" \/>\n<meta name=\"twitter:card\" content=\"summary_large_image\" \/>\n<meta name=\"twitter:label1\" content=\"Dur\u00e9e de lecture estim\u00e9e\" \/>\n\t<meta name=\"twitter:data1\" content=\"2 minutes\" \/>\n<script type=\"application\/ld+json\" class=\"yoast-schema-graph\">{\"@context\":\"https:\/\/schema.org\",\"@graph\":[{\"@type\":\"WebPage\",\"@id\":\"https:\/\/www.restaurant-alouette.com\/fr\/mentions-legales\/\",\"url\":\"https:\/\/www.restaurant-alouette.com\/fr\/mentions-legales\/\",\"name\":\"Mentions l\u00e9gales - Restaurant Alouette\",\"isPartOf\":{\"@id\":\"http:\/\/www.restaurant-alouette.com\/fr\/#website\"},\"datePublished\":\"2017-05-22T02:10:57+00:00\",\"dateModified\":\"2024-08-25T12:30:11+00:00\",\"description\":\"D\u00e9couvrez les mentions l\u00e9gales de notre \u00e9tablissement h\u00f4telier.\",\"breadcrumb\":{\"@id\":\"https:\/\/www.restaurant-alouette.com\/fr\/mentions-legales\/#breadcrumb\"},\"inLanguage\":\"fr-FR\",\"potentialAction\":[{\"@type\":\"ReadAction\",\"target\":[\"https:\/\/www.restaurant-alouette.com\/fr\/mentions-legales\/\"]}]},{\"@type\":\"BreadcrumbList\",\"@id\":\"https:\/\/www.restaurant-alouette.com\/fr\/mentions-legales\/#breadcrumb\",\"itemListElement\":[{\"@type\":\"ListItem\",\"position\":1,\"name\":\"Accueil\",\"item\":\"https:\/\/www.restaurant-alouette.com\/fr\/\"},{\"@type\":\"ListItem\",\"position\":2,\"name\":\"Mentions l\u00e9gales\"}]},{\"@type\":\"WebSite\",\"@id\":\"http:\/\/www.restaurant-alouette.com\/fr\/#website\",\"url\":\"http:\/\/www.restaurant-alouette.com\/fr\/\",\"name\":\"Restaurant de l'Alouette\",\"description\":\"Votre restaurant gastronomique \u00e0 Bonnefamille\",\"potentialAction\":[{\"@type\":\"SearchAction\",\"target\":{\"@type\":\"EntryPoint\",\"urlTemplate\":\"http:\/\/www.restaurant-alouette.com\/fr\/?s={search_term_string}\"},\"query-input\":\"required name=search_term_string\"}],\"inLanguage\":\"fr-FR\"}]}<\/script>\n<!-- \/ Yoast SEO plugin. -->","yoast_head_json":{"title":"Mentions l\u00e9gales - Restaurant Alouette","description":"D\u00e9couvrez les mentions l\u00e9gales de notre \u00e9tablissement h\u00f4telier.","robots":{"index":"index","follow":"follow","max-snippet":"max-snippet:-1","max-image-preview":"max-image-preview:large","max-video-preview":"max-video-preview:-1"},"canonical":"https:\/\/www.restaurant-alouette.com\/fr\/mentions-legales\/","og_locale":"fr_FR","og_type":"article","og_title":"Mentions l\u00e9gales - Restaurant Alouette","og_description":"D\u00e9couvrez les mentions l\u00e9gales de notre \u00e9tablissement h\u00f4telier.","og_url":"https:\/\/www.restaurant-alouette.com\/fr\/mentions-legales\/","og_site_name":"Restaurant Alouette","article_publisher":"https:\/\/www.facebook.com\/Lalouette-Plus-quun-Restaurant-120299032976\/","article_modified_time":"2024-08-25T12:30:11+00:00","twitter_card":"summary_large_image","twitter_misc":{"Dur\u00e9e de lecture estim\u00e9e":"2 minutes"},"schema":{"@context":"https:\/\/schema.org","@graph":[{"@type":"WebPage","@id":"https:\/\/www.restaurant-alouette.com\/fr\/mentions-legales\/","url":"https:\/\/www.restaurant-alouette.com\/fr\/mentions-legales\/","name":"Mentions l\u00e9gales - Restaurant Alouette","isPartOf":{"@id":"http:\/\/www.restaurant-alouette.com\/fr\/#website"},"datePublished":"2017-05-22T02:10:57+00:00","dateModified":"2024-08-25T12:30:11+00:00","description":"D\u00e9couvrez les mentions l\u00e9gales de notre \u00e9tablissement h\u00f4telier.","breadcrumb":{"@id":"https:\/\/www.restaurant-alouette.com\/fr\/mentions-legales\/#breadcrumb"},"inLanguage":"fr-FR","potentialAction":[{"@type":"ReadAction","target":["https:\/\/www.restaurant-alouette.com\/fr\/mentions-legales\/"]}]},{"@type":"BreadcrumbList","@id":"https:\/\/www.restaurant-alouette.com\/fr\/mentions-legales\/#breadcrumb","itemListElement":[{"@type":"ListItem","position":1,"name":"Accueil","item":"https:\/\/www.restaurant-alouette.com\/fr\/"},{"@type":"ListItem","position":2,"name":"Mentions l\u00e9gales"}]},{"@type":"WebSite","@id":"http:\/\/www.restaurant-alouette.com\/fr\/#website","url":"http:\/\/www.restaurant-alouette.com\/fr\/","name":"Restaurant de l'Alouette","description":"Votre restaurant gastronomique \u00e0 Bonnefamille","potentialAction":[{"@type":"SearchAction","target":{"@type":"EntryPoint","urlTemplate":"http:\/\/www.restaurant-alouette.com\/fr\/?s={search_term_string}"},"query-input":"required name=search_term_string"}],"inLanguage":"fr-FR"}]}},"jetpack_sharing_enabled":true,"_links":{"self":[{"href":"https:\/\/www.restaurant-alouette.com\/fr\/wp-json\/wp\/v2\/pages\/534"}],"collection":[{"href":"https:\/\/www.restaurant-alouette.com\/fr\/wp-json\/wp\/v2\/pages"}],"about":[{"href":"https:\/\/www.restaurant-alouette.com\/fr\/wp-json\/wp\/v2\/types\/page"}],"author":[{"embeddable":true,"href":"https:\/\/www.restaurant-alouette.com\/fr\/wp-json\/wp\/v2\/users\/1"}],"replies":[{"embeddable":true,"href":"https:\/\/www.restaurant-alouette.com\/fr\/wp-json\/wp\/v2\/comments?post=534"}],"version-history":[{"count":23,"href":"https:\/\/www.restaurant-alouette.com\/fr\/wp-json\/wp\/v2\/pages\/534\/revisions"}],"predecessor-version":[{"id":16736,"href":"https:\/\/www.restaurant-alouette.com\/fr\/wp-json\/wp\/v2\/pages\/534\/revisions\/16736"}],"wp:attachment":[{"href":"https:\/\/www.restaurant-alouette.com\/fr\/wp-json\/wp\/v2\/media?parent=534"}],"curies":[{"name":"wp","href":"https:\/\/api.w.org\/{rel}","templated":true}]}}