{"id":9267,"date":"2021-09-09T14:40:48","date_gmt":"2021-09-09T12:40:48","guid":{"rendered":"https:\/\/www.restaurant-alouette.com\/?page_id=9267"},"modified":"2026-05-15T19:52:24","modified_gmt":"2026-05-15T17:52:24","slug":"les-vins-blanc-de-bourgogne","status":"publish","type":"page","link":"https:\/\/www.restaurant-alouette.com\/fr\/les-vins-blanc-de-bourgogne\/","title":{"rendered":"Vins blancs de Bourgogne"},"content":{"rendered":"\n<h2>\n\t\tLes vins blancs de la  Bourgogne\n\t<\/h2>\n\tPrix TTC en euros (\u20ac\u00a0 )\nPrix bouteille sur table\/ Prix bouteille \u00e0 emporter\nNous ne proposons pas de demi-bouteille.\nND : Non disponible \u00e0 la vente \u00e0 emporter\n\n\t\t\t\t\t<a href=\"#\" id=\"fl-accordion--label-0\" tabindex=\"0\" aria-controls=\"fl-accordion--panel-0\">Le Chablisien<\/a>\n\t\t\t\t\t\t\t\t\t\t\t<a href=\"#\" id=\"fl-accordion--icon-0\" tabindex=\"-1\"><i>Expand<\/i><\/a>\n\t\t\t\t\t<p><strong>AOP CHABLIS<\/strong><\/p>\n<p><strong>Domaine d&#8217;Elise, <\/strong>2023 : <strong>45\u20ac \/ 23\u20ac<\/strong><\/p>\n<p>&nbsp;<\/p>\n<p><strong>AOP CHABLIS 1er CRU<\/strong><\/p>\n<p><strong>Domaine d&#8217;Elise, <\/strong>C\u00f4te de L\u00e9chet, 2022 : <strong>75\u20ac \/ 38\u20ac<\/strong><\/p>\n\t\t\t\t\t<a href=\"#\" id=\"fl-accordion--label-1\" tabindex=\"0\" aria-controls=\"fl-accordion--panel-1\">La c\u00f4te de Beaune<\/a>\n\t\t\t\t\t\t\t\t\t\t\t<a href=\"#\" id=\"fl-accordion--icon-1\" tabindex=\"-1\"><i>Expand<\/i><\/a>\n\t\t\t\t\t<p><strong>AOP SANTENAY<\/strong><\/p>\n<p><strong>Domaine Roux P\u00e8re &amp; Fils, <\/strong>Sous la roche, 2020 : <strong>96\u20ac \/ 50\u20ac<\/strong><\/p>\n<p>&nbsp;<\/p>\n<p><strong>AOP SANTENAY 1er CRU<\/strong><\/p>\n<p><strong>Domaine Jessiaume, <\/strong>Gravi\u00e8res, 2022 : <strong>120\u20ac \/ 60\u20ac<\/strong><\/p>\n<p>&nbsp;<\/p>\n<p><strong>AOP SAINT-AUBIN 1er CRU<\/strong><\/p>\n<p><strong>Domaine Roux P\u00e8re &amp; Fils, <\/strong>La Cheteni\u00e8re, 2020 : <strong>120\u20ac \/ 72\u20ac<\/strong><\/p>\n<p>&nbsp;<\/p>\n<p><strong>AOP BOURGOGNE ALIGOTE<\/strong><\/p>\n<p><strong>Domaine Antoine Olivier, <\/strong>Oublie le cassis :\u00a0 <strong>45\u20ac \/ 22\u20ac<\/strong><\/p>\n<p>&nbsp;<\/p>\n\t\t\t\t\t<a href=\"#\" id=\"fl-accordion--label-2\" tabindex=\"0\" aria-controls=\"fl-accordion--panel-2\">La c\u00f4te m\u00e2connaise<\/a>\n\t\t\t\t\t\t\t\t\t\t\t<a href=\"#\" id=\"fl-accordion--icon-2\" tabindex=\"-1\"><i>Expand<\/i><\/a>\n\t\t\t\t\t<p><strong>AOP SAINT V\u00c9RAN<\/strong><\/p>\n<p><strong>Domaine Corsin, <\/strong>2022 : <strong>58\u20ac \/ 30\u20ac<\/strong><\/p>\n<p>&nbsp;<\/p>\n<p><strong>AOP POUILLY FUISSE<\/strong><\/p>\n<p><strong>Domaine Corsin, <\/strong>2022 : <strong>85\u20ac \/ 55\u20ac<\/strong><\/p>\n\t\t\t<a href=\"https:\/\/www.restaurant-alouette.com\/fr\/?page_id=9242&#038;preview=true\" target=\"_self\" rel=\"noopener\">\n\t\t\t\t\t\t\tLes autres vins blancs\n\t\t\t\t\t<\/a>\n\t\t\t<a href=\"https:\/\/www.restaurant-alouette.com\/fr\/table-des-matieres\/\" target=\"_self\" rel=\"noopener\">\n\t\t\t\t\t\t\tUne autre couleur ?\n\t\t\t\t\t<\/a>\n\n","protected":false},"excerpt":{"rendered":"<p>Les vins blancs de la Bourgogne Prix TTC en euros (\u20ac\u00a0 ) Prix bouteille sur table\/ Prix bouteille \u00e0 emporter Nous ne proposons pas de demi-bouteille. ND : Non disponible \u00e0 la vente \u00e0 emporter Le Chablisien Expand AOP CHABLIS Domaine d&#8217;Elise, 2023 : 45\u20ac \/ 23\u20ac &nbsp; AOP CHABLIS 1er CRU Domaine d&#8217;Elise, C\u00f4te [&hellip;]<\/p>\n","protected":false},"author":1,"featured_media":0,"parent":0,"menu_order":0,"comment_status":"closed","ping_status":"closed","template":"","meta":{"inline_featured_image":false,"_exactmetrics_skip_tracking":false,"_exactmetrics_sitenote_active":false,"_exactmetrics_sitenote_note":"","_exactmetrics_sitenote_category":0,"footnotes":""},"yoast_head":"<!-- This site is optimized with the Yoast SEO plugin v23.0 - https:\/\/yoast.com\/wordpress\/plugins\/seo\/ -->\n<title>Vins blancs de Bourgogne - Restaurant Alouette<\/title>\n<meta name=\"robots\" content=\"index, follow, max-snippet:-1, max-image-preview:large, max-video-preview:-1\" \/>\n<link rel=\"canonical\" href=\"https:\/\/www.restaurant-alouette.com\/fr\/les-vins-blanc-de-bourgogne\/\" \/>\n<meta property=\"og:locale\" content=\"fr_FR\" \/>\n<meta property=\"og:type\" content=\"article\" \/>\n<meta property=\"og:title\" content=\"Vins blancs de Bourgogne - Restaurant Alouette\" \/>\n<meta property=\"og:description\" content=\"Les vins blancs de la Bourgogne Prix TTC en euros (\u20ac\u00a0 ) Prix bouteille sur table\/ Prix bouteille \u00e0 emporter Nous ne proposons pas de demi-bouteille. ND : Non disponible \u00e0 la vente \u00e0 emporter Le Chablisien Expand AOP CHABLIS Domaine d&#8217;Elise, 2023 : 45\u20ac \/ 23\u20ac &nbsp; AOP CHABLIS 1er CRU Domaine d&#8217;Elise, C\u00f4te [&hellip;]\" \/>\n<meta property=\"og:url\" content=\"https:\/\/www.restaurant-alouette.com\/fr\/les-vins-blanc-de-bourgogne\/\" \/>\n<meta property=\"og:site_name\" content=\"Restaurant Alouette\" \/>\n<meta property=\"article:publisher\" content=\"https:\/\/www.facebook.com\/Lalouette-Plus-quun-Restaurant-120299032976\/\" \/>\n<meta property=\"article:modified_time\" content=\"2026-05-15T17:52:24+00:00\" \/>\n<meta name=\"twitter:card\" content=\"summary_large_image\" \/>\n<meta name=\"twitter:label1\" content=\"Dur\u00e9e de lecture estim\u00e9e\" \/>\n\t<meta name=\"twitter:data1\" content=\"2 minutes\" \/>\n<script type=\"application\/ld+json\" class=\"yoast-schema-graph\">{\"@context\":\"https:\/\/schema.org\",\"@graph\":[{\"@type\":\"WebPage\",\"@id\":\"https:\/\/www.restaurant-alouette.com\/fr\/les-vins-blanc-de-bourgogne\/\",\"url\":\"https:\/\/www.restaurant-alouette.com\/fr\/les-vins-blanc-de-bourgogne\/\",\"name\":\"Vins blancs de Bourgogne - Restaurant Alouette\",\"isPartOf\":{\"@id\":\"https:\/\/www.restaurant-alouette.com\/en\/#website\"},\"datePublished\":\"2021-09-09T12:40:48+00:00\",\"dateModified\":\"2026-05-15T17:52:24+00:00\",\"breadcrumb\":{\"@id\":\"https:\/\/www.restaurant-alouette.com\/fr\/les-vins-blanc-de-bourgogne\/#breadcrumb\"},\"inLanguage\":\"fr-FR\",\"potentialAction\":[{\"@type\":\"ReadAction\",\"target\":[\"https:\/\/www.restaurant-alouette.com\/fr\/les-vins-blanc-de-bourgogne\/\"]}]},{\"@type\":\"BreadcrumbList\",\"@id\":\"https:\/\/www.restaurant-alouette.com\/fr\/les-vins-blanc-de-bourgogne\/#breadcrumb\",\"itemListElement\":[{\"@type\":\"ListItem\",\"position\":1,\"name\":\"Accueil\",\"item\":\"https:\/\/www.restaurant-alouette.com\/fr\/\"},{\"@type\":\"ListItem\",\"position\":2,\"name\":\"Vins blancs de Bourgogne\"}]},{\"@type\":\"WebSite\",\"@id\":\"https:\/\/www.restaurant-alouette.com\/en\/#website\",\"url\":\"https:\/\/www.restaurant-alouette.com\/en\/\",\"name\":\"Restaurant de l'Alouette\",\"description\":\"Votre restaurant gastronomique \u00e0 Bonnefamille\",\"potentialAction\":[{\"@type\":\"SearchAction\",\"target\":{\"@type\":\"EntryPoint\",\"urlTemplate\":\"https:\/\/www.restaurant-alouette.com\/en\/?s={search_term_string}\"},\"query-input\":\"required name=search_term_string\"}],\"inLanguage\":\"fr-FR\"}]}<\/script>\n<!-- \/ Yoast SEO plugin. -->","yoast_head_json":{"title":"Vins blancs de Bourgogne - Restaurant Alouette","robots":{"index":"index","follow":"follow","max-snippet":"max-snippet:-1","max-image-preview":"max-image-preview:large","max-video-preview":"max-video-preview:-1"},"canonical":"https:\/\/www.restaurant-alouette.com\/fr\/les-vins-blanc-de-bourgogne\/","og_locale":"fr_FR","og_type":"article","og_title":"Vins blancs de Bourgogne - Restaurant Alouette","og_description":"Les vins blancs de la Bourgogne Prix TTC en euros (\u20ac\u00a0 ) Prix bouteille sur table\/ Prix bouteille \u00e0 emporter Nous ne proposons pas de demi-bouteille. ND : Non disponible \u00e0 la vente \u00e0 emporter Le Chablisien Expand AOP CHABLIS Domaine d&#8217;Elise, 2023 : 45\u20ac \/ 23\u20ac &nbsp; AOP CHABLIS 1er CRU Domaine d&#8217;Elise, C\u00f4te [&hellip;]","og_url":"https:\/\/www.restaurant-alouette.com\/fr\/les-vins-blanc-de-bourgogne\/","og_site_name":"Restaurant Alouette","article_publisher":"https:\/\/www.facebook.com\/Lalouette-Plus-quun-Restaurant-120299032976\/","article_modified_time":"2026-05-15T17:52:24+00:00","twitter_card":"summary_large_image","twitter_misc":{"Dur\u00e9e de lecture estim\u00e9e":"2 minutes"},"schema":{"@context":"https:\/\/schema.org","@graph":[{"@type":"WebPage","@id":"https:\/\/www.restaurant-alouette.com\/fr\/les-vins-blanc-de-bourgogne\/","url":"https:\/\/www.restaurant-alouette.com\/fr\/les-vins-blanc-de-bourgogne\/","name":"Vins blancs de Bourgogne - Restaurant Alouette","isPartOf":{"@id":"https:\/\/www.restaurant-alouette.com\/en\/#website"},"datePublished":"2021-09-09T12:40:48+00:00","dateModified":"2026-05-15T17:52:24+00:00","breadcrumb":{"@id":"https:\/\/www.restaurant-alouette.com\/fr\/les-vins-blanc-de-bourgogne\/#breadcrumb"},"inLanguage":"fr-FR","potentialAction":[{"@type":"ReadAction","target":["https:\/\/www.restaurant-alouette.com\/fr\/les-vins-blanc-de-bourgogne\/"]}]},{"@type":"BreadcrumbList","@id":"https:\/\/www.restaurant-alouette.com\/fr\/les-vins-blanc-de-bourgogne\/#breadcrumb","itemListElement":[{"@type":"ListItem","position":1,"name":"Accueil","item":"https:\/\/www.restaurant-alouette.com\/fr\/"},{"@type":"ListItem","position":2,"name":"Vins blancs de Bourgogne"}]},{"@type":"WebSite","@id":"https:\/\/www.restaurant-alouette.com\/en\/#website","url":"https:\/\/www.restaurant-alouette.com\/en\/","name":"Restaurant de l'Alouette","description":"Votre restaurant gastronomique \u00e0 Bonnefamille","potentialAction":[{"@type":"SearchAction","target":{"@type":"EntryPoint","urlTemplate":"https:\/\/www.restaurant-alouette.com\/en\/?s={search_term_string}"},"query-input":"required name=search_term_string"}],"inLanguage":"fr-FR"}]}},"jetpack_sharing_enabled":true,"_links":{"self":[{"href":"https:\/\/www.restaurant-alouette.com\/fr\/wp-json\/wp\/v2\/pages\/9267"}],"collection":[{"href":"https:\/\/www.restaurant-alouette.com\/fr\/wp-json\/wp\/v2\/pages"}],"about":[{"href":"https:\/\/www.restaurant-alouette.com\/fr\/wp-json\/wp\/v2\/types\/page"}],"author":[{"embeddable":true,"href":"https:\/\/www.restaurant-alouette.com\/fr\/wp-json\/wp\/v2\/users\/1"}],"replies":[{"embeddable":true,"href":"https:\/\/www.restaurant-alouette.com\/fr\/wp-json\/wp\/v2\/comments?post=9267"}],"version-history":[{"count":75,"href":"https:\/\/www.restaurant-alouette.com\/fr\/wp-json\/wp\/v2\/pages\/9267\/revisions"}],"predecessor-version":[{"id":19413,"href":"https:\/\/www.restaurant-alouette.com\/fr\/wp-json\/wp\/v2\/pages\/9267\/revisions\/19413"}],"wp:attachment":[{"href":"https:\/\/www.restaurant-alouette.com\/fr\/wp-json\/wp\/v2\/media?parent=9267"}],"curies":[{"name":"wp","href":"https:\/\/api.w.org\/{rel}","templated":true}]}}