{"id":9309,"date":"2021-09-09T14:35:30","date_gmt":"2021-09-09T12:35:30","guid":{"rendered":"https:\/\/www.restaurant-alouette.com\/?page_id=9309"},"modified":"2026-03-29T11:46:38","modified_gmt":"2026-03-29T09:46:38","slug":"vins-rouges-du-sud-de-la-france","status":"publish","type":"page","link":"https:\/\/www.restaurant-alouette.com\/fr\/vins-rouges-du-sud-de-la-france\/","title":{"rendered":"Vins rouges du Sud de la france"},"content":{"rendered":"\n\n\t<strong>LES VINS ROUGES<br \/>\nDU SUD DE LA FRANCE<\/strong>\n<strong>Prix bouteille sur table\/ prix bouteille \u00e0 emporter<\/strong><br \/>\n<strong>ND : Non disponible \u00e0 la vente \u00e0 emporter<\/strong>\n<strong>Nous ne proposons pas de demi-bouteille<\/strong>\n<i>Prix TTC en euros (\u20ac\u00a0 \u00a0)<\/i>\n<p><strong>PROVENCE<\/strong><\/p>\n<p><strong><em>AOP BANDOL<\/em><\/strong><\/p>\n<em><strong>Ch\u00e2teau de Pibarnon<\/strong><br \/>\n<\/em><em> 2017\u00a0&#8230;&#8230;&#8230;&#8230;&#8230;&#8230;&#8230;&#8230;&#8230;&#8230;&#8230;&#8230;&#8230;&#8230;&#8230;&#8230;&#8230;&#8230;&#8230;&#8230;&#8230;&#8230;&#8230;. 95 \/ 50<\/em>\n<p><em>2020 &#8230;&#8230;&#8230;&#8230;&#8230;&#8230;&#8230;&#8230;&#8230;&#8230;&#8230;&#8230;&#8230;&#8230;&#8230;&#8230;&#8230;&#8230;&#8230;&#8230;&#8230;&#8230;.. 110 \/ 55<\/em><\/p>\n<p><em>Les Restanques, 2017\u00a0&#8230;&#8230;&#8230;&#8230;&#8230;&#8230;&#8230;&#8230;&#8230;. 68 \/ 36<\/em><\/p>\n<p><em>Les Restanques, 2020.<\/em>&#8230;&#8230;&#8230;&#8230;&#8230;&#8230;&#8230;&#8230;&#8230; 90 \/ 45<\/p>\n<p>&nbsp;<\/p>\n<p><strong><em>IGP ALPES DE HAUTE PROVENCE<\/em><\/strong><\/p>\n<em><strong>Ch\u00e2teau de Rousset<\/strong><br \/>\n<\/em><em> 2022 &#8230;&#8230;&#8230;&#8230;&#8230;&#8230;&#8230;&#8230;&#8230;&#8230;&#8230;&#8230;&#8230;&#8230;&#8230;&#8230;&#8230;&#8230;&#8230;&#8230;&#8230;&#8230;&#8230;. 38 \/ 15<\/em>\n<p>&nbsp;<\/p>\n<p><strong>LANGUEDOC &#8211; ROUSSILLON<\/strong><\/p>\n<p><strong><em>AOP PIC-SAINT-LOUP<\/em><\/strong><\/p>\n<p><strong><em>\u00a0Mas de Farjou<\/em><\/strong><\/p>\n<em>Les Lembrusques, 2021\u00a0&#8230;&#8230;&#8230;&#8230;&#8230;&#8230;&#8230;..\u00a045 \/ 25<br \/>\n<\/em><em>Clos des Jean de Farjou, 2020 &#8230;&#8230; 60 \/ 30<br \/>\nLe Grand Causse, 2018 &#8230;&#8230;&#8230;&#8230;&#8230;&#8230;&#8230;&#8230;. 70 \/ 40<\/em>\n<p><strong><em>\u00a0Bergerie des Capucins<\/em><\/strong><\/p>\n<em>Dame Jeanne, 2018 et 2022 &#8230;&#8230;&#8230;\u00a0 48 \/ 24<br \/>\n<\/em>\n<p><em>Larmanela, 2020 &#8230;&#8230;&#8230;&#8230;&#8230;&#8230;&#8230;&#8230;&#8230;&#8230;&#8230;&#8230;.. 75 \/ 39<\/em><\/p>\n<p><strong><em>Domaine de l&#8217;Hortus<\/em><\/strong><\/p>\n<p><em>Grande Cuv\u00e9e, 2017\u00a0&#8230;&#8230;&#8230;&#8230;&#8230;&#8230;&#8230;&#8230;&#8230;&#8230;.\u00a068 \/ 37<\/em><\/p>\n<p><strong><em>Mas Gourdou<\/em><\/strong><\/p>\n<p><em> Grain par Grain, 2017\u00a0&#8230;&#8230;&#8230;&#8230;&#8230;&#8230;&#8230;&#8230;&#8230;&#8230; 72 \/ 39<\/em><\/p>\n<p>&nbsp;<\/p>\n<p><strong><em>AOP MINERVOIS-LA-LIVINI\u00c8RE<\/em><\/strong><\/p>\n<p><strong><em>\u00a0<\/em><em>Domaine Gayda<\/em><\/strong><\/p>\n<p><em>Villa mon r\u00eave\u00a0 \u00a0<\/em><\/p>\n<em>2015 &#8230;&#8230;&#8230;&#8230;&#8230;&#8230;&#8230;&#8230;&#8230;&#8230;&#8230;&#8230;&#8230;&#8230;&#8230;&#8230;&#8230;&#8230;&#8230;&#8230;&#8230;.. 110 \/ 57<br \/>\n<\/em>\n<p>&nbsp;<\/p>\n<p><strong><em>AOP FAUG\u00c8RES\u00a0<\/em><\/strong><\/p>\n<p><strong><em>Domaine L. Barral\u00a0<\/em><\/strong><\/p>\n<em>Jadis, 2015 &#8230;&#8230;&#8230;&#8230;&#8230;&#8230;&#8230;&#8230;&#8230;&#8230;&#8230;&#8230;&#8230;&#8230;&#8230;&#8230;&#8230; 85 \/ ND<br \/>\n<\/em>\n<p>&nbsp;<\/p>\n<p><strong><em>AOP TERRASSES DU LARZAC<\/em><\/strong><\/p>\n<p><em>\u00a0<strong>Domaine de Montcalmes\u00a0\u00a0<\/strong>\u00a0<\/em><\/p>\n<p><em>2014\u00a0&#8230;&#8230;&#8230;&#8230;&#8230;&#8230;&#8230;&#8230;&#8230;&#8230;&#8230;&#8230;&#8230;&#8230;&#8230;&#8230;&#8230;&#8230;&#8230;&#8230;&#8230;..\u00a085 \/ ND<\/em><\/p>\n<p><em>\u00a0<strong>Clos des combals<\/strong><\/em><\/p>\n<p><em>L&#8217;h\u00e9rit\u00e9e, 2022 &#8230;&#8230;&#8230;&#8230;&#8230;&#8230;&#8230;&#8230;&#8230;&#8230;&#8230;&#8230;&#8230;.. 45 \/ 22<\/em><\/p>\n<p>&nbsp;<\/p>\n<p>&nbsp;<\/p>\n<p><strong><em>IGP PAYS D&#8217;OC<\/em><\/strong><\/p>\n<p><strong><em>Domaine la Mar\u00e8le<\/em><\/strong><\/p>\n<p><em>2008\u00a0&#8230;&#8230;&#8230;&#8230;&#8230;&#8230;&#8230;&#8230;&#8230;&#8230;&#8230;&#8230;&#8230;&#8230;&#8230;&#8230;&#8230;&#8230;. 120 \/ ND\u00a0<\/em><\/p>\n<p><strong><em>Domaine Gayda<\/em><\/strong><\/p>\n<p><em>Chemin de Moscou\u00a0<\/em><\/p>\n<em>2017 &#8230;&#8230;&#8230;&#8230;&#8230;&#8230;&#8230;&#8230;&#8230;&#8230;&#8230;&#8230;&#8230;&#8230;&#8230;&#8230;&#8230;&#8230;&#8230;&#8230;.. 65 \/ 34<br \/>\n<\/em>\n<p>&nbsp;<\/p>\n<p><em><strong>IGP ST GUILHEM-LE-D\u00c9SERT \u00a0<\/strong> \u00a0<\/em><\/p>\n<em>\u00a0 <strong>Mas Daumas Gassac<br \/>\n<\/strong><\/em><em>2016 &#8230;&#8230;&#8230;&#8230;&#8230;&#8230;&#8230;&#8230;&#8230;&#8230;&#8230;&#8230;&#8230;&#8230;&#8230;&#8230;&#8230;&#8230;&#8230;&#8230; 150 \/ 80<\/em>\n<p>&nbsp;<\/p>\n<p><strong><em>IGP C\u00d4TES CATALANES<\/em><\/strong><\/p>\n<p><strong><em>\u00a0Domaine Gauby<\/em><\/strong><\/p>\n<p><em>Vieilles Vignes, 2014\u00a0&#8230;&#8230;&#8230;&#8230;&#8230;&#8230;&#8230;&#8230;.\u00a095 \/ 54<\/em><\/p>\n<p><em><strong>\u00a0Le Roc des Anges\u00a0\u00a0<\/strong>\u00a0\u00a0\u00a0<\/em><\/p>\n<p><em>Relief, <\/em><em>2016 &#8230;&#8230;&#8230;&#8230;&#8230;&#8230;&#8230;&#8230;&#8230;&#8230;&#8230;&#8230;&#8230;&#8230;&#8230;. 65 \/ 36<\/em><\/p>\n<p>&nbsp;<\/p>\n<p><strong><em>AOP COLLIOURE<\/em><\/strong><\/p>\n<p><strong><em>Domaine de la Rectorie<\/em><\/strong><\/p>\n<p><em>Montagne, 2015\u00a0&#8230;&#8230;&#8230;&#8230;&#8230;&#8230;&#8230;&#8230;&#8230;&#8230;&#8230;&#8230;&#8230;&#8230; 78 \/ 42<\/em><\/p>\n<p>&nbsp;<\/p>\n<p><strong><em>AOP BANYULS ( vins doux naturels)<\/em><\/strong><\/p>\n<p><strong><em>Cellier des templiers<\/em><\/strong><\/p>\n<p><em>Prestige, 2011\u00a0&#8230;&#8230;&#8230;&#8230;&#8230;&#8230;&#8230;&#8230;&#8230;&#8230;&#8230;&#8230;&#8230;&#8230;&#8230;.\u00a0160 \/ ND<\/em><\/p>\n<p><em>NM\u00a0Ambr\u00e9 &#8230;&#8230;&#8230;&#8230;&#8230;&#8230;&#8230;&#8230;&#8230;&#8230;&#8230;&#8230;&#8230;&#8230;&#8230;&#8230;&#8230;.. 95 \/ ND<\/em><\/p>\n\t<a href=\"https:\/\/www.restaurant-alouette.com\/fr\/?page_id=9246\">\n\t\t  \tLes vins rouges \t  \t\n\t    <img width=\"250\" height=\"264\" src=\"https:\/\/www.restaurant-alouette.com\/wp-content\/uploads\/2019\/12\/bouton-vin-min-1.png\" alt=\"\" decoding=\"async\" loading=\"lazy\" srcset=\"https:\/\/www.restaurant-alouette.com\/wp-content\/uploads\/2019\/12\/bouton-vin-min-1.png 250w, https:\/\/www.restaurant-alouette.com\/wp-content\/uploads\/2019\/12\/bouton-vin-min-1-189x200.png 189w\" sizes=\"(max-width: 250px) 100vw, 250px\" \/>\t<\/a>\n\t<a href=\"https:\/\/www.restaurant-alouette.com\/fr\/les-vins-blancs\/\">\n\t\t  \tLes vins blancs\t  \t\n\t    <img width=\"348\" height=\"345\" src=\"https:\/\/www.restaurant-alouette.com\/wp-content\/uploads\/2020\/01\/bouton-reserver-likado-min-1.png\" alt=\"\" decoding=\"async\" loading=\"lazy\" srcset=\"https:\/\/www.restaurant-alouette.com\/wp-content\/uploads\/2020\/01\/bouton-reserver-likado-min-1.png 348w, https:\/\/www.restaurant-alouette.com\/wp-content\/uploads\/2020\/01\/bouton-reserver-likado-min-1-300x297.png 300w, https:\/\/www.restaurant-alouette.com\/wp-content\/uploads\/2020\/01\/bouton-reserver-likado-min-1-150x150.png 150w, https:\/\/www.restaurant-alouette.com\/wp-content\/uploads\/2020\/01\/bouton-reserver-likado-min-1-200x198.png 200w, https:\/\/www.restaurant-alouette.com\/wp-content\/uploads\/2020\/01\/bouton-reserver-likado-min-1-100x100.png 100w\" sizes=\"(max-width: 348px) 100vw, 348px\" \/>\t<\/a>\n\t\n","protected":false},"excerpt":{"rendered":"<p>LES VINS ROUGES DU SUD DE LA FRANCE Prix bouteille sur table\/ prix bouteille \u00e0 emporter ND : Non disponible \u00e0 la vente \u00e0 emporter Nous ne proposons pas de demi-bouteille Prix TTC en euros (\u20ac\u00a0 \u00a0) PROVENCE AOP BANDOL Ch\u00e2teau de Pibarnon 2017\u00a0&#8230;&#8230;&#8230;&#8230;&#8230;&#8230;&#8230;&#8230;&#8230;&#8230;&#8230;&#8230;&#8230;&#8230;&#8230;&#8230;&#8230;&#8230;&#8230;&#8230;&#8230;&#8230;&#8230;. 95 \/ 50 2020 &#8230;&#8230;&#8230;&#8230;&#8230;&#8230;&#8230;&#8230;&#8230;&#8230;&#8230;&#8230;&#8230;&#8230;&#8230;&#8230;&#8230;&#8230;&#8230;&#8230;&#8230;&#8230;.. 110 \/ 55 Les Restanques, 2017\u00a0&#8230;&#8230;&#8230;&#8230;&#8230;&#8230;&#8230;&#8230;&#8230;. [&hellip;]<\/p>\n","protected":false},"author":1,"featured_media":0,"parent":0,"menu_order":0,"comment_status":"closed","ping_status":"closed","template":"","meta":{"inline_featured_image":false,"_exactmetrics_skip_tracking":false,"_exactmetrics_sitenote_active":false,"_exactmetrics_sitenote_note":"","_exactmetrics_sitenote_category":0,"footnotes":""},"yoast_head":"<!-- This site is optimized with the Yoast SEO plugin v23.0 - https:\/\/yoast.com\/wordpress\/plugins\/seo\/ -->\n<title>Vins rouges du Sud de la france - Restaurant Alouette<\/title>\n<meta name=\"robots\" content=\"index, follow, max-snippet:-1, max-image-preview:large, max-video-preview:-1\" \/>\n<link rel=\"canonical\" href=\"http:\/\/www.restaurant-alouette.com\/fr\/vins-rouges-du-sud-de-la-france\/\" \/>\n<meta property=\"og:locale\" content=\"fr_FR\" \/>\n<meta property=\"og:type\" content=\"article\" \/>\n<meta property=\"og:title\" content=\"Vins rouges du Sud de la france - Restaurant Alouette\" \/>\n<meta property=\"og:description\" content=\"LES VINS ROUGES DU SUD DE LA FRANCE Prix bouteille sur table\/ prix bouteille \u00e0 emporter ND : Non disponible \u00e0 la vente \u00e0 emporter Nous ne proposons pas de demi-bouteille Prix TTC en euros (\u20ac\u00a0 \u00a0) PROVENCE AOP BANDOL Ch\u00e2teau de Pibarnon 2017\u00a0&#8230;&#8230;&#8230;&#8230;&#8230;&#8230;&#8230;&#8230;&#8230;&#8230;&#8230;&#8230;&#8230;&#8230;&#8230;&#8230;&#8230;&#8230;&#8230;&#8230;&#8230;&#8230;&#8230;. 95 \/ 50 2020 &#8230;&#8230;&#8230;&#8230;&#8230;&#8230;&#8230;&#8230;&#8230;&#8230;&#8230;&#8230;&#8230;&#8230;&#8230;&#8230;&#8230;&#8230;&#8230;&#8230;&#8230;&#8230;.. 110 \/ 55 Les Restanques, 2017\u00a0&#8230;&#8230;&#8230;&#8230;&#8230;&#8230;&#8230;&#8230;&#8230;. [&hellip;]\" \/>\n<meta property=\"og:url\" content=\"http:\/\/www.restaurant-alouette.com\/fr\/vins-rouges-du-sud-de-la-france\/\" \/>\n<meta property=\"og:site_name\" content=\"Restaurant Alouette\" \/>\n<meta property=\"article:publisher\" content=\"https:\/\/www.facebook.com\/Lalouette-Plus-quun-Restaurant-120299032976\/\" \/>\n<meta property=\"article:modified_time\" content=\"2026-03-29T09:46:38+00:00\" \/>\n<meta property=\"og:image\" content=\"https:\/\/www.restaurant-alouette.com\/wp-content\/uploads\/2019\/12\/bouton-vin-min-1.png\" \/>\n<meta name=\"twitter:card\" content=\"summary_large_image\" \/>\n<meta name=\"twitter:label1\" content=\"Dur\u00e9e de lecture estim\u00e9e\" \/>\n\t<meta name=\"twitter:data1\" content=\"2 minutes\" \/>\n<script type=\"application\/ld+json\" class=\"yoast-schema-graph\">{\"@context\":\"https:\/\/schema.org\",\"@graph\":[{\"@type\":\"WebPage\",\"@id\":\"http:\/\/www.restaurant-alouette.com\/en\/vins-rouges-du-sud-de-la-france\/\",\"url\":\"http:\/\/www.restaurant-alouette.com\/en\/vins-rouges-du-sud-de-la-france\/\",\"name\":\"Vins rouges du Sud de la france - Restaurant Alouette\",\"isPartOf\":{\"@id\":\"https:\/\/www.restaurant-alouette.com\/fr\/#website\"},\"primaryImageOfPage\":{\"@id\":\"http:\/\/www.restaurant-alouette.com\/en\/vins-rouges-du-sud-de-la-france\/#primaryimage\"},\"image\":{\"@id\":\"http:\/\/www.restaurant-alouette.com\/en\/vins-rouges-du-sud-de-la-france\/#primaryimage\"},\"thumbnailUrl\":\"https:\/\/www.restaurant-alouette.com\/wp-content\/uploads\/2019\/12\/bouton-vin-min-1.png\",\"datePublished\":\"2021-09-09T12:35:30+00:00\",\"dateModified\":\"2026-03-29T09:46:38+00:00\",\"breadcrumb\":{\"@id\":\"http:\/\/www.restaurant-alouette.com\/en\/vins-rouges-du-sud-de-la-france\/#breadcrumb\"},\"inLanguage\":\"fr-FR\",\"potentialAction\":[{\"@type\":\"ReadAction\",\"target\":[\"http:\/\/www.restaurant-alouette.com\/en\/vins-rouges-du-sud-de-la-france\/\"]}]},{\"@type\":\"ImageObject\",\"inLanguage\":\"fr-FR\",\"@id\":\"http:\/\/www.restaurant-alouette.com\/en\/vins-rouges-du-sud-de-la-france\/#primaryimage\",\"url\":\"https:\/\/www.restaurant-alouette.com\/wp-content\/uploads\/2019\/12\/bouton-vin-min-1.png\",\"contentUrl\":\"https:\/\/www.restaurant-alouette.com\/wp-content\/uploads\/2019\/12\/bouton-vin-min-1.png\"},{\"@type\":\"BreadcrumbList\",\"@id\":\"http:\/\/www.restaurant-alouette.com\/en\/vins-rouges-du-sud-de-la-france\/#breadcrumb\",\"itemListElement\":[{\"@type\":\"ListItem\",\"position\":1,\"name\":\"Accueil\",\"item\":\"https:\/\/www.restaurant-alouette.com\/fr\/\"},{\"@type\":\"ListItem\",\"position\":2,\"name\":\"Vins rouges du Sud de la france\"}]},{\"@type\":\"WebSite\",\"@id\":\"https:\/\/www.restaurant-alouette.com\/fr\/#website\",\"url\":\"https:\/\/www.restaurant-alouette.com\/fr\/\",\"name\":\"Restaurant de l'Alouette\",\"description\":\"Votre restaurant gastronomique \u00e0 Bonnefamille\",\"potentialAction\":[{\"@type\":\"SearchAction\",\"target\":{\"@type\":\"EntryPoint\",\"urlTemplate\":\"https:\/\/www.restaurant-alouette.com\/fr\/?s={search_term_string}\"},\"query-input\":\"required name=search_term_string\"}],\"inLanguage\":\"fr-FR\"}]}<\/script>\n<!-- \/ Yoast SEO plugin. -->","yoast_head_json":{"title":"Vins rouges du Sud de la france - Restaurant Alouette","robots":{"index":"index","follow":"follow","max-snippet":"max-snippet:-1","max-image-preview":"max-image-preview:large","max-video-preview":"max-video-preview:-1"},"canonical":"http:\/\/www.restaurant-alouette.com\/fr\/vins-rouges-du-sud-de-la-france\/","og_locale":"fr_FR","og_type":"article","og_title":"Vins rouges du Sud de la france - Restaurant Alouette","og_description":"LES VINS ROUGES DU SUD DE LA FRANCE Prix bouteille sur table\/ prix bouteille \u00e0 emporter ND : Non disponible \u00e0 la vente \u00e0 emporter Nous ne proposons pas de demi-bouteille Prix TTC en euros (\u20ac\u00a0 \u00a0) PROVENCE AOP BANDOL Ch\u00e2teau de Pibarnon 2017\u00a0&#8230;&#8230;&#8230;&#8230;&#8230;&#8230;&#8230;&#8230;&#8230;&#8230;&#8230;&#8230;&#8230;&#8230;&#8230;&#8230;&#8230;&#8230;&#8230;&#8230;&#8230;&#8230;&#8230;. 95 \/ 50 2020 &#8230;&#8230;&#8230;&#8230;&#8230;&#8230;&#8230;&#8230;&#8230;&#8230;&#8230;&#8230;&#8230;&#8230;&#8230;&#8230;&#8230;&#8230;&#8230;&#8230;&#8230;&#8230;.. 110 \/ 55 Les Restanques, 2017\u00a0&#8230;&#8230;&#8230;&#8230;&#8230;&#8230;&#8230;&#8230;&#8230;. [&hellip;]","og_url":"http:\/\/www.restaurant-alouette.com\/fr\/vins-rouges-du-sud-de-la-france\/","og_site_name":"Restaurant Alouette","article_publisher":"https:\/\/www.facebook.com\/Lalouette-Plus-quun-Restaurant-120299032976\/","article_modified_time":"2026-03-29T09:46:38+00:00","og_image":[{"url":"https:\/\/www.restaurant-alouette.com\/wp-content\/uploads\/2019\/12\/bouton-vin-min-1.png"}],"twitter_card":"summary_large_image","twitter_misc":{"Dur\u00e9e de lecture estim\u00e9e":"2 minutes"},"schema":{"@context":"https:\/\/schema.org","@graph":[{"@type":"WebPage","@id":"http:\/\/www.restaurant-alouette.com\/en\/vins-rouges-du-sud-de-la-france\/","url":"http:\/\/www.restaurant-alouette.com\/en\/vins-rouges-du-sud-de-la-france\/","name":"Vins rouges du Sud de la france - Restaurant Alouette","isPartOf":{"@id":"https:\/\/www.restaurant-alouette.com\/fr\/#website"},"primaryImageOfPage":{"@id":"http:\/\/www.restaurant-alouette.com\/en\/vins-rouges-du-sud-de-la-france\/#primaryimage"},"image":{"@id":"http:\/\/www.restaurant-alouette.com\/en\/vins-rouges-du-sud-de-la-france\/#primaryimage"},"thumbnailUrl":"https:\/\/www.restaurant-alouette.com\/wp-content\/uploads\/2019\/12\/bouton-vin-min-1.png","datePublished":"2021-09-09T12:35:30+00:00","dateModified":"2026-03-29T09:46:38+00:00","breadcrumb":{"@id":"http:\/\/www.restaurant-alouette.com\/en\/vins-rouges-du-sud-de-la-france\/#breadcrumb"},"inLanguage":"fr-FR","potentialAction":[{"@type":"ReadAction","target":["http:\/\/www.restaurant-alouette.com\/en\/vins-rouges-du-sud-de-la-france\/"]}]},{"@type":"ImageObject","inLanguage":"fr-FR","@id":"http:\/\/www.restaurant-alouette.com\/en\/vins-rouges-du-sud-de-la-france\/#primaryimage","url":"https:\/\/www.restaurant-alouette.com\/wp-content\/uploads\/2019\/12\/bouton-vin-min-1.png","contentUrl":"https:\/\/www.restaurant-alouette.com\/wp-content\/uploads\/2019\/12\/bouton-vin-min-1.png"},{"@type":"BreadcrumbList","@id":"http:\/\/www.restaurant-alouette.com\/en\/vins-rouges-du-sud-de-la-france\/#breadcrumb","itemListElement":[{"@type":"ListItem","position":1,"name":"Accueil","item":"https:\/\/www.restaurant-alouette.com\/fr\/"},{"@type":"ListItem","position":2,"name":"Vins rouges du Sud de la france"}]},{"@type":"WebSite","@id":"https:\/\/www.restaurant-alouette.com\/fr\/#website","url":"https:\/\/www.restaurant-alouette.com\/fr\/","name":"Restaurant de l'Alouette","description":"Votre restaurant gastronomique \u00e0 Bonnefamille","potentialAction":[{"@type":"SearchAction","target":{"@type":"EntryPoint","urlTemplate":"https:\/\/www.restaurant-alouette.com\/fr\/?s={search_term_string}"},"query-input":"required name=search_term_string"}],"inLanguage":"fr-FR"}]}},"jetpack_sharing_enabled":true,"_links":{"self":[{"href":"https:\/\/www.restaurant-alouette.com\/fr\/wp-json\/wp\/v2\/pages\/9309"}],"collection":[{"href":"https:\/\/www.restaurant-alouette.com\/fr\/wp-json\/wp\/v2\/pages"}],"about":[{"href":"https:\/\/www.restaurant-alouette.com\/fr\/wp-json\/wp\/v2\/types\/page"}],"author":[{"embeddable":true,"href":"https:\/\/www.restaurant-alouette.com\/fr\/wp-json\/wp\/v2\/users\/1"}],"replies":[{"embeddable":true,"href":"https:\/\/www.restaurant-alouette.com\/fr\/wp-json\/wp\/v2\/comments?post=9309"}],"version-history":[{"count":90,"href":"https:\/\/www.restaurant-alouette.com\/fr\/wp-json\/wp\/v2\/pages\/9309\/revisions"}],"predecessor-version":[{"id":19113,"href":"https:\/\/www.restaurant-alouette.com\/fr\/wp-json\/wp\/v2\/pages\/9309\/revisions\/19113"}],"wp:attachment":[{"href":"https:\/\/www.restaurant-alouette.com\/fr\/wp-json\/wp\/v2\/media?parent=9309"}],"curies":[{"name":"wp","href":"https:\/\/api.w.org\/{rel}","templated":true}]}}