{"id":9316,"date":"2021-09-09T14:36:35","date_gmt":"2021-09-09T12:36:35","guid":{"rendered":"https:\/\/www.restaurant-alouette.com\/?page_id=9316"},"modified":"2026-03-05T11:00:23","modified_gmt":"2026-03-05T10:00:23","slug":"vin-rouges-de-la-bourgogne","status":"publish","type":"page","link":"https:\/\/www.restaurant-alouette.com\/fr\/vin-rouges-de-la-bourgogne\/","title":{"rendered":"Vins rouges de la bourgogne"},"content":{"rendered":"\n\n\t<strong>LES VINS ROUGES DE BOURGOGNE<\/strong>\n<em><strong>Prix bouteille sur table\/ prix bouteille \u00e0 emporter<\/strong><\/em>\n<p>&nbsp;<\/p>\n<strong>ND : Non disponible \u00e0 la vente \u00e0 emporter<\/strong>\n<strong>Nous ne proposons pas de demi-bouteille<\/strong>\n<br \/>\nPrix TTC en euros (\u20ac\u00a0 \u00a0)\n<p>&nbsp;<\/p>\n<p><strong><em>LA C\u00d4TE DE NUITS<\/em><\/strong><\/p>\n<p><strong><em>AOP GEVREY-CHAMBERTIN 1er CRU<\/em><\/strong><\/p>\n<p><strong><em>Domaine Rossignol-Trappet<\/em><\/strong><\/p>\n<p><em>Petite Chapelle, 2016 &#8230;&#8230;&#8230;&#8230;&#8230;&#8230;&#8230;&#8230;.. 210 \/ ND<\/em><\/p>\n<p><em> \u00a0<\/em><\/p>\n<p><strong><em>AOP NUITS-SAINT-GEORGES VILLAGE<\/em><\/strong><\/p>\n<p><strong><em>Domaine H. Gouges<\/em><\/strong><\/p>\n<p><em>2013 &#8230;&#8230;&#8230;&#8230;&#8230;&#8230;&#8230;&#8230;&#8230;&#8230;&#8230;&#8230;&#8230;&#8230;&#8230;&#8230;&#8230;&#8230;&#8230;&#8230;&#8230;&#8230;&#8230; 120 \/ ND<\/em><\/p>\n<p><strong><em>Domaine J. Grivot<\/em><\/strong><\/p>\n<p><em>Aux Lavi\u00e8res, 2013 &#8230;&#8230;&#8230;&#8230;&#8230;&#8230;&#8230;&#8230;&#8230;&#8230;&#8230; 170 \/ ND<\/em><\/p>\n<p>&nbsp;<\/p>\n<p><strong><em>LA C\u00d4TE DE BEAUNE<\/em><\/strong><\/p>\n<p><strong><em>AOP ALOXE CORTON<\/em><\/strong><\/p>\n<p><strong><em>Domaine J-J Girard<\/em><\/strong><\/p>\n<p><em>2023 &#8230;&#8230;&#8230;&#8230;&#8230;&#8230;&#8230;&#8230;&#8230;&#8230;&#8230;&#8230;&#8230;&#8230;&#8230;&#8230;&#8230;&#8230;&#8230;&#8230;&#8230;&#8230; 125 \/ 70<\/em><\/p>\n<p><strong><em>AOP POMMARD<\/em><\/strong><\/p>\n<p><strong><em>Domaine J-J Girard<\/em><\/strong><\/p>\n<p><em>2021 &#8230;&#8230;&#8230;&#8230;&#8230;&#8230;&#8230;&#8230;&#8230;&#8230;&#8230;&#8230;&#8230;&#8230;&#8230;&#8230;&#8230;&#8230;&#8230;&#8230;&#8230;&#8230; 135 \/ 70<\/em><\/p>\n<p>&nbsp;<\/p>\n<p><strong><em>AOP SAVIGNY-LES-BEAUNE<\/em><\/strong><\/p>\n<p><strong><em>Domaine J-J Girard<\/em><\/strong><\/p>\n<p><em>2023 &#8230;&#8230;&#8230;&#8230;&#8230;&#8230;&#8230;&#8230;&#8230;&#8230;&#8230;&#8230;&#8230;&#8230;&#8230;&#8230;&#8230;&#8230;&#8230; 75 \/ 38<\/em><\/p>\n<p>&nbsp;<\/p>\n<p><strong><em>AOP BEAUNE 1er CRU<\/em><\/strong><\/p>\n<p><strong><em>Domaine J-J Girard<\/em><\/strong><\/p>\n<p><em>Clos du Roi, 2023 &#8230;&#8230;&#8230;&#8230;&#8230;&#8230;&#8230;&#8230;. 125 \/ ND<\/em><\/p>\n<p>&nbsp;<\/p>\n<p><strong><em>AOP VOLNAY\u00a0<\/em><\/strong><\/p>\n<p><strong><em>Domaine Chanson<\/em><\/strong><\/p>\n<p><em>2020 &#8230;&#8230;&#8230;&#8230;&#8230;&#8230;&#8230;&#8230;&#8230;&#8230;&#8230;&#8230;&#8230;&#8230;&#8230;&#8230;&#8230;&#8230;&#8230;&#8230;&#8230;&#8230; 130 \/ 70 <\/em><\/p>\n<p>&nbsp;<\/p>\n<p><strong><em>AOP CHASSAGNE-MONTRACHET<\/em><\/strong><\/p>\n<p><strong><em>Domaine H. Lamy<\/em><\/strong><\/p>\n<em>\u00a0 La Goujonne<br \/>\n2015, 2016 et 2017\u00a0&#8230;&#8230;&#8230;&#8230;&#8230;&#8230;&#8230;&#8230;&#8230;&#8230;&#8230;&#8230;.. 165 \/ 90<\/em>\n<p>&nbsp;<\/p>\n<p><strong><em>AOP SANTENAY<\/em><\/strong><\/p>\n<p><strong><em>Domaine H. Lamy<\/em><\/strong><\/p>\n<p><em>Clos des H\u00e2tes, 2017 &#8230;&#8230;&#8230;&#8230;&#8230;&#8230;&#8230;&#8230;.. 105 \/ 57<\/em><\/p>\n<p>&nbsp;<\/p>\n<p><strong><em>AOP SANTENAY 1er CRU<\/em><\/strong><\/p>\n<p><strong><em>Domaine A. Olivier<\/em><\/strong><\/p>\n<p><em>Beaurepaire, 2022 &#8230;&#8230;&#8230;&#8230;&#8230;&#8230;&#8230;&#8230;. 110 \/ ND<\/em><\/p>\n<p>&nbsp;<\/p>\n\t<a href=\"https:\/\/www.restaurant-alouette.com\/fr\/?page_id=9246\">\n\t\t  \tLes vins rouges \t  \t\n\t    <img width=\"250\" height=\"264\" src=\"https:\/\/www.restaurant-alouette.com\/wp-content\/uploads\/2019\/12\/bouton-vin-min-1.png\" alt=\"\" decoding=\"async\" loading=\"lazy\" srcset=\"https:\/\/www.restaurant-alouette.com\/wp-content\/uploads\/2019\/12\/bouton-vin-min-1.png 250w, https:\/\/www.restaurant-alouette.com\/wp-content\/uploads\/2019\/12\/bouton-vin-min-1-189x200.png 189w\" sizes=\"(max-width: 250px) 100vw, 250px\" \/>\t<\/a>\n\t<a href=\"https:\/\/www.restaurant-alouette.com\/fr\/les-vins-blancs\/\">\n\t\t  \tLes vins blancs\t  \t\n\t    <img width=\"348\" height=\"345\" src=\"https:\/\/www.restaurant-alouette.com\/wp-content\/uploads\/2020\/01\/bouton-reserver-likado-min-1.png\" alt=\"\" decoding=\"async\" loading=\"lazy\" srcset=\"https:\/\/www.restaurant-alouette.com\/wp-content\/uploads\/2020\/01\/bouton-reserver-likado-min-1.png 348w, https:\/\/www.restaurant-alouette.com\/wp-content\/uploads\/2020\/01\/bouton-reserver-likado-min-1-300x297.png 300w, https:\/\/www.restaurant-alouette.com\/wp-content\/uploads\/2020\/01\/bouton-reserver-likado-min-1-150x150.png 150w, https:\/\/www.restaurant-alouette.com\/wp-content\/uploads\/2020\/01\/bouton-reserver-likado-min-1-200x198.png 200w, https:\/\/www.restaurant-alouette.com\/wp-content\/uploads\/2020\/01\/bouton-reserver-likado-min-1-100x100.png 100w\" sizes=\"(max-width: 348px) 100vw, 348px\" \/>\t<\/a>\n\t\n","protected":false},"excerpt":{"rendered":"<p>LES VINS ROUGES DE BOURGOGNE Prix bouteille sur table\/ prix bouteille \u00e0 emporter &nbsp; ND : Non disponible \u00e0 la vente \u00e0 emporter Nous ne proposons pas de demi-bouteille Prix TTC en euros (\u20ac\u00a0 \u00a0) &nbsp; LA C\u00d4TE DE NUITS AOP GEVREY-CHAMBERTIN 1er CRU Domaine Rossignol-Trappet Petite Chapelle, 2016 &#8230;&#8230;&#8230;&#8230;&#8230;&#8230;&#8230;&#8230;.. 210 \/ ND \u00a0 AOP [&hellip;]<\/p>\n","protected":false},"author":1,"featured_media":0,"parent":0,"menu_order":0,"comment_status":"closed","ping_status":"closed","template":"","meta":{"inline_featured_image":false,"_exactmetrics_skip_tracking":false,"_exactmetrics_sitenote_active":false,"_exactmetrics_sitenote_note":"","_exactmetrics_sitenote_category":0,"footnotes":""},"yoast_head":"<!-- This site is optimized with the Yoast SEO plugin v23.0 - https:\/\/yoast.com\/wordpress\/plugins\/seo\/ -->\n<title>Vins rouges de la bourgogne - Restaurant Alouette<\/title>\n<meta name=\"robots\" content=\"index, follow, max-snippet:-1, max-image-preview:large, max-video-preview:-1\" \/>\n<link rel=\"canonical\" href=\"https:\/\/www.restaurant-alouette.com\/fr\/vin-rouges-de-la-bourgogne\/\" \/>\n<meta property=\"og:locale\" content=\"fr_FR\" \/>\n<meta property=\"og:type\" content=\"article\" \/>\n<meta property=\"og:title\" content=\"Vins rouges de la bourgogne - Restaurant Alouette\" \/>\n<meta property=\"og:description\" content=\"LES VINS ROUGES DE BOURGOGNE Prix bouteille sur table\/ prix bouteille \u00e0 emporter &nbsp; ND : Non disponible \u00e0 la vente \u00e0 emporter Nous ne proposons pas de demi-bouteille Prix TTC en euros (\u20ac\u00a0 \u00a0) &nbsp; LA C\u00d4TE DE NUITS AOP GEVREY-CHAMBERTIN 1er CRU Domaine Rossignol-Trappet Petite Chapelle, 2016 &#8230;&#8230;&#8230;&#8230;&#8230;&#8230;&#8230;&#8230;.. 210 \/ ND \u00a0 AOP [&hellip;]\" \/>\n<meta property=\"og:url\" content=\"https:\/\/www.restaurant-alouette.com\/fr\/vin-rouges-de-la-bourgogne\/\" \/>\n<meta property=\"og:site_name\" content=\"Restaurant Alouette\" \/>\n<meta property=\"article:publisher\" content=\"https:\/\/www.facebook.com\/Lalouette-Plus-quun-Restaurant-120299032976\/\" \/>\n<meta property=\"article:modified_time\" content=\"2026-03-05T10:00:23+00:00\" \/>\n<meta property=\"og:image\" content=\"https:\/\/www.restaurant-alouette.com\/wp-content\/uploads\/2019\/12\/bouton-vin-min-1.png\" \/>\n<meta name=\"twitter:card\" content=\"summary_large_image\" \/>\n<meta name=\"twitter:label1\" content=\"Dur\u00e9e de lecture estim\u00e9e\" \/>\n\t<meta name=\"twitter:data1\" content=\"2 minutes\" \/>\n<script type=\"application\/ld+json\" class=\"yoast-schema-graph\">{\"@context\":\"https:\/\/schema.org\",\"@graph\":[{\"@type\":\"WebPage\",\"@id\":\"https:\/\/www.restaurant-alouette.com\/en\/vin-rouges-de-la-bourgogne\/\",\"url\":\"https:\/\/www.restaurant-alouette.com\/en\/vin-rouges-de-la-bourgogne\/\",\"name\":\"Vins rouges de la bourgogne - Restaurant Alouette\",\"isPartOf\":{\"@id\":\"https:\/\/www.restaurant-alouette.com\/fr\/#website\"},\"primaryImageOfPage\":{\"@id\":\"https:\/\/www.restaurant-alouette.com\/en\/vin-rouges-de-la-bourgogne\/#primaryimage\"},\"image\":{\"@id\":\"https:\/\/www.restaurant-alouette.com\/en\/vin-rouges-de-la-bourgogne\/#primaryimage\"},\"thumbnailUrl\":\"https:\/\/www.restaurant-alouette.com\/wp-content\/uploads\/2019\/12\/bouton-vin-min-1.png\",\"datePublished\":\"2021-09-09T12:36:35+00:00\",\"dateModified\":\"2026-03-05T10:00:23+00:00\",\"breadcrumb\":{\"@id\":\"https:\/\/www.restaurant-alouette.com\/en\/vin-rouges-de-la-bourgogne\/#breadcrumb\"},\"inLanguage\":\"fr-FR\",\"potentialAction\":[{\"@type\":\"ReadAction\",\"target\":[\"https:\/\/www.restaurant-alouette.com\/en\/vin-rouges-de-la-bourgogne\/\"]}]},{\"@type\":\"ImageObject\",\"inLanguage\":\"fr-FR\",\"@id\":\"https:\/\/www.restaurant-alouette.com\/en\/vin-rouges-de-la-bourgogne\/#primaryimage\",\"url\":\"https:\/\/www.restaurant-alouette.com\/wp-content\/uploads\/2019\/12\/bouton-vin-min-1.png\",\"contentUrl\":\"https:\/\/www.restaurant-alouette.com\/wp-content\/uploads\/2019\/12\/bouton-vin-min-1.png\"},{\"@type\":\"BreadcrumbList\",\"@id\":\"https:\/\/www.restaurant-alouette.com\/en\/vin-rouges-de-la-bourgogne\/#breadcrumb\",\"itemListElement\":[{\"@type\":\"ListItem\",\"position\":1,\"name\":\"Accueil\",\"item\":\"https:\/\/www.restaurant-alouette.com\/fr\/\"},{\"@type\":\"ListItem\",\"position\":2,\"name\":\"Vins rouges de la bourgogne\"}]},{\"@type\":\"WebSite\",\"@id\":\"https:\/\/www.restaurant-alouette.com\/fr\/#website\",\"url\":\"https:\/\/www.restaurant-alouette.com\/fr\/\",\"name\":\"Restaurant de l'Alouette\",\"description\":\"Votre restaurant gastronomique \u00e0 Bonnefamille\",\"potentialAction\":[{\"@type\":\"SearchAction\",\"target\":{\"@type\":\"EntryPoint\",\"urlTemplate\":\"https:\/\/www.restaurant-alouette.com\/fr\/?s={search_term_string}\"},\"query-input\":\"required name=search_term_string\"}],\"inLanguage\":\"fr-FR\"}]}<\/script>\n<!-- \/ Yoast SEO plugin. -->","yoast_head_json":{"title":"Vins rouges de la bourgogne - Restaurant Alouette","robots":{"index":"index","follow":"follow","max-snippet":"max-snippet:-1","max-image-preview":"max-image-preview:large","max-video-preview":"max-video-preview:-1"},"canonical":"https:\/\/www.restaurant-alouette.com\/fr\/vin-rouges-de-la-bourgogne\/","og_locale":"fr_FR","og_type":"article","og_title":"Vins rouges de la bourgogne - Restaurant Alouette","og_description":"LES VINS ROUGES DE BOURGOGNE Prix bouteille sur table\/ prix bouteille \u00e0 emporter &nbsp; ND : Non disponible \u00e0 la vente \u00e0 emporter Nous ne proposons pas de demi-bouteille Prix TTC en euros (\u20ac\u00a0 \u00a0) &nbsp; LA C\u00d4TE DE NUITS AOP GEVREY-CHAMBERTIN 1er CRU Domaine Rossignol-Trappet Petite Chapelle, 2016 &#8230;&#8230;&#8230;&#8230;&#8230;&#8230;&#8230;&#8230;.. 210 \/ ND \u00a0 AOP [&hellip;]","og_url":"https:\/\/www.restaurant-alouette.com\/fr\/vin-rouges-de-la-bourgogne\/","og_site_name":"Restaurant Alouette","article_publisher":"https:\/\/www.facebook.com\/Lalouette-Plus-quun-Restaurant-120299032976\/","article_modified_time":"2026-03-05T10:00:23+00:00","og_image":[{"url":"https:\/\/www.restaurant-alouette.com\/wp-content\/uploads\/2019\/12\/bouton-vin-min-1.png"}],"twitter_card":"summary_large_image","twitter_misc":{"Dur\u00e9e de lecture estim\u00e9e":"2 minutes"},"schema":{"@context":"https:\/\/schema.org","@graph":[{"@type":"WebPage","@id":"https:\/\/www.restaurant-alouette.com\/en\/vin-rouges-de-la-bourgogne\/","url":"https:\/\/www.restaurant-alouette.com\/en\/vin-rouges-de-la-bourgogne\/","name":"Vins rouges de la bourgogne - Restaurant Alouette","isPartOf":{"@id":"https:\/\/www.restaurant-alouette.com\/fr\/#website"},"primaryImageOfPage":{"@id":"https:\/\/www.restaurant-alouette.com\/en\/vin-rouges-de-la-bourgogne\/#primaryimage"},"image":{"@id":"https:\/\/www.restaurant-alouette.com\/en\/vin-rouges-de-la-bourgogne\/#primaryimage"},"thumbnailUrl":"https:\/\/www.restaurant-alouette.com\/wp-content\/uploads\/2019\/12\/bouton-vin-min-1.png","datePublished":"2021-09-09T12:36:35+00:00","dateModified":"2026-03-05T10:00:23+00:00","breadcrumb":{"@id":"https:\/\/www.restaurant-alouette.com\/en\/vin-rouges-de-la-bourgogne\/#breadcrumb"},"inLanguage":"fr-FR","potentialAction":[{"@type":"ReadAction","target":["https:\/\/www.restaurant-alouette.com\/en\/vin-rouges-de-la-bourgogne\/"]}]},{"@type":"ImageObject","inLanguage":"fr-FR","@id":"https:\/\/www.restaurant-alouette.com\/en\/vin-rouges-de-la-bourgogne\/#primaryimage","url":"https:\/\/www.restaurant-alouette.com\/wp-content\/uploads\/2019\/12\/bouton-vin-min-1.png","contentUrl":"https:\/\/www.restaurant-alouette.com\/wp-content\/uploads\/2019\/12\/bouton-vin-min-1.png"},{"@type":"BreadcrumbList","@id":"https:\/\/www.restaurant-alouette.com\/en\/vin-rouges-de-la-bourgogne\/#breadcrumb","itemListElement":[{"@type":"ListItem","position":1,"name":"Accueil","item":"https:\/\/www.restaurant-alouette.com\/fr\/"},{"@type":"ListItem","position":2,"name":"Vins rouges de la bourgogne"}]},{"@type":"WebSite","@id":"https:\/\/www.restaurant-alouette.com\/fr\/#website","url":"https:\/\/www.restaurant-alouette.com\/fr\/","name":"Restaurant de l'Alouette","description":"Votre restaurant gastronomique \u00e0 Bonnefamille","potentialAction":[{"@type":"SearchAction","target":{"@type":"EntryPoint","urlTemplate":"https:\/\/www.restaurant-alouette.com\/fr\/?s={search_term_string}"},"query-input":"required name=search_term_string"}],"inLanguage":"fr-FR"}]}},"jetpack_sharing_enabled":true,"_links":{"self":[{"href":"https:\/\/www.restaurant-alouette.com\/fr\/wp-json\/wp\/v2\/pages\/9316"}],"collection":[{"href":"https:\/\/www.restaurant-alouette.com\/fr\/wp-json\/wp\/v2\/pages"}],"about":[{"href":"https:\/\/www.restaurant-alouette.com\/fr\/wp-json\/wp\/v2\/types\/page"}],"author":[{"embeddable":true,"href":"https:\/\/www.restaurant-alouette.com\/fr\/wp-json\/wp\/v2\/users\/1"}],"replies":[{"embeddable":true,"href":"https:\/\/www.restaurant-alouette.com\/fr\/wp-json\/wp\/v2\/comments?post=9316"}],"version-history":[{"count":70,"href":"https:\/\/www.restaurant-alouette.com\/fr\/wp-json\/wp\/v2\/pages\/9316\/revisions"}],"predecessor-version":[{"id":19013,"href":"https:\/\/www.restaurant-alouette.com\/fr\/wp-json\/wp\/v2\/pages\/9316\/revisions\/19013"}],"wp:attachment":[{"href":"https:\/\/www.restaurant-alouette.com\/fr\/wp-json\/wp\/v2\/media?parent=9316"}],"curies":[{"name":"wp","href":"https:\/\/api.w.org\/{rel}","templated":true}]}}