{"id":9463,"date":"2021-09-14T13:37:05","date_gmt":"2021-09-14T11:37:05","guid":{"rendered":"https:\/\/www.restaurant-alouette.com\/?page_id=9463"},"modified":"2026-03-05T21:32:25","modified_gmt":"2026-03-05T20:32:25","slug":"les-vins-rouges-bordelais","status":"publish","type":"page","link":"https:\/\/www.restaurant-alouette.com\/fr\/les-vins-rouges-bordelais\/","title":{"rendered":"Vins rouges Bordelais"},"content":{"rendered":"\n\n\t<strong>LES VINS ROUGES<br \/>\nDU BORDELAIS<\/strong><br \/>\n<strong>Prix bouteille sur table\/ prix bouteille \u00e0 emporter<\/strong>\n<strong>ND : Non disponible \u00e0 la vente \u00e0 emporter<\/strong>\n<strong>Nous ne proposons pas de demi-bouteille<\/strong>\n<i>Prix TTC en euros (\u20ac\u00a0 \u00a0)<\/i>\n<p>&nbsp;<\/p>\n<p><strong>MEDOC<\/strong><\/p>\n<p><strong><em>AOP HAUT MEDOC\u00a0<\/em><\/strong><\/p>\n<p><strong><em>\u00a0Ch\u00e2teau Belgrave (5\u00e8me GCC)\u00a0<\/em><\/strong><\/p>\n<em>2011 &#8230;&#8230;&#8230;&#8230;&#8230;&#8230;&#8230;&#8230;&#8230;&#8230;&#8230;&#8230;&#8230;&#8230;&#8230;&#8230;&#8230;&#8230;&#8230;&#8230;. 90\/ 45<br \/>\n<\/em><em>2018 &#8230;&#8230;&#8230;&#8230;&#8230;&#8230;&#8230;&#8230;&#8230;&#8230;&#8230;&#8230;&#8230;&#8230;&#8230;&#8230;&#8230;&#8230;.. 105\/ ND<br \/>\nDiane de Belgrave, <\/em><em>2018 &#8230;&#8230;.. 65 \/ ND<\/em>\n<p>&nbsp;<\/p>\n<p><strong><em>AOP MOULIS-EN-MEDOC\u00a0<\/em><\/strong><\/p>\n<strong><em>Ch\u00e2teau Chasse-Spleen <\/em><\/strong><br \/>\n(Cru Bourgeois exceptionnel)\n<em>2005\u00a0&#8230;&#8230;&#8230;&#8230;&#8230;&#8230;&#8230;&#8230;&#8230;&#8230;&#8230;&#8230;&#8230;&#8230;&#8230;&#8230;&#8230;&#8230;..\u00a0126 \/ 85<br \/>\n2006\u00a0&#8230;&#8230;&#8230;&#8230;&#8230;&#8230;&#8230;&#8230;&#8230;&#8230;&#8230;&#8230;&#8230;&#8230;&#8230;&#8230;&#8230;&#8230;&#8230;.\u00a0116 \/ 85<\/em>\n<strong><em>Ch\u00e2teau Maucaillou<\/em><\/strong><em><br \/>\n(Cru Bourgeois sup\u00e9rieur)\u00a0<\/em>\n<p><em>2011\u00a0&#8230;&#8230;&#8230;&#8230;&#8230;&#8230;&#8230;&#8230;&#8230;&#8230;&#8230;&#8230;&#8230;&#8230;&#8230;&#8230;&#8230;&#8230;&#8230;\u00a090 \/ <\/em><em>65\u00a0<\/em><\/p>\n<p>&nbsp;<\/p>\n<p><strong><em>AOP SAINT EST\u00c8PHE<\/em><\/strong><\/p>\n<strong><em>Ch\u00e2teau le Boscq<\/em><\/strong><br \/>\n<em>(Cru Bourgeois)<\/em>\n<em>2011 &#8230;&#8230;&#8230;&#8230;&#8230;&#8230;&#8230;&#8230;&#8230;&#8230;&#8230;&#8230;&#8230;&#8230;&#8230;&#8230;&#8230;.. 82 \/ 45<br \/>\n2018\u00a0 &#8230;&#8230;&#8230;&#8230;&#8230;&#8230;&#8230;&#8230;&#8230;&#8230;&#8230;&#8230;&#8230;&#8230;&#8230;&#8230;.. 90 \/ ND<\/em>\n<p>Heritage Le Boscq, 2019 &#8230; 60 \/ 30<\/p>\n\n<p><strong><em>AOP PESSAC LEOGNAN<\/em><\/strong><\/p>\n<p><strong><em>Ch\u00e2teau La Garde<\/em><\/strong><\/p>\n<p>\u00a02018 &#8230;&#8230;&#8230;&#8230;&#8230;&#8230;&#8230;&#8230;&#8230;&#8230;&#8230;&#8230;&#8230;&#8230;&#8230;&#8230; 80 \/ ND<\/p>\n\t<a href=\"https:\/\/www.restaurant-alouette.com\/fr\/les-vins-rouges\/\">\n\t\t  \tLes vins rouges \t  \t\n\t    <img width=\"250\" height=\"264\" src=\"https:\/\/www.restaurant-alouette.com\/wp-content\/uploads\/2019\/12\/bouton-vin-min-1.png\" alt=\"\" decoding=\"async\" loading=\"lazy\" srcset=\"https:\/\/www.restaurant-alouette.com\/wp-content\/uploads\/2019\/12\/bouton-vin-min-1.png 250w, https:\/\/www.restaurant-alouette.com\/wp-content\/uploads\/2019\/12\/bouton-vin-min-1-189x200.png 189w\" sizes=\"(max-width: 250px) 100vw, 250px\" \/>\t<\/a>\n\t<a href=\"https:\/\/www.restaurant-alouette.com\/fr\/les-vins-blancs\/\">\n\t\t  \tLes vins blancs\t  \t\n\t    <img width=\"348\" height=\"345\" src=\"https:\/\/www.restaurant-alouette.com\/wp-content\/uploads\/2020\/01\/bouton-reserver-likado-min-1.png\" alt=\"\" decoding=\"async\" loading=\"lazy\" srcset=\"https:\/\/www.restaurant-alouette.com\/wp-content\/uploads\/2020\/01\/bouton-reserver-likado-min-1.png 348w, https:\/\/www.restaurant-alouette.com\/wp-content\/uploads\/2020\/01\/bouton-reserver-likado-min-1-300x297.png 300w, https:\/\/www.restaurant-alouette.com\/wp-content\/uploads\/2020\/01\/bouton-reserver-likado-min-1-150x150.png 150w, https:\/\/www.restaurant-alouette.com\/wp-content\/uploads\/2020\/01\/bouton-reserver-likado-min-1-200x198.png 200w, https:\/\/www.restaurant-alouette.com\/wp-content\/uploads\/2020\/01\/bouton-reserver-likado-min-1-100x100.png 100w\" sizes=\"(max-width: 348px) 100vw, 348px\" \/>\t<\/a>\n\t\n","protected":false},"excerpt":{"rendered":"<p>LES VINS ROUGES DU BORDELAIS Prix bouteille sur table\/ prix bouteille \u00e0 emporter ND : Non disponible \u00e0 la vente \u00e0 emporter Nous ne proposons pas de demi-bouteille Prix TTC en euros (\u20ac\u00a0 \u00a0) &nbsp; MEDOC AOP HAUT MEDOC\u00a0 \u00a0Ch\u00e2teau Belgrave (5\u00e8me GCC)\u00a0 2011 &#8230;&#8230;&#8230;&#8230;&#8230;&#8230;&#8230;&#8230;&#8230;&#8230;&#8230;&#8230;&#8230;&#8230;&#8230;&#8230;&#8230;&#8230;&#8230;&#8230;. 90\/ 45 2018 &#8230;&#8230;&#8230;&#8230;&#8230;&#8230;&#8230;&#8230;&#8230;&#8230;&#8230;&#8230;&#8230;&#8230;&#8230;&#8230;&#8230;&#8230;.. 105\/ ND Diane de Belgrave, 2018 [&hellip;]<\/p>\n","protected":false},"author":1,"featured_media":0,"parent":0,"menu_order":0,"comment_status":"closed","ping_status":"closed","template":"","meta":{"inline_featured_image":false,"_exactmetrics_skip_tracking":false,"_exactmetrics_sitenote_active":false,"_exactmetrics_sitenote_note":"","_exactmetrics_sitenote_category":0,"footnotes":""},"yoast_head":"<!-- This site is optimized with the Yoast SEO plugin v23.0 - https:\/\/yoast.com\/wordpress\/plugins\/seo\/ -->\n<title>Vins rouges Bordelais - Restaurant Alouette<\/title>\n<meta name=\"robots\" content=\"index, follow, max-snippet:-1, max-image-preview:large, max-video-preview:-1\" \/>\n<link rel=\"canonical\" href=\"https:\/\/www.restaurant-alouette.com\/fr\/les-vins-rouges-bordelais\/\" \/>\n<meta property=\"og:locale\" content=\"fr_FR\" \/>\n<meta property=\"og:type\" content=\"article\" \/>\n<meta property=\"og:title\" content=\"Vins rouges Bordelais - Restaurant Alouette\" \/>\n<meta property=\"og:description\" content=\"LES VINS ROUGES DU BORDELAIS Prix bouteille sur table\/ prix bouteille \u00e0 emporter ND : Non disponible \u00e0 la vente \u00e0 emporter Nous ne proposons pas de demi-bouteille Prix TTC en euros (\u20ac\u00a0 \u00a0) &nbsp; MEDOC AOP HAUT MEDOC\u00a0 \u00a0Ch\u00e2teau Belgrave (5\u00e8me GCC)\u00a0 2011 &#8230;&#8230;&#8230;&#8230;&#8230;&#8230;&#8230;&#8230;&#8230;&#8230;&#8230;&#8230;&#8230;&#8230;&#8230;&#8230;&#8230;&#8230;&#8230;&#8230;. 90\/ 45 2018 &#8230;&#8230;&#8230;&#8230;&#8230;&#8230;&#8230;&#8230;&#8230;&#8230;&#8230;&#8230;&#8230;&#8230;&#8230;&#8230;&#8230;&#8230;.. 105\/ ND Diane de Belgrave, 2018 [&hellip;]\" \/>\n<meta property=\"og:url\" content=\"https:\/\/www.restaurant-alouette.com\/fr\/les-vins-rouges-bordelais\/\" \/>\n<meta property=\"og:site_name\" content=\"Restaurant Alouette\" \/>\n<meta property=\"article:publisher\" content=\"https:\/\/www.facebook.com\/Lalouette-Plus-quun-Restaurant-120299032976\/\" \/>\n<meta property=\"article:modified_time\" content=\"2026-03-05T20:32:25+00:00\" \/>\n<meta property=\"og:image\" content=\"https:\/\/www.restaurant-alouette.com\/wp-content\/uploads\/2019\/12\/bouton-vin-min-1.png\" \/>\n<meta name=\"twitter:card\" content=\"summary_large_image\" \/>\n<script type=\"application\/ld+json\" class=\"yoast-schema-graph\">{\"@context\":\"https:\/\/schema.org\",\"@graph\":[{\"@type\":\"WebPage\",\"@id\":\"https:\/\/www.restaurant-alouette.com\/fr\/les-vins-rouges-bordelais\/\",\"url\":\"https:\/\/www.restaurant-alouette.com\/fr\/les-vins-rouges-bordelais\/\",\"name\":\"Vins rouges Bordelais - Restaurant Alouette\",\"isPartOf\":{\"@id\":\"https:\/\/www.restaurant-alouette.com\/fr\/#website\"},\"primaryImageOfPage\":{\"@id\":\"https:\/\/www.restaurant-alouette.com\/fr\/les-vins-rouges-bordelais\/#primaryimage\"},\"image\":{\"@id\":\"https:\/\/www.restaurant-alouette.com\/fr\/les-vins-rouges-bordelais\/#primaryimage\"},\"thumbnailUrl\":\"https:\/\/www.restaurant-alouette.com\/wp-content\/uploads\/2019\/12\/bouton-vin-min-1.png\",\"datePublished\":\"2021-09-14T11:37:05+00:00\",\"dateModified\":\"2026-03-05T20:32:25+00:00\",\"breadcrumb\":{\"@id\":\"https:\/\/www.restaurant-alouette.com\/fr\/les-vins-rouges-bordelais\/#breadcrumb\"},\"inLanguage\":\"fr-FR\",\"potentialAction\":[{\"@type\":\"ReadAction\",\"target\":[\"https:\/\/www.restaurant-alouette.com\/fr\/les-vins-rouges-bordelais\/\"]}]},{\"@type\":\"ImageObject\",\"inLanguage\":\"fr-FR\",\"@id\":\"https:\/\/www.restaurant-alouette.com\/fr\/les-vins-rouges-bordelais\/#primaryimage\",\"url\":\"https:\/\/www.restaurant-alouette.com\/wp-content\/uploads\/2019\/12\/bouton-vin-min-1.png\",\"contentUrl\":\"https:\/\/www.restaurant-alouette.com\/wp-content\/uploads\/2019\/12\/bouton-vin-min-1.png\"},{\"@type\":\"BreadcrumbList\",\"@id\":\"https:\/\/www.restaurant-alouette.com\/fr\/les-vins-rouges-bordelais\/#breadcrumb\",\"itemListElement\":[{\"@type\":\"ListItem\",\"position\":1,\"name\":\"Accueil\",\"item\":\"https:\/\/www.restaurant-alouette.com\/fr\/\"},{\"@type\":\"ListItem\",\"position\":2,\"name\":\"Vins rouges Bordelais\"}]},{\"@type\":\"WebSite\",\"@id\":\"https:\/\/www.restaurant-alouette.com\/fr\/#website\",\"url\":\"https:\/\/www.restaurant-alouette.com\/fr\/\",\"name\":\"Restaurant de l'Alouette\",\"description\":\"Votre restaurant gastronomique \u00e0 Bonnefamille\",\"potentialAction\":[{\"@type\":\"SearchAction\",\"target\":{\"@type\":\"EntryPoint\",\"urlTemplate\":\"https:\/\/www.restaurant-alouette.com\/fr\/?s={search_term_string}\"},\"query-input\":\"required name=search_term_string\"}],\"inLanguage\":\"fr-FR\"}]}<\/script>\n<!-- \/ Yoast SEO plugin. -->","yoast_head_json":{"title":"Vins rouges Bordelais - Restaurant Alouette","robots":{"index":"index","follow":"follow","max-snippet":"max-snippet:-1","max-image-preview":"max-image-preview:large","max-video-preview":"max-video-preview:-1"},"canonical":"https:\/\/www.restaurant-alouette.com\/fr\/les-vins-rouges-bordelais\/","og_locale":"fr_FR","og_type":"article","og_title":"Vins rouges Bordelais - Restaurant Alouette","og_description":"LES VINS ROUGES DU BORDELAIS Prix bouteille sur table\/ prix bouteille \u00e0 emporter ND : Non disponible \u00e0 la vente \u00e0 emporter Nous ne proposons pas de demi-bouteille Prix TTC en euros (\u20ac\u00a0 \u00a0) &nbsp; MEDOC AOP HAUT MEDOC\u00a0 \u00a0Ch\u00e2teau Belgrave (5\u00e8me GCC)\u00a0 2011 &#8230;&#8230;&#8230;&#8230;&#8230;&#8230;&#8230;&#8230;&#8230;&#8230;&#8230;&#8230;&#8230;&#8230;&#8230;&#8230;&#8230;&#8230;&#8230;&#8230;. 90\/ 45 2018 &#8230;&#8230;&#8230;&#8230;&#8230;&#8230;&#8230;&#8230;&#8230;&#8230;&#8230;&#8230;&#8230;&#8230;&#8230;&#8230;&#8230;&#8230;.. 105\/ ND Diane de Belgrave, 2018 [&hellip;]","og_url":"https:\/\/www.restaurant-alouette.com\/fr\/les-vins-rouges-bordelais\/","og_site_name":"Restaurant Alouette","article_publisher":"https:\/\/www.facebook.com\/Lalouette-Plus-quun-Restaurant-120299032976\/","article_modified_time":"2026-03-05T20:32:25+00:00","og_image":[{"url":"https:\/\/www.restaurant-alouette.com\/wp-content\/uploads\/2019\/12\/bouton-vin-min-1.png"}],"twitter_card":"summary_large_image","schema":{"@context":"https:\/\/schema.org","@graph":[{"@type":"WebPage","@id":"https:\/\/www.restaurant-alouette.com\/fr\/les-vins-rouges-bordelais\/","url":"https:\/\/www.restaurant-alouette.com\/fr\/les-vins-rouges-bordelais\/","name":"Vins rouges Bordelais - Restaurant Alouette","isPartOf":{"@id":"https:\/\/www.restaurant-alouette.com\/fr\/#website"},"primaryImageOfPage":{"@id":"https:\/\/www.restaurant-alouette.com\/fr\/les-vins-rouges-bordelais\/#primaryimage"},"image":{"@id":"https:\/\/www.restaurant-alouette.com\/fr\/les-vins-rouges-bordelais\/#primaryimage"},"thumbnailUrl":"https:\/\/www.restaurant-alouette.com\/wp-content\/uploads\/2019\/12\/bouton-vin-min-1.png","datePublished":"2021-09-14T11:37:05+00:00","dateModified":"2026-03-05T20:32:25+00:00","breadcrumb":{"@id":"https:\/\/www.restaurant-alouette.com\/fr\/les-vins-rouges-bordelais\/#breadcrumb"},"inLanguage":"fr-FR","potentialAction":[{"@type":"ReadAction","target":["https:\/\/www.restaurant-alouette.com\/fr\/les-vins-rouges-bordelais\/"]}]},{"@type":"ImageObject","inLanguage":"fr-FR","@id":"https:\/\/www.restaurant-alouette.com\/fr\/les-vins-rouges-bordelais\/#primaryimage","url":"https:\/\/www.restaurant-alouette.com\/wp-content\/uploads\/2019\/12\/bouton-vin-min-1.png","contentUrl":"https:\/\/www.restaurant-alouette.com\/wp-content\/uploads\/2019\/12\/bouton-vin-min-1.png"},{"@type":"BreadcrumbList","@id":"https:\/\/www.restaurant-alouette.com\/fr\/les-vins-rouges-bordelais\/#breadcrumb","itemListElement":[{"@type":"ListItem","position":1,"name":"Accueil","item":"https:\/\/www.restaurant-alouette.com\/fr\/"},{"@type":"ListItem","position":2,"name":"Vins rouges Bordelais"}]},{"@type":"WebSite","@id":"https:\/\/www.restaurant-alouette.com\/fr\/#website","url":"https:\/\/www.restaurant-alouette.com\/fr\/","name":"Restaurant de l'Alouette","description":"Votre restaurant gastronomique \u00e0 Bonnefamille","potentialAction":[{"@type":"SearchAction","target":{"@type":"EntryPoint","urlTemplate":"https:\/\/www.restaurant-alouette.com\/fr\/?s={search_term_string}"},"query-input":"required name=search_term_string"}],"inLanguage":"fr-FR"}]}},"jetpack_sharing_enabled":true,"_links":{"self":[{"href":"https:\/\/www.restaurant-alouette.com\/fr\/wp-json\/wp\/v2\/pages\/9463"}],"collection":[{"href":"https:\/\/www.restaurant-alouette.com\/fr\/wp-json\/wp\/v2\/pages"}],"about":[{"href":"https:\/\/www.restaurant-alouette.com\/fr\/wp-json\/wp\/v2\/types\/page"}],"author":[{"embeddable":true,"href":"https:\/\/www.restaurant-alouette.com\/fr\/wp-json\/wp\/v2\/users\/1"}],"replies":[{"embeddable":true,"href":"https:\/\/www.restaurant-alouette.com\/fr\/wp-json\/wp\/v2\/comments?post=9463"}],"version-history":[{"count":29,"href":"https:\/\/www.restaurant-alouette.com\/fr\/wp-json\/wp\/v2\/pages\/9463\/revisions"}],"predecessor-version":[{"id":19019,"href":"https:\/\/www.restaurant-alouette.com\/fr\/wp-json\/wp\/v2\/pages\/9463\/revisions\/19019"}],"wp:attachment":[{"href":"https:\/\/www.restaurant-alouette.com\/fr\/wp-json\/wp\/v2\/media?parent=9463"}],"curies":[{"name":"wp","href":"https:\/\/api.w.org\/{rel}","templated":true}]}}