{"id":1531,"date":"2017-11-17T02:39:21","date_gmt":"2017-11-17T01:39:21","guid":{"rendered":"http:\/\/www.restaurant-alouette.com\/?post_type=product&#038;p=1531"},"modified":"2025-02-11T18:54:28","modified_gmt":"2025-02-11T17:54:28","slug":"chambre-mondrian","status":"publish","type":"product","link":"https:\/\/www.restaurant-alouette.com\/fr\/produit\/chambre-mondrian\/","title":{"rendered":"Mondrian"},"content":{"rendered":"<p>Inspir\u00e9e de ce c\u00e9l\u00e8bre peintre contemporain pionnier de l\u2019abstraction, cette chambre fait r\u00e9sonance avec l\u2019orientation que nous avons voulue au restaurant. Ses formes g\u00e9om\u00e9triques et ses couleurs pastels donnent une ambiance de calme et de s\u00e9r\u00e9nit\u00e9.<\/p>\n","protected":false},"excerpt":{"rendered":"<p>La nuit\u00e9e<strong> 120 \u20ac<\/strong><br \/>\nPetit d\u00e9jeuner \u00e0 <strong>20 \u20ac<\/strong><br \/>\nFormule pour 2 personnes <strong>260 \u20ac<\/strong><br \/>\nRepas &#8211; Nuit\u00e9e &#8211; Petit d\u00e9jeuner<br \/>\nBoissons en sus, ap\u00e9ritif maison offert<\/p>\n","protected":false},"featured_media":121,"template":"","meta":{"inline_featured_image":false,"_exactmetrics_skip_tracking":false,"_exactmetrics_sitenote_active":false,"_exactmetrics_sitenote_note":"","_exactmetrics_sitenote_category":0},"product_cat":[71],"product_tag":[],"yoast_head":"<!-- This site is optimized with the Yoast SEO plugin v23.0 - https:\/\/yoast.com\/wordpress\/plugins\/seo\/ -->\n<title>Mondrian - Restaurant Alouette<\/title>\n<meta name=\"description\" content=\"Restaurant Alouette vin - repas -\" \/>\n<meta name=\"robots\" content=\"index, follow, max-snippet:-1, max-image-preview:large, max-video-preview:-1\" \/>\n<link rel=\"canonical\" href=\"https:\/\/www.restaurant-alouette.com\/fr\/produit\/chambre-mondrian\/\" \/>\n<meta property=\"og:locale\" content=\"fr_FR\" \/>\n<meta property=\"og:type\" content=\"article\" \/>\n<meta property=\"og:title\" content=\"Mondrian - Restaurant Alouette\" \/>\n<meta property=\"og:description\" content=\"Restaurant Alouette vin - repas -\" \/>\n<meta property=\"og:url\" content=\"https:\/\/www.restaurant-alouette.com\/fr\/produit\/chambre-mondrian\/\" \/>\n<meta property=\"og:site_name\" content=\"Restaurant Alouette\" \/>\n<meta property=\"article:publisher\" content=\"https:\/\/www.facebook.com\/Lalouette-Plus-quun-Restaurant-120299032976\/\" \/>\n<meta property=\"article:modified_time\" content=\"2025-02-11T17:54:28+00:00\" \/>\n<meta property=\"og:image\" content=\"https:\/\/www.restaurant-alouette.com\/wp-content\/uploads\/2017\/03\/vue-principale-chambre-mondrian-hotel-restaurant-alouette.jpg\" \/>\n\t<meta property=\"og:image:width\" content=\"1400\" \/>\n\t<meta property=\"og:image:height\" content=\"933\" \/>\n\t<meta property=\"og:image:type\" content=\"image\/jpeg\" \/>\n<meta name=\"twitter:card\" content=\"summary_large_image\" \/>\n<meta name=\"twitter:label1\" content=\"Dur\u00e9e de lecture estim\u00e9e\" \/>\n\t<meta name=\"twitter:data1\" content=\"1 minute\" \/>\n<script type=\"application\/ld+json\" class=\"yoast-schema-graph\">{\"@context\":\"https:\/\/schema.org\",\"@graph\":[{\"@type\":\"WebPage\",\"@id\":\"https:\/\/www.restaurant-alouette.com\/fr\/produit\/chambre-mondrian\/\",\"url\":\"https:\/\/www.restaurant-alouette.com\/fr\/produit\/chambre-mondrian\/\",\"name\":\"Mondrian - Restaurant Alouette\",\"isPartOf\":{\"@id\":\"https:\/\/www.restaurant-alouette.com\/fr\/#website\"},\"primaryImageOfPage\":{\"@id\":\"https:\/\/www.restaurant-alouette.com\/fr\/produit\/chambre-mondrian\/#primaryimage\"},\"image\":{\"@id\":\"https:\/\/www.restaurant-alouette.com\/fr\/produit\/chambre-mondrian\/#primaryimage\"},\"thumbnailUrl\":\"https:\/\/www.restaurant-alouette.com\/wp-content\/uploads\/2017\/03\/vue-principale-chambre-mondrian-hotel-restaurant-alouette.jpg\",\"datePublished\":\"2017-11-17T01:39:21+00:00\",\"dateModified\":\"2025-02-11T17:54:28+00:00\",\"description\":\"Restaurant Alouette vin - repas -\",\"breadcrumb\":{\"@id\":\"https:\/\/www.restaurant-alouette.com\/fr\/produit\/chambre-mondrian\/#breadcrumb\"},\"inLanguage\":\"fr-FR\",\"potentialAction\":[{\"@type\":\"ReadAction\",\"target\":[\"https:\/\/www.restaurant-alouette.com\/fr\/produit\/chambre-mondrian\/\"]}]},{\"@type\":\"ImageObject\",\"inLanguage\":\"fr-FR\",\"@id\":\"https:\/\/www.restaurant-alouette.com\/fr\/produit\/chambre-mondrian\/#primaryimage\",\"url\":\"https:\/\/www.restaurant-alouette.com\/wp-content\/uploads\/2017\/03\/vue-principale-chambre-mondrian-hotel-restaurant-alouette.jpg\",\"contentUrl\":\"https:\/\/www.restaurant-alouette.com\/wp-content\/uploads\/2017\/03\/vue-principale-chambre-mondrian-hotel-restaurant-alouette.jpg\",\"width\":1400,\"height\":933,\"caption\":\"Vue principale de la chambre Mondrian h\u00f4tel restaurant Alouette\"},{\"@type\":\"BreadcrumbList\",\"@id\":\"https:\/\/www.restaurant-alouette.com\/fr\/produit\/chambre-mondrian\/#breadcrumb\",\"itemListElement\":[{\"@type\":\"ListItem\",\"position\":1,\"name\":\"Accueil\",\"item\":\"https:\/\/www.restaurant-alouette.com\/fr\/\"},{\"@type\":\"ListItem\",\"position\":2,\"name\":\"Mondrian\"}]},{\"@type\":\"WebSite\",\"@id\":\"https:\/\/www.restaurant-alouette.com\/fr\/#website\",\"url\":\"https:\/\/www.restaurant-alouette.com\/fr\/\",\"name\":\"Restaurant de l'Alouette\",\"description\":\"Votre restaurant gastronomique \u00e0 Bonnefamille\",\"potentialAction\":[{\"@type\":\"SearchAction\",\"target\":{\"@type\":\"EntryPoint\",\"urlTemplate\":\"https:\/\/www.restaurant-alouette.com\/fr\/?s={search_term_string}\"},\"query-input\":\"required name=search_term_string\"}],\"inLanguage\":\"fr-FR\"}]}<\/script>\n<!-- \/ Yoast SEO plugin. -->","yoast_head_json":{"title":"Mondrian - Restaurant Alouette","description":"Restaurant Alouette vin - repas -","robots":{"index":"index","follow":"follow","max-snippet":"max-snippet:-1","max-image-preview":"max-image-preview:large","max-video-preview":"max-video-preview:-1"},"canonical":"https:\/\/www.restaurant-alouette.com\/fr\/produit\/chambre-mondrian\/","og_locale":"fr_FR","og_type":"article","og_title":"Mondrian - Restaurant Alouette","og_description":"Restaurant Alouette vin - repas -","og_url":"https:\/\/www.restaurant-alouette.com\/fr\/produit\/chambre-mondrian\/","og_site_name":"Restaurant Alouette","article_publisher":"https:\/\/www.facebook.com\/Lalouette-Plus-quun-Restaurant-120299032976\/","article_modified_time":"2025-02-11T17:54:28+00:00","og_image":[{"width":1400,"height":933,"url":"https:\/\/www.restaurant-alouette.com\/wp-content\/uploads\/2017\/03\/vue-principale-chambre-mondrian-hotel-restaurant-alouette.jpg","type":"image\/jpeg"}],"twitter_card":"summary_large_image","twitter_misc":{"Dur\u00e9e de lecture estim\u00e9e":"1 minute"},"schema":{"@context":"https:\/\/schema.org","@graph":[{"@type":"WebPage","@id":"https:\/\/www.restaurant-alouette.com\/fr\/produit\/chambre-mondrian\/","url":"https:\/\/www.restaurant-alouette.com\/fr\/produit\/chambre-mondrian\/","name":"Mondrian - Restaurant Alouette","isPartOf":{"@id":"https:\/\/www.restaurant-alouette.com\/fr\/#website"},"primaryImageOfPage":{"@id":"https:\/\/www.restaurant-alouette.com\/fr\/produit\/chambre-mondrian\/#primaryimage"},"image":{"@id":"https:\/\/www.restaurant-alouette.com\/fr\/produit\/chambre-mondrian\/#primaryimage"},"thumbnailUrl":"https:\/\/www.restaurant-alouette.com\/wp-content\/uploads\/2017\/03\/vue-principale-chambre-mondrian-hotel-restaurant-alouette.jpg","datePublished":"2017-11-17T01:39:21+00:00","dateModified":"2025-02-11T17:54:28+00:00","description":"Restaurant Alouette vin - repas -","breadcrumb":{"@id":"https:\/\/www.restaurant-alouette.com\/fr\/produit\/chambre-mondrian\/#breadcrumb"},"inLanguage":"fr-FR","potentialAction":[{"@type":"ReadAction","target":["https:\/\/www.restaurant-alouette.com\/fr\/produit\/chambre-mondrian\/"]}]},{"@type":"ImageObject","inLanguage":"fr-FR","@id":"https:\/\/www.restaurant-alouette.com\/fr\/produit\/chambre-mondrian\/#primaryimage","url":"https:\/\/www.restaurant-alouette.com\/wp-content\/uploads\/2017\/03\/vue-principale-chambre-mondrian-hotel-restaurant-alouette.jpg","contentUrl":"https:\/\/www.restaurant-alouette.com\/wp-content\/uploads\/2017\/03\/vue-principale-chambre-mondrian-hotel-restaurant-alouette.jpg","width":1400,"height":933,"caption":"Vue principale de la chambre Mondrian h\u00f4tel restaurant Alouette"},{"@type":"BreadcrumbList","@id":"https:\/\/www.restaurant-alouette.com\/fr\/produit\/chambre-mondrian\/#breadcrumb","itemListElement":[{"@type":"ListItem","position":1,"name":"Accueil","item":"https:\/\/www.restaurant-alouette.com\/fr\/"},{"@type":"ListItem","position":2,"name":"Mondrian"}]},{"@type":"WebSite","@id":"https:\/\/www.restaurant-alouette.com\/fr\/#website","url":"https:\/\/www.restaurant-alouette.com\/fr\/","name":"Restaurant de l'Alouette","description":"Votre restaurant gastronomique \u00e0 Bonnefamille","potentialAction":[{"@type":"SearchAction","target":{"@type":"EntryPoint","urlTemplate":"https:\/\/www.restaurant-alouette.com\/fr\/?s={search_term_string}"},"query-input":"required name=search_term_string"}],"inLanguage":"fr-FR"}]}},"jetpack_sharing_enabled":true,"_links":{"self":[{"href":"https:\/\/www.restaurant-alouette.com\/fr\/wp-json\/wp\/v2\/product\/1531"}],"collection":[{"href":"https:\/\/www.restaurant-alouette.com\/fr\/wp-json\/wp\/v2\/product"}],"about":[{"href":"https:\/\/www.restaurant-alouette.com\/fr\/wp-json\/wp\/v2\/types\/product"}],"wp:featuredmedia":[{"embeddable":true,"href":"https:\/\/www.restaurant-alouette.com\/fr\/wp-json\/wp\/v2\/media\/121"}],"wp:attachment":[{"href":"https:\/\/www.restaurant-alouette.com\/fr\/wp-json\/wp\/v2\/media?parent=1531"}],"wp:term":[{"taxonomy":"product_cat","embeddable":true,"href":"https:\/\/www.restaurant-alouette.com\/fr\/wp-json\/wp\/v2\/product_cat?post=1531"},{"taxonomy":"product_tag","embeddable":true,"href":"https:\/\/www.restaurant-alouette.com\/fr\/wp-json\/wp\/v2\/product_tag?post=1531"}],"curies":[{"name":"wp","href":"https:\/\/api.w.org\/{rel}","templated":true}]}}